{"id":94,"date":"2022-05-11T13:30:58","date_gmt":"2022-05-11T13:30:58","guid":{"rendered":"http:\/\/local.konyvtar\/?page_id=94"},"modified":"2022-08-25T12:26:03","modified_gmt":"2022-08-25T12:26:03","slug":"fenymasolas-nyomtatas","status":"publish","type":"page","link":"https:\/\/konyvtar-kvik.uni-bge.hu\/en\/fenymasolas-nyomtatas\/","title":{"rendered":"Photocopying\/printing"},"content":{"rendered":"<p><strong>PHOTOCOPYING\/PRINTING<\/strong><\/p>\n\n\n\n<p>Photocopying and printing can be done on the photocopier-printer located in the Loan section:<\/p>\n\n\n\n<p>Black and white photocopying, printing:\u00a0<strong>20 Ft\/A4.<\/strong><\/p>\n\n\n\n<p class=\"translation-block\">Colored photocopying\/printing:\u00a0<strong>100 Ft\/A\/4<\/strong>\u00a0page.<br><br>Scanning:\u00a0<strong>20\u00a0Ft\/A4 <\/strong>page.<\/p>","protected":false},"excerpt":{"rendered":"<p>F\u00c9NYM\u00c1SOL\u00c1S\/NYOMTAT\u00c1S F\u00e9nym\u00e1solni \u00e9s nyomtatni a K\u00f6lcs\u00f6nz\u00e9sben elhelyezett f\u00e9nym\u00e1sol\u00f3-nyomtat\u00f3 g\u00e9pen(re) lehet: Fekete\/feh\u00e9r f\u00e9nym\u00e1sol\u00e1s, nyomtat\u00e1s\u00a020 Ft\/A4. Sz\u00ednes f\u00e9nym\u00e1sol\u00e1s\/nyomtat\u00e1s:\u00a0100 Ft\/A\/4-es\u00a0oldal.Szkennel\u00e9s:\u00a020\u00a0Ft\/A4-es oldal.<\/p>","protected":false},"author":1,"featured_media":0,"parent":0,"menu_order":0,"comment_status":"closed","ping_status":"closed","template":"","meta":{"_uag_custom_page_level_css":"","footnotes":""},"class_list":["post-94","page","type-page","status-publish","hentry"],"uagb_featured_image_src":{"full":false,"thumbnail":false,"medium":false,"medium_large":false,"large":false,"news_plugin_small":false,"tf-client-image-size":false,"1536x1536":false,"2048x2048":false,"trp-custom-language-flag":false,"post-thumbnail":false,"idolcorp-full-width":false,"idolcorp-ourfeatures-thumb":false,"idolcorp-mediumblog-thumb":false},"uagb_author_info":{"display_name":"admin","author_link":"https:\/\/konyvtar-kvik.uni-bge.hu\/en\/author\/admin\/"},"uagb_comment_info":0,"uagb_excerpt":"F\u00c9NYM\u00c1SOL\u00c1S\/NYOMTAT\u00c1S F\u00e9nym\u00e1solni \u00e9s nyomtatni a K\u00f6lcs\u00f6nz\u00e9sben elhelyezett f\u00e9nym\u00e1sol\u00f3-nyomtat\u00f3 g\u00e9pen(re) lehet: Fekete\/feh\u00e9r f\u00e9nym\u00e1sol\u00e1s, nyomtat\u00e1s\u00a020 Ft\/A4. Sz\u00ednes f\u00e9nym\u00e1sol\u00e1s\/nyomtat\u00e1s:\u00a0100 Ft\/A\/4-es\u00a0oldal.Szkennel\u00e9s:\u00a020\u00a0Ft\/A4-es oldal.","_links":{"self":[{"href":"https:\/\/konyvtar-kvik.uni-bge.hu\/en\/wp-json\/wp\/v2\/pages\/94","targetHints":{"allow":["GET"]}}],"collection":[{"href":"https:\/\/konyvtar-kvik.uni-bge.hu\/en\/wp-json\/wp\/v2\/pages"}],"about":[{"href":"https:\/\/konyvtar-kvik.uni-bge.hu\/en\/wp-json\/wp\/v2\/types\/page"}],"author":[{"embeddable":true,"href":"https:\/\/konyvtar-kvik.uni-bge.hu\/en\/wp-json\/wp\/v2\/users\/1"}],"replies":[{"embeddable":true,"href":"https:\/\/konyvtar-kvik.uni-bge.hu\/en\/wp-json\/wp\/v2\/comments?post=94"}],"version-history":[{"count":2,"href":"https:\/\/konyvtar-kvik.uni-bge.hu\/en\/wp-json\/wp\/v2\/pages\/94\/revisions"}],"predecessor-version":[{"id":656,"href":"https:\/\/konyvtar-kvik.uni-bge.hu\/en\/wp-json\/wp\/v2\/pages\/94\/revisions\/656"}],"wp:attachment":[{"href":"https:\/\/konyvtar-kvik.uni-bge.hu\/en\/wp-json\/wp\/v2\/media?parent=94"}],"curies":[{"name":"wp","href":"https:\/\/api.w.org\/{rel}","templated":true}]}}