{"id":90,"date":"2022-05-11T13:27:32","date_gmt":"2022-05-11T13:27:32","guid":{"rendered":"http:\/\/local.konyvtar\/?page_id=90"},"modified":"2022-10-06T16:00:03","modified_gmt":"2022-10-06T14:00:03","slug":"kolcsonzes","status":"publish","type":"page","link":"https:\/\/konyvtar-kvik.uni-bge.hu\/en\/kolcsonzes\/","title":{"rendered":"Loan Service"},"content":{"rendered":"<p><strong>INFORMATION ON CIRCULATION<\/strong><\/p>\n\n\n\n<p>General information<\/p>\n\n\n\n<p>The services of the library can only be used with\u00a0<strong>your own valid<\/strong>\u00a0library card.<br>The books must be returned without notice before the end of the deadline, or their loan period must be extended.<br>The\u00a0<strong>late fee<\/strong>\u00a0is 50 Ft per Library working day per document. As long as the reader has any debts or overdue document, he\/she cannot borrow books or use any service of the Library.<br>In case of any damage or perish of a book (note, document), it can be replaced by an identical or newer edition of the given item. If the document is not available, the Library estimates its value, and it has to be paid.<br>All booksand course books in the loan section can be borrowed.<br>The following types of publications cannot be borrowed:<br>\u2013 periodicals<br>\u2013 book collection of the Reading room (except individual agreement)<br>\u2013 special collection books<br>\u2013 theses<br>\u2013 CDs\/DVDs<br>During the registration, the reader accepts the computer controlled loan and return system, and follows the borrowing process through the reader\u2019s monitor.<br>Documents borrowed on different dates may have different expiration time in the computer based loan programme, therefore a new loan does not mean an automatic renewal.<br><strong>Renewing<\/strong>\u00a0is possible until the due date personally, by phone and Internet as well. Overdue books cannot be renewed.<br>The deadline cannot be extended in the following cases:<br>\u2013 if there is a reservation on the book<br>\u2013 if the reader has other debts<br><strong>Reservation<\/strong>\u00a0can be made in a limited number at the loan librarian.  The reader will be noticed by e-mail about the arrival of the document. The document will be kept in reservation for students for 5 working days.<br><br>The <strong>students of the University <\/strong>can borrow\u00a0<strong>10<\/strong>\u00a0books at a time.<br><strong>Full time students can borrow books for 3 weeks, correspondence students for 4 weeks.<\/strong><br>Certain types of documents (dictionaries, manuals with a small number of copies) can be borrowed for a shorter period than the usual 21 days. We indicated this difference in the works, and will draw attention to it when borrowing.<br><strong>Attention!<\/strong><br>The graduate students, who have already completed their studies, (and don't have an active student status) but have not yet submitted their thesis, or are preparing for their final exam, they can use the library's services until the day of the final exam.<br><br>All employees of the<strong>\u00a0University<\/strong>\u00a0can borrow from the library \u2013 until their employment is terminated.<br><br><strong>External users<\/strong>\u00a0can only use the library materials in place.<br>In their case, it is not possible to borrow books.<\/p>","protected":false},"excerpt":{"rendered":"<p>K\u00d6LCS\u00d6NZ\u00c9SI TUDNIVAL\u00d3K \u00c1ltal\u00e1nos tudnival\u00f3k A k\u00f6nyvt\u00e1r szolg\u00e1ltat\u00e1sait csak saj\u00e1t, \u00e9rv\u00e9nyes\u00a0olvas\u00f3jeggyel\u00a0lehet ig\u00e9nybe venni.A k\u00f6nyveket a k\u00f6lcs\u00f6nz\u00e9si hat\u00e1rid\u0151 lej\u00e1rt\u00e1ig felsz\u00f3l\u00edt\u00e1s n\u00e9lk\u00fcl vissza kell hozni, vagy k\u00f6lcs\u00f6nz\u00e9si idej\u00fcket meg kell hosszabb\u00edtani.A\u00a0k\u00e9sedelmi d\u00edj\u00a0k\u00f6nyvt\u00e1ri munkanaponk\u00e9nt \u00e9s dokumentumonk\u00e9nt 50 Ft. Am\u00edg a k\u00e9sedelmi d\u00edjat nem rendezte, illetve lej\u00e1rt hat\u00e1ridej\u0171 dokumentum van az olvas\u00f3n\u00e1l, nem k\u00f6lcs\u00f6n\u00f6zhet \u00e9s m\u00e1s k\u00f6nyvt\u00e1ri szolg\u00e1ltat\u00e1st sem vehet ig\u00e9nybe.Ha elv\u00e9sz egy k\u00f6nyv (jegyzet), akkor azonos\u00a0 vagy \u00fajabb kiad\u00e1s\u00fa p\u00e9ld\u00e1nnyal lehet eleget tenni a k\u00e1rt\u00e9r\u00edt\u00e9si k\u00f6telezetts\u00e9gnek, ha m\u00e1r nem kaphat\u00f3 a kereskedelmi forgalomban, akkor a k\u00f6nyvt\u00e1r felbecs\u00fcli az eszmei&hellip;<\/p>","protected":false},"author":1,"featured_media":0,"parent":0,"menu_order":0,"comment_status":"closed","ping_status":"closed","template":"","meta":{"_uag_custom_page_level_css":"","footnotes":""},"class_list":["post-90","page","type-page","status-publish","hentry"],"uagb_featured_image_src":{"full":false,"thumbnail":false,"medium":false,"medium_large":false,"large":false,"news_plugin_small":false,"tf-client-image-size":false,"1536x1536":false,"2048x2048":false,"trp-custom-language-flag":false,"post-thumbnail":false,"idolcorp-full-width":false,"idolcorp-ourfeatures-thumb":false,"idolcorp-mediumblog-thumb":false},"uagb_author_info":{"display_name":"admin","author_link":"https:\/\/konyvtar-kvik.uni-bge.hu\/en\/author\/admin\/"},"uagb_comment_info":0,"uagb_excerpt":"K\u00d6LCS\u00d6NZ\u00c9SI TUDNIVAL\u00d3K \u00c1ltal\u00e1nos tudnival\u00f3k A k\u00f6nyvt\u00e1r szolg\u00e1ltat\u00e1sait csak saj\u00e1t, \u00e9rv\u00e9nyes\u00a0olvas\u00f3jeggyel\u00a0lehet ig\u00e9nybe venni.A k\u00f6nyveket a k\u00f6lcs\u00f6nz\u00e9si hat\u00e1rid\u0151 lej\u00e1rt\u00e1ig felsz\u00f3l\u00edt\u00e1s n\u00e9lk\u00fcl vissza kell hozni, vagy k\u00f6lcs\u00f6nz\u00e9si idej\u00fcket meg kell hosszabb\u00edtani.A\u00a0k\u00e9sedelmi d\u00edj\u00a0k\u00f6nyvt\u00e1ri munkanaponk\u00e9nt \u00e9s dokumentumonk\u00e9nt 50 Ft. Am\u00edg a k\u00e9sedelmi d\u00edjat nem rendezte, illetve lej\u00e1rt hat\u00e1ridej\u0171 dokumentum van az olvas\u00f3n\u00e1l, nem k\u00f6lcs\u00f6n\u00f6zhet \u00e9s m\u00e1s k\u00f6nyvt\u00e1ri szolg\u00e1ltat\u00e1st sem vehet&hellip;","_links":{"self":[{"href":"https:\/\/konyvtar-kvik.uni-bge.hu\/en\/wp-json\/wp\/v2\/pages\/90","targetHints":{"allow":["GET"]}}],"collection":[{"href":"https:\/\/konyvtar-kvik.uni-bge.hu\/en\/wp-json\/wp\/v2\/pages"}],"about":[{"href":"https:\/\/konyvtar-kvik.uni-bge.hu\/en\/wp-json\/wp\/v2\/types\/page"}],"author":[{"embeddable":true,"href":"https:\/\/konyvtar-kvik.uni-bge.hu\/en\/wp-json\/wp\/v2\/users\/1"}],"replies":[{"embeddable":true,"href":"https:\/\/konyvtar-kvik.uni-bge.hu\/en\/wp-json\/wp\/v2\/comments?post=90"}],"version-history":[{"count":3,"href":"https:\/\/konyvtar-kvik.uni-bge.hu\/en\/wp-json\/wp\/v2\/pages\/90\/revisions"}],"predecessor-version":[{"id":831,"href":"https:\/\/konyvtar-kvik.uni-bge.hu\/en\/wp-json\/wp\/v2\/pages\/90\/revisions\/831"}],"wp:attachment":[{"href":"https:\/\/konyvtar-kvik.uni-bge.hu\/en\/wp-json\/wp\/v2\/media?parent=90"}],"curies":[{"name":"wp","href":"https:\/\/api.w.org\/{rel}","templated":true}]}}