{"id":88,"date":"2022-05-11T13:26:56","date_gmt":"2022-05-11T13:26:56","guid":{"rendered":"http:\/\/local.konyvtar\/?page_id=88"},"modified":"2025-01-24T12:57:02","modified_gmt":"2025-01-24T11:57:02","slug":"beiratkozas","status":"publish","type":"page","link":"https:\/\/konyvtar-kvik.uni-bge.hu\/en\/beiratkozas\/","title":{"rendered":"Registration"},"content":{"rendered":"<p><strong>1.For BBS students<\/strong><br \/>They can register after presenting a valid student ID (if you don't have a student ID, proof of active student status is required). The library card must be validated the first time you use the library each academic year. After registration, they can use our library services (e.g. borrowing, use in place) according to the conditions defined for them in the library regulations.<\/p>\r\n\r\n\r\n\r\n<p>Beiratkoz\u00e1si d\u00edj: INGYENES.<br \/>Substitution of a lost library card: 200 Ft.<br \/>The library handles the data requested and recorded during registration in compliance with the provisions of data protection laws. The reader must report any changes in the data as soon as possible in the reader's own interest. The loss of the library card must also be reported as soon as possible, as the library does not take responsibility for the resulting abuse.<br \/><br \/><strong>\u2013 Graduate students<\/strong>\u00a0(who have already completed their studies but have not yet submitted their thesis, or are preparing for language and\/or final exam): they can use the library's services until the day of the final exam.\u00a0<br \/>Beiratkoz\u00e1si d\u00edj: INGYENES.<\/p>\r\n\r\n\r\n\r\n<p><strong>4. FCHT lecturers and employees<\/strong><br \/>Every employee of the University can be a member of the library until the termination of their employment, according to the conditions defined for them in the library regulations. Lecturers can use the services of the Faculty Library for the duration of their employment, upon presentation of a certificate issued by the commissioning department.<\/p>\r\n\r\n\r\n\r\n<p><strong>5. External users<\/strong><br \/>Library visitors who do not belong to the above categories can get a day ticket, a library card or a visitor's ticket. An identity card or student card is required for the registration. The daily ticket, the library card or the visitor's ticket entitle external users only for using the library in place.<br \/>Day ticket: 500 Ft<br \/>Library card: 3000 Ft, with student card: 1500 Ft. The library card is valid for 12 months from the date of resgistration.<br \/>The library handles the data requested and recorded during registration in compliance with the provisions of data protection laws. The reader must report any changes in the data as soon as possible in the reader's own interest. The loss of the library card must also be reported as soon as possible, as the library does not take responsibility for the resulting abuse.<\/p>","protected":false},"excerpt":{"rendered":"<p>1.BGE-s hallgat\u00f3knak\u00c9rv\u00e9nyes di\u00e1kigazolv\u00e1ny felmutat\u00e1sa ut\u00e1n iratkozhatnak be (ha nincs di\u00e1kigazolv\u00e1ny, hallgat\u00f3i jogviszony igazol\u00e1sa sz\u00fcks\u00e9ges). A hallgat\u00f3i olvas\u00f3jegyet minden megkezdett tan\u00e9v els\u0151 k\u00f6nyvt\u00e1rhaszn\u00e1latakor \u00e9rv\u00e9nyes\u00edttetni kell. Beiratkoz\u00e1s ut\u00e1n a k\u00f6nyvt\u00e1ri szab\u00e1lyzatban sz\u00e1mukra meghat\u00e1rozott felt\u00e9telek szerint vehetik ig\u00e9nybe k\u00f6nyvt\u00e1ri szolg\u00e1ltat\u00e1sainkat (pl. k\u00f6lcs\u00f6nz\u00e9s, helyben haszn\u00e1lat). Beiratkoz\u00e1si d\u00edj: INGYENES.Az elveszett k\u00f6nyvt\u00e1rjegy p\u00f3tl\u00e1sa: 200 Ft.A beiratkoz\u00e1sn\u00e1l k\u00e9rt \u00e9s r\u00f6gz\u00edtett adatokat a k\u00f6nyvt\u00e1r az adatv\u00e9delmi t\u00f6rv\u00e9nyek el\u0151\u00edr\u00e1sait betartva kezeli. Az adatokban t\u00f6rt\u00e9nt v\u00e1ltoz\u00e1sokat az olvas\u00f3nak saj\u00e1t \u00e9rdek\u00e9ben min\u00e9l hamarabb be kell jelentenie. Az olvas\u00f3jegy elveszt\u00e9s\u00e9t is miel\u0151bb jelezni kell, mivel az ebb\u0151l&hellip;<\/p>","protected":false},"author":1,"featured_media":0,"parent":0,"menu_order":0,"comment_status":"closed","ping_status":"closed","template":"","meta":{"_uag_custom_page_level_css":"","footnotes":""},"class_list":["post-88","page","type-page","status-publish","hentry"],"uagb_featured_image_src":{"full":false,"thumbnail":false,"medium":false,"medium_large":false,"large":false,"news_plugin_small":false,"tf-client-image-size":false,"1536x1536":false,"2048x2048":false,"trp-custom-language-flag":false,"post-thumbnail":false,"idolcorp-full-width":false,"idolcorp-ourfeatures-thumb":false,"idolcorp-mediumblog-thumb":false},"uagb_author_info":{"display_name":"admin","author_link":"https:\/\/konyvtar-kvik.uni-bge.hu\/en\/author\/admin\/"},"uagb_comment_info":0,"uagb_excerpt":"1.BGE-s hallgat\u00f3knak\u00c9rv\u00e9nyes di\u00e1kigazolv\u00e1ny felmutat\u00e1sa ut\u00e1n iratkozhatnak be (ha nincs di\u00e1kigazolv\u00e1ny, hallgat\u00f3i jogviszony igazol\u00e1sa sz\u00fcks\u00e9ges). A hallgat\u00f3i olvas\u00f3jegyet minden megkezdett tan\u00e9v els\u0151 k\u00f6nyvt\u00e1rhaszn\u00e1latakor \u00e9rv\u00e9nyes\u00edttetni kell. Beiratkoz\u00e1s ut\u00e1n a k\u00f6nyvt\u00e1ri szab\u00e1lyzatban sz\u00e1mukra meghat\u00e1rozott felt\u00e9telek szerint vehetik ig\u00e9nybe k\u00f6nyvt\u00e1ri szolg\u00e1ltat\u00e1sainkat (pl. k\u00f6lcs\u00f6nz\u00e9s, helyben haszn\u00e1lat). Beiratkoz\u00e1si d\u00edj: INGYENES.Az elveszett k\u00f6nyvt\u00e1rjegy p\u00f3tl\u00e1sa: 200 Ft.A beiratkoz\u00e1sn\u00e1l k\u00e9rt \u00e9s r\u00f6gz\u00edtett adatokat a&hellip;","_links":{"self":[{"href":"https:\/\/konyvtar-kvik.uni-bge.hu\/en\/wp-json\/wp\/v2\/pages\/88","targetHints":{"allow":["GET"]}}],"collection":[{"href":"https:\/\/konyvtar-kvik.uni-bge.hu\/en\/wp-json\/wp\/v2\/pages"}],"about":[{"href":"https:\/\/konyvtar-kvik.uni-bge.hu\/en\/wp-json\/wp\/v2\/types\/page"}],"author":[{"embeddable":true,"href":"https:\/\/konyvtar-kvik.uni-bge.hu\/en\/wp-json\/wp\/v2\/users\/1"}],"replies":[{"embeddable":true,"href":"https:\/\/konyvtar-kvik.uni-bge.hu\/en\/wp-json\/wp\/v2\/comments?post=88"}],"version-history":[{"count":7,"href":"https:\/\/konyvtar-kvik.uni-bge.hu\/en\/wp-json\/wp\/v2\/pages\/88\/revisions"}],"predecessor-version":[{"id":2131,"href":"https:\/\/konyvtar-kvik.uni-bge.hu\/en\/wp-json\/wp\/v2\/pages\/88\/revisions\/2131"}],"wp:attachment":[{"href":"https:\/\/konyvtar-kvik.uni-bge.hu\/en\/wp-json\/wp\/v2\/media?parent=88"}],"curies":[{"name":"wp","href":"https:\/\/api.w.org\/{rel}","templated":true}]}}