{"id":56,"date":"2022-05-11T12:25:15","date_gmt":"2022-05-11T12:25:15","guid":{"rendered":"http:\/\/local.konyvtar\/?page_id=56"},"modified":"2024-08-30T11:31:12","modified_gmt":"2024-08-30T09:31:12","slug":"tortenetunk","status":"publish","type":"page","link":"https:\/\/konyvtar-kvik.uni-bge.hu\/en\/tortenetunk\/","title":{"rendered":"History"},"content":{"rendered":"<p>Az Idegenforgalmi Szakk\u00f6nyvt\u00e1r 2024-ben a Kari K\u00f6nyvt\u00e1rba (Alkotm\u00e1ny utca 9-11.) ker\u00fclt, a k\u00e9t k\u00f6nyvt\u00e1r \u00faj, k\u00f6z\u00f6s neve: <mark style=\"background-color:rgba(0, 0, 0, 0)\" class=\"has-inline-color has-vivid-cyan-blue-color\">Faculty and Tourism Library<\/mark>.<\/p>\n\n\n\n<p><strong>KARI K\u00d6NYVT\u00c1R T\u00d6RT\u00c9NETE<\/strong><\/p>\n\n\n\n<p>Az int\u00e9zm\u00e9ny f\u0151iskol\u00e1v\u00e1 alakul\u00e1s\u00e1val egyid\u0151ben, 1969-ben l\u00e9tes\u00fclt a f\u0151iskola K\u00f6nyvt\u00e1ra.&nbsp;\u00c1llom\u00e1ny\u00e1nak magja a jogel\u0151d\u00f6kt\u0151l \u00e1tvett szakk\u00f6nyvanyag, k\u00f6zt\u00fck a Kereskedelmi Akad\u00e9mia k\u00f6nyvt\u00e1r\u00e1b\u00f3l megmaradt t\u00f6bb sz\u00e1z k\u00f6tetnyi k\u00e9zik\u00f6nyv, lexikon, valamint a Belkereskedelmi Miniszt\u00e9rium \u00e1ltal \u00e1tadott igen \u00e9rt\u00e9kes vend\u00e9gl\u00e1t\u00f3ipari szakgy\u0171jtem\u00e9ny volt.<br>Ez ut\u00f3bbi tartalmazza az orsz\u00e1g ma is egyik legteljesebb szak\u00e1csk\u00f6nyv-gy\u0171jtem\u00e9ny\u00e9t.&nbsp;Az indul\u00e1skor mintegy 10 ezer k\u00f6tetre tehet\u0151 \u00e1llom\u00e1ny ma meghaladja a 90 ezret.&nbsp;A k\u00f6nyvt\u00e1r gy\u0171jt\u0151k\u00f6re az egyetemi kar valamennyi szak\u00e1nak k\u00e9pz\u00e9si ig\u00e9nyeire kiterjed.&nbsp;K\u00f6nyvt\u00e1runk a vend\u00e9gl\u00e1t\u00e1s tekintet\u00e9ben orsz\u00e1gos feladatk\u00f6r\u0171 szakk\u00f6nyvt\u00e1rk\u00e9nt is m\u0171k\u00f6dik, amely k\u00fcls\u0151 kutat\u00f3k, vend\u00e9gl\u00e1t\u00f3ipari \u00e9s gasztron\u00f3miai szakemberek sz\u00e1m\u00e1ra is rendelkez\u00e9sre \u00e1ll.<\/p>\n\n\n\n<p><strong>IDEGENFORGALMI SZAKK\u00d6NYVT\u00c1R T\u00d6RT\u00c9NETE<\/strong><\/p>\n\n\n\n<p>Az Idegenforgalmi Szakk\u00f6nyvt\u00e1r Magyarorsz\u00e1g egyetlen olyan szakmai k\u00f6nyvt\u00e1ra, amely az idegenforgalom tekintet\u00e9ben teljes gy\u0171jt\u0151k\u00f6rrel m\u0171k\u00f6dik. El\u0151dje az 1945 el\u0151tt alap\u00edtott Magyar Idegenforgalmi Kutat\u00f3 Int\u00e9zet, \u00e9s az IBUSZ Idegenforgalmi Kutat\u00f3 Int\u00e9zet szakk\u00f6nyvt\u00e1ra volt. Ezek \u00e1llom\u00e1ny\u00e1ra alapozva hozta l\u00e9tre az Orsz\u00e1gos Idegenforgalmi Hivatal a szakk\u00f6nyvt\u00e1rat 1969-ben. Az Orsz\u00e1gos Idegenforgalmi Hivatal szervezet\u00e9ben 1980-ban bek\u00f6vetkezett v\u00e1ltoz\u00e1sok \u00f3ta tartozik a Kereskedelmi, Vend\u00e9gl\u00e1t\u00f3ipari \u00e9s Idegenforgalmi F\u0151iskol\u00e1hoz, amely ma a Budapesti Gazdas\u00e1gi Egyetem kara.<\/p>\n\n\n\n<p>N\u00e9h\u00e1ny adal\u00e9k az el\u0151z\u0151ekben le\u00edrt sz\u0171kszav\u00fa k\u00f6nyvt\u00e1rt\u00f6rt\u00e9nethez, \u00edgy megvil\u00e1g\u00edtva az el\u0151zm\u00e9nyeket \u00e9s a k\u00f6nyvt\u00e1r sok esetben h\u00e1nyattatott sors\u00e1t: Az int\u00e9zm\u00e9ny mint Idegenforgalmi Szakk\u00f6nyvt\u00e1r 1968-ban alakult a felsz\u00e1molt IBUSZ Idegenforgalmi Kutat\u00f3 (alap\u00edtva 1945 el\u0151tt) maradv\u00e1nyk\u00f6nyveib\u0151l.<br>A maradv\u00e1nyk\u00f6nyvek magyar\u00e1zata a k\u00f6vetkez\u0151: volt egyszer egy IBUSZ-vez\u00e9rigazgat\u00f3, aki annak el\u0151tte m\u00e1r a miniszters\u00e9get is megj\u00e1rta. \u0150 \u00fagy tal\u00e1lta, hogy felesleges a kutat\u00f3 a k\u00f6nyvt\u00e1rral egyetemben, lehordatta h\u00e1t a k\u00f6nyveket egy szenespinc\u00e9be. Szerencs\u00e9re mindig akadtak el\u0151bbre tekint\u0151 emberek is, mint p\u00e9ld\u00e1ul G\u00e1l Ferenc, az OIH Idegenforgalmi T\u00e1j\u00e9koztat\u00f3 Szolg\u00e1lat\u00e1nak igazgat\u00f3ja, aki megpr\u00f3b\u00e1lta menteni, ami menthet\u0151, s a maradv\u00e1nyb\u00f3l l\u00e9trehozta az Idegenforgalmi Szakk\u00f6nyvt\u00e1rat. Ez teljesen z\u00e1rt jelleggel m\u0171k\u00f6d\u00f6tt, feladata a hivatal \u00e9s a t\u00e1j\u00e9koztat\u00f3 szolg\u00e1lat munk\u00e1j\u00e1nak seg\u00edt\u00e9se, az \u00fatik\u00f6nyv-kiad\u00e1s szakanyaggal val\u00f3 ell\u00e1t\u00e1sa volt. K\u00fcl\u00f6n teend\u0151i k\u00f6z\u00e9 tartozott a k\u00fclf\u00f6ldi \u00fajs\u00e1g\u00edr\u00f3k ell\u00e1t\u00e1sa h\u00e1tt\u00e9r- \u00e9s k\u00e9panyaggal, a sv\u00e1jci ARGUS sajt\u00f3figyel\u0151-szolg\u00e1laton kereszt\u00fcl pedig a Magyarorsz\u00e1gr\u00f3l sz\u00f3l\u00f3 idegenforgalmi h\u00edrek figyeltet\u00e9se, feldolgoz\u00e1sa is.<\/p>\n\n\n\n<p>1980-ban a belkereskedelmi miniszter megsz\u00fcntette az OIH \u00f6n\u00e1ll\u00f3s\u00e1g\u00e1t, saj\u00e1t k\u00f6nyvt\u00e1r\u00e1nak fenntart\u00e1s\u00e1t nem enged\u00e9lyezte, \u00e9s felsz\u00e1molta az Idegenforgalmi T\u00e1j\u00e9koztat\u00f3 Szolg\u00e1latot is. Feladatk\u00f6r\u00e9t az Idegenforgalmi Propaganda V\u00e1llalatnak adta, de ez a k\u00f6nyvt\u00e1rat nem vette \u00e1t, mert nem hoz profitot. Ekkor dr. Tam\u00e1s Gy\u00f6rgy \u00e9s dr. Lengyel M\u00e1rton megegyezett, hogy a k\u00f6nyvt\u00e1r egy\u00fcttm\u0171k\u00f6d\u00e9si szerz\u0151d\u00e9s keret\u00e9ben a Kereskedelmi \u00e9s Vend\u00e9gl\u00e1t\u00f3ipari F\u0151iskol\u00e1hoz ker\u00fclj\u00f6n, ahol akkoriban kezdtek hozz\u00e1 komolyabban az idegenforgalom oktat\u00e1s\u00e1hoz, ehhez azonban egy\u00e1ltal\u00e1n nem rendelkeztek megfelel\u0151 szakk\u00f6nyvekkel. Az egy\u00fcttm\u0171k\u00f6d\u00e9si szerz\u0151d\u00e9s seg\u00edtett meg\u0151rizni \u00e9s egyben tartani a k\u00f6nyvt\u00e1r anyag\u00e1t. A t\u00f6rt\u00e9net Pataky Edit k\u00f6nyvt\u00e1rvezet\u0151 cikke nyom\u00e1n k\u00e9sz\u00fclt, amely a K\u00f6nyvt\u00e1ri Levelez\u0151\/Lap 1994. 1. sz\u00e1m\u00e1ban jelent meg.<\/p>\n\n\n\n<figure class=\"wp-block-gallery has-nested-images columns-default is-cropped wp-block-gallery-1 is-layout-flex wp-block-gallery-is-layout-flex\">\n<figure class=\"wp-block-image size-large\"><img fetchpriority=\"high\" decoding=\"async\" width=\"640\" height=\"428\" data-id=\"1938\" src=\"https:\/\/konyvtar-kvik.uni-bge.hu\/wp-content\/uploads\/2024\/08\/galeria1.jpg\" alt=\"\" class=\"wp-image-1938\" srcset=\"https:\/\/konyvtar-kvik.uni-bge.hu\/wp-content\/uploads\/2024\/08\/galeria1.jpg 640w, https:\/\/konyvtar-kvik.uni-bge.hu\/wp-content\/uploads\/2024\/08\/galeria1-300x201.jpg 300w, https:\/\/konyvtar-kvik.uni-bge.hu\/wp-content\/uploads\/2024\/08\/galeria1-18x12.jpg 18w\" sizes=\"(max-width: 640px) 100vw, 640px\" \/><\/figure>\n\n\n\n<figure class=\"wp-block-image size-large\"><img decoding=\"async\" width=\"640\" height=\"428\" data-id=\"1942\" src=\"https:\/\/konyvtar-kvik.uni-bge.hu\/wp-content\/uploads\/2024\/08\/galeria2.jpg\" alt=\"\" class=\"wp-image-1942\" srcset=\"https:\/\/konyvtar-kvik.uni-bge.hu\/wp-content\/uploads\/2024\/08\/galeria2.jpg 640w, https:\/\/konyvtar-kvik.uni-bge.hu\/wp-content\/uploads\/2024\/08\/galeria2-300x201.jpg 300w, https:\/\/konyvtar-kvik.uni-bge.hu\/wp-content\/uploads\/2024\/08\/galeria2-18x12.jpg 18w\" sizes=\"(max-width: 640px) 100vw, 640px\" \/><\/figure>\n\n\n\n<figure class=\"wp-block-image size-large\"><img decoding=\"async\" width=\"321\" height=\"480\" data-id=\"1941\" src=\"https:\/\/konyvtar-kvik.uni-bge.hu\/wp-content\/uploads\/2024\/08\/galeria3.jpg\" alt=\"\" class=\"wp-image-1941\" srcset=\"https:\/\/konyvtar-kvik.uni-bge.hu\/wp-content\/uploads\/2024\/08\/galeria3.jpg 321w, https:\/\/konyvtar-kvik.uni-bge.hu\/wp-content\/uploads\/2024\/08\/galeria3-300x449.jpg 300w, https:\/\/konyvtar-kvik.uni-bge.hu\/wp-content\/uploads\/2024\/08\/galeria3-8x12.jpg 8w\" sizes=\"(max-width: 321px) 100vw, 321px\" \/><\/figure>\n\n\n\n<figure class=\"wp-block-image size-large\"><img loading=\"lazy\" decoding=\"async\" width=\"640\" height=\"428\" data-id=\"1939\" src=\"https:\/\/konyvtar-kvik.uni-bge.hu\/wp-content\/uploads\/2024\/08\/galeria4.jpg\" alt=\"\" class=\"wp-image-1939\" srcset=\"https:\/\/konyvtar-kvik.uni-bge.hu\/wp-content\/uploads\/2024\/08\/galeria4.jpg 640w, https:\/\/konyvtar-kvik.uni-bge.hu\/wp-content\/uploads\/2024\/08\/galeria4-300x201.jpg 300w, https:\/\/konyvtar-kvik.uni-bge.hu\/wp-content\/uploads\/2024\/08\/galeria4-18x12.jpg 18w\" sizes=\"(max-width: 640px) 100vw, 640px\" \/><\/figure>\n\n\n\n<figure class=\"wp-block-image size-large\"><img loading=\"lazy\" decoding=\"async\" width=\"640\" height=\"428\" data-id=\"1943\" src=\"https:\/\/konyvtar-kvik.uni-bge.hu\/wp-content\/uploads\/2024\/08\/galeria5.jpg\" alt=\"\" class=\"wp-image-1943\" srcset=\"https:\/\/konyvtar-kvik.uni-bge.hu\/wp-content\/uploads\/2024\/08\/galeria5.jpg 640w, https:\/\/konyvtar-kvik.uni-bge.hu\/wp-content\/uploads\/2024\/08\/galeria5-300x201.jpg 300w, https:\/\/konyvtar-kvik.uni-bge.hu\/wp-content\/uploads\/2024\/08\/galeria5-18x12.jpg 18w\" sizes=\"(max-width: 640px) 100vw, 640px\" \/><\/figure>\n\n\n\n<figure class=\"wp-block-image size-large\"><img loading=\"lazy\" decoding=\"async\" width=\"321\" height=\"480\" data-id=\"1940\" src=\"https:\/\/konyvtar-kvik.uni-bge.hu\/wp-content\/uploads\/2024\/08\/galeria6.jpg\" alt=\"\" class=\"wp-image-1940\" srcset=\"https:\/\/konyvtar-kvik.uni-bge.hu\/wp-content\/uploads\/2024\/08\/galeria6.jpg 321w, https:\/\/konyvtar-kvik.uni-bge.hu\/wp-content\/uploads\/2024\/08\/galeria6-300x449.jpg 300w, https:\/\/konyvtar-kvik.uni-bge.hu\/wp-content\/uploads\/2024\/08\/galeria6-8x12.jpg 8w\" sizes=\"(max-width: 321px) 100vw, 321px\" \/><\/figure>\n<\/figure>","protected":false},"excerpt":{"rendered":"<p>Az Idegenforgalmi Szakk\u00f6nyvt\u00e1r 2024-ben a Kari K\u00f6nyvt\u00e1rba (Alkotm\u00e1ny utca 9-11.) ker\u00fclt, a k\u00e9t k\u00f6nyvt\u00e1r \u00faj, k\u00f6z\u00f6s neve: Kari \u00e9s Idegenforgalmi Szakk\u00f6nyvt\u00e1r. KARI K\u00d6NYVT\u00c1R T\u00d6RT\u00c9NETE Az int\u00e9zm\u00e9ny f\u0151iskol\u00e1v\u00e1 alakul\u00e1s\u00e1val egyid\u0151ben, 1969-ben l\u00e9tes\u00fclt a f\u0151iskola K\u00f6nyvt\u00e1ra.&nbsp;\u00c1llom\u00e1ny\u00e1nak magja a jogel\u0151d\u00f6kt\u0151l \u00e1tvett szakk\u00f6nyvanyag, k\u00f6zt\u00fck a Kereskedelmi Akad\u00e9mia k\u00f6nyvt\u00e1r\u00e1b\u00f3l megmaradt t\u00f6bb sz\u00e1z k\u00f6tetnyi k\u00e9zik\u00f6nyv, lexikon, valamint a Belkereskedelmi Miniszt\u00e9rium \u00e1ltal \u00e1tadott igen \u00e9rt\u00e9kes vend\u00e9gl\u00e1t\u00f3ipari szakgy\u0171jtem\u00e9ny volt.Ez ut\u00f3bbi tartalmazza az orsz\u00e1g ma is egyik legteljesebb szak\u00e1csk\u00f6nyv-gy\u0171jtem\u00e9ny\u00e9t.&nbsp;Az indul\u00e1skor mintegy 10 ezer k\u00f6tetre tehet\u0151 \u00e1llom\u00e1ny ma meghaladja a 90 ezret.&nbsp;A k\u00f6nyvt\u00e1r gy\u0171jt\u0151k\u00f6re az&hellip;<\/p>","protected":false},"author":1,"featured_media":0,"parent":0,"menu_order":0,"comment_status":"closed","ping_status":"closed","template":"","meta":{"_uag_custom_page_level_css":"","footnotes":""},"class_list":["post-56","page","type-page","status-publish","hentry"],"uagb_featured_image_src":{"full":false,"thumbnail":false,"medium":false,"medium_large":false,"large":false,"news_plugin_small":false,"tf-client-image-size":false,"1536x1536":false,"2048x2048":false,"trp-custom-language-flag":false,"post-thumbnail":false,"idolcorp-full-width":false,"idolcorp-ourfeatures-thumb":false,"idolcorp-mediumblog-thumb":false},"uagb_author_info":{"display_name":"admin","author_link":"https:\/\/konyvtar-kvik.uni-bge.hu\/en\/author\/admin\/"},"uagb_comment_info":0,"uagb_excerpt":"Az Idegenforgalmi Szakk\u00f6nyvt\u00e1r 2024-ben a Kari K\u00f6nyvt\u00e1rba (Alkotm\u00e1ny utca 9-11.) ker\u00fclt, a k\u00e9t k\u00f6nyvt\u00e1r \u00faj, k\u00f6z\u00f6s neve: Kari \u00e9s Idegenforgalmi Szakk\u00f6nyvt\u00e1r. KARI K\u00d6NYVT\u00c1R T\u00d6RT\u00c9NETE Az int\u00e9zm\u00e9ny f\u0151iskol\u00e1v\u00e1 alakul\u00e1s\u00e1val egyid\u0151ben, 1969-ben l\u00e9tes\u00fclt a f\u0151iskola K\u00f6nyvt\u00e1ra.&nbsp;\u00c1llom\u00e1ny\u00e1nak magja a jogel\u0151d\u00f6kt\u0151l \u00e1tvett szakk\u00f6nyvanyag, k\u00f6zt\u00fck a Kereskedelmi Akad\u00e9mia k\u00f6nyvt\u00e1r\u00e1b\u00f3l megmaradt t\u00f6bb sz\u00e1z k\u00f6tetnyi k\u00e9zik\u00f6nyv, lexikon, valamint a Belkereskedelmi Miniszt\u00e9rium \u00e1ltal&hellip;","_links":{"self":[{"href":"https:\/\/konyvtar-kvik.uni-bge.hu\/en\/wp-json\/wp\/v2\/pages\/56","targetHints":{"allow":["GET"]}}],"collection":[{"href":"https:\/\/konyvtar-kvik.uni-bge.hu\/en\/wp-json\/wp\/v2\/pages"}],"about":[{"href":"https:\/\/konyvtar-kvik.uni-bge.hu\/en\/wp-json\/wp\/v2\/types\/page"}],"author":[{"embeddable":true,"href":"https:\/\/konyvtar-kvik.uni-bge.hu\/en\/wp-json\/wp\/v2\/users\/1"}],"replies":[{"embeddable":true,"href":"https:\/\/konyvtar-kvik.uni-bge.hu\/en\/wp-json\/wp\/v2\/comments?post=56"}],"version-history":[{"count":5,"href":"https:\/\/konyvtar-kvik.uni-bge.hu\/en\/wp-json\/wp\/v2\/pages\/56\/revisions"}],"predecessor-version":[{"id":1944,"href":"https:\/\/konyvtar-kvik.uni-bge.hu\/en\/wp-json\/wp\/v2\/pages\/56\/revisions\/1944"}],"wp:attachment":[{"href":"https:\/\/konyvtar-kvik.uni-bge.hu\/en\/wp-json\/wp\/v2\/media?parent=56"}],"curies":[{"name":"wp","href":"https:\/\/api.w.org\/{rel}","templated":true}]}}