{"id":449,"date":"2022-08-22T13:43:32","date_gmt":"2022-08-22T13:43:32","guid":{"rendered":"http:\/\/193.224.167.141\/?page_id=449"},"modified":"2023-01-14T12:20:20","modified_gmt":"2023-01-14T11:20:20","slug":"online-folyoiratok","status":"publish","type":"page","link":"https:\/\/konyvtar-kvik.uni-bge.hu\/en\/online-folyoiratok\/","title":{"rendered":"Online journals (Hungarian)"},"content":{"rendered":"<p><strong>Online version of journals, without VPN connection (click on the title!):<\/strong><\/p>\n\n\n\n<p><a href=\"https:\/\/eviko.hu\/hu-hu\/Arch%C3%ADvum\" target=\"_blank\" rel=\"noreferrer noopener\">\u00c9lelmiszervizsg\u00e1lati K\u00f6zlem\u00e9nyek<\/a><\/p>\n\n\n\n<p><a href=\"http:\/\/www.gazdalkodas.hu\/index.php?l=hu&amp;p=ev&amp;ev=2019\" target=\"_blank\" rel=\"noreferrer noopener\">Gazd\u00e1lkod\u00e1s<\/a><\/p>\n\n\n\n<p><a href=\"http:\/\/epa.oszk.hu\/html\/vgi\/kardexlap.phtml?id=3006\" target=\"_blank\" rel=\"noreferrer noopener\">K\u00f6zleked\u00e9studom\u00e1nyi Szemle<\/a>&nbsp;(2016-2019)<\/p>\n\n\n\n<p><a href=\"https:\/\/mstt.hu\/magyar-sporttudomanyi-szemle\/\" target=\"_blank\" rel=\"noreferrer noopener\">Magyar Sporttudom\u00e1nyi Szemle&nbsp;<\/a><\/p>\n\n\n\n<p><a href=\"https:\/\/journals.lib.pte.hu\/index.php\/mm\/issue\/archive\" target=\"_blank\" rel=\"noreferrer noopener\">Marketing&amp;Menedzsment&nbsp;<\/a><\/p>\n\n\n\n<p><a href=\"http:\/\/search.ksh.hu\/#\/?c=s\" target=\"_blank\" rel=\"noreferrer noopener\">Statisztikai Szemle<\/a><\/p>\n\n\n\n<p><a href=\"https:\/\/trademagazin.hu\/hu\/magazin\/\" target=\"_blank\" rel=\"noreferrer noopener\">Trade magazin<\/a><\/p>\n\n\n\n<p><a href=\"https:\/\/journals.lib.uni-corvinus.hu\/index.php\/turizmusbulletin\" target=\"_blank\" rel=\"noreferrer noopener\">Turizmus Bulletin<\/a><\/p>\n\n\n\n<p><a href=\"https:\/\/mdosz.hu\/uj-dieta\/\" target=\"_blank\" rel=\"noreferrer noopener\">\u00daj Di\u00e9ta<\/a>&nbsp;(2010-2018)<\/p>\n\n\n\n<p><a href=\"http:\/\/www.valosagonline.hu\/archivum.html\" target=\"_blank\" rel=\"noreferrer noopener\">Val\u00f3s\u00e1g<\/a><\/p>\n\n\n\n<p><a href=\"http:\/\/gazdalkodastudomany.uni-corvinus.hu\/index.php?id=58906\" target=\"_blank\" rel=\"noreferrer noopener\">Vezet\u00e9studom\u00e1ny<\/a>&nbsp;(until 2019)<\/p>\n\n\n\n<p><a href=\"http:\/\/gazdalkodastudomany.uni-corvinus.hu\/index.php?id=69129\" target=\"_blank\" rel=\"noreferrer noopener\">Vezet\u00e9studom\u00e1ny<\/a>&nbsp;(current)<\/p>\n\n\n\n<p><a href=\"https:\/\/www.arcanum.hu\/hu\/\" target=\"_blank\" rel=\"noreferrer noopener\">Arcanum adatb\u00e1zis<\/a><\/p>\n\n\n\n<p><strong>Online version of journals with VPN connection (click on the title!):<\/strong><\/p>\n\n\n\n<p><a href=\"https:\/\/www.emis.com\/php\/dashboard\/index\" target=\"_blank\" rel=\"noreferrer noopener\">EMIS (daily press monitoring from the content of, among others, HVG, Figyel\u0151, 168 \u00f3ra, online news portals)<\/a><\/p>\n\n\n\n<p><a href=\"https:\/\/journals.sagepub.com\/loi\/cqxb\" target=\"_blank\" rel=\"noreferrer noopener\">Cornell Hospitality Quarterly Online<\/a><\/p>\n\n\n\n<p><a href=\"https:\/\/mersz.hu\/dokumentum\/matud__1\/\" target=\"_blank\" rel=\"noreferrer noopener\">Magyar Tudom\u00e1ny<\/a><\/p>\n\n\n\n<p><a href=\"https:\/\/tet.rkk.hu\/index.php\/TeT\/issue\/archive\" target=\"_blank\" rel=\"noreferrer noopener\">T\u00e9r \u00e9s T\u00e1rsadalom<\/a><\/p>\n\n\n\n<figure class=\"wp-block-table\"><table><tbody><tr><td><img decoding=\"async\" width=\"16\" height=\"16\" class=\"wp-image-445\" style=\"width: 16px;\" src=\"http:\/\/konyvtar-kvik.uni-bge.hu\/wp-content\/uploads\/2022\/08\/excel.jpg\" alt=\"\"><\/td><td><a href=\"\/wp-content\/uploads\/2022\/08\/Online_elerheto_folyoiratok-1.xlsx\">List of online journals&nbsp;<\/a><\/td><\/tr><\/tbody><\/table><\/figure>","protected":false},"excerpt":{"rendered":"<p>Foly\u00f3iratok online verzi\u00f3ja, VPN kapcsolat n\u00e9lk\u00fcl (kattints a c\u00edmre!): \u00c9lelmiszervizsg\u00e1lati K\u00f6zlem\u00e9nyek Gazd\u00e1lkod\u00e1s K\u00f6zleked\u00e9studom\u00e1nyi Szemle&nbsp;(2016-2019) Magyar Sporttudom\u00e1nyi Szemle&nbsp; Marketing&amp;Menedzsment&nbsp; Statisztikai Szemle Trade magazin Turizmus Bulletin \u00daj Di\u00e9ta&nbsp;(2010-2018) Val\u00f3s\u00e1g Vezet\u00e9studom\u00e1ny&nbsp;(2019-ig) Vezet\u00e9studom\u00e1ny&nbsp;(aktu\u00e1lis) Arcanum adatb\u00e1zis Foly\u00f3iratok VPN kapcsolattal (kattints a c\u00edmre!): EMIS (napi sajt\u00f3figyel\u00e9s t\u00f6bbek k\u00f6z\u00f6tt a HVG, Figyel\u0151, 168 \u00f3ra, online h\u00edrport\u00e1lok tartalm\u00e1b\u00f3l) Cornell Hospitality Quarterly Online Magyar Tudom\u00e1ny T\u00e9r \u00e9s T\u00e1rsadalom Online el\u00e9rhet\u0151 foly\u00f3iratok list\u00e1ja&nbsp;<\/p>","protected":false},"author":1,"featured_media":0,"parent":0,"menu_order":0,"comment_status":"closed","ping_status":"closed","template":"","meta":{"_uag_custom_page_level_css":"","footnotes":""},"class_list":["post-449","page","type-page","status-publish","hentry"],"uagb_featured_image_src":{"full":false,"thumbnail":false,"medium":false,"medium_large":false,"large":false,"news_plugin_small":false,"tf-client-image-size":false,"1536x1536":false,"2048x2048":false,"trp-custom-language-flag":false,"post-thumbnail":false,"idolcorp-full-width":false,"idolcorp-ourfeatures-thumb":false,"idolcorp-mediumblog-thumb":false},"uagb_author_info":{"display_name":"admin","author_link":"https:\/\/konyvtar-kvik.uni-bge.hu\/en\/author\/admin\/"},"uagb_comment_info":0,"uagb_excerpt":"Foly\u00f3iratok online verzi\u00f3ja, VPN kapcsolat n\u00e9lk\u00fcl (kattints a c\u00edmre!): \u00c9lelmiszervizsg\u00e1lati K\u00f6zlem\u00e9nyek Gazd\u00e1lkod\u00e1s K\u00f6zleked\u00e9studom\u00e1nyi Szemle&nbsp;(2016-2019) Magyar Sporttudom\u00e1nyi Szemle&nbsp; Marketing&amp;Menedzsment&nbsp; Statisztikai Szemle Trade magazin Turizmus Bulletin \u00daj Di\u00e9ta&nbsp;(2010-2018) Val\u00f3s\u00e1g Vezet\u00e9studom\u00e1ny&nbsp;(2019-ig) Vezet\u00e9studom\u00e1ny&nbsp;(aktu\u00e1lis) Arcanum adatb\u00e1zis Foly\u00f3iratok VPN kapcsolattal (kattints a c\u00edmre!): EMIS (napi sajt\u00f3figyel\u00e9s t\u00f6bbek k\u00f6z\u00f6tt a HVG, Figyel\u0151, 168 \u00f3ra, online h\u00edrport\u00e1lok tartalm\u00e1b\u00f3l) Cornell Hospitality Quarterly Online Magyar&hellip;","_links":{"self":[{"href":"https:\/\/konyvtar-kvik.uni-bge.hu\/en\/wp-json\/wp\/v2\/pages\/449","targetHints":{"allow":["GET"]}}],"collection":[{"href":"https:\/\/konyvtar-kvik.uni-bge.hu\/en\/wp-json\/wp\/v2\/pages"}],"about":[{"href":"https:\/\/konyvtar-kvik.uni-bge.hu\/en\/wp-json\/wp\/v2\/types\/page"}],"author":[{"embeddable":true,"href":"https:\/\/konyvtar-kvik.uni-bge.hu\/en\/wp-json\/wp\/v2\/users\/1"}],"replies":[{"embeddable":true,"href":"https:\/\/konyvtar-kvik.uni-bge.hu\/en\/wp-json\/wp\/v2\/comments?post=449"}],"version-history":[{"count":2,"href":"https:\/\/konyvtar-kvik.uni-bge.hu\/en\/wp-json\/wp\/v2\/pages\/449\/revisions"}],"predecessor-version":[{"id":1070,"href":"https:\/\/konyvtar-kvik.uni-bge.hu\/en\/wp-json\/wp\/v2\/pages\/449\/revisions\/1070"}],"wp:attachment":[{"href":"https:\/\/konyvtar-kvik.uni-bge.hu\/en\/wp-json\/wp\/v2\/media?parent=449"}],"curies":[{"name":"wp","href":"https:\/\/api.w.org\/{rel}","templated":true}]}}