{"id":442,"date":"2022-08-22T13:40:17","date_gmt":"2022-08-22T13:40:17","guid":{"rendered":"http:\/\/193.224.167.141\/?page_id=442"},"modified":"2022-10-11T12:24:07","modified_gmt":"2022-10-11T10:24:07","slug":"online-konyvek-e-books","status":"publish","type":"page","link":"https:\/\/konyvtar-kvik.uni-bge.hu\/en\/online-konyvek-e-books\/","title":{"rendered":"E-books"},"content":{"rendered":"<p><strong>LIST OF ONLINE BOOKS<\/strong><\/p>\n\n\n\n<figure class=\"wp-block-table\"><table><tbody><tr><td><img decoding=\"async\" width=\"16\" height=\"16\" class=\"wp-image-445\" style=\"width: 16px;\" src=\"http:\/\/konyvtar-kvik.uni-bge.hu\/wp-content\/uploads\/2022\/08\/excel.jpg\" alt=\"\"><\/td><td><a href=\"\/wp-content\/uploads\/2022\/08\/kulfoldi_e_konyvek_2020.xlsx\">Foreign online books&nbsp;<\/a><\/td><\/tr><tr><td><img decoding=\"async\" width=\"16\" height=\"16\" class=\"wp-image-445\" style=\"width: 16px;\" src=\"http:\/\/konyvtar-kvik.uni-bge.hu\/wp-content\/uploads\/2022\/08\/excel.jpg\" alt=\"\"><\/td><td><a href=\"\/wp-content\/uploads\/2022\/08\/Magyar_adatbazisok.xlsx\">Hungarian e-book databases&nbsp;<\/a><\/td><\/tr><\/tbody><\/table><\/figure>\n\n\n\n<p><strong>Databases of books<\/strong><\/p>\n\n\n\n<p><a href=\"http:\/\/search.ebscohost.com\/\" target=\"_blank\" rel=\"noreferrer noopener\">EBSCO<\/a><\/p>\n\n\n\n<p><a href=\"https:\/\/www.emerald.com\/insight\/\" target=\"_blank\" rel=\"noreferrer noopener\">Emerald<\/a><\/p>\n\n\n\n<p><a href=\"https:\/\/search.proquest.com\/index\" target=\"_blank\" rel=\"noreferrer noopener\">ProQuest Central<\/a><\/p>\n\n\n\n<p><a href=\"https:\/\/link.springer.com\/\" target=\"_blank\" rel=\"noreferrer noopener\">Springerlink<\/a><\/p>\n\n\n\n<p><a href=\"https:\/\/www.e-unwto.org\/\" target=\"_blank\" rel=\"noreferrer noopener\">UNWTO<\/a><\/p>","protected":false},"excerpt":{"rendered":"<p>ONLINE K\u00d6NYVEK LIST\u00c1JA K\u00fclf\u00f6ldi online k\u00f6nyvek&nbsp;Magyar e-book adatb\u00e1zisok&nbsp; K\u00f6nyves adatb\u00e1zisok EBSCO Emerald ProQuest Central Springerlink UNWTO<\/p>","protected":false},"author":1,"featured_media":0,"parent":0,"menu_order":0,"comment_status":"closed","ping_status":"closed","template":"","meta":{"_uag_custom_page_level_css":"","footnotes":""},"class_list":["post-442","page","type-page","status-publish","hentry"],"uagb_featured_image_src":{"full":false,"thumbnail":false,"medium":false,"medium_large":false,"large":false,"news_plugin_small":false,"tf-client-image-size":false,"1536x1536":false,"2048x2048":false,"trp-custom-language-flag":false,"post-thumbnail":false,"idolcorp-full-width":false,"idolcorp-ourfeatures-thumb":false,"idolcorp-mediumblog-thumb":false},"uagb_author_info":{"display_name":"admin","author_link":"https:\/\/konyvtar-kvik.uni-bge.hu\/en\/author\/admin\/"},"uagb_comment_info":0,"uagb_excerpt":"ONLINE K\u00d6NYVEK LIST\u00c1JA K\u00fclf\u00f6ldi online k\u00f6nyvek&nbsp;Magyar e-book adatb\u00e1zisok&nbsp; K\u00f6nyves adatb\u00e1zisok EBSCO Emerald ProQuest Central Springerlink UNWTO","_links":{"self":[{"href":"https:\/\/konyvtar-kvik.uni-bge.hu\/en\/wp-json\/wp\/v2\/pages\/442","targetHints":{"allow":["GET"]}}],"collection":[{"href":"https:\/\/konyvtar-kvik.uni-bge.hu\/en\/wp-json\/wp\/v2\/pages"}],"about":[{"href":"https:\/\/konyvtar-kvik.uni-bge.hu\/en\/wp-json\/wp\/v2\/types\/page"}],"author":[{"embeddable":true,"href":"https:\/\/konyvtar-kvik.uni-bge.hu\/en\/wp-json\/wp\/v2\/users\/1"}],"replies":[{"embeddable":true,"href":"https:\/\/konyvtar-kvik.uni-bge.hu\/en\/wp-json\/wp\/v2\/comments?post=442"}],"version-history":[{"count":2,"href":"https:\/\/konyvtar-kvik.uni-bge.hu\/en\/wp-json\/wp\/v2\/pages\/442\/revisions"}],"predecessor-version":[{"id":911,"href":"https:\/\/konyvtar-kvik.uni-bge.hu\/en\/wp-json\/wp\/v2\/pages\/442\/revisions\/911"}],"wp:attachment":[{"href":"https:\/\/konyvtar-kvik.uni-bge.hu\/en\/wp-json\/wp\/v2\/media?parent=442"}],"curies":[{"name":"wp","href":"https:\/\/api.w.org\/{rel}","templated":true}]}}