{"id":42,"date":"2022-05-11T11:49:59","date_gmt":"2022-05-11T11:49:59","guid":{"rendered":"http:\/\/local.konyvtar\/?page_id=42"},"modified":"2025-01-24T12:16:26","modified_gmt":"2025-01-24T11:16:26","slug":"kuldetesnyilatkozat","status":"publish","type":"page","link":"https:\/\/konyvtar-kvik.uni-bge.hu\/en\/kuldetesnyilatkozat\/","title":{"rendered":"Mission statement"},"content":{"rendered":"<p><strong>BUDAPEST UNIVERSITY OF ECONOMICS AND BUSINESS<br \/>FACULTY OF COMMERCE, HOSPITALITY AND TOURISM<br \/>LIBRARY<br \/>MISSION STATEMENT<\/strong>\u00a0<\/p>\r\n\r\n\r\n\r\n<p>The Library of the Faculty of Commerce, Hospitality and Tourism of the Budapest University of Economics and Business is the Faculty's central specialist library base and information institution.<br \/>Its task - in accordance with the education and research strategy of the Faculty - is to provide the teachers, students and the profession with the highest possible level of specialist literature from a wide range of sources, in a well-equipped IT environment, in a cultured reading area, with a high level of professional librarianship.<\/p>\r\n\r\n\r\n\r\n<p>The library is a national public library.<\/p>\r\n\r\n\r\n\r\n<p>The most important domestic collector and provider of Hungarian and international literature.<br \/>Its aim and mission is to provide as many satisfied readers as possible with information in a wide range of documents that have been processed to a sufficient depth. It does so with well-trained, helpful staff, modern technical equipment and a cultured environment.<\/p>\r\n\r\n\r\n\r\n<p>Its mission is two-way.<br \/>On one hand, it supports the teaching and research work of the staff of the Department of Tourism and, in particular, the provision of literature to students specialising in tourism. Its activities are determined by changes in the faculties' courses and training forms.<br \/>On the other hand, it provides a public library service for professionals, researchers, educational centres and other interested parties active in the entire tourism sector.<\/p>\r\n\r\n\r\n\r\n<p>The Mission Statement can be downloaded in pdf format <a href=\"\/wp-content\/uploads\/2024\/08\/Kuldetesnyilatkozat_ifo.pdf\" target=\"_blank\" rel=\"noreferrer noopener\" data-type=\"URL\" data-id=\"http:\/\/konyvtar-idfo.uni-bge.hu\/wp-content\/uploads\/2023\/09\/Kuldetesnyilatkozat.pdf\">by clicking on this link<\/a> .<\/p>","protected":false},"excerpt":{"rendered":"<p>BUDAPESTI GAZDAS\u00c1GTUDOM\u00c1NYI EGYETEMKERESKEDELMI, VEND\u00c9GL\u00c1T\u00d3IPARI \u00c9S IDEGENFORGALMI KARK\u00d6NYVT\u00c1RAK\u00dcLDET\u00c9SNYILATKOZAT\u00a0 A Budapesti Gazdas\u00e1gtudom\u00e1nyi Egyetem Kereskedelmi, Vend\u00e9gl\u00e1t\u00f3ipari \u00e9s Idegenforgalmi Kar Kari \u00e9s Idegenforgalmi Szakk\u00f6nyvt\u00e1ra a Kar k\u00f6zponti szakk\u00f6nyvt\u00e1ri b\u00e1zisa, t\u00e1j\u00e9koztat\u00e1si int\u00e9zm\u00e9nye.Feladata &#8211; \u00f6sszhangban a Kar oktat\u00e1si \u00e9s kutat\u00e1si strat\u00e9gi\u00e1j\u00e1val &#8211; az oktat\u00f3k, hallgat\u00f3k \u00e9s a szakma lehet\u0151 legmagasabb szint\u0171 szakirodalmi ell\u00e1t\u00e1sa sz\u00e9les forr\u00e1sanyagb\u00f3l, j\u00f3l felszerelt informatikai k\u00f6rnyezetben, kultur\u00e1lt olvas\u00f3i t\u00e9rben, magas k\u00f6nyvt\u00e1rosi szakmai felk\u00e9sz\u00fclts\u00e9ggel. A K\u00f6nyvt\u00e1r orsz\u00e1gos feladatk\u00f6r\u0171, nyilv\u00e1nos szakk\u00f6nyvt\u00e1r. A magyar \u00e9s nemzetk\u00f6zi szakirodalom legjelent\u0151sebb hazai gy\u0171jt\u0151je \u00e9s szolg\u00e1ltat\u00f3ja.C\u00e9lja \u00e9s k\u00fcldet\u00e9se min\u00e9l t\u00f6bb el\u00e9gedett olvas\u00f3 inform\u00e1ci\u00f3val val\u00f3 ell\u00e1t\u00e1sa&hellip;<\/p>","protected":false},"author":1,"featured_media":0,"parent":0,"menu_order":0,"comment_status":"closed","ping_status":"closed","template":"","meta":{"_uag_custom_page_level_css":"","footnotes":""},"class_list":["post-42","page","type-page","status-publish","hentry"],"uagb_featured_image_src":{"full":false,"thumbnail":false,"medium":false,"medium_large":false,"large":false,"news_plugin_small":false,"tf-client-image-size":false,"1536x1536":false,"2048x2048":false,"trp-custom-language-flag":false,"post-thumbnail":false,"idolcorp-full-width":false,"idolcorp-ourfeatures-thumb":false,"idolcorp-mediumblog-thumb":false},"uagb_author_info":{"display_name":"admin","author_link":"https:\/\/konyvtar-kvik.uni-bge.hu\/en\/author\/admin\/"},"uagb_comment_info":0,"uagb_excerpt":"BUDAPESTI GAZDAS\u00c1GTUDOM\u00c1NYI EGYETEMKERESKEDELMI, VEND\u00c9GL\u00c1T\u00d3IPARI \u00c9S IDEGENFORGALMI KARK\u00d6NYVT\u00c1RAK\u00dcLDET\u00c9SNYILATKOZAT\u00a0 A Budapesti Gazdas\u00e1gtudom\u00e1nyi Egyetem Kereskedelmi, Vend\u00e9gl\u00e1t\u00f3ipari \u00e9s Idegenforgalmi Kar Kari \u00e9s Idegenforgalmi Szakk\u00f6nyvt\u00e1ra a Kar k\u00f6zponti szakk\u00f6nyvt\u00e1ri b\u00e1zisa, t\u00e1j\u00e9koztat\u00e1si int\u00e9zm\u00e9nye.Feladata &#8211; \u00f6sszhangban a Kar oktat\u00e1si \u00e9s kutat\u00e1si strat\u00e9gi\u00e1j\u00e1val &#8211; az oktat\u00f3k, hallgat\u00f3k \u00e9s a szakma lehet\u0151 legmagasabb szint\u0171 szakirodalmi ell\u00e1t\u00e1sa sz\u00e9les forr\u00e1sanyagb\u00f3l, j\u00f3l felszerelt informatikai k\u00f6rnyezetben, kultur\u00e1lt olvas\u00f3i&hellip;","_links":{"self":[{"href":"https:\/\/konyvtar-kvik.uni-bge.hu\/en\/wp-json\/wp\/v2\/pages\/42","targetHints":{"allow":["GET"]}}],"collection":[{"href":"https:\/\/konyvtar-kvik.uni-bge.hu\/en\/wp-json\/wp\/v2\/pages"}],"about":[{"href":"https:\/\/konyvtar-kvik.uni-bge.hu\/en\/wp-json\/wp\/v2\/types\/page"}],"author":[{"embeddable":true,"href":"https:\/\/konyvtar-kvik.uni-bge.hu\/en\/wp-json\/wp\/v2\/users\/1"}],"replies":[{"embeddable":true,"href":"https:\/\/konyvtar-kvik.uni-bge.hu\/en\/wp-json\/wp\/v2\/comments?post=42"}],"version-history":[{"count":4,"href":"https:\/\/konyvtar-kvik.uni-bge.hu\/en\/wp-json\/wp\/v2\/pages\/42\/revisions"}],"predecessor-version":[{"id":2117,"href":"https:\/\/konyvtar-kvik.uni-bge.hu\/en\/wp-json\/wp\/v2\/pages\/42\/revisions\/2117"}],"wp:attachment":[{"href":"https:\/\/konyvtar-kvik.uni-bge.hu\/en\/wp-json\/wp\/v2\/media?parent=42"}],"curies":[{"name":"wp","href":"https:\/\/api.w.org\/{rel}","templated":true}]}}