{"id":407,"date":"2022-08-22T11:19:20","date_gmt":"2022-08-22T11:19:20","guid":{"rendered":"http:\/\/193.224.167.141\/?page_id=407"},"modified":"2025-01-24T12:59:44","modified_gmt":"2025-01-24T11:59:44","slug":"europai-unios-dokumentacios-kozpont","status":"publish","type":"page","link":"https:\/\/konyvtar-kvik.uni-bge.hu\/en\/europai-unios-dokumentacios-kozpont\/","title":{"rendered":"European Union Documentation Center"},"content":{"rendered":"<p class=\"has-text-align-center\"><strong>EUROPEAN DOCUMENTATION CENTER<\/strong><\/p>\r\n\r\n\r\n\r\n<p class=\"translation-block\">Since 1992, the Library has been collecting and providing documents related to the European Union, assigned to European Studies. It participates in EU information providing as a European Reference Center until 2000, and as a <strong>European Documentation Center since 2000.<\/strong><\/p>\r\n\r\n\r\n\r\n<p>The collection consists of two parts, both parts can be found in the Tourism Library.<\/p>\r\n\r\n\r\n\r\n<p>One part of the collection consists of publications of the European Union, and today it contains more than 3.000 documents, mainly in English, to a lesser extent in Hungarian or other official EU languages. The advantage of this part of the collection lies in its topicality, the brochure-like documents and periodicals provide information on new developments and are also very diverse in terms of their subject matter: for example, the activities of the EU institutions, policies, reports of rotating Presidencies, committee reports, economic and financial reports, statistical data, sustainable development, tourism, environmental protection, free access to employment, social policy and education.<\/p>\r\n\r\n\r\n\r\n<p>The other part of the collection contains more comprehensive, summary studies in Hungarian, English, German, Spanish and French, which discuss the situation and significance of Europe and the European Union in historical, economic, artistic and philosophical perspectives.<\/p>\r\n\r\n\r\n\r\n<p>The\u00a0<strong>EDC<\/strong> collection is searchable <a href=\"https:\/\/opac-kvikkonyvtar.uni-bge.hu\/F\">in the catalog<\/a>\u00a0of the library.<\/p>\r\n\r\n\r\n\r\n<p><em><strong>Services<\/strong><\/em><\/p>\r\n\r\n\r\n\r\n<p>\u2013 reading in place<\/p>\r\n\r\n\r\n\r\n<p>\u2013 borrowing(for BBS students and teachers)<\/p>\r\n\r\n\r\n\r\n<p>\u2013 providing information in areas related to European integration and the studies at BBS FCHT<\/p>\r\n\r\n\r\n\r\n<p>\u2013 online databases<\/p>\r\n\r\n\r\n\r\n<p>\u00a0<em><strong>Recommended online databases<\/strong><\/em><\/p>\r\n\r\n\r\n\r\n<p><strong>Daily news<\/strong><\/p>\r\n\r\n\r\n\r\n<p>\u00a0 \u00a0\u00a0<a href=\"https:\/\/www.eu-monitor.hu\/\">EU monitor\u00a0(HU)<\/a><\/p>\r\n\r\n\r\n\r\n<p>\u00a0 \u00a0\u00a0<a href=\"https:\/\/www.eumonitor.eu\/\">EU monitor\u00a0(EN)<\/a><\/p>\r\n\r\n\r\n\r\n<p><strong>Institutions<\/strong><\/p>\r\n\r\n\r\n\r\n<p>\u00a0 \u00a0<a href=\"https:\/\/european-union.europa.eu\/index_en\">Website of European Union<\/a><\/p>\r\n\r\n\r\n\r\n<p>\u00a0 \u00a0<a href=\"https:\/\/european-union.europa.eu\/contact-eu\/meet-us_en\">European Documentation Centers<\/a>\u00a0in Hungary<\/p>\r\n\r\n\r\n\r\n<p>\u00a0 \u00a0<a href=\"https:\/\/op.europa.eu\/en\/\">Publications of EU<\/a>\u00a0(downloadable)<\/p>\r\n\r\n\r\n\r\n<p>\u00a0 \u00a0<a href=\"https:\/\/europa.eu\/european-union\/contact_en\">Europe Direct<\/a><\/p>\r\n\r\n\r\n\r\n<p>\u00a0 \u00a0<a href=\"https:\/\/www.europarl.europa.eu\/portal\/en\">European Parliament<\/a><\/p>\r\n\r\n\r\n\r\n<p>\u00a0 \u00a0<a href=\"https:\/\/ec.europa.eu\/hungary\/home_hu\">EU Representation in Hungary<\/a><\/p>\r\n\r\n\r\n\r\n<p>\u00a0 \u00a0<a href=\"https:\/\/eur-lex.europa.eu\/oj\/direct-access.html\">Official Journal of the European Union<\/a>\u00a0(Official Journal of the EU)<\/p>\r\n\r\n\r\n\r\n<p>\u00a0 \u00a0<a href=\"http:\/\/aei.pitt.edu\/\">Archive of European Integration<\/a><\/p>\r\n\r\n\r\n\r\n<p>\u00a0 \u00a0<a href=\"https:\/\/ec.europa.eu\/info\/funding-tenders_en\">Tenders<\/a><\/p>\r\n\r\n\r\n\r\n<p><strong>Legislation<\/strong><\/p>\r\n\r\n\r\n\r\n<p>\u00a0 \u00a0<a href=\"https:\/\/eur-lex.europa.eu\/homepage.html\">EUR-LEX<\/a><\/p>\r\n\r\n\r\n\r\n<p>\u00a0 \u00a0<a href=\"https:\/\/ec.europa.eu\/info\/policies\/consumers_en\">Consumer protection<\/a><\/p>\r\n\r\n\r\n\r\n<p>\u00a0 \u00a0<a href=\"https:\/\/european-union.europa.eu\/priorities-and-actions\/actions-topic\/education-training-and-youth_en\">Human rights<\/a><\/p>\r\n\r\n\r\n\r\n<p><strong>Statistics<\/strong><\/p>\r\n\r\n\r\n\r\n<p>\u00a0 \u00a0<a href=\"https:\/\/ec.europa.eu\/eurostat\">EUROSTAT<\/a><\/p>\r\n\r\n\r\n\r\n<p><strong>Highlights of the policy areas of the EU<\/strong><\/p>\r\n\r\n\r\n\r\n<ul class=\"wp-block-list\">\r\n<li>FOOD, AGRICULTURE, FISHERIES:<\/li>\r\n<\/ul>\r\n\r\n\r\n\r\n<p>\u00a0 \u00a0 \u00a0 \u00a0 \u00a0 \u00a0 \u00a0<a href=\"https:\/\/agriculture.ec.europa.eu\/farming\/crop-productions-and-plant-based-products\/wine_en\">Vinery<\/a><\/p>\r\n\r\n\r\n\r\n<ul class=\"wp-block-list\">\r\n<li>COMMERCE, BUSINESS, ENTREPRENEURSHIP:<\/li>\r\n<\/ul>\r\n\r\n\r\n\r\n<p>\u00a0 \u00a0 \u00a0 \u00a0 \u00a0 \u00a0 \u00a0<a href=\"https:\/\/europatarsasag.hu\/en\">BRUXINFO<\/a><\/p>\r\n\r\n\r\n\r\n<p>\u00a0 \u00a0 \u00a0 \u00a0 \u00a0 \u00a0 \u00a0<a href=\"https:\/\/www.europages.com\/\">European Business Directory<\/a><\/p>\r\n\r\n\r\n\r\n<p>\u00a0 \u00a0 \u00a0 \u00a0 \u00a0 \u00a0 \u00a0<a href=\"https:\/\/european-union.europa.eu\/priorities-and-actions\/actions-topic\/trade_en\">Trade<\/a><\/p>\r\n\r\n\r\n\r\n<p>\u00a0 \u00a0 \u00a0 \u00a0 \u00a0 \u00a0 \u00a0<a href=\"https:\/\/european-union.europa.eu\/priorities-and-actions\/actions-topic\/business-and-industry_en\">Supporting enterprises<\/a><\/p>\r\n\r\n\r\n\r\n<ul class=\"wp-block-list\">\r\n<li>EDUCATION, TRAINING, AND YOUTH:<\/li>\r\n<\/ul>\r\n\r\n\r\n\r\n<p>\u00a0 \u00a0 \u00a0 \u00a0 \u00a0 \u00a0 \u00a0<a href=\"https:\/\/education.ec.europa.eu\/education-levels\/higher-education\">Higher education<\/a><\/p>\r\n\r\n\r\n\r\n<p>\u00a0 \u00a0 \u00a0 \u00a0 \u00a0 \u00a0 \u00a0<a href=\"https:\/\/european-union.europa.eu\/priorities-and-actions\/actions-topic\/education-training-and-youth_en\">Education<\/a><\/p>\r\n\r\n\r\n\r\n<p>\u00a0 \u00a0 \u00a0 \u00a0 \u00a0 \u00a0 \u00a0<a href=\"https:\/\/ec.europa.eu\/education\/policies\/eu-policy-in-the-field-of-vocational-education-and-training-vet_en\">Vocational training<\/a><\/p>\r\n\r\n\r\n\r\n<ul class=\"wp-block-list\">\r\n<li>TOURISM:<\/li>\r\n<\/ul>\r\n\r\n\r\n\r\n<p>\u00a0 \u00a0 \u00a0 \u00a0 \u00a0 \u00a0 \u00a0<a href=\"https:\/\/single-market-economy.ec.europa.eu\/sectors\/tourism_en\">Tourism in the European Union<\/a><\/p>\r\n\r\n\r\n\r\n<p>\u00a0 \u00a0 \u00a0 \u00a0 \u00a0 \u00a0 \u00a0<a href=\"http:\/\/www.aalep.eu\/major-tourism-organizations-eu-level\">Tourist institutions in the EU<\/a><\/p>\r\n\r\n\r\n\r\n<p>\u00a0 \u00a0 \u00a0 \u00a0 \u00a0 \u00a0 \u00a0<a href=\"https:\/\/ec.europa.eu\/info\/live-work-travel-eu\/travelling-eu_en\">Travel in the EU<\/a><\/p>\r\n\r\n\r\n\r\n<p>\u00a0 \u00a0 \u00a0 \u00a0 \u00a0 \u00a0 \u00a0<a href=\"https:\/\/etc-corporate.org\/\">European Travel Commission<\/a><\/p>\r\n\r\n\r\n\r\n<ul class=\"wp-block-list\">\r\n<li>HOSPITALITY:<\/li>\r\n<\/ul>\r\n\r\n\r\n\r\n<p>\u00a0 \u00a0\u00a0 \u00a0 \u00a0 \u00a0 \u00a0\u00a0<a href=\"https:\/\/www.crunchbase.com\/hub\/european-union-hospitality-companies\">Hospitality companies in the EU<\/a><\/p>\r\n\r\n\r\n\r\n<p>\u00a0 \u00a0 \u00a0 \u00a0 \u00a0 \u00a0 \u00a0<a href=\"https:\/\/www.hotrec.eu\/\">HOTREC<\/a>\u00a0&#8211; Association of Hotels, Restaurants, Caf\u00e9s<\/p>\r\n\r\n\r\n\r\n<ul class=\"wp-block-list\">\r\n<li>COMPETITION POLICY<\/li>\r\n<\/ul>\r\n\r\n\r\n\r\n<p>\u00a0 \u00a0 \u00a0 \u00a0 \u00a0 \u00a0 \u00a0<a href=\"https:\/\/european-union.europa.eu\/priorities-and-actions\/actions-topic\/competition_en\">Fair competition's<\/a>\u00a0preservation and promotion<\/p>","protected":false},"excerpt":{"rendered":"<p>EUR\u00d3PAI DOKUMENT\u00c1CI\u00d3S K\u00d6ZPONT A K\u00f6nyvt\u00e1r 1992-t\u0151l &#8211; az Eur\u00f3pai Tanulm\u00e1nyokhoz rendelten &#8211; gy\u0171jti \u00e9s szolg\u00e1ltatja az Eur\u00f3pai Uni\u00f3val kapcsolatos dokumentumokat. 2000-ig Eur\u00f3pai Referencia K\u00f6zpontk\u00e9nt,\u00a02000 \u00f3ta Eur\u00f3pai Dokument\u00e1ci\u00f3s K\u00f6zpontk\u00e9nt\u00a0vesz r\u00e9szt az EU-t\u00e1j\u00e9koztat\u00e1sban. A gy\u0171jtem\u00e9ny k\u00e9t r\u00e9szb\u0151l \u00e1ll, mindk\u00e9t r\u00e9sz az Idegenforgalmi Szakk\u00f6nyvt\u00e1rban tal\u00e1lhat\u00f3. A gy\u0171jtem\u00e9ny egyik r\u00e9sz\u00e9t az Eur\u00f3pai Uni\u00f3 kiadv\u00e1nyai alkotj\u00e1k, m\u00e1ra t\u00f6bb mint 3000 dokumentumot tartalmaz, f\u0151k\u00e9nt angol, kisebb r\u00e9szben magyar vagy m\u00e1s uni\u00f3s hivatalos nyelven. E gy\u0171jtem\u00e9nyr\u00e9sz el\u0151nye az aktualit\u00e1s\u00e1ban rejlik, a bros\u00faraszer\u0171 dokumentumok \u00e9s foly\u00f3iratok az \u00fajdons\u00e1gokr\u00f3l t\u00e1j\u00e9koztatnak, \u00e9s t\u00e9m\u00e1jukat tekintve is&hellip;<\/p>","protected":false},"author":1,"featured_media":0,"parent":0,"menu_order":0,"comment_status":"closed","ping_status":"closed","template":"","meta":{"_uag_custom_page_level_css":"","footnotes":""},"class_list":["post-407","page","type-page","status-publish","hentry"],"uagb_featured_image_src":{"full":false,"thumbnail":false,"medium":false,"medium_large":false,"large":false,"news_plugin_small":false,"tf-client-image-size":false,"1536x1536":false,"2048x2048":false,"trp-custom-language-flag":false,"post-thumbnail":false,"idolcorp-full-width":false,"idolcorp-ourfeatures-thumb":false,"idolcorp-mediumblog-thumb":false},"uagb_author_info":{"display_name":"admin","author_link":"https:\/\/konyvtar-kvik.uni-bge.hu\/en\/author\/admin\/"},"uagb_comment_info":0,"uagb_excerpt":"EUR\u00d3PAI DOKUMENT\u00c1CI\u00d3S K\u00d6ZPONT A K\u00f6nyvt\u00e1r 1992-t\u0151l &#8211; az Eur\u00f3pai Tanulm\u00e1nyokhoz rendelten &#8211; gy\u0171jti \u00e9s szolg\u00e1ltatja az Eur\u00f3pai Uni\u00f3val kapcsolatos dokumentumokat. 2000-ig Eur\u00f3pai Referencia K\u00f6zpontk\u00e9nt,\u00a02000 \u00f3ta Eur\u00f3pai Dokument\u00e1ci\u00f3s K\u00f6zpontk\u00e9nt\u00a0vesz r\u00e9szt az EU-t\u00e1j\u00e9koztat\u00e1sban. A gy\u0171jtem\u00e9ny k\u00e9t r\u00e9szb\u0151l \u00e1ll, mindk\u00e9t r\u00e9sz az Idegenforgalmi Szakk\u00f6nyvt\u00e1rban tal\u00e1lhat\u00f3. A gy\u0171jtem\u00e9ny egyik r\u00e9sz\u00e9t az Eur\u00f3pai Uni\u00f3 kiadv\u00e1nyai alkotj\u00e1k, m\u00e1ra t\u00f6bb mint 3000&hellip;","_links":{"self":[{"href":"https:\/\/konyvtar-kvik.uni-bge.hu\/en\/wp-json\/wp\/v2\/pages\/407","targetHints":{"allow":["GET"]}}],"collection":[{"href":"https:\/\/konyvtar-kvik.uni-bge.hu\/en\/wp-json\/wp\/v2\/pages"}],"about":[{"href":"https:\/\/konyvtar-kvik.uni-bge.hu\/en\/wp-json\/wp\/v2\/types\/page"}],"author":[{"embeddable":true,"href":"https:\/\/konyvtar-kvik.uni-bge.hu\/en\/wp-json\/wp\/v2\/users\/1"}],"replies":[{"embeddable":true,"href":"https:\/\/konyvtar-kvik.uni-bge.hu\/en\/wp-json\/wp\/v2\/comments?post=407"}],"version-history":[{"count":9,"href":"https:\/\/konyvtar-kvik.uni-bge.hu\/en\/wp-json\/wp\/v2\/pages\/407\/revisions"}],"predecessor-version":[{"id":2132,"href":"https:\/\/konyvtar-kvik.uni-bge.hu\/en\/wp-json\/wp\/v2\/pages\/407\/revisions\/2132"}],"wp:attachment":[{"href":"https:\/\/konyvtar-kvik.uni-bge.hu\/en\/wp-json\/wp\/v2\/media?parent=407"}],"curies":[{"name":"wp","href":"https:\/\/api.w.org\/{rel}","templated":true}]}}