{"id":40,"date":"2022-05-11T11:49:05","date_gmt":"2022-05-11T11:49:05","guid":{"rendered":"http:\/\/local.konyvtar\/?page_id=40"},"modified":"2022-06-01T07:43:21","modified_gmt":"2022-06-01T07:43:21","slug":"koszonto","status":"publish","type":"page","link":"https:\/\/konyvtar-kvik.uni-bge.hu\/en\/koszonto\/","title":{"rendered":"Greeting"},"content":{"rendered":"<figure class=\"wp-block-image size-full\"><img fetchpriority=\"high\" decoding=\"async\" width=\"340\" height=\"340\" src=\"http:\/\/local.konyvtar\/wp-content\/uploads\/2022\/05\/Bakonyi_Andrea_KVIK.png\" alt=\"\" class=\"wp-image-267\" srcset=\"https:\/\/konyvtar-kvik.uni-bge.hu\/wp-content\/uploads\/2022\/05\/Bakonyi_Andrea_KVIK.png 340w, https:\/\/konyvtar-kvik.uni-bge.hu\/wp-content\/uploads\/2022\/05\/Bakonyi_Andrea_KVIK-300x300.png 300w, https:\/\/konyvtar-kvik.uni-bge.hu\/wp-content\/uploads\/2022\/05\/Bakonyi_Andrea_KVIK-150x150.png 150w, https:\/\/konyvtar-kvik.uni-bge.hu\/wp-content\/uploads\/2022\/05\/Bakonyi_Andrea_KVIK-120x120.png 120w, https:\/\/konyvtar-kvik.uni-bge.hu\/wp-content\/uploads\/2022\/05\/Bakonyi_Andrea_KVIK-165x165.png 165w, https:\/\/konyvtar-kvik.uni-bge.hu\/wp-content\/uploads\/2022\/05\/Bakonyi_Andrea_KVIK-244x244.png 244w\" sizes=\"(max-width: 340px) 100vw, 340px\" \/><\/figure>\n\n\n\n<p><strong>I warmly welcome our Dear Visitors to our Library's website!<br><\/strong><\/p>\n\n\n\n<p>According to our aim, all relevant information about our Library can be found here, and we hope to promote convenient and efficient use of the Library through the useful functions of the website.<br>We welcome all comments and suggestions for further development with pleasure and thanks.<\/p>\n\n\n\n<p>Have a nice browsing.<\/p>\n\n\n\n<p>Andrea Bakonyi&nbsp;<br>head librarian<\/p>","protected":false},"excerpt":{"rendered":"<p>Szeretettel \u00fcdv\u00f6zl\u00f6m Kedves L\u00e1togat\u00f3inkat K\u00f6nyvt\u00e1runk honlapj\u00e1n! T\u00f6rekv\u00e9s\u00fcnk szerint itt minden l\u00e9nyeges inform\u00e1ci\u00f3 megtal\u00e1lhat\u00f3 K\u00f6nyvt\u00e1runkr\u00f3l, \u00e9s rem\u00e9lj\u00fck a honlap hasznos funkci\u00f3i r\u00e9v\u00e9n el\u0151seg\u00edtj\u00fck a k\u00e9nyelmes \u00e9s hat\u00e9kony k\u00f6nyvt\u00e1rhaszn\u00e1latot is.\u00d6r\u00f6mmel \u00e9s k\u00f6sz\u00f6nettel vesz\u00fcnk minden \u00e9szrev\u00e9telt \u00e9s tov\u00e1bbfejleszt\u00e9sre tett javaslatot! Kellemes b\u00f6ng\u00e9sz\u00e9st k\u00edv\u00e1nok! Bakonyi Andrea&nbsp;k\u00f6nyvt\u00e1rvezet\u0151<\/p>","protected":false},"author":1,"featured_media":0,"parent":0,"menu_order":0,"comment_status":"closed","ping_status":"closed","template":"","meta":{"_uag_custom_page_level_css":"","footnotes":""},"class_list":["post-40","page","type-page","status-publish","hentry"],"uagb_featured_image_src":{"full":false,"thumbnail":false,"medium":false,"medium_large":false,"large":false,"news_plugin_small":false,"tf-client-image-size":false,"1536x1536":false,"2048x2048":false,"trp-custom-language-flag":false,"post-thumbnail":false,"idolcorp-full-width":false,"idolcorp-ourfeatures-thumb":false,"idolcorp-mediumblog-thumb":false},"uagb_author_info":{"display_name":"admin","author_link":"https:\/\/konyvtar-kvik.uni-bge.hu\/en\/author\/admin\/"},"uagb_comment_info":0,"uagb_excerpt":"Szeretettel \u00fcdv\u00f6zl\u00f6m Kedves L\u00e1togat\u00f3inkat K\u00f6nyvt\u00e1runk honlapj\u00e1n! T\u00f6rekv\u00e9s\u00fcnk szerint itt minden l\u00e9nyeges inform\u00e1ci\u00f3 megtal\u00e1lhat\u00f3 K\u00f6nyvt\u00e1runkr\u00f3l, \u00e9s rem\u00e9lj\u00fck a honlap hasznos funkci\u00f3i r\u00e9v\u00e9n el\u0151seg\u00edtj\u00fck a k\u00e9nyelmes \u00e9s hat\u00e9kony k\u00f6nyvt\u00e1rhaszn\u00e1latot is.\u00d6r\u00f6mmel \u00e9s k\u00f6sz\u00f6nettel vesz\u00fcnk minden \u00e9szrev\u00e9telt \u00e9s tov\u00e1bbfejleszt\u00e9sre tett javaslatot! Kellemes b\u00f6ng\u00e9sz\u00e9st k\u00edv\u00e1nok! Bakonyi Andrea&nbsp;k\u00f6nyvt\u00e1rvezet\u0151","_links":{"self":[{"href":"https:\/\/konyvtar-kvik.uni-bge.hu\/en\/wp-json\/wp\/v2\/pages\/40","targetHints":{"allow":["GET"]}}],"collection":[{"href":"https:\/\/konyvtar-kvik.uni-bge.hu\/en\/wp-json\/wp\/v2\/pages"}],"about":[{"href":"https:\/\/konyvtar-kvik.uni-bge.hu\/en\/wp-json\/wp\/v2\/types\/page"}],"author":[{"embeddable":true,"href":"https:\/\/konyvtar-kvik.uni-bge.hu\/en\/wp-json\/wp\/v2\/users\/1"}],"replies":[{"embeddable":true,"href":"https:\/\/konyvtar-kvik.uni-bge.hu\/en\/wp-json\/wp\/v2\/comments?post=40"}],"version-history":[{"count":3,"href":"https:\/\/konyvtar-kvik.uni-bge.hu\/en\/wp-json\/wp\/v2\/pages\/40\/revisions"}],"predecessor-version":[{"id":340,"href":"https:\/\/konyvtar-kvik.uni-bge.hu\/en\/wp-json\/wp\/v2\/pages\/40\/revisions\/340"}],"wp:attachment":[{"href":"https:\/\/konyvtar-kvik.uni-bge.hu\/en\/wp-json\/wp\/v2\/media?parent=40"}],"curies":[{"name":"wp","href":"https:\/\/api.w.org\/{rel}","templated":true}]}}