{"id":374,"date":"2022-08-22T08:04:32","date_gmt":"2022-08-22T08:04:32","guid":{"rendered":"http:\/\/193.224.167.141\/?page_id=374"},"modified":"2025-01-24T13:03:22","modified_gmt":"2025-01-24T12:03:22","slug":"folyoirataink","status":"publish","type":"page","link":"https:\/\/konyvtar-kvik.uni-bge.hu\/en\/folyoirataink\/","title":{"rendered":"Journals"},"content":{"rendered":"<p class=\"has-text-align-center\"><strong>LIST OF JOURNALS OF THE LIBRARY IN 2023<\/strong><\/p>\r\n\r\n\r\n\r\n<figure class=\"wp-block-table\">\r\n<table>\r\n<tbody>\r\n<tr>\r\n<td><a href=\"#B\">B<\/a><\/td>\r\n<td><a href=\"#C\">C<\/a><\/td>\r\n<td><a href=\"#D\">D<\/a><\/td>\r\n<td><a href=\"#E\">E<\/a><\/td>\r\n<td><a href=\"#F\">F<\/a><\/td>\r\n<td><a href=\"#G\">G<\/a><\/td>\r\n<td><a href=\"#H\">H<\/a><\/td>\r\n<td><a href=\"#J\">J<\/a><\/td>\r\n<td><a href=\"#K\">K<\/a><\/td>\r\n<td><a href=\"#L\">L<\/a><\/td>\r\n<td><a href=\"#M\">M<\/a><\/td>\r\n<td><a href=\"#P\">P<\/a><\/td>\r\n<td><a href=\"#R\">R<\/a><\/td>\r\n<td><a href=\"#S\">S<\/a><\/td>\r\n<td><a href=\"#SZ\">SZ<\/a><\/td>\r\n<td><a href=\"#T\">T<\/a><\/td>\r\n<td><a href=\"#\u00da\">\u00da<\/a><\/td>\r\n<td><a href=\"#V\">V<\/a><\/td>\r\n<\/tr>\r\n<\/tbody>\r\n<\/table>\r\n<\/figure>\r\n\r\n\r\n\r\n<p id=\"B\" class=\"has-text-align-center\"><strong>B<\/strong><\/p>\r\n\r\n\r\n\r\n<p class=\"has-text-align-center\"><a href=\"http:\/\/www.bbcgoodfood.hu\/\" target=\"_blank\" rel=\"noreferrer noopener\">BBC Good Food<\/a><\/p>\r\n\r\n\r\n\r\n<p class=\"has-text-align-center\"><a href=\"http:\/\/www.borespiac.hu\/\" target=\"_blank\" rel=\"noreferrer noopener\">Bor \u00e9s Piac<\/a><\/p>\r\n\r\n\r\n\r\n<p class=\"has-text-align-center\"><a href=\"http:\/\/magyarmezogazdasag.hu\/boraszatifuzetek\" target=\"_blank\" rel=\"noreferrer noopener\">Bor\u00e1szati F\u00fczetek<\/a><\/p>\r\n\r\n\r\n\r\n<p class=\"has-text-align-center\"><a href=\"https:\/\/businesstraveller.hu\/\" target=\"_blank\" rel=\"noreferrer noopener\">Business Traveller Hungary<\/a><\/p>\r\n\r\n\r\n\r\n<p id=\"C\" class=\"has-text-align-center\"><strong>C<\/strong><\/p>\r\n\r\n\r\n\r\n<p class=\"has-text-align-center\"><a href=\"http:\/\/www.chefpincer.hu\/\" target=\"_blank\" rel=\"noreferrer noopener\">Chef &amp; Pinc\u00e9r<\/a><\/p>\r\n\r\n\r\n\r\n<p class=\"has-text-align-center\"><a href=\"https:\/\/chiponline.hu\/\" target=\"_blank\" rel=\"noreferrer noopener\">Chip Magazin<\/a> DVD<\/p>\r\n\r\n\r\n\r\n<p class=\"has-text-align-center\"><a href=\"https:\/\/journals.sagepub.com\/home\/cqxb\" target=\"_blank\" rel=\"noreferrer noopener\">Cornell Hospitality Quarterly<\/a>\u00a0(USA) (online only!)<\/p>\r\n\r\n\r\n\r\n<p id=\"D\" class=\"has-text-align-center\"><strong>D<\/strong><\/p>\r\n\r\n\r\n\r\n<p class=\"has-text-align-center\"><a href=\"https:\/\/fotomagazin.hu\/\" target=\"_blank\" rel=\"noreferrer noopener\">Digit\u00e1lis Fot\u00f3<\/a> (csak online!)<\/p>\r\n\r\n\r\n\r\n<p id=\"E\" class=\"has-text-align-center\"><strong>E<\/strong><\/p>\r\n\r\n\r\n\r\n<p class=\"has-text-align-center\"><a href=\"https:\/\/www.economist.com\/\" target=\"_blank\" rel=\"noreferrer noopener\">The Economist<\/a><\/p>\r\n\r\n\r\n\r\n<p class=\"has-text-align-center\"><a href=\"http:\/\/www.eletestudomany.hu\/\" target=\"_blank\" rel=\"noreferrer noopener\">\u00c9let \u00e9s tudom\u00e1ny<\/a><\/p>\r\n\r\n\r\n\r\n<p class=\"has-text-align-center\"><a href=\"http:\/\/www.erdko.ro\/\" target=\"_blank\" rel=\"noreferrer noopener\">Erd\u00e9lyi Konyha<\/a><\/p>\r\n\r\n\r\n\r\n<p id=\"F\" class=\"has-text-align-center\"><strong>F<\/strong><\/p>\r\n\r\n\r\n\r\n<p class=\"has-text-align-center\"><a href=\"https:\/\/shop.wolterskluwer.hu\/termek-reszletek\/jog\/fogyasztovedelmi-jog\/fogyasztovedelmi-jog-online-szakfolyoirat.p1619\/NSO1140.v8871\" target=\"_blank\" rel=\"noreferrer noopener\">Fogyaszt\u00f3v\u00e9delmi jog<\/a> (csak online!)<\/p>\r\n\r\n\r\n\r\n<p class=\"has-text-align-center\"><a href=\"https:\/\/forbes.hu\/\" target=\"_blank\" rel=\"noreferrer noopener\">Forbes<\/a><\/p>\r\n\r\n\r\n\r\n<p class=\"has-text-align-center\"><a href=\"http:\/\/www.four-magazine.com\/\" target=\"_blank\" rel=\"noreferrer noopener\">Four<\/a><\/p>\r\n\r\n\r\n\r\n<p class=\"has-text-align-center\"><a href=\"http:\/\/www.afoldgomb.hu\/\" target=\"_blank\" rel=\"noreferrer noopener\">A F\u00f6ldg\u00f6mb<\/a><\/p>\r\n\r\n\r\n\r\n<p id=\"G\" class=\"has-text-align-center\"><strong>G<\/strong><\/p>\r\n\r\n\r\n\r\n<p class=\"has-text-align-center\">Gasztro&amp;Utaz\u00e1s<\/p>\r\n\r\n\r\n\r\n<p class=\"has-text-align-center\"><a href=\"http:\/\/www.gazdalkodas.hu\/\" target=\"_blank\" rel=\"noreferrer noopener\">Gazd\u00e1lkod\u00e1s<\/a><\/p>\r\n\r\n\r\n\r\n<p class=\"has-text-align-center\"><a href=\"https:\/\/matarka.hu\/szam_list.php?fsz=46\" target=\"_blank\" rel=\"noreferrer noopener\">Gazdas\u00e1g \u00e9s Jog<\/a><\/p>\r\n\r\n\r\n\r\n<p class=\"has-text-align-center\"><a href=\"http:\/\/gyartastrend.hu\/\" target=\"_blank\" rel=\"noreferrer noopener\">Gy\u00e1rt\u00e1sTrend<\/a><\/p>\r\n\r\n\r\n\r\n<p id=\"H\" class=\"has-text-align-center\"><strong>H<\/strong><\/p>\r\n\r\n\r\n\r\n<p class=\"has-text-align-center\"><a href=\"http:\/\/hvg.hu\/\" target=\"_blank\" rel=\"noreferrer noopener\">Heti Vil\u00e1ggazdas\u00e1g (HVG)<\/a><\/p>\r\n\r\n\r\n\r\n<p id=\"J\" class=\"has-text-align-center\"><strong>J<\/strong><\/p>\r\n\r\n\r\n\r\n<p class=\"has-text-align-center\"><a href=\"https:\/\/matarka.hu\/szam_list.php?fsz=56\" target=\"_blank\" rel=\"noreferrer noopener\">Jogtudom\u00e1nyi K\u00f6zl\u00f6ny<\/a><\/p>\r\n\r\n\r\n\r\n<p id=\"K\" class=\"has-text-align-center\"><strong>K<\/strong><\/p>\r\n\r\n\r\n\r\n<p class=\"has-text-align-center\"><a href=\"https:\/\/www.kkvmagazin.com\/\">K &amp; K<\/a><\/p>\r\n\r\n\r\n\r\n<p class=\"has-text-align-center\"><a href=\"http:\/\/www.kszemle.hu\/\" target=\"_blank\" rel=\"noreferrer noopener\">K\u00f6zgazdas\u00e1gi Szemle<\/a><\/p>\r\n\r\n\r\n\r\n<p class=\"has-text-align-center\"><a href=\"https:\/\/matarka.hu\/szam_list.php?fsz=146\" target=\"_blank\" rel=\"noreferrer noopener\">K\u00f6zleked\u00e9studom\u00e1nyi Szemle<\/a><\/p>\r\n\r\n\r\n\r\n<p class=\"has-text-align-center\"><strong>L<\/strong><\/p>\r\n\r\n\r\n\r\n<p class=\"has-text-align-center\"><a href=\"https:\/\/kovet.hu\/en\/lepesek\/\">L\u00e9p\u00e9sek a fenntarthat\u00f3s\u00e1g fel\u00e9<\/a><\/p>\r\n\r\n\r\n\r\n<p class=\"has-text-align-center\"><a href=\"https:\/\/logisztika.hu\/kiadvanyok\/logisztikai-hirado\/\" target=\"_blank\" rel=\"noreferrer noopener\">Logisztikai H\u00edrad\u00f3<\/a><\/p>\r\n\r\n\r\n\r\n<p id=\"M\" class=\"has-text-align-center\"><strong>M<\/strong><\/p>\r\n\r\n\r\n\r\n<p class=\"has-text-align-center\"><a href=\"https:\/\/hang.hu\/\" target=\"_blank\" rel=\"noreferrer noopener\">Magyar Hang<\/a><\/p>\r\n\r\n\r\n\r\n<p class=\"has-text-align-center\"><a href=\"https:\/\/matarka.hu\/szam_list.php?fsz=77\" target=\"_blank\" rel=\"noreferrer noopener\">Magyar Jog<\/a><\/p>\r\n\r\n\r\n\r\n<p class=\"has-text-align-center\"><a href=\"http:\/\/www.magyarkonyhaonline.hu\/\" target=\"_blank\" rel=\"noreferrer noopener\">Magyar Konyha<\/a><\/p>\r\n\r\n\r\n\r\n<p class=\"has-text-align-center\"><a href=\"https:\/\/mandiner.hu\/\" target=\"_blank\" rel=\"noreferrer noopener\">Mandiner<\/a><\/p>\r\n\r\n\r\n\r\n<p class=\"has-text-align-center\"><a href=\"https:\/\/www.mmonline.hu\/\" target=\"_blank\" rel=\"noreferrer noopener\">Marketing &amp; Media<\/a><\/p>\r\n\r\n\r\n\r\n<p class=\"has-text-align-center\"><a href=\"https:\/\/matarka.hu\/szam_list.php?fsz=49\" target=\"_blank\" rel=\"noreferrer noopener\">Min\u0151s\u00e9g &amp; Megb\u00edzhat\u00f3s\u00e1g<\/a><\/p>\r\n\r\n\r\n\r\n<p class=\"has-text-align-center\"><strong>P<\/strong><\/p>\r\n\r\n\r\n\r\n<p class=\"has-text-align-center\"><a href=\"https:\/\/polgariszemle.hu\/\" target=\"_blank\" rel=\"noreferrer noopener\">Polg\u00e1ri Szemle<\/a><\/p>\r\n\r\n\r\n\r\n<p class=\"has-text-align-center\"><a href=\"http:\/\/turizmusonline.hu\/\" target=\"_blank\" rel=\"noreferrer noopener\">Pont Itt<\/a><\/p>\r\n\r\n\r\n\r\n<p id=\"R\" class=\"has-text-align-center\"><strong>R<\/strong><\/p>\r\n\r\n\r\n\r\n<p class=\"has-text-align-center\"><a href=\"http:\/\/www.rubicon.hu\/magyar\/nyitolap\/\" target=\"_blank\" rel=\"noreferrer noopener\">Rubicon<\/a><\/p>\r\n\r\n\r\n\r\n<p id=\"S\" class=\"has-text-align-center\"><strong>S<\/strong><\/p>\r\n\r\n\r\n\r\n<p class=\"has-text-align-center\"><a href=\"https:\/\/www.sogoodmagazine.com\/\" target=\"_blank\" rel=\"noreferrer noopener\">So Good..<\/a><\/p>\r\n\r\n\r\n\r\n<p class=\"has-text-align-center\"><a href=\"http:\/\/www.ksh.hu\/statszemle\" target=\"_blank\" rel=\"noreferrer noopener\">Statisztikai Szemle<\/a><\/p>\r\n\r\n\r\n\r\n<p class=\"has-text-align-center\"><a href=\"https:\/\/storeinsider.hu\/\" target=\"_blank\" rel=\"noreferrer noopener\">Store Insider<\/a><\/p>\r\n\r\n\r\n\r\n<p id=\"SZ\" class=\"has-text-align-center\"><strong>SZ<\/strong><\/p>\r\n\r\n\r\n\r\n<p class=\"has-text-align-center\"><a href=\"https:\/\/matarka.hu\/szam_list.php?fsz=1486\" target=\"_blank\" rel=\"noreferrer noopener\">Sz\u00e1mviteli Levelek<\/a> + online<\/p>\r\n\r\n\r\n\r\n<p class=\"has-text-align-center\"><a href=\"https:\/\/szociologia.hu\/szoc-szemle\" target=\"_blank\" rel=\"noreferrer noopener\">Szociol\u00f3giai <\/a><a href=\"https:\/\/szociologia.hu\/szoc-szemle\" target=\"_blank\" rel=\"noreferrer noopener\">S<\/a><a href=\"https:\/\/szociologia.hu\/szoc-szemle\" target=\"_blank\" rel=\"noreferrer noopener\">zemle<\/a><\/p>\r\n\r\n\r\n\r\n<p id=\"T\" class=\"has-text-align-center\"><strong>T<\/strong><\/p>\r\n\r\n\r\n\r\n<p class=\"has-text-align-center\"><a href=\"http:\/\/termekmix.hu\/\" target=\"_blank\" rel=\"noreferrer noopener\">Term\u00e9kmix<\/a><\/p>\r\n\r\n\r\n\r\n<p class=\"has-text-align-center\"><a href=\"https:\/\/time.com\/\" target=\"_blank\" rel=\"noreferrer noopener\">Time<\/a><\/p>\r\n\r\n\r\n\r\n<p class=\"has-text-align-center\"><a href=\"http:\/\/www.tophotel.de\/\" target=\"_blank\" rel=\"noreferrer noopener\">Top Hotel<\/a>\u00a0+ online (German)<\/p>\r\n\r\n\r\n\r\n<p class=\"has-text-align-center\"><a href=\"http:\/\/www.trademagazin.hu\/\" target=\"_blank\" rel=\"noreferrer noopener\">Trade Magazin<\/a><\/p>\r\n\r\n\r\n\r\n<p class=\"has-text-align-center\"><a href=\"https:\/\/turizmus.com\/\" target=\"_blank\" rel=\"noreferrer noopener\">Turizmus.com<\/a><\/p>\r\n\r\n\r\n\r\n<p id=\"\u00da\" class=\"has-text-align-center\"><strong>\u00da<\/strong><\/p>\r\n\r\n\r\n\r\n<p class=\"has-text-align-center\"><a href=\"http:\/\/mdosz.hu\/uj-dieta\/\" target=\"_blank\" rel=\"noreferrer noopener\">\u00daj Di\u00e9ta<\/a><\/p>\r\n\r\n\r\n\r\n<p id=\"V\" class=\"has-text-align-center\"><strong>V<\/strong><\/p>\r\n\r\n\r\n\r\n<p class=\"has-text-align-center\"><a href=\"http:\/\/kereskedelem.vallalkozoiertesito.hu\/\" target=\"_blank\" rel=\"noreferrer noopener\">V\u00e1llalkoz\u00f3i \u00c9rtes\u00edt\u0151 &#8211; Kereskedelem<\/a><\/p>\r\n\r\n\r\n\r\n<p class=\"has-text-align-center\"><a href=\"http:\/\/vendeglatas.vallalkozoiertesito.hu\/\" target=\"_blank\" rel=\"noreferrer noopener\">V\u00e1llalkoz\u00f3i \u00c9rtes\u00edt\u0151 \u2013 Vend\u00e9gl\u00e1t\u00e1s \u00e9s Turizmus<\/a><\/p>\r\n\r\n\r\n\r\n<p class=\"has-text-align-center\"><a href=\"https:\/\/vendeglatasmagazin.hu\/\" target=\"_blank\" rel=\"noreferrer noopener\">Hospitality<\/a><\/p>\r\n\r\n\r\n\r\n<p class=\"has-text-align-center\"><a href=\"http:\/\/www.matarka.hu\/szam_list.php?fsz=107\" target=\"_blank\" rel=\"noreferrer noopener\">Vezet\u00e9studom\u00e1ny<\/a><\/p>\r\n\r\n\r\n\r\n<p class=\"has-text-align-center\"><a href=\"http:\/\/www.revistaviajar.es\/\" target=\"_blank\" rel=\"noreferrer noopener\">Viajar<\/a>\u00a0(Spanish)<\/p>\r\n\r\n\r\n\r\n<p class=\"has-text-align-center\"><a href=\"http:\/\/www.videkize.hu\/\" target=\"_blank\" rel=\"noreferrer noopener\">Vid\u00e9k \u00cdze<\/a><\/p>\r\n\r\n\r\n\r\n<p class=\"has-text-align-center\"><a href=\"https:\/\/www.vincemagazin.hu\/\" target=\"_blank\" rel=\"noreferrer noopener\">VinCe<\/a><\/p>","protected":false},"excerpt":{"rendered":"<p>A K\u00d6NYVT\u00c1RBA 2023-BEN J\u00c1R\u00d3 FOLY\u00d3IRATOK JEGYZ\u00c9KE B C D E F G H J K L M P R S SZ T \u00da V B BBC Good Food Bor \u00e9s Piac Bor\u00e1szati F\u00fczetek Business Traveller Hungary C Chef &amp; Pinc\u00e9r Chip Magazin DVD Cornell Hospitality Quarterly\u00a0(USA) (csak online!) D Digit\u00e1lis Fot\u00f3 (csak online!) E The Economist \u00c9let \u00e9s tudom\u00e1ny Erd\u00e9lyi Konyha F Fogyaszt\u00f3v\u00e9delmi jog (csak online!) Forbes Four A F\u00f6ldg\u00f6mb G Gasztro&amp;Utaz\u00e1s Gazd\u00e1lkod\u00e1s Gazdas\u00e1g \u00e9s Jog Gy\u00e1rt\u00e1sTrend H Heti Vil\u00e1ggazdas\u00e1g (HVG) J Jogtudom\u00e1nyi K\u00f6zl\u00f6ny K&hellip;<\/p>","protected":false},"author":1,"featured_media":0,"parent":0,"menu_order":0,"comment_status":"closed","ping_status":"closed","template":"","meta":{"_uag_custom_page_level_css":"","footnotes":""},"class_list":["post-374","page","type-page","status-publish","hentry"],"uagb_featured_image_src":{"full":false,"thumbnail":false,"medium":false,"medium_large":false,"large":false,"news_plugin_small":false,"tf-client-image-size":false,"1536x1536":false,"2048x2048":false,"trp-custom-language-flag":false,"post-thumbnail":false,"idolcorp-full-width":false,"idolcorp-ourfeatures-thumb":false,"idolcorp-mediumblog-thumb":false},"uagb_author_info":{"display_name":"admin","author_link":"https:\/\/konyvtar-kvik.uni-bge.hu\/en\/author\/admin\/"},"uagb_comment_info":0,"uagb_excerpt":"A K\u00d6NYVT\u00c1RBA 2023-BEN J\u00c1R\u00d3 FOLY\u00d3IRATOK JEGYZ\u00c9KE B C D E F G H J K L M P R S SZ T \u00da V B BBC Good Food Bor \u00e9s Piac Bor\u00e1szati F\u00fczetek Business Traveller Hungary C Chef &amp; Pinc\u00e9r Chip Magazin DVD Cornell Hospitality Quarterly\u00a0(USA) (csak online!) D Digit\u00e1lis Fot\u00f3 (csak online!) E The&hellip;","_links":{"self":[{"href":"https:\/\/konyvtar-kvik.uni-bge.hu\/en\/wp-json\/wp\/v2\/pages\/374","targetHints":{"allow":["GET"]}}],"collection":[{"href":"https:\/\/konyvtar-kvik.uni-bge.hu\/en\/wp-json\/wp\/v2\/pages"}],"about":[{"href":"https:\/\/konyvtar-kvik.uni-bge.hu\/en\/wp-json\/wp\/v2\/types\/page"}],"author":[{"embeddable":true,"href":"https:\/\/konyvtar-kvik.uni-bge.hu\/en\/wp-json\/wp\/v2\/users\/1"}],"replies":[{"embeddable":true,"href":"https:\/\/konyvtar-kvik.uni-bge.hu\/en\/wp-json\/wp\/v2\/comments?post=374"}],"version-history":[{"count":19,"href":"https:\/\/konyvtar-kvik.uni-bge.hu\/en\/wp-json\/wp\/v2\/pages\/374\/revisions"}],"predecessor-version":[{"id":2133,"href":"https:\/\/konyvtar-kvik.uni-bge.hu\/en\/wp-json\/wp\/v2\/pages\/374\/revisions\/2133"}],"wp:attachment":[{"href":"https:\/\/konyvtar-kvik.uni-bge.hu\/en\/wp-json\/wp\/v2\/media?parent=374"}],"curies":[{"name":"wp","href":"https:\/\/api.w.org\/{rel}","templated":true}]}}