{"id":372,"date":"2022-08-22T08:02:36","date_gmt":"2022-08-22T08:02:36","guid":{"rendered":"http:\/\/193.224.167.141\/?page_id=372"},"modified":"2024-02-20T16:05:23","modified_gmt":"2024-02-20T15:05:23","slug":"konyvtar-otthon","status":"publish","type":"page","link":"https:\/\/konyvtar-kvik.uni-bge.hu\/en\/konyvtar-otthon\/","title":{"rendered":"Library in your home"},"content":{"rendered":"<p class=\"has-text-align-center\"><strong>Library in your home<\/strong><\/p>\n\n\n\n<p><\/p>\n\n\n\n<p class=\"has-text-align-center\"><a href=\"http:\/\/konyvtar-kvik.uni-bge.hu\/en\/vpn-hozzaferes-vpn-access\/\" target=\"_blank\" rel=\"noreferrer noopener\">VPN remote access<\/a><\/p>\n\n\n\n<p><\/p>\n\n\n\n<p class=\"has-text-align-center\"><a href=\"http:\/\/konyvtar-kvik.uni-bge.hu\/en\/adatbazis-bemutato-database-presentation\/\">Guide to databases<\/a><\/p>\n\n\n\n<p><\/p>\n\n\n\n<p class=\"has-text-align-center\"><a href=\"http:\/\/konyvtar-kvik.uni-bge.hu\/en\/adatbazisok-listaja-list-of-databases\/\">List of databases<\/a><\/p>\n\n\n\n<p><\/p>\n\n\n\n<p class=\"has-text-align-center\"><a href=\"http:\/\/konyvtar-kvik.uni-bge.hu\/en\/szakdolgozat-thesis\/\">Harvard referencing<\/a><\/p>\n\n\n\n<p><\/p>\n\n\n\n<p class=\"has-text-align-center translation-block\"><a href=\"http:\/\/konyvtar-kvik.uni-bge.hu\/en\/szakdolgozat-thesis\/\" target=\"_self\">Thesis writing information (Hungarian)<\/a><br><a href=\"http:\/\/konyvtar-kvik.uni-bge.hu\/wp-content\/uploads\/2022\/08\/thesis_writing_guide_for_undergraduate_bsc_and_graduate_msc_students.pdf\" target=\"_self\">Thesis writing information (English)<\/a><br><br><a href=\"http:\/\/konyvtar-kvik.uni-bge.hu\/en\/moodle-feltoltes-moodle-upload\/\" data-type=\"URL\" target=\"_blank\" rel=\"noreferrer noopener\">Moodle upload<\/a><\/p>\n\n\n\n<p><\/p>\n\n\n\n<p class=\"has-text-align-center\"><a href=\"https:\/\/konyvtar-pszk.uni-bge.hu\/sites\/default\/files\/BGE_nyilvanos_dolgozatok.html\">Open Access theses<\/a><\/p>\n\n\n\n<p><\/p>\n\n\n\n<p class=\"has-text-align-center\"><a href=\"http:\/\/dolgozattar.repozitorium.uni-bge.hu\/\">BBS Repository of degree theses<\/a><\/p>\n\n\n\n<p><\/p>\n\n\n\n<p class=\"has-text-align-center\"><a href=\"http:\/\/konyvtar-kvik.uni-bge.hu\/en\/online-konyvek-e-books\/\">E-books<\/a><\/p>\n\n\n\n<p><\/p>\n\n\n\n<p class=\"has-text-align-center\"><a href=\"http:\/\/konyvtar-kvik.uni-bge.hu\/en\/online-folyoiratok\/\">Online journals (Hungarian)<\/a><br><a href=\"http:\/\/konyvtar-kvik.uni-bge.hu\/en\/online-journals\/\">Online journals (English)<\/a><\/p>\n\n\n\n<p><\/p>\n\n\n\n<p class=\"has-text-align-center\"><a href=\"http:\/\/konyvtar-kvik.uni-bge.hu\/en\/egyeb-ingyenes-forrasok-other-free-resources\/\">Other free resources<\/a><\/p>\n\n\n\n<p><\/p>\n\n\n\n<p class=\"has-text-align-center\"><a href=\"http:\/\/konyvtar-kvik.uni-bge.hu\/en\/konyvtari-katalogus-library-catalog\/\">Catalog<\/a><\/p>\n\n\n\n<p><\/p>\n\n\n\n<p class=\"has-text-align-center\"><a href=\"http:\/\/konyvtar-kvik.uni-bge.hu\/en\/elerhetosegeink-contact-us\/\">Contact us<\/a><\/p>","protected":false},"excerpt":{"rendered":"<p>K\u00f6nyvt\u00e1r otthon VPN t\u00e1voli hozz\u00e1f\u00e9r\u00e9s Adatb\u00e1zisok haszn\u00e1lata Adatb\u00e1zisok list\u00e1ja Harvard hivatkoz\u00e1s Szakdolgozat\u00edr\u00f3knakThesis writing informationMoodle felt\u00f6lt\u00e9s Nyilv\u00e1nos szakdolgozatok BGE Dolgozatt\u00e1r Repozit\u00f3rium Online k\u00f6nyvek Online foly\u00f3iratokOnline journals Egy\u00e9b ingyenes forr\u00e1sok Katal\u00f3gus El\u00e9rhet\u0151s\u00e9geink<\/p>","protected":false},"author":1,"featured_media":0,"parent":0,"menu_order":0,"comment_status":"closed","ping_status":"closed","template":"","meta":{"_uag_custom_page_level_css":"","footnotes":""},"class_list":["post-372","page","type-page","status-publish","hentry"],"uagb_featured_image_src":{"full":false,"thumbnail":false,"medium":false,"medium_large":false,"large":false,"news_plugin_small":false,"tf-client-image-size":false,"1536x1536":false,"2048x2048":false,"trp-custom-language-flag":false,"post-thumbnail":false,"idolcorp-full-width":false,"idolcorp-ourfeatures-thumb":false,"idolcorp-mediumblog-thumb":false},"uagb_author_info":{"display_name":"admin","author_link":"https:\/\/konyvtar-kvik.uni-bge.hu\/en\/author\/admin\/"},"uagb_comment_info":0,"uagb_excerpt":"K\u00f6nyvt\u00e1r otthon VPN t\u00e1voli hozz\u00e1f\u00e9r\u00e9s Adatb\u00e1zisok haszn\u00e1lata Adatb\u00e1zisok list\u00e1ja Harvard hivatkoz\u00e1s Szakdolgozat\u00edr\u00f3knakThesis writing informationMoodle felt\u00f6lt\u00e9s Nyilv\u00e1nos szakdolgozatok BGE Dolgozatt\u00e1r Repozit\u00f3rium Online k\u00f6nyvek Online foly\u00f3iratokOnline journals Egy\u00e9b ingyenes forr\u00e1sok Katal\u00f3gus El\u00e9rhet\u0151s\u00e9geink","_links":{"self":[{"href":"https:\/\/konyvtar-kvik.uni-bge.hu\/en\/wp-json\/wp\/v2\/pages\/372","targetHints":{"allow":["GET"]}}],"collection":[{"href":"https:\/\/konyvtar-kvik.uni-bge.hu\/en\/wp-json\/wp\/v2\/pages"}],"about":[{"href":"https:\/\/konyvtar-kvik.uni-bge.hu\/en\/wp-json\/wp\/v2\/types\/page"}],"author":[{"embeddable":true,"href":"https:\/\/konyvtar-kvik.uni-bge.hu\/en\/wp-json\/wp\/v2\/users\/1"}],"replies":[{"embeddable":true,"href":"https:\/\/konyvtar-kvik.uni-bge.hu\/en\/wp-json\/wp\/v2\/comments?post=372"}],"version-history":[{"count":34,"href":"https:\/\/konyvtar-kvik.uni-bge.hu\/en\/wp-json\/wp\/v2\/pages\/372\/revisions"}],"predecessor-version":[{"id":1574,"href":"https:\/\/konyvtar-kvik.uni-bge.hu\/en\/wp-json\/wp\/v2\/pages\/372\/revisions\/1574"}],"wp:attachment":[{"href":"https:\/\/konyvtar-kvik.uni-bge.hu\/en\/wp-json\/wp\/v2\/media?parent=372"}],"curies":[{"name":"wp","href":"https:\/\/api.w.org\/{rel}","templated":true}]}}