{"id":370,"date":"2022-08-22T07:51:03","date_gmt":"2022-08-22T07:51:03","guid":{"rendered":"http:\/\/193.224.167.141\/?page_id=370"},"modified":"2025-05-05T12:08:58","modified_gmt":"2025-05-05T10:08:58","slug":"kviz","status":"publish","type":"page","link":"https:\/\/konyvtar-kvik.uni-bge.hu\/en\/kviz\/","title":{"rendered":"A-bar-of-chocolate-quiz"},"content":{"rendered":"<p><img decoding=\"async\" alt=\"?\" src=\"https:\/\/static.xx.fbcdn.net\/images\/emoji.php\/v9\/t3f\/1\/16\/1f30d.png\"> ? How well do you know Europe's breathtaking national parks? ?? <img decoding=\"async\" alt=\"?\" src=\"https:\/\/static.xx.fbcdn.net\/images\/emoji.php\/v9\/tea\/1\/16\/1f332.png\"><img decoding=\"async\" alt=\"?\" src=\"https:\/\/static.xx.fbcdn.net\/images\/emoji.php\/v9\/te\/1\/16\/1f985.png\"><\/p>\n\n\n\n<p>Put your knowledge to the test with our fun quiz and discover stunning landscapes, hidden gems, and fascinating facts about the continent\u2019s natural wonders!<\/p>\n\n\n\n<p><img decoding=\"async\" alt=\"?\" src=\"https:\/\/static.xx.fbcdn.net\/images\/emoji.php\/v9\/tc1\/1\/16\/1f50d.png\"> ? Take the quiz, learn something new, and have fun!<\/p>\n\n\n\n<p><img decoding=\"async\" src=\"https:\/\/static.xx.fbcdn.net\/images\/emoji.php\/v9\/tac\/1\/16\/1f4cc.png\" alt=\"?\"> Quiz: <a href=\"https:\/\/forms.office.com\/e\/zJGWeZWrSw?origin=lprLink\" target=\"_blank\" rel=\"noreferrer noopener\"><mark style=\"background-color:rgba(0, 0, 0, 0)\" class=\"has-inline-color has-vivid-cyan-blue-color\">https:\/\/forms.office.com\/e\/zJGWeZWrSw?origin=lprLink<\/mark><\/a><\/p>\n\n\n\n<p>Deadline: 26. May.<\/p>\n\n\n\n<div class=\"wp-block-uagb-image uagb-block-8eb6cdfc wp-block-uagb-image--layout-default wp-block-uagb-image--effect-static wp-block-uagb-image--align-none\"><figure class=\"wp-block-uagb-image__figure\"><img loading=\"lazy\" decoding=\"async\" srcset=\"https:\/\/konyvtar-kvik.uni-bge.hu\/wp-content\/uploads\/2025\/05\/Toltsd-ki-a-kvizt-es-nyerj-1.jpg 434w, https:\/\/konyvtar-kvik.uni-bge.hu\/wp-content\/uploads\/2025\/05\/Toltsd-ki-a-kvizt-es-nyerj-1-300x300.jpg 300w, https:\/\/konyvtar-kvik.uni-bge.hu\/wp-content\/uploads\/2025\/05\/Toltsd-ki-a-kvizt-es-nyerj-1-150x150.jpg 150w, https:\/\/konyvtar-kvik.uni-bge.hu\/wp-content\/uploads\/2025\/05\/Toltsd-ki-a-kvizt-es-nyerj-1-120x120.jpg 120w, https:\/\/konyvtar-kvik.uni-bge.hu\/wp-content\/uploads\/2025\/05\/Toltsd-ki-a-kvizt-es-nyerj-1-12x12.jpg 12w\" sizes=\"auto, (max-width: 480px) 150px\" src=\"https:\/\/konyvtar-kvik.uni-bge.hu\/wp-content\/uploads\/2025\/05\/Toltsd-ki-a-kvizt-es-nyerj-1.jpg\" alt=\"\" class=\"uag-image-2237\" width=\"434\" height=\"434\" title=\"T\u00f6ltsd ki a kv\u00edzt \u00e9s nyerj!\" role=\"img\"\/><\/figure><\/div>\n\n\n\n<p><\/p>","protected":false},"excerpt":{"rendered":"<p>? How well do you know Europe's breathtaking national parks? ??\nPut your knowledge to the test with our fun quiz and discover stunning landscapes, hidden gems, and fascinating facts about the continent\u2019s natural wonders!\n? Take the quiz, learn something new, and have fun!\n? Quiz: https:\/\/forms.office.com\/e\/zJGWeZWrSw?origin=lprLink\nDeadline: 26 May.<\/p>","protected":false},"author":1,"featured_media":0,"parent":0,"menu_order":0,"comment_status":"closed","ping_status":"closed","template":"","meta":{"_uag_custom_page_level_css":"","footnotes":""},"class_list":["post-370","page","type-page","status-publish","hentry"],"uagb_featured_image_src":{"full":false,"thumbnail":false,"medium":false,"medium_large":false,"large":false,"news_plugin_small":false,"tf-client-image-size":false,"1536x1536":false,"2048x2048":false,"trp-custom-language-flag":false,"post-thumbnail":false,"idolcorp-full-width":false,"idolcorp-ourfeatures-thumb":false,"idolcorp-mediumblog-thumb":false},"uagb_author_info":{"display_name":"admin","author_link":"https:\/\/konyvtar-kvik.uni-bge.hu\/en\/author\/admin\/"},"uagb_comment_info":0,"uagb_excerpt":"Mennyire ismered Eur\u00f3pa leny\u0171g\u00f6z\u0151 nemzeti parkjait? Tedd pr\u00f3b\u00e1ra tud\u00e1sod sz\u00f3rakoztat\u00f3 kv\u00edz\u00fcnkben, \u00e9s fedezz fel l\u00e9legzetel\u00e1ll\u00edt\u00f3 t\u00e1jakat, rejtett kincseket \u00e9s \u00e9rdekess\u00e9geket a kontinens term\u00e9szeti csod\u00e1ir\u00f3l! T\u00f6ltsd ki a kv\u00edzt, tanulj \u00fajat \u00e9s sz\u00f3rakozz k\u00f6zben! Kv\u00edz: https:\/\/forms.office.com\/e\/c7bJD1HcT7?origin=lprLink Kit\u00f6lt\u00e9si hat\u00e1rid\u0151: m\u00e1jus 26.","_links":{"self":[{"href":"https:\/\/konyvtar-kvik.uni-bge.hu\/en\/wp-json\/wp\/v2\/pages\/370","targetHints":{"allow":["GET"]}}],"collection":[{"href":"https:\/\/konyvtar-kvik.uni-bge.hu\/en\/wp-json\/wp\/v2\/pages"}],"about":[{"href":"https:\/\/konyvtar-kvik.uni-bge.hu\/en\/wp-json\/wp\/v2\/types\/page"}],"author":[{"embeddable":true,"href":"https:\/\/konyvtar-kvik.uni-bge.hu\/en\/wp-json\/wp\/v2\/users\/1"}],"replies":[{"embeddable":true,"href":"https:\/\/konyvtar-kvik.uni-bge.hu\/en\/wp-json\/wp\/v2\/comments?post=370"}],"version-history":[{"count":59,"href":"https:\/\/konyvtar-kvik.uni-bge.hu\/en\/wp-json\/wp\/v2\/pages\/370\/revisions"}],"predecessor-version":[{"id":2238,"href":"https:\/\/konyvtar-kvik.uni-bge.hu\/en\/wp-json\/wp\/v2\/pages\/370\/revisions\/2238"}],"wp:attachment":[{"href":"https:\/\/konyvtar-kvik.uni-bge.hu\/en\/wp-json\/wp\/v2\/media?parent=370"}],"curies":[{"name":"wp","href":"https:\/\/api.w.org\/{rel}","templated":true}]}}