{"id":368,"date":"2022-08-22T07:49:46","date_gmt":"2022-08-22T07:49:46","guid":{"rendered":"http:\/\/193.224.167.141\/?page_id=368"},"modified":"2023-11-23T13:32:20","modified_gmt":"2023-11-23T12:32:20","slug":"szakdolgozat","status":"publish","type":"page","link":"https:\/\/konyvtar-kvik.uni-bge.hu\/en\/szakdolgozat\/","title":{"rendered":"Szakdolgozat\/Thesis"},"content":{"rendered":"<p><strong>SZAKDOLGOZAT K\u00c9SZ\u00cdT\u00c9SE ~&nbsp;<em>HOW TO WRITE A THESIS<\/em><\/strong><\/p>\n\n\n\n<figure class=\"wp-block-table\"><table><tbody><tr><td class=\"has-text-align-center\" data-align=\"center\"><img decoding=\"async\" src=\"\/wp-content\/uploads\/2022\/05\/pdf.jpg\" alt=\"\">&nbsp;<\/td><td><a href=\"http:\/\/konyvtar-kvik.uni-bge.hu\/en\/hivatkozas_guide_teljes\/\" target=\"_blank\" rel=\"noreferrer noopener\">Complete guide to Harvard style referencing (Hungarian)<\/a><\/td><\/tr><tr><td class=\"has-text-align-center\" data-align=\"center\"><img decoding=\"async\" src=\"\/wp-content\/uploads\/2022\/05\/pdf.jpg\" alt=\"\">&nbsp;<\/td><td><a href=\"\/wp-content\/uploads\/2022\/05\/Hivatkozas_guide_roviditett.pdf\" target=\"_blank\" rel=\"noreferrer noopener\">Quick guide to Harvard style referencing (Hungarian)<\/a><\/td><\/tr><tr><td class=\"has-text-align-center\" data-align=\"center\"><img decoding=\"async\" src=\"\/wp-content\/uploads\/2022\/05\/pdf.jpg\" alt=\"\">&nbsp;<\/td><td><a href=\"\/wp-content\/uploads\/2022\/05\/Harvard_osszefoglalas.pdf\" target=\"_blank\" rel=\"noreferrer noopener\">Summary table for referencing (Hungarian)<\/a><\/td><\/tr><tr><td class=\"has-text-align-center\" data-align=\"center\"><img decoding=\"async\" src=\"\/wp-content\/uploads\/2022\/05\/pdf.jpg\" alt=\"\">&nbsp;<\/td><td><a href=\"\/wp-content\/uploads\/2022\/05\/szakdolgozat_keszitesi_utmutato.pdf\" target=\"_blank\" rel=\"noreferrer noopener\">Thesis writing guide (Hungarian)<\/a><\/td><\/tr><tr><td class=\"has-text-align-center\" data-align=\"center\"><img decoding=\"async\" src=\"\/wp-content\/uploads\/2022\/05\/ppt.jpg\" alt=\"\">&nbsp;<\/td><td><a href=\"\/wp-content\/uploads\/2022\/08\/Hivatkozas_vegleges_2021-3.ppsx\">Referencing training slideshow (Hungarian)<\/a><\/td><\/tr><tr><td class=\"has-text-align-center\" data-align=\"center\">&nbsp;<\/td><td><a href=\"\/wp-content\/uploads\/2022\/05\/Hivatkozas_trening_video.mp4\" target=\"_blank\" rel=\"noreferrer noopener\">Referencing training video (Hungarian)<\/a><\/td><\/tr><tr><td class=\"has-text-align-center\" data-align=\"center\"><img decoding=\"async\" src=\"\/wp-content\/uploads\/2022\/05\/ppt.jpg\">&nbsp;<\/td><td><a href=\"\/wp-content\/uploads\/2022\/05\/Hivatkozas-guide_en-2021.pdf\" target=\"_blank\" rel=\"noreferrer noopener\">Complete guide to Harvard style referencing (English)<\/a><\/td><\/tr><tr><td class=\"has-text-align-center\" data-align=\"center\"><img decoding=\"async\" src=\"\/wp-content\/uploads\/2022\/05\/ppt.jpg\">&nbsp;<\/td><td><a rel=\"noreferrer noopener\" href=\"http:\/\/konyvtar-kvik.uni-bge.hu\/wp-content\/uploads\/2022\/05\/Harvard_osszefoglalas.pdf\" target=\"_blank\">Summary table for referencing<\/a><\/td><\/tr><\/tbody><\/table><\/figure>\n\n\n\n<p><strong>SZAKDOLGOZAT FELT\u00d6LT\u00c9SE MOODLE RENDSZERBE &#8211;&nbsp;<em>UPLOAD GUIDE TO MOODLE SYSTEM<\/em><\/strong><em>&nbsp;<\/em><\/p>\n\n\n\n<figure class=\"wp-block-table is-style-regular\"><table><tbody><tr><td class=\"has-text-align-center\" data-align=\"center\"><img decoding=\"async\" src=\"\/wp-content\/uploads\/2022\/05\/pdf.jpg\" alt=\"\">&nbsp;<\/td><td><a href=\"\/wp-content\/uploads\/2022\/05\/Szakdolgozat-feltoltesi-utmutato-hallgatok-reszere_2021_22_2.pdf\" target=\"_blank\" rel=\"noreferrer noopener\">Upload guide (Hungarian)<\/a><\/td><\/tr><tr><td class=\"has-text-align-center\" data-align=\"center\"><img decoding=\"async\" src=\"\/wp-content\/uploads\/2022\/05\/pdf.jpg\" alt=\"\">&nbsp;<\/td><td><a href=\"\/wp-content\/uploads\/2022\/05\/Thesis_upload_guide_2021_22_2.pdf\" target=\"_blank\" rel=\"noreferrer noopener\">Upload guide (English)<\/a><\/td><\/tr><\/tbody><\/table><\/figure>\n\n\n\n<div class=\"wp-block-columns is-layout-flex wp-container-core-columns-is-layout-9d6595d7 wp-block-columns-is-layout-flex\">\n<div class=\"wp-block-column is-layout-flow wp-block-column-is-layout-flow\" style=\"flex-basis:50%\">\n<p>Els\u0151 oszlop<br>asdfasdasdf<br>asdfassdf<br><br><\/p>\n\n\n\n<p><\/p>\n<\/div>\n\n\n\n<div class=\"wp-block-column is-layout-flow wp-block-column-is-layout-flow\" style=\"flex-basis:25%\">\n<p>M\u00e1sodik oszlop<\/p>\n<\/div>\n\n\n\n<div class=\"wp-block-column is-layout-flow wp-block-column-is-layout-flow\" style=\"flex-basis:25%\">\n<p>Harmadik oszlop<\/p>\n<\/div>\n<\/div>","protected":false},"excerpt":{"rendered":"<p>SZAKDOLGOZAT K\u00c9SZ\u00cdT\u00c9SE ~&nbsp;HOW TO WRITE A THESIS &nbsp;Teljes hivatkoz\u00e1s \u00fatmutat\u00f3&nbsp;R\u00f6vid\u00edtett hivatkoz\u00e1s \u00fatmutat\u00f3&nbsp;\u00d6sszefoglal\u00f3 t\u00e1bl\u00e1zat a hivatkoz\u00e1sk\u00e9sz\u00edt\u00e9shez&nbsp;Szakdolgozat k\u00e9sz\u00edt\u00e9si \u00fatmutat\u00f3&nbsp;Hivatkoz\u00e1sk\u00e9sz\u00edt\u00e9si tr\u00e9ning&nbsp;Hivatkoz\u00e1sk\u00e9sz\u00edt\u00e9s vide\u00f3&nbsp;Complete guide to Harvard style referencing&nbsp;Summary table for referencing SZAKDOLGOZAT FELT\u00d6LT\u00c9SE MOODLE RENDSZERBE &#8211;&nbsp;UPLOAD GUIDE TO MOODLE SYSTEM&nbsp; &nbsp;Felt\u00f6lt\u00e9si \u00fatmutat\u00f3&nbsp;Upload guide Els\u0151 oszlopasdfasdasdfasdfassdf M\u00e1sodik oszlop Harmadik oszlop<\/p>","protected":false},"author":1,"featured_media":0,"parent":0,"menu_order":0,"comment_status":"closed","ping_status":"closed","template":"","meta":{"_uag_custom_page_level_css":"","footnotes":""},"class_list":["post-368","page","type-page","status-publish","hentry"],"uagb_featured_image_src":{"full":false,"thumbnail":false,"medium":false,"medium_large":false,"large":false,"news_plugin_small":false,"tf-client-image-size":false,"1536x1536":false,"2048x2048":false,"trp-custom-language-flag":false,"post-thumbnail":false,"idolcorp-full-width":false,"idolcorp-ourfeatures-thumb":false,"idolcorp-mediumblog-thumb":false},"uagb_author_info":{"display_name":"admin","author_link":"https:\/\/konyvtar-kvik.uni-bge.hu\/en\/author\/admin\/"},"uagb_comment_info":0,"uagb_excerpt":"SZAKDOLGOZAT K\u00c9SZ\u00cdT\u00c9SE ~&nbsp;HOW TO WRITE A THESIS &nbsp;Teljes hivatkoz\u00e1s \u00fatmutat\u00f3&nbsp;R\u00f6vid\u00edtett hivatkoz\u00e1s \u00fatmutat\u00f3&nbsp;\u00d6sszefoglal\u00f3 t\u00e1bl\u00e1zat a hivatkoz\u00e1sk\u00e9sz\u00edt\u00e9shez&nbsp;Szakdolgozat k\u00e9sz\u00edt\u00e9si \u00fatmutat\u00f3&nbsp;Hivatkoz\u00e1sk\u00e9sz\u00edt\u00e9si tr\u00e9ning&nbsp;Hivatkoz\u00e1sk\u00e9sz\u00edt\u00e9s vide\u00f3&nbsp;Complete guide to Harvard style referencing&nbsp;Summary table for referencing SZAKDOLGOZAT FELT\u00d6LT\u00c9SE MOODLE RENDSZERBE &#8211;&nbsp;UPLOAD GUIDE TO MOODLE SYSTEM&nbsp; &nbsp;Felt\u00f6lt\u00e9si \u00fatmutat\u00f3&nbsp;Upload guide Els\u0151 oszlopasdfasdasdfasdfassdf M\u00e1sodik oszlop Harmadik oszlop","_links":{"self":[{"href":"https:\/\/konyvtar-kvik.uni-bge.hu\/en\/wp-json\/wp\/v2\/pages\/368","targetHints":{"allow":["GET"]}}],"collection":[{"href":"https:\/\/konyvtar-kvik.uni-bge.hu\/en\/wp-json\/wp\/v2\/pages"}],"about":[{"href":"https:\/\/konyvtar-kvik.uni-bge.hu\/en\/wp-json\/wp\/v2\/types\/page"}],"author":[{"embeddable":true,"href":"https:\/\/konyvtar-kvik.uni-bge.hu\/en\/wp-json\/wp\/v2\/users\/1"}],"replies":[{"embeddable":true,"href":"https:\/\/konyvtar-kvik.uni-bge.hu\/en\/wp-json\/wp\/v2\/comments?post=368"}],"version-history":[{"count":8,"href":"https:\/\/konyvtar-kvik.uni-bge.hu\/en\/wp-json\/wp\/v2\/pages\/368\/revisions"}],"predecessor-version":[{"id":1485,"href":"https:\/\/konyvtar-kvik.uni-bge.hu\/en\/wp-json\/wp\/v2\/pages\/368\/revisions\/1485"}],"wp:attachment":[{"href":"https:\/\/konyvtar-kvik.uni-bge.hu\/en\/wp-json\/wp\/v2\/media?parent=368"}],"curies":[{"name":"wp","href":"https:\/\/api.w.org\/{rel}","templated":true}]}}