{"id":365,"date":"2022-08-22T07:45:48","date_gmt":"2022-08-22T07:45:48","guid":{"rendered":"http:\/\/193.224.167.141\/?page_id=365"},"modified":"2023-06-01T11:27:02","modified_gmt":"2023-06-01T09:27:02","slug":"konyvujdonsagok","status":"publish","type":"page","link":"https:\/\/konyvtar-kvik.uni-bge.hu\/en\/konyvujdonsagok\/","title":{"rendered":"Novelty books"},"content":{"rendered":"<figure class=\"wp-block-table\"><table><tbody><tr><td><img fetchpriority=\"high\" decoding=\"async\" width=\"1000\" height=\"1410\" class=\"wp-image-1324\" style=\"width: 1000px;\" src=\"http:\/\/konyvtar-kvik.uni-bge.hu\/wp-content\/uploads\/2023\/06\/2023-05-Uj-vevok-futoszalagon.jpg\" alt=\"\" srcset=\"https:\/\/konyvtar-kvik.uni-bge.hu\/wp-content\/uploads\/2023\/06\/2023-05-Uj-vevok-futoszalagon.jpg 1759w, https:\/\/konyvtar-kvik.uni-bge.hu\/wp-content\/uploads\/2023\/06\/2023-05-Uj-vevok-futoszalagon-300x423.jpg 300w, https:\/\/konyvtar-kvik.uni-bge.hu\/wp-content\/uploads\/2023\/06\/2023-05-Uj-vevok-futoszalagon-1024x1444.jpg 1024w, https:\/\/konyvtar-kvik.uni-bge.hu\/wp-content\/uploads\/2023\/06\/2023-05-Uj-vevok-futoszalagon-768x1083.jpg 768w, https:\/\/konyvtar-kvik.uni-bge.hu\/wp-content\/uploads\/2023\/06\/2023-05-Uj-vevok-futoszalagon-1089x1536.jpg 1089w, https:\/\/konyvtar-kvik.uni-bge.hu\/wp-content\/uploads\/2023\/06\/2023-05-Uj-vevok-futoszalagon-1453x2048.jpg 1453w, https:\/\/konyvtar-kvik.uni-bge.hu\/wp-content\/uploads\/2023\/06\/2023-05-Uj-vevok-futoszalagon-9x12.jpg 9w\" sizes=\"(max-width: 1000px) 100vw, 1000px\" \/>                                                                                      <\/td><td class=\"has-text-align-left\" data-align=\"left\"><strong>Dom\u00e1n Zsolt: \u00daj vev\u0151k fut\u00f3szalagon \u2013 A 3 l\u00e1b\u00fa vev\u0151szerz\u0151 rendszer, az online vev\u0151szerz\u00e9s tervrajza<\/strong><br>Dom\u00e1n Zsolt \u00faj k\u00f6nyve, az \u00daj vev\u0151k fut\u00f3szalagon, melyben bemutatja a 3 l\u00e1b\u00fa vev\u0151szerz\u0151 rendszert, amelyet az online vev\u0151szerz\u00e9s tervrajzak\u00e9nt jellemez. Ebben a k\u00f6tetben bemutatja az online \u00e9rt\u00e9kes\u00edt\u00e9s t\u00e9mak\u00f6r\u00e9ben szerzett tapasztalatait a szerz\u0151. Meg tudhatjuk p\u00e9ld\u00e1ul, hogy egy webshop siker\u00e9hez mely t\u00e9nyez\u0151k sz\u00fcks\u00e9gesek a tapasztalatai alapj\u00e1n. Ez a k\u00f6tet a DO! Marketing gondoz\u00e1s\u00e1ban ker\u00fclt kiad\u00e1sra, melynek maga az \u00edr\u00f3, Dom\u00e1n Zsolt az alap\u00edt\u00f3ja. Mott\u00f3ja: \u201eMagyar mikro- \u00e9s kisv\u00e1llalkoz\u00f3k\u00e9nt nem az sz\u00e1m\u00edt, mit tudsz, hanem mit csin\u00e1lsz a marketingben. Az \u00fczleti eredm\u00e9nyeid, az els\u0151 v\u00e1s\u00e1rl\u00f3id csak a megval\u00f3s\u00edt\u00e1sb\u00f3l fognak j\u00f6nni \u00e9s \u00e9n ebben seg\u00edtelek.\u201d Fiatal szakemberr\u0151l besz\u00e9lhet\u00fcnk, akit\u0151l m\u00e9g biztosan v\u00e1rhatunk \u00faj k\u00f6teteket a t\u00e9m\u00e1ban.<br><strong>\u00daj vev\u0151k fut\u00f3szalagon : A 3 l\u00e1b\u00fa vev\u0151szerz\u0151 rendszer, az online vev\u0151szerz\u00e9s tervrajza \/ Dom\u00e1n Zsolt<\/strong>. &#8211; [\u00c9rd]. &#8211; 304 p. : Ill., r\u00e9szben sz\u00ednes ; 21 cm<\/td><\/tr><tr><td><img decoding=\"async\" width=\"1000\" height=\"1416\" class=\"wp-image-1326\" style=\"width: 1000px;\" src=\"http:\/\/konyvtar-kvik.uni-bge.hu\/wp-content\/uploads\/2023\/06\/2023-05-Magyar-vallalatok-csaladi-vallalkozasok-scaled.jpg\" alt=\"\" srcset=\"https:\/\/konyvtar-kvik.uni-bge.hu\/wp-content\/uploads\/2023\/06\/2023-05-Magyar-vallalatok-csaladi-vallalkozasok-scaled.jpg 1808w, https:\/\/konyvtar-kvik.uni-bge.hu\/wp-content\/uploads\/2023\/06\/2023-05-Magyar-vallalatok-csaladi-vallalkozasok-300x425.jpg 300w, https:\/\/konyvtar-kvik.uni-bge.hu\/wp-content\/uploads\/2023\/06\/2023-05-Magyar-vallalatok-csaladi-vallalkozasok-1024x1450.jpg 1024w, https:\/\/konyvtar-kvik.uni-bge.hu\/wp-content\/uploads\/2023\/06\/2023-05-Magyar-vallalatok-csaladi-vallalkozasok-768x1087.jpg 768w, https:\/\/konyvtar-kvik.uni-bge.hu\/wp-content\/uploads\/2023\/06\/2023-05-Magyar-vallalatok-csaladi-vallalkozasok-1085x1536.jpg 1085w, https:\/\/konyvtar-kvik.uni-bge.hu\/wp-content\/uploads\/2023\/06\/2023-05-Magyar-vallalatok-csaladi-vallalkozasok-1447x2048.jpg 1447w, https:\/\/konyvtar-kvik.uni-bge.hu\/wp-content\/uploads\/2023\/06\/2023-05-Magyar-vallalatok-csaladi-vallalkozasok-8x12.jpg 8w\" sizes=\"(max-width: 1000px) 100vw, 1000px\" \/><\/td><td class=\"has-text-align-left\" data-align=\"left\"><strong>Magyar v\u00e1llalatok, csal\u00e1di v\u00e1llalkoz\u00e1sok<\/strong><br>Kifejezetten magyar csal\u00e1di v\u00e1llalkoz\u00e1sokat mutat be ez a k\u00f6nyv, ez\u00e9rt, aki c\u00e9get szeretne ind\u00edtani, a c\u00e9galap\u00edt\u00e1s lehet\u0151s\u00e9geir\u0151l \u00e9s buktat\u00f3ir\u00f3l is v\u00e1ltozatos eseteket olvashat benne. 53 sikeres magyar v\u00e1llalat t\u00f6rt\u00e9nete \u00e9s a legjobb szak\u00e9rt\u0151k \u00edr\u00e1sai is helyet kaptak a k\u00f6nyvben. Tov\u00e1bbi kulcsszavak: innov\u00e1ci\u00f3, digitaliz\u00e1ci\u00f3, fejl\u0151d\u00e9s, lehet\u0151s\u00e9gek kiakn\u00e1z\u00e1sa.<br>Mindazoknak aj\u00e1nljuk, akik tanulni akarnak a top c\u00e9gek sikereib\u0151l.<br><strong>Magyar v\u00e1llalatok, csal\u00e1di v\u00e1llalkoz\u00e1sok : Megmutatjuk a felt\u00f6rekv\u0151 magyar k\u00f6z\u00e9pv\u00e1llalkoz\u00e1sok siker\u00e9nek titkait \/ [&#8230; szerk. Golubeff L\u00f3r\u00e1nt] <\/strong>; [k\u00f6zrem. D\u00e1vid Erzs\u00e9bet et al.] ; [fot\u00f3k: K\u00f6\u0151 Adrien, Zsolnai Gergely] ; [k\u00f6zread. a &#8230; K&amp;K Magazin]. &#8211; [Budapest] : Alinea : K&amp;K Magazin , 2022. &#8211; 223 p. : ill., sz\u00ednes ; 23 cm<\/td><\/tr><tr><td><img decoding=\"async\" width=\"1000\" height=\"1412\" class=\"wp-image-1327\" style=\"width: 1000px;\" src=\"http:\/\/konyvtar-kvik.uni-bge.hu\/wp-content\/uploads\/2023\/06\/2023-05-Klimagazdalkodas-scaled.jpg\" alt=\"\" srcset=\"https:\/\/konyvtar-kvik.uni-bge.hu\/wp-content\/uploads\/2023\/06\/2023-05-Klimagazdalkodas-scaled.jpg 1813w, https:\/\/konyvtar-kvik.uni-bge.hu\/wp-content\/uploads\/2023\/06\/2023-05-Klimagazdalkodas-300x424.jpg 300w, https:\/\/konyvtar-kvik.uni-bge.hu\/wp-content\/uploads\/2023\/06\/2023-05-Klimagazdalkodas-1024x1446.jpg 1024w, https:\/\/konyvtar-kvik.uni-bge.hu\/wp-content\/uploads\/2023\/06\/2023-05-Klimagazdalkodas-768x1084.jpg 768w, https:\/\/konyvtar-kvik.uni-bge.hu\/wp-content\/uploads\/2023\/06\/2023-05-Klimagazdalkodas-1088x1536.jpg 1088w, https:\/\/konyvtar-kvik.uni-bge.hu\/wp-content\/uploads\/2023\/06\/2023-05-Klimagazdalkodas-1450x2048.jpg 1450w, https:\/\/konyvtar-kvik.uni-bge.hu\/wp-content\/uploads\/2023\/06\/2023-05-Klimagazdalkodas-8x12.jpg 8w\" sizes=\"(max-width: 1000px) 100vw, 1000px\" \/><\/td><td class=\"has-text-align-left\" data-align=\"left\"><strong>Ol\u00e1h J\u00e1nos: Kl\u00edmagazd\u00e1lkod\u00e1s<\/strong><br>A szerz\u0151 tansz\u00e9kvezet\u0151 egyetemi tan\u00e1r a\u00a0Tessedik S\u00e1muel F\u0151iskola K\u00f6rnyezetgazd\u00e1lkod\u00e1si Tansz\u00e9k\u00e9n. K\u00f6rnyezetv\u00e9delmi kutat\u00e1sainak m\u00e1sodik nagy \u00f6sszefoglal\u00e1sa ez a mintegy 1000 oldalas m\u0171. Ennek el\u0151dje 15 \u00e9ve jelent meg h\u00e1rom k\u00f6tetben K\u00f6rnyezetgazd\u00e1lkod\u00e1s c\u00edmmel. Akkor volt sz\u00fclet\u0151ben ez a tudom\u00e1nyter\u00fclet. Mag\u00e1r\u00f3l \u00edrja a bevezet\u0151ben, mi vezeti: \u201e\u00f6nz\u0151 elfogults\u00e1g a term\u00e9szet jav\u00e1ra\u201d.\u00a0 N\u00e9gy nagy t\u00e9m\u00e1val foglalkozik: \u00f6kol\u00f3giat\u00f6rt\u00e9net, term\u00e9szet-anyagcsere, t\u00e1rsadalom-anyagcsere, er\u0151forr\u00e1s-gazd\u00e1lkod\u00e1s. M\u00e1ra az elszabadult fogyaszt\u00f3 \u00e9s termel\u0151 eszm\u00e9k hat\u00e1s\u00e1ra az emberk\u00f6zpont\u00fas\u00e1g elve csorb\u00edtja, s\u0151t vesz\u00e9lyezteti a F\u00f6ld \u00f6kol\u00f3giai eg\u00e9szs\u00e9g\u00e9t.<br>A k\u00f6rnyezettudatoss\u00e1g szerves r\u00e9sz\u00e9v\u00e9 v\u00e1lt a turizmus, vend\u00e9gl\u00e1t\u00e1s \u00e9s kereskedelem szakter\u00fcleteinek is. Ez\u00e9rt minden hallgat\u00f3 \u00e9s oktat\u00f3 sz\u00e1m\u00e1ra hasznos enciklop\u00e9dikus \u2013 azaz teljess\u00e9gre t\u00f6rekv\u0151 \u2013 szakirodalom. 6 k\u00f6lcs\u00f6n\u00f6zhet\u0151 p\u00e9ld\u00e1ny tal\u00e1lhat\u00f3 a Kari K\u00f6nyvt\u00e1rban.<br><strong>Kl\u00edmagazd\u00e1lkod\u00e1s : Konzervat\u00edv k\u00f6rnyezetgazd\u00e1lkod\u00e1s, takar\u00e9kos anyaggazd\u00e1lkod\u00e1s, helyi gazd\u00e1lkod\u00e1s, k\u00f6z\u00f6ss\u00e9gintegr\u00e1l\u00e1s, b\u00f6lcs fogyaszt\u00e1s \/ Ol\u00e1h J\u00e1nos<\/strong>. &#8211; Budapest : Kairosz , 2020. &#8211; 958 p. : ill. ; 24 cm<\/td><\/tr><tr><td><img loading=\"lazy\" decoding=\"async\" width=\"1000\" height=\"1523\" class=\"wp-image-1328\" style=\"width: 1000px;\" src=\"http:\/\/konyvtar-kvik.uni-bge.hu\/wp-content\/uploads\/2023\/06\/2023-05-Igy-lehetsz-vallalkozo.jpg\" alt=\"\" srcset=\"https:\/\/konyvtar-kvik.uni-bge.hu\/wp-content\/uploads\/2023\/06\/2023-05-Igy-lehetsz-vallalkozo.jpg 1535w, https:\/\/konyvtar-kvik.uni-bge.hu\/wp-content\/uploads\/2023\/06\/2023-05-Igy-lehetsz-vallalkozo-300x457.jpg 300w, https:\/\/konyvtar-kvik.uni-bge.hu\/wp-content\/uploads\/2023\/06\/2023-05-Igy-lehetsz-vallalkozo-1024x1560.jpg 1024w, https:\/\/konyvtar-kvik.uni-bge.hu\/wp-content\/uploads\/2023\/06\/2023-05-Igy-lehetsz-vallalkozo-768x1170.jpg 768w, https:\/\/konyvtar-kvik.uni-bge.hu\/wp-content\/uploads\/2023\/06\/2023-05-Igy-lehetsz-vallalkozo-1008x1536.jpg 1008w, https:\/\/konyvtar-kvik.uni-bge.hu\/wp-content\/uploads\/2023\/06\/2023-05-Igy-lehetsz-vallalkozo-1345x2048.jpg 1345w, https:\/\/konyvtar-kvik.uni-bge.hu\/wp-content\/uploads\/2023\/06\/2023-05-Igy-lehetsz-vallalkozo-8x12.jpg 8w\" sizes=\"(max-width: 1000px) 100vw, 1000px\" \/><\/td><td class=\"has-text-align-left\" data-align=\"left\"><strong>Stummer Bal\u00e1zs: \u00cdgy lehetsz v\u00e1llalkoz\u00f3!; V\u00e1llalkoz\u00e1s ind\u00edt\u00e1sa a kezdeti gondolatt\u00f3l eg\u00e9szen a megval\u00f3s\u00edt\u00e1sig!<\/strong><br>Stummer Bal\u00e1zs, \u00cdgy lehetsz v\u00e1llalkoz\u00f3 c\u00edm\u0171 k\u00f6tete nem csak a hozz\u00e1\u00e9rt\u0151knek, azaz v\u00e1llalkoz\u00f3knak sz\u00f3l, hanem a laikusoknak is, akik most v\u00e1gn\u00e1nak bele egy v\u00e1llalkoz\u00e1s ind\u00edt\u00e1s\u00e1ba, vezet\u00e9s\u00e9be. Illetve azokhoz a p\u00e1lyakezd\u0151 fiatalokhoz, \u00fajrakezd\u0151kh\u00f6z is sz\u00f3l, akik k\u00f6vetni szeretn\u00e9k az \u00e1lmaikat, \u00e9s nem olyan munkahelyet k\u00e9pzelnek el maguknak, ahol a munkaid\u0151 8-4-ig sz\u00f3l. Bemutatja egy v\u00e1llalkoz\u00e1s ind\u00edt\u00e1s\u00e1nak folyamat\u00e1t az alapokt\u00f3l kezdve a megval\u00f3s\u00edt\u00e1sig. Hasznos k\u00f6nyv lehet azoknak, akik egy v\u00e1llalkoz\u00e1s ind\u00edt\u00e1s\u00e1n gondolkoznak, de nem tudj\u00e1k, hogyan kezdjenek bele. Olvashatunk a k\u00fcl\u00f6nb\u00f6z\u0151 v\u00e1llalkoz\u00e1si form\u00e1kr\u00f3l, \u00e9s ad\u00f3z\u00e1si form\u00e1kr\u00f3l, tov\u00e1bb\u00e1 az \u00f6nfejleszt\u00e9sr\u0151l \u00e9s a c\u00e9gfejleszt\u00e9sr\u0151l is. Ha egy v\u00e1llalkoz\u00e1st szeretn\u00e9nk elind\u00edtani, egy k\u00e9t speci\u00e1lis ter\u00fcletet lesz\u00e1m\u00edtva nincs sz\u00fcks\u00e9g k\u00fcl\u00f6nb\u00f6z\u0151 enged\u00e9lyekre. Azonban ahhoz, hogy megszerezz\u00fck a legfontosabb inform\u00e1ci\u00f3kat sok ut\u00e1naj\u00e1r\u00e1sra lehet sz\u00fcks\u00e9g. Ez a k\u00f6nyv v\u00e9gig vezeti az olvas\u00f3t a v\u00e1llalkoz\u00f3v\u00e1 v\u00e1l\u00e1s \u00fatj\u00e1n, \u00e9s bemutatja, hogyan \u00e9rhet\u00fcnk el sikereket egy v\u00e1llalkoz\u00e1ssal. Egy olvasm\u00e1nyos, \u00e9rdekes k\u00f6tet, amely remek\u00fcl \u00f6sszeszedi a fontosabb tudnival\u00f3kat. Gyakorlatiasan \u00f6sszegzi azon tudnival\u00f3kat, melyeket \u00e9rdemes lehet tudni a v\u00e1llalkoz\u00e1sind\u00edt\u00e1sr\u00f3l.<br><strong>\u00cdgy lehetsz v\u00e1llalkoz\u00f3! : V\u00e1llalkoz\u00e1s megind\u00edt\u00e1sa a kezdeti gondolatt\u00f3l eg\u00e9szen a megval\u00f3s\u00edt\u00e1sig \/ Stummer Bal\u00e1zs<\/strong>. &#8211; [Tata]. &#8211; 164 p. ; 20 cm<\/td><\/tr><tr><td><img loading=\"lazy\" decoding=\"async\" width=\"150\" height=\"210\" class=\"wp-image-1329\" style=\"width: 150px;\" src=\"http:\/\/konyvtar-kvik.uni-bge.hu\/wp-content\/uploads\/2023\/06\/2023-05-Gazdasag-es-gasztronomia-scaled.jpg\" alt=\"\" srcset=\"https:\/\/konyvtar-kvik.uni-bge.hu\/wp-content\/uploads\/2023\/06\/2023-05-Gazdasag-es-gasztronomia-scaled.jpg 1827w, https:\/\/konyvtar-kvik.uni-bge.hu\/wp-content\/uploads\/2023\/06\/2023-05-Gazdasag-es-gasztronomia-300x420.jpg 300w, https:\/\/konyvtar-kvik.uni-bge.hu\/wp-content\/uploads\/2023\/06\/2023-05-Gazdasag-es-gasztronomia-1024x1435.jpg 1024w, https:\/\/konyvtar-kvik.uni-bge.hu\/wp-content\/uploads\/2023\/06\/2023-05-Gazdasag-es-gasztronomia-768x1076.jpg 768w, https:\/\/konyvtar-kvik.uni-bge.hu\/wp-content\/uploads\/2023\/06\/2023-05-Gazdasag-es-gasztronomia-1096x1536.jpg 1096w, https:\/\/konyvtar-kvik.uni-bge.hu\/wp-content\/uploads\/2023\/06\/2023-05-Gazdasag-es-gasztronomia-1462x2048.jpg 1462w, https:\/\/konyvtar-kvik.uni-bge.hu\/wp-content\/uploads\/2023\/06\/2023-05-Gazdasag-es-gasztronomia-9x12.jpg 9w\" sizes=\"(max-width: 150px) 100vw, 150px\" \/><\/td><td class=\"has-text-align-left\" data-align=\"left\"><strong>Gazdas\u00e1g \u00e9s gasztron\u00f3mia : \u00dcnnepi k\u00f6tet Lugasi Andrea tisztelet\u00e9re<\/strong><br>A Gazdas\u00e1g \u00e9s gasztron\u00f3mia &#8211; \u00dcnnepi k\u00f6tet Lugasi Andrea d\u00e9k\u00e1n tisztelet\u00e9re, huszonn\u00e9gy szerz\u0151 tizenkilenc tanulm\u00e1ny\u00e1t mag\u00e1ban foglal\u00f3, egyetem\u00fcnk kiad\u00e1s\u00e1ban megjelent multidiszciplin\u00e1ris k\u00f6nyv elej\u00e9n d\u00e9k\u00e1n asszony kimagasl\u00f3 tudom\u00e1nyos \u00e9letrajza \u00e9s Lugasi Andrea arcai c\u00edmmel rektori k\u00f6sz\u00f6nt\u0151 is olvashat\u00f3, amely \u00e1ltal a kulissz\u00e1k m\u00f6g\u00e9 is bepillant\u00e1st nyerhet\u00fcnk. A k\u00f6tetben t\u00f6bbek k\u00f6zt a logisztika, vend\u00e9gl\u00e1t\u00e1s, gasztron\u00f3mia, turizmus, fogyaszt\u00f3v\u00e9delem, pedag\u00f3gia, kereskedelem, n\u00f6v\u00e9nytermeszt\u00e9s t\u00e9mak\u00f6r\u00f6k \u00fajdons\u00e1gair\u00f3l olvashatunk tanulm\u00e1nyokat.<br>Az \u00e9rdekl\u0151d\u0151k a Kari K\u00f6nyvt\u00e1r Olvas\u00f3term\u00e9ben megtal\u00e1lj\u00e1k a k\u00f6tetet.<br><strong>Gazdas\u00e1g \u00e9s gasztron\u00f3mia : \u00dcnnepi k\u00f6tet Lugasi Andrea tisztelet\u00e9re \/ Szerk.: B\u00e1nhegyi M\u00e1ty\u00e1s, Fekete-Frojimovics Zs\u00f3fia, H\u00e1mori Antal<\/strong>. &#8211; Budapest : BGE , 2022. &#8211; 301 p. : ill., sz\u00ednes ; 26 cm<\/td><\/tr><\/tbody><\/table><\/figure>\n\n\n\n<p class=\"has-medium-font-size\">TikTokon is el\u00e9rhet\u0151ek vagyunk: <a href=\"https:\/\/www.tiktok.com\/@bge_kvik_kari_konyvtar\/video\/7237487353915280667\">https:\/\/www.tiktok.com\/@bge_kvik_kari_konyvtar\/video\/7237487353915280667<\/a><\/p>","protected":false},"excerpt":{"rendered":"<p>Dom\u00e1n Zsolt: \u00daj vev\u0151k fut\u00f3szalagon \u2013 A 3 l\u00e1b\u00fa vev\u0151szerz\u0151 rendszer, az online vev\u0151szerz\u00e9s tervrajzaDom\u00e1n Zsolt \u00faj k\u00f6nyve, az \u00daj vev\u0151k fut\u00f3szalagon, melyben bemutatja a 3 l\u00e1b\u00fa vev\u0151szerz\u0151 rendszert, amelyet az online vev\u0151szerz\u00e9s tervrajzak\u00e9nt jellemez. Ebben a k\u00f6tetben bemutatja az online \u00e9rt\u00e9kes\u00edt\u00e9s t\u00e9mak\u00f6r\u00e9ben szerzett tapasztalatait a szerz\u0151. Meg tudhatjuk p\u00e9ld\u00e1ul, hogy egy webshop siker\u00e9hez mely t\u00e9nyez\u0151k sz\u00fcks\u00e9gesek a tapasztalatai alapj\u00e1n. Ez a k\u00f6tet a DO! Marketing gondoz\u00e1s\u00e1ban ker\u00fclt kiad\u00e1sra, melynek maga az \u00edr\u00f3, Dom\u00e1n Zsolt az alap\u00edt\u00f3ja. Mott\u00f3ja: \u201eMagyar mikro- \u00e9s kisv\u00e1llalkoz\u00f3k\u00e9nt nem az sz\u00e1m\u00edt,&hellip;<\/p>","protected":false},"author":1,"featured_media":0,"parent":0,"menu_order":0,"comment_status":"closed","ping_status":"closed","template":"","meta":{"_uag_custom_page_level_css":"","footnotes":""},"class_list":["post-365","page","type-page","status-publish","hentry"],"uagb_featured_image_src":{"full":false,"thumbnail":false,"medium":false,"medium_large":false,"large":false,"news_plugin_small":false,"tf-client-image-size":false,"1536x1536":false,"2048x2048":false,"trp-custom-language-flag":false,"post-thumbnail":false,"idolcorp-full-width":false,"idolcorp-ourfeatures-thumb":false,"idolcorp-mediumblog-thumb":false},"uagb_author_info":{"display_name":"admin","author_link":"https:\/\/konyvtar-kvik.uni-bge.hu\/en\/author\/admin\/"},"uagb_comment_info":0,"uagb_excerpt":"Dom\u00e1n Zsolt: \u00daj vev\u0151k fut\u00f3szalagon \u2013 A 3 l\u00e1b\u00fa vev\u0151szerz\u0151 rendszer, az online vev\u0151szerz\u00e9s tervrajzaDom\u00e1n Zsolt \u00faj k\u00f6nyve, az \u00daj vev\u0151k fut\u00f3szalagon, melyben bemutatja a 3 l\u00e1b\u00fa vev\u0151szerz\u0151 rendszert, amelyet az online vev\u0151szerz\u00e9s tervrajzak\u00e9nt jellemez. Ebben a k\u00f6tetben bemutatja az online \u00e9rt\u00e9kes\u00edt\u00e9s t\u00e9mak\u00f6r\u00e9ben szerzett tapasztalatait a szerz\u0151. Meg tudhatjuk p\u00e9ld\u00e1ul, hogy egy webshop siker\u00e9hez mely&hellip;","_links":{"self":[{"href":"https:\/\/konyvtar-kvik.uni-bge.hu\/en\/wp-json\/wp\/v2\/pages\/365","targetHints":{"allow":["GET"]}}],"collection":[{"href":"https:\/\/konyvtar-kvik.uni-bge.hu\/en\/wp-json\/wp\/v2\/pages"}],"about":[{"href":"https:\/\/konyvtar-kvik.uni-bge.hu\/en\/wp-json\/wp\/v2\/types\/page"}],"author":[{"embeddable":true,"href":"https:\/\/konyvtar-kvik.uni-bge.hu\/en\/wp-json\/wp\/v2\/users\/1"}],"replies":[{"embeddable":true,"href":"https:\/\/konyvtar-kvik.uni-bge.hu\/en\/wp-json\/wp\/v2\/comments?post=365"}],"version-history":[{"count":17,"href":"https:\/\/konyvtar-kvik.uni-bge.hu\/en\/wp-json\/wp\/v2\/pages\/365\/revisions"}],"predecessor-version":[{"id":1330,"href":"https:\/\/konyvtar-kvik.uni-bge.hu\/en\/wp-json\/wp\/v2\/pages\/365\/revisions\/1330"}],"wp:attachment":[{"href":"https:\/\/konyvtar-kvik.uni-bge.hu\/en\/wp-json\/wp\/v2\/media?parent=365"}],"curies":[{"name":"wp","href":"https:\/\/api.w.org\/{rel}","templated":true}]}}