{"id":200,"date":"2022-05-12T09:16:41","date_gmt":"2022-05-12T09:16:41","guid":{"rendered":"http:\/\/local.konyvtar\/?page_id=200"},"modified":"2024-08-29T13:11:10","modified_gmt":"2024-08-29T11:11:10","slug":"jogszabalyok","status":"publish","type":"page","link":"https:\/\/konyvtar-kvik.uni-bge.hu\/en\/jogszabalyok\/","title":{"rendered":"Legislation"},"content":{"rendered":"<p><strong>Legislation<\/strong><\/p>\n\n\n\n<p><strong>Collection of Hungarian professional legislation:<\/strong><\/p>\n\n\n\n<p><a href=\"https:\/\/uj.jogtar.hu\/\">https:\/\/uj.jogtar.hu\/<\/a><\/p>\n\n\n\n<p>Free, complete database of legislation. (The Library also subscribed to the archive contents. These are available in the Library, ask the librarians for help.)<\/p>\n\n\n\n<p><strong>Vinery:<\/strong>&nbsp;<\/p>\n\n\n\n<p><a href=\"https:\/\/net.jogtar.hu\/jogszabaly?docid=A1800001.FM\" target=\"_blank\" rel=\"noreferrer noopener\">1\/2018. (II. 1.) FM rendelet A sz\u0151l\u0151\u00fcltetv\u00e9nyek szerkezet\u00e1talak\u00edt\u00e1s\u00e1hoz \u00e9s \u00e1t\u00e1ll\u00edt\u00e1s\u00e1hoz a 2017\/2018-2019\/2020 borpiaci \u00e9vekben ig\u00e9nyelhet\u0151 t\u00e1mogat\u00e1sr\u00f3l<\/a>&nbsp;<\/p>\n\n\n\n<p><a href=\"https:\/\/net.jogtar.hu\/jogszabaly?docid=A1700009.FM&amp;timeshift=fffffff4&amp;txtreferer=00000001.TXT\" target=\"_blank\" rel=\"noreferrer noopener\">9\/2017. (III. 6.) FM rendelet A borsz\u0151l\u0151 telep\u00edt\u00e9s\u00e9re \u00e9s kiv\u00e1g\u00e1s\u00e1ra vonatkoz\u00f3 szab\u00e1lyokr\u00f3l<\/a>&nbsp;<\/p>\n\n\n\n<p><a href=\"https:\/\/net.jogtar.hu\/jogszabaly?docid=A1700049.FM&amp;timeshift=fffffff4&amp;txtreferer=00000001.TXT\" target=\"_blank\" rel=\"noreferrer noopener\">49\/2017. (IX. 29.) FM rendelet A kis\u00fczemi bortermel\u0151i regiszterr\u0151l<\/a>&nbsp;<\/p>\n\n\n\n<p><a href=\"https:\/\/net.jogtar.hu\/jogszabaly?docid=A1600395.KOR\" target=\"_blank\" rel=\"noreferrer noopener\">395\/2016. (XII. 5.) Korm. Rendelet A BOR-VID\u00c9K Tokaj-Hegyalja Nemzeti Program v\u00e9grehajt\u00e1s\u00e1val kapcsolatos egyes k\u00e9rd\u00e9sekr\u0151l<\/a><\/p>\n\n\n\n<p><a href=\"https:\/\/net.jogtar.hu\/jogszabaly?docid=A1600484.KOR&amp;searchUrl=\/jogszabaly-kereso%3Fkif%3D98\/8\/EK%26pagenum%3D11\" target=\"_blank\" rel=\"noreferrer noopener\">484\/2016. (XII. 28.) Korm. Rendelet Az \u00edzes\u00edtett bor\u00e1szati term\u00e9kek f\u00f6ldrajzi jelz\u00e9seinek uni\u00f3s oltalm\u00e1ra ir\u00e1nyul\u00f3 elj\u00e1r\u00e1sr\u00f3l, valamint ezen term\u00e9kek ellen\u0151rz\u00e9s\u00e9r\u0151l&nbsp;<\/a><\/p>\n\n\n\n<p><a href=\"https:\/\/net.jogtar.hu\/jogszabaly?docid=a1600485.kor\" target=\"_blank\" rel=\"noreferrer noopener\">485\/2016. (XII. 28.) Korm. Rendelet A Tokaj-hegyaljai t\u00f6rt\u00e9nelmi borvid\u00e9k&nbsp;kult\u00fart\u00e1j&nbsp;vil\u00e1g\u00f6r\u00f6ks\u00e9gi kezel\u00e9si terv\u00e9r\u0151l<\/a>&nbsp;<\/p>\n\n\n\n<p><a href=\"https:\/\/net.jogtar.hu\/jogszabaly?docid=A1500004.FM&amp;celpara=&amp;searchUrl=\/jogszabaly-kereso%3Fevszam%3D%26sorszam%3D%26tipus%3Dnincs%26para%3D%26focim%3D%26kif%3D%26valtdatum%3D20110701%26valtdatumtol%3D%26valtdatumig%3D%26pagenum%3D27\" target=\"_blank\" rel=\"noreferrer noopener\">4\/2015. (II. 19.) FM rendelet A bor\u00e1szati term\u00e9kek harmadik orsz\u00e1gokban 2015 \u00e9s 2017 k\u00f6z\u00f6tt t\u00f6rt\u00e9n\u0151 prom\u00f3ci\u00f3j\u00e1nak t\u00e1mogat\u00e1s\u00e1r\u00f3l<\/a><\/p>\n\n\n\n<p><a href=\"https:\/\/net.jogtar.hu\/jogszabaly?docid=a1400056.vm\" target=\"_blank\" rel=\"noreferrer noopener\">56\/2014. (IV. 30.) VM rendelet A bork\u00e9sz\u00edt\u00e9sre alkalmas sz\u0151l\u0151fajt\u00e1k oszt\u00e1lyba sorol\u00e1s\u00e1r\u00f3l<\/a>&nbsp;<\/p>\n\n\n\n<p><a href=\"https:\/\/net.jogtar.hu\/jogszabaly?docid=A1200005.NEM\" target=\"_blank\" rel=\"noreferrer noopener\">5\/2012. (II. 7.) NEFMI rendelet A tokaj-hegyaljai t\u00f6rt\u00e9nelmi borvid\u00e9k t\u00f6rt\u00e9neti t\u00e1jj\u00e1 nyilv\u00e1n\u00edt\u00e1s\u00e1r\u00f3l<\/a>&nbsp;<\/p>\n\n\n\n<p><a href=\"https:\/\/net.jogtar.hu\/jogszabaly?docid=a1200070.vm\" target=\"_blank\" rel=\"noreferrer noopener\">70\/2012. (VII. 16.) VM rendelet A sz\u0151l\u0151feldolgoz\u00e1s \u00e9s a bork\u00e9sz\u00edt\u00e9s sor\u00e1n keletkez\u0151 mell\u00e9kterm\u00e9kek kivon\u00e1s\u00e1r\u00f3l \u00e9s t\u00e1mogat\u00e1ssal t\u00f6rt\u00e9n\u0151 lep\u00e1rl\u00e1s\u00e1r\u00f3l<\/a>&nbsp;<\/p>\n\n\n\n<p><a href=\"https:\/\/net.jogtar.hu\/jogszabaly?docid=A1100027.VM&amp;searchUrl=\/gyorskereso%3Fpagenum%3D36\" target=\"_blank\" rel=\"noreferrer noopener\">27\/2011. (IV. 12.) VM rendelet A bor\u00e1szati term\u00e9kek egys\u00e9ges bizonylatol\u00e1si, nyilv\u00e1ntart\u00e1si \u00e9s elsz\u00e1mol\u00e1si rendj\u00e9r\u0151l<\/a>&nbsp;<\/p>\n\n\n\n<p><a href=\"https:\/\/net.jogtar.hu\/jogszabaly?docid=a1000025.fvm\" target=\"_blank\" rel=\"noreferrer noopener\">25\/2010. (III. 19.) FVM rendelet A bor\u00e1szati \u00fczemek m\u0171k\u00f6d\u00e9s\u00e9nek enged\u00e9lyez\u00e9s\u00e9r\u0151l, valamint a tev\u00e9kenys\u00e9g\u00fckre vonatkoz\u00f3 higi\u00e9niai szab\u00e1lyokr\u00f3l<\/a>&nbsp;<\/p>\n\n\n\n<p><a href=\"https:\/\/net.jogtar.hu\/jogszabaly?docid=a0900127.fvm\" target=\"_blank\" rel=\"noreferrer noopener\">127\/2009. (IX. 29.) FVM rendelet A sz\u0151l\u00e9szeti \u00e9s a bor\u00e1szati adatszolg\u00e1ltat\u00e1s, valamint a sz\u00e1rmaz\u00e1si bizony\u00edtv\u00e1nyok kiad\u00e1s\u00e1nak rendj\u00e9r\u0151l, tov\u00e1bb\u00e1 a bor\u00e1szati term\u00e9kek el\u0151\u00e1ll\u00edt\u00e1s\u00e1r\u00f3l, forgalomba hozatal\u00e1r\u00f3l \u00e9s jel\u00f6l\u00e9s\u00e9r\u0151l<\/a>&nbsp;<\/p>\n\n\n\n<p><a href=\"https:\/\/net.jogtar.hu\/jogszabaly?docid=a0900178.kor\" target=\"_blank\" rel=\"noreferrer noopener\">178\/2009. (IX. 4.) Korm. Rendelet A bor\u00e1szati term\u00e9kek eredetmegjel\u00f6l\u00e9seinek \u00e9s f\u00f6ldrajzi jelz\u00e9seinek k\u00f6z\u00f6ss\u00e9gi oltalm\u00e1ra ir\u00e1nyul\u00f3 elj\u00e1r\u00e1sr\u00f3l, valamint ezen term\u00e9kek ellen\u0151rz\u00e9s\u00e9r\u0151l<\/a>&nbsp;<\/p>\n\n\n\n<p><a href=\"https:\/\/net.jogtar.hu\/jogszabaly?docid=A0800073.TV\" target=\"_blank\" rel=\"noreferrer noopener\">2008. \u00e9vi LXXIII. T\u00f6rv\u00e9ny A p\u00e1link\u00e1r\u00f3l, a t\u00f6rk\u00f6lyp\u00e1link\u00e1r\u00f3l \u00e9s a P\u00e1linka Nemzeti Tan\u00e1csr\u00f3l<\/a>&nbsp;<\/p>\n\n\n\n<p><a href=\"https:\/\/net.jogtar.hu\/jogszabaly?docid=A0600087.FVM&amp;searchUrl=\/jogszabaly-kereso%3Fkif%3D%26x%3D46%26y%3D7%26pagenum%3D26\" target=\"_blank\" rel=\"noreferrer noopener\">87\/2006. (XII. 28.) FVM rendelet A sz\u0151l\u0151 szapor\u00edt\u00f3anyagok el\u0151\u00e1ll\u00edt\u00e1s\u00e1r\u00f3l, min\u0151s\u00edt\u00e9s\u00e9r\u0151l \u00e9s forgalomba hozatal\u00e1r\u00f3l<\/a>&nbsp;<\/p>\n\n\n\n<p><a href=\"https:\/\/net.jogtar.hu\/jogszabaly?docid=a0400018.tv\" target=\"_blank\" rel=\"noreferrer noopener\">2004. \u00e9vi XVIII. T\u00f6rv\u00e9ny A sz\u0151l\u0151termeszt\u00e9sr\u0151l \u00e9s a borgazd\u00e1lkod\u00e1sr\u00f3l<\/a>&nbsp;<\/p>\n\n\n\n<p><a href=\"https:\/\/net.jogtar.hu\/jogszabaly?docid=a0400099.fvm\" target=\"_blank\" rel=\"noreferrer noopener\">99\/2004. (VI. 3.) FVM rendelet A borok el\u0151\u00e1ll\u00edt\u00e1s\u00e1r\u00f3l<\/a>&nbsp;<\/p>\n\n\n\n<p><a href=\"https:\/\/net.jogtar.hu\/jogszabaly?docid=A0300130.FVM&amp;searchUrl=\/jogszabaly-kereso%3Fkif%3D%26x%3D46%26y%3D7%26pagenum%3D26\" target=\"_blank\" rel=\"noreferrer noopener\">130\/2003. (XII. 31.) FVM rendelet Az egri borvid\u00e9k v\u00e9dett eredet\u0171 borair\u00f3l<\/a>&nbsp;<\/p>\n\n\n\n<p>&nbsp;<strong>Hungarikum:<\/strong>&nbsp;<\/p>\n\n\n\n<p><a href=\"https:\/\/net.jogtar.hu\/jogszabaly?docid=a1300114.kor\" target=\"_blank\" rel=\"noreferrer noopener\">114\/2013. (IV. 16.) Korm. Rendelet A magyar nemzeti \u00e9rt\u00e9kek \u00e9s a hungarikumok gondoz\u00e1s\u00e1r\u00f3l<\/a><\/p>\n\n\n\n<p><a rel=\"noreferrer noopener\" href=\"https:\/\/net.jogtar.hu\/jogszabaly?docid=a1200030.tv\" target=\"_blank\">2012. \u00e9vi XXX. T\u00f6rv\u00e9ny A magyar nemzeti \u00e9rt\u00e9kekr\u0151l \u00e9s a hungarikumokr\u00f3l<\/a><\/p>\n\n\n\n<p><strong>Communal catering:<\/strong><\/p>\n\n\n\n<p><a href=\"https:\/\/net.jogtar.hu\/jogszabaly?docid=A1700029.FM&amp;searchUrl=\/gyorskereso%3Fkeyword%3DK%25C3%2596Z%25C3%2589TKEZTET%25C3%2589S\" target=\"_blank\" rel=\"noreferrer noopener\">29\/2017. (VI. 7.) FM rendelet Az iskolagy\u00fcm\u00f6lcs- \u00e9s iskolaz\u00f6lds\u00e9g-program v\u00e9grehajt\u00e1s\u00e1r\u00f3l<\/a>&nbsp;<\/p>\n\n\n\n<p><a href=\"https:\/\/net.jogtar.hu\/jogszabaly?docid=a1400037.emm\" target=\"_blank\" rel=\"noreferrer noopener\">37\/2014. (IV. 30.) EMMI rendelet A k\u00f6z\u00e9tkeztet\u00e9sre vonatkoz\u00f3 t\u00e1pl\u00e1lkoz\u00e1s-eg\u00e9szs\u00e9g\u00fcgyi el\u0151\u00edr\u00e1sokr\u00f3l<\/a><\/p>\n\n\n\n<p><a href=\"https:\/\/www.ogyei.gov.hu\/a_leggyakoribb_kerdesek_es_valaszok_a_kozetkeztetesre_vonatkozo_taplalkozas_egeszsegugyi_eloirasokrol_szolo_372014_iv_30_emmi_rendelet_kapcsan\/\" target=\"_blank\" rel=\"noreferrer noopener\">A leggyakoribb k\u00e9rd\u00e9sek \u00e9s v\u00e1laszok a k\u00f6z\u00e9tkeztet\u00e9sre vonatkoz\u00f3 t\u00e1pl\u00e1lkoz\u00e1s-eg\u00e9szs\u00e9g\u00fcgyi el\u0151\u00edr\u00e1sokr\u00f3l sz\u00f3l\u00f3 37\/2014. (IV. 30.) EMMI rendelet kapcs\u00e1n<\/a><\/p>\n\n\n\n<p><a href=\"https:\/\/www.ogyei.gov.hu\/dynamic\/utmutato%20dietas%20etkezteteshez%20webre.pdf\" target=\"_blank\" rel=\"noreferrer noopener\">Di\u00e9t\u00e1s \u00e9tkez\u00e9s &#8211; az OGY\u00c9I szakmai kiadv\u00e1nya sz\u00fcl\u0151knek, k\u00f6z\u00e9tkeztet\u0151knek<\/a><\/p>\n\n\n\n<p>T\u00c9T Platform tanulm\u00e1nyk\u00f6tete a magyar gyermekek \u00e9s fiatalok \u00e9letm\u00f3dj\u00e1r\u00f3l&nbsp;-&gt; Jelsz\u00f3: TETPlatform2019<a href=\"http:\/\/tetplatform.hu\/online-is-elerheto-a-tet-platform-tanulmanykotete-a-magyar-gyermekek-es-fiatalok-eletmodjarol\/\" target=\"_blank\" rel=\"noreferrer noopener\"><\/a><\/p>\n\n\n\n<p><strong>Commerce:<\/strong><\/p>\n\n\n\n<p><a href=\"http:\/\/www.haccpengedely.hu\/doc\/83._kiadas_elelmiszer_jogszabalygyujtemeny.pdf\" target=\"_blank\" rel=\"noreferrer noopener\">\u00c9lelmiszerekre vonatkoz\u00f3 jogszab\u00e1lyok jegyz\u00e9ke<\/a>&nbsp;83. kiad\u00e1s<\/p>\n\n\n\n<p><a href=\"https:\/\/portal.nebih.gov.hu\/documents\/10182\/765581\/89.+kiad%C3%A1s+%C3%89LELMISZER+jogszab%C3%A1lygy%C5%B1jtem%C3%A9ny.pdf\/991f44d3-b87b-ecc0-0388-560e44885d14\" target=\"_blank\" rel=\"noreferrer noopener\">\u00c9lelmiszerekre vonatkoz\u00f3 jogszab\u00e1lyok jegyz\u00e9ke&nbsp;<\/a>89. kiad\u00e1s<\/p>\n\n\n\n<p><a href=\"https:\/\/net.jogtar.hu\/jogszabaly?dbnum=1&amp;docid=A0900152.FVM&amp;mahu=1\" target=\"_blank\" rel=\"noreferrer noopener\">152\/2009. (XI. 12.) FVM rendelet A Magyar \u00c9lelmiszerk\u00f6nyv k\u00f6telez\u0151 el\u0151\u00edr\u00e1sair\u00f3l<\/a>&nbsp;<\/p>\n\n\n\n<p><a href=\"https:\/\/net.jogtar.hu\/jogszabaly?docid=a0800046.tv\" target=\"_blank\" rel=\"noreferrer noopener\">2008. \u00e9vi XLVI. T\u00f6rv\u00e9ny Az \u00e9lelmiszerl\u00e1ncr\u00f3l \u00e9s hat\u00f3s\u00e1gi fel\u00fcgyelet\u00e9r\u0151l<\/a><\/p>\n\n\n\n<p><a href=\"https:\/\/net.jogtar.hu\/jogszabaly?docid=A0500164.TV\" target=\"_blank\" rel=\"noreferrer noopener\">2005. \u00e9vi CLXIV. t\u00f6rv\u00e9ny a kereskedelemr\u0151l<\/a><\/p>\n\n\n\n<p><a href=\"https:\/\/net.jogtar.hu\/jogszabaly?docid=A0500164.TV\" target=\"_blank\" rel=\"noreferrer noopener\"><\/a><a href=\"https:\/\/net.jogtar.hu\/jogszabaly?docid=99800004.EUM\" target=\"_blank\" rel=\"noreferrer noopener\">4\/1998. (XI. 11.) E\u00fcM rendelet Az \u00e9lelmiszerekben el\u0151fordul\u00f3 mikrobiol\u00f3giai szennyez\u0151d\u00e9sek megengedhet\u0151 m\u00e9rt\u00e9k\u00e9r\u0151l<\/a>&nbsp;<\/p>\n\n\n\n<p><a href=\"https:\/\/portal.nebih.gov.hu\/termekvisszahivas\" target=\"_blank\" rel=\"noreferrer noopener\">Term\u00e9kvisszah\u00edv\u00e1sok<\/a><\/p>\n\n\n\n<p><a href=\"https:\/\/portal.nebih.gov.hu\/vedjegyek?p_p_id=59_INSTANCE_fAFSc8vQISwH&amp;&amp;p_p_lifecycle=0&amp;&amp;p_p_state=normal&amp;&amp;p_p_mode=view&amp;&amp;p_p_col_id=column-2&amp;&amp;p_p_col_pos=1&amp;&amp;p_p_col_count=2\" target=\"_blank\" rel=\"noreferrer noopener\">\u00c9lelmiszer v\u00e9djegyek<\/a><\/p>\n\n\n\n<p><strong>Turizmus:<\/strong><\/p>\n\n\n\n<p><a href=\"https:\/\/net.jogtar.hu\/jogszabaly?docid=99600213.KOR\" target=\"_blank\" rel=\"noreferrer noopener\">213\/1996. (XII.23.) Korm. rendelet az utaz\u00e1sszervez\u0151- \u00e9s k\u00f6zvet\u00edt\u0151 tev\u00e9kenys\u00e9gr\u0151l<\/a><\/p>\n\n\n\n<p><a href=\"https:\/\/net.jogtar.hu\/jogszabaly?docid=A1700532.KOR\" target=\"_blank\" rel=\"noreferrer noopener\">532\/2017. (XII.28.) Korm. rendelet a l\u00e9gik\u00f6zleked\u00e9si hat\u00f3s\u00e1g kieg\u00e9sz\u00edt\u0151 elj\u00e1r\u00e1sjogi szab\u00e1lyair\u00f3l<\/a><\/p>\n\n\n\n<p><a href=\"https:\/\/net.jogtar.hu\/jogszabaly?docid=a1700472.kor\" data-type=\"URL\" data-id=\"https:\/\/net.jogtar.hu\/jogszabaly?docid=a1700472.kor\" target=\"_blank\" rel=\"noreferrer noopener\">472\/2017. (XII.28.) Korm. rendelet az utaz\u00e1si szolg\u00e1ltat\u00e1sokra vonatkoz\u00f3 szerz\u0151d\u00e9sekr\u0151l<\/a><\/p>\n\n\n\n<p><a href=\"http:\/\/njt.hu\/cgi_bin\/njt_doc.cgi?docid=119818.261225\" target=\"_blank\" rel=\"noreferrer noopener\">281\/2008. (XI.28.) Korm. rendelet az utaz\u00e1si szerz\u0151d\u00e9sr\u0151l<\/a><\/p>\n\n\n\n<p><a href=\"https:\/\/net.jogtar.hu\/jogszabaly?docid=A0500164.TV\" target=\"_blank\" rel=\"noreferrer noopener\">2005. \u00e9vi CLXIV. t\u00f6rv\u00e9ny a kereskedelemr\u0151l (2005.XII.25.)<\/a><\/p>\n\n\n\n<p><a href=\"https:\/\/net.jogtar.hu\/jogszabaly?docid=99700078.TV\" target=\"_blank\" rel=\"noreferrer noopener\">1997. \u00e9vi LXXVIII. t\u00f6rv\u00e9ny az \u00e9p\u00edtett k\u00f6rnyezet alak\u00edt\u00e1s\u00e1r\u00f3l \u00e9s v\u00e9delm\u00e9r\u0151l<\/a><\/p>\n\n\n\n<p><a href=\"https:\/\/net.jogtar.hu\/jogszabaly?docid=A17H1549.KOR&amp;timeshift=fffffff4&amp;txtreferer=00000001.TXT\" target=\"_blank\" rel=\"noreferrer noopener\">1549\/2017. (VIII.15.) Korm. hat\u00e1rozat a turisztikai fejleszt\u00e9sek megval\u00f3s\u00edt\u00e1s\u00e1hoz sz\u00fcks\u00e9ges int\u00e9zked\u00e9sekr\u0151l<\/a><\/p>\n\n\n\n<p><a href=\"https:\/\/net.jogtar.hu\/jogszabaly?docid=A17H1550.KOR&amp;timeshift=fffffff4&amp;txtreferer=00000001.TXT\" target=\"_blank\" rel=\"noreferrer noopener\">1550\/2017. (VIII.18.) Korm. hat\u00e1rozat a Dunakanyar kiemelt turisztikai fejleszt\u00e9si t\u00e9rs\u00e9g meghat\u00e1roz\u00e1s\u00e1r\u00f3l<\/a><\/p>\n\n\n\n<p><a href=\"https:\/\/eur-lex.europa.eu\/homepage.html?locale=hu\" target=\"_blank\" rel=\"noreferrer noopener\">Uni\u00f3s jogszab\u00e1lyok (EUR-Lex)<\/a><\/p>\n\n\n\n<p><strong>Hospitality:&nbsp;<\/strong><\/p>\n\n\n\n<p><a href=\"https:\/\/net.jogtar.hu\/jogszabaly?docid=a1100062.vm\" target=\"_blank\" rel=\"noreferrer noopener\">62\/2011. (VI. 30.) VM rendelet A vend\u00e9gl\u00e1t\u00f3-ipari term\u00e9kek el\u0151\u00e1ll\u00edt\u00e1s\u00e1nak \u00e9s forgalomba hozatal\u00e1nak \u00e9lelmiszerbiztons\u00e1gi felt\u00e9teleir\u0151l&nbsp;<\/a><\/p>\n\n\n\n<p><a href=\"https:\/\/net.jogtar.hu\/jogszabaly?docid=a0500071.gkm\" target=\"_blank\" rel=\"noreferrer noopener\">71\/2005. (IX. 27.) GKM rendelet A felszolg\u00e1l\u00e1si d\u00edj m\u00e9rt\u00e9k\u00e9nek meg\u00e1llap\u00edt\u00e1s\u00e1r\u00f3l, valamint a felszolg\u00e1l\u00e1si d\u00edj alkalmaz\u00e1s\u00e1nak \u00e9s felhaszn\u00e1l\u00e1s\u00e1nak szab\u00e1lyair\u00f3l<\/a><\/p>\n\n\n\n<p><a href=\"https:\/\/net.jogtar.hu\/jogszabaly?docid=a0300062.esc\" target=\"_blank\" rel=\"noreferrer noopener\">62\/2003. (X. 27.)&nbsp;ESzCsM&nbsp;rendelet Az \u00e9lelmiszer eredet\u0171 megbeteged\u00e9sek eset\u00e9n k\u00f6vetend\u0151 elj\u00e1r\u00e1sr\u00f3l<\/a><\/p>","protected":false},"excerpt":{"rendered":"<p>Jogszab\u00e1lyok Magyarorsz\u00e1gi szakmai jogszab\u00e1lyok gy\u0171jtem\u00e9nye: https:\/\/uj.jogtar.hu\/ A jogszab\u00e1lyok ingyenes, teljes adatb\u00e1zisa. (A K\u00f6nyvt\u00e1r el\u0151fizetett&nbsp;az arch\u00edv tartalmakra is. Ezek a&nbsp;K\u00f6nyvt\u00e1rban el\u00e9rhet\u0151ek, k\u00e9rje a k\u00f6nyvt\u00e1rosok seg\u00edts\u00e9g\u00e9t.) Bor\u00e1szat:&nbsp; 1\/2018. (II. 1.) FM rendelet A sz\u0151l\u0151\u00fcltetv\u00e9nyek szerkezet\u00e1talak\u00edt\u00e1s\u00e1hoz \u00e9s \u00e1t\u00e1ll\u00edt\u00e1s\u00e1hoz a 2017\/2018-2019\/2020 borpiaci \u00e9vekben ig\u00e9nyelhet\u0151 t\u00e1mogat\u00e1sr\u00f3l&nbsp; 9\/2017. (III. 6.) FM rendelet A borsz\u0151l\u0151 telep\u00edt\u00e9s\u00e9re \u00e9s kiv\u00e1g\u00e1s\u00e1ra vonatkoz\u00f3 szab\u00e1lyokr\u00f3l&nbsp; 49\/2017. (IX. 29.) FM rendelet A kis\u00fczemi bortermel\u0151i regiszterr\u0151l&nbsp; 395\/2016. (XII. 5.) Korm. Rendelet A BOR-VID\u00c9K Tokaj-Hegyalja Nemzeti Program v\u00e9grehajt\u00e1s\u00e1val kapcsolatos egyes k\u00e9rd\u00e9sekr\u0151l 484\/2016. (XII. 28.) Korm. Rendelet Az \u00edzes\u00edtett bor\u00e1szati term\u00e9kek&hellip;<\/p>","protected":false},"author":1,"featured_media":0,"parent":0,"menu_order":0,"comment_status":"closed","ping_status":"closed","template":"","meta":{"_uag_custom_page_level_css":"","footnotes":""},"class_list":["post-200","page","type-page","status-publish","hentry"],"uagb_featured_image_src":{"full":false,"thumbnail":false,"medium":false,"medium_large":false,"large":false,"news_plugin_small":false,"tf-client-image-size":false,"1536x1536":false,"2048x2048":false,"trp-custom-language-flag":false,"post-thumbnail":false,"idolcorp-full-width":false,"idolcorp-ourfeatures-thumb":false,"idolcorp-mediumblog-thumb":false},"uagb_author_info":{"display_name":"admin","author_link":"https:\/\/konyvtar-kvik.uni-bge.hu\/en\/author\/admin\/"},"uagb_comment_info":0,"uagb_excerpt":"Jogszab\u00e1lyok Magyarorsz\u00e1gi szakmai jogszab\u00e1lyok gy\u0171jtem\u00e9nye: https:\/\/uj.jogtar.hu\/ A jogszab\u00e1lyok ingyenes, teljes adatb\u00e1zisa. (A K\u00f6nyvt\u00e1r el\u0151fizetett&nbsp;az arch\u00edv tartalmakra is. Ezek a&nbsp;K\u00f6nyvt\u00e1rban el\u00e9rhet\u0151ek, k\u00e9rje a k\u00f6nyvt\u00e1rosok seg\u00edts\u00e9g\u00e9t.) Bor\u00e1szat:&nbsp; 1\/2018. (II. 1.) FM rendelet A sz\u0151l\u0151\u00fcltetv\u00e9nyek szerkezet\u00e1talak\u00edt\u00e1s\u00e1hoz \u00e9s \u00e1t\u00e1ll\u00edt\u00e1s\u00e1hoz a 2017\/2018-2019\/2020 borpiaci \u00e9vekben ig\u00e9nyelhet\u0151 t\u00e1mogat\u00e1sr\u00f3l&nbsp; 9\/2017. (III. 6.) FM rendelet A borsz\u0151l\u0151 telep\u00edt\u00e9s\u00e9re \u00e9s kiv\u00e1g\u00e1s\u00e1ra vonatkoz\u00f3 szab\u00e1lyokr\u00f3l&nbsp; 49\/2017. (IX.&hellip;","_links":{"self":[{"href":"https:\/\/konyvtar-kvik.uni-bge.hu\/en\/wp-json\/wp\/v2\/pages\/200","targetHints":{"allow":["GET"]}}],"collection":[{"href":"https:\/\/konyvtar-kvik.uni-bge.hu\/en\/wp-json\/wp\/v2\/pages"}],"about":[{"href":"https:\/\/konyvtar-kvik.uni-bge.hu\/en\/wp-json\/wp\/v2\/types\/page"}],"author":[{"embeddable":true,"href":"https:\/\/konyvtar-kvik.uni-bge.hu\/en\/wp-json\/wp\/v2\/users\/1"}],"replies":[{"embeddable":true,"href":"https:\/\/konyvtar-kvik.uni-bge.hu\/en\/wp-json\/wp\/v2\/comments?post=200"}],"version-history":[{"count":4,"href":"https:\/\/konyvtar-kvik.uni-bge.hu\/en\/wp-json\/wp\/v2\/pages\/200\/revisions"}],"predecessor-version":[{"id":1843,"href":"https:\/\/konyvtar-kvik.uni-bge.hu\/en\/wp-json\/wp\/v2\/pages\/200\/revisions\/1843"}],"wp:attachment":[{"href":"https:\/\/konyvtar-kvik.uni-bge.hu\/en\/wp-json\/wp\/v2\/media?parent=200"}],"curies":[{"name":"wp","href":"https:\/\/api.w.org\/{rel}","templated":true}]}}