{"id":1921,"date":"2024-08-30T11:05:46","date_gmt":"2024-08-30T09:05:46","guid":{"rendered":"https:\/\/konyvtar-kvik.uni-bge.hu\/?page_id=1921"},"modified":"2024-08-30T11:05:47","modified_gmt":"2024-08-30T09:05:47","slug":"2005-2","status":"publish","type":"page","link":"https:\/\/konyvtar-kvik.uni-bge.hu\/en\/2005-2\/","title":{"rendered":"2005"},"content":{"rendered":"<h2 class=\"wp-block-heading has-text-align-center top-10\">A 2005\/1 sz\u00e1m tartalma<\/h2>\n\n\n\n<h3 class=\"wp-block-heading\">Turizmus<\/h3>\n\n\n\n<p>* \u00daj t\u00e1vlatok az ifj\u00fas\u00e1gi \u00e9s di\u00e1kutaztat\u00e1s ter\u00fclet\u00e9n<br>* Eg\u00e9szs\u00e9gturizmus Ausztri\u00e1ban<br>* Az eur\u00f3pai \u00fczleti utaz\u00e1si piac<br>* P\u00e1rizs k\u00fclv\u00e1rosa megny\u00edlik a turizmus el\u0151tt<\/p>\n\n\n\n<h3 class=\"wp-block-heading\">Utaztat\u00e1s<\/h3>\n\n\n\n<p>* T\u00f6rp\u00e9k \u00e9s \u00f3ri\u00e1sok<br>* Az internet hat\u00e1sa az utaz\u00e1si irod\u00e1kra<\/p>\n\n\n\n<h3 class=\"wp-block-heading\">Marketing<\/h3>\n\n\n\n<p>* \u00dcd\u00fcl\u0151helyre telep\u00fclt f\u00fcrd\u0151helyek marketingje<br>* A falusi turizmus marketingje P\u00e9nz\u00fcgy<br>* Az USA sz\u00e1ll\u00e1shely-ipari v\u00e1llalkoz\u00e1sainak befektet\u00e9si lehet\u0151s\u00e9gei \u00e9s hossz\u00fa t\u00e1v\u00fa ad\u00f3ss\u00e1g\u00e1llom\u00e1ny\u00e1val kapcsolatos d\u00f6nt\u00e9se<\/p>\n\n\n\n<h3 class=\"wp-block-heading\">Hum\u00e1n er\u0151forr\u00e1s<\/h3>\n\n\n\n<p>* Francia \u00e9s brit menedzserek kult\u00farak\u00f6zi \u00f6sszehasonl\u00edt\u00e1sa, avagy a fels\u0151oktat\u00e1s hat\u00e1sa a menedzsment munkast\u00edlus\u00e1ra<br>* Trendek \u00e9s vitapontok az idegenforgalmi \u00e9s vend\u00e9gl\u00e1t\u00f3ipari fels\u0151oktat\u00e1sban : a j\u00f6v\u0151 l\u00e1tom\u00e1sa<\/p>\n\n\n\n<h3 class=\"wp-block-heading\">Min\u0151s\u00e9gbiztos\u00edt\u00e1s<\/h3>\n\n\n\n<p>* Vajon h\u0171s\u00e9gesek-e az \u00f6n el\u00e9gedett \u00fcgyfelei?<br><\/p>\n\n\n\n<h2 class=\"wp-block-heading has-text-align-center top-10\">2005\/2 sz\u00e1m tartalma<\/h2>\n\n\n\n<h3 class=\"wp-block-heading\">Turizmus<\/h3>\n\n\n\n<p>* Munkaer\u0151-piaci dilemm\u00e1k az idegenforgalomban &#8211; Ausztria p\u00e9ld\u00e1ja nyom\u00e1n<\/p>\n\n\n\n<h3 class=\"wp-block-heading\">Sz\u00e1ll\u00e1shely &#8211; vend\u00e9gl\u00e1t\u00e1s<\/h3>\n\n\n\n<p>* El\u0151rejelz\u00e9s a sz\u00e1llodai bev\u00e9tel-menedzsment ter\u00fclet\u00e9n<br>* Sz\u00e1m\u00edt\u00e1stechnika alkalmaz\u00e1sa a sz\u00e1ll\u00e1shely-szektorban<br>* A kis- \u00e9s k\u00f6z\u00e9pv\u00e1llalkoz\u00e1sok, \u00e9s a n\u00f6veked\u00e9s. Esettanulm\u00e1ny D\u00e9l-Tirol p\u00e9ld\u00e1j\u00e1n<\/p>\n\n\n\n<h3 class=\"wp-block-heading\">Ter\u00fcletfejleszt\u00e9s &#8211; fenntarthat\u00f3 fejl\u0151d\u00e9s<\/h3>\n\n\n\n<p>* Idegenforgalmi desztin\u00e1ci\u00f3k versenyk\u00e9pess\u00e9g\u00e9nek \u00f6sszehasonl\u00edt\u00e1sa kvantitat\u00edv megk\u00f6zel\u00edt\u00e9ssel<\/p>\n\n\n\n<h3 class=\"wp-block-heading\">Marketing<\/h3>\n\n\n\n<p>* A turist\u00e1k jellemz\u0151i \u00e9s az idegenforgalmi desztin\u00e1ci\u00f3kr\u00f3l kialak\u00edtott k\u00e9p &#8211; kvantitat\u00edv megk\u00f6zel\u00edt\u00e9ssel<br>* Vend\u00e9galap\u00fa \u00e9ttermi m\u00e1rka-\u00e9rt\u00e9kbecsl\u00e9s<\/p>\n\n\n\n<h3 class=\"wp-block-heading\">Hum\u00e1n er\u0151forr\u00e1s<\/h3>\n\n\n\n<p>* V\u00e1llalati hat\u00e9konys\u00e1g el\u0151mozd\u00edt\u00e1sa \u00e9s a tud\u00e1smenedzsment<br>* Munkaer\u0151beoszt\u00e1s-k\u00e9sz\u00edt\u00e9si id\u0151k\u00f6z\u00f6k a sz\u00e1ll\u00e1shely-szektorban<\/p>\n\n\n\n<h3 class=\"wp-block-heading\">Min\u0151s\u00e9gbiztos\u00edt\u00e1s<\/h3>\n\n\n\n<p>* A sz\u00e1llodai szolg\u00e1ltat\u00e1sok min\u0151s\u00e9g\u00e9nek integr\u00e1lt vizsg\u00e1lata<br><\/p>\n\n\n\n<h2 class=\"wp-block-heading has-text-align-center top-10\">A 2005\/3 sz\u00e1m tartalma<\/h2>\n\n\n\n<h3 class=\"wp-block-heading\">Turizmus<\/h3>\n\n\n\n<p>* Az agroturisztikai v\u00e1llalkoz\u00f3k motiv\u00e1ci\u00f3i<br>* K\u00e1osz, kr\u00edzis \u00e9s katasztr\u00f3fa, avagy strat\u00e9giai v\u00e1l\u00e1s\u00e1gmenedzsel\u00e9s az idegenforgalomban<br>* Az eur\u00f3pai gasztroturizmus \u00e1ttekint\u00e9se, 2004<\/p>\n\n\n\n<h3 class=\"wp-block-heading\">Sz\u00e1ll\u00e1shely<\/h3>\n\n\n\n<p>* A sz\u00e1ll\u00e1shelyipari strat\u00e9giai menedzsmenttel foglalkoz\u00f3 2002-2003-as szakirodalom \u00e1ttekint\u00e9se<br>* Hozammenedzsel\u00e9si m\u00f3dszerek megval\u00f3s\u00edt\u00e1sa szolg\u00e1ltat\u00f3ipari v\u00e1llalkoz\u00e1sokn\u00e1l &#8211; egy jelent\u0151s sz\u00e1llodal\u00e1nc empirikus vizsg\u00e1lat\u00e1nak eredm\u00e9nyei<\/p>\n\n\n\n<h3 class=\"wp-block-heading\">K\u00f6zleked\u00e9s<\/h3>\n\n\n\n<p>* Az utasok v\u00e9lem\u00e9nye a l\u00e9giforgalmi sz\u00f6vets\u00e9gek el\u0151nyeir\u0151l \u00e9s teljes\u00edtm\u00e9ny\u00e9r\u0151l<br>* Turistamotiv\u00e1ci\u00f3k \u00e9s visszat\u00e9r\u0151 l\u00e1togat\u00e1s Hong Kongban<\/p>\n\n\n\n<h3 class=\"wp-block-heading\">Hum\u00e1n er\u0151forr\u00e1s<\/h3>\n\n\n\n<p>* Az egy\u00e9ni er\u0151fesz\u00edt\u00e9s \u00e9rv\u00e9nyre juttat\u00e1sa a csoportos tanul\u00e1s sor\u00e1n<\/p>\n\n\n\n<h3 class=\"wp-block-heading\">Min\u0151s\u00e9gbiztos\u00edt\u00e1s<\/h3>\n\n\n\n<p>* A bizalom, mint a fogyaszt\u00f3 \u00e9s a szolg\u00e1ltat\u00f3k k\u00f6z\u00f6tti kapcsolatok kulcseleme<\/p>\n\n\n\n<h2 class=\"wp-block-heading has-text-align-center top-10\">A 2005\/4 sz\u00e1m tartalma<\/h2>\n\n\n\n<h3 class=\"wp-block-heading\">Turizmus<\/h3>\n\n\n\n<p>* A KKV-k j\u00f6v\u0151je az idegenforgalomban<br>* Kritikai \u00e9szrev\u00e9telek a mega-rendezv\u00e9nyek gazdas\u00e1gi hat\u00e1selemz\u00e9s\u00e9hez<br>* A koreai borpiac<br>* Innov\u00e1ci\u00f3 \u00e9s turizmus<\/p>\n\n\n\n<h3 class=\"wp-block-heading\">Hospitality<\/h3>\n\n\n\n<p>* \u00c9ttermi j\u00f6vedelemmenedzsel\u00e9si m\u00f3dszerek bevezet\u00e9se<\/p>\n\n\n\n<h3 class=\"wp-block-heading\">Sz\u00e1ll\u00e1shely<\/h3>\n\n\n\n<p>* Sz\u00e1llod\u00e1k termel\u00e9kenys\u00e9ge &#8211; a szoba\u00e9rt\u00e9kes\u00edt\u00e9si r\u00e9szlegek tev\u00e9kenys\u00e9g\u00e9nek elemz\u00e9se DEA-m\u00f3dszerrel<br>* Sz\u00e1llodal\u00e1ncok vagy egy\u00e9ni sz\u00e1llod\u00e1k<\/p>\n\n\n\n<h3 class=\"wp-block-heading\">Marketing<\/h3>\n\n\n\n<p>* Kock\u00e1zattudatoss\u00e1g \u00e9s kr\u00edzistervez\u00e9s a fogad\u00f3ter\u00fcleten<\/p>\n\n\n\n<h3 class=\"wp-block-heading\">Ter\u00fcletfejleszt\u00e9s &#8211; fenntarthat\u00f3 fejl\u0151d\u00e9s<\/h3>\n\n\n\n<p>* A szolg\u00e1ltat\u00f3ipar szerepe a r\u00e9gi\u00f3k gazdas\u00e1g\u00e1ban \u00e9s a r\u00e9gi\u00f3 \u00f6nazonoss\u00e1g\u00e1nak meghat\u00e1roz\u00e1s\u00e1ban<\/p>\n\n\n\n<h3 class=\"wp-block-heading\">Hum\u00e1n er\u0151forr\u00e1s<\/h3>\n\n\n\n<p>* V\u00e1llalkoz\u00f3i alap- \u00e9s tov\u00e1bbk\u00e9pz\u00e9s a turizmusban<\/p>\n\n\n\n<p><\/p>","protected":false},"excerpt":{"rendered":"<p>A 2005\/1 sz\u00e1m tartalma Turizmus * \u00daj t\u00e1vlatok az ifj\u00fas\u00e1gi \u00e9s di\u00e1kutaztat\u00e1s ter\u00fclet\u00e9n* Eg\u00e9szs\u00e9gturizmus Ausztri\u00e1ban* Az eur\u00f3pai \u00fczleti utaz\u00e1si piac* P\u00e1rizs k\u00fclv\u00e1rosa megny\u00edlik a turizmus el\u0151tt Utaztat\u00e1s * T\u00f6rp\u00e9k \u00e9s \u00f3ri\u00e1sok* Az internet hat\u00e1sa az utaz\u00e1si irod\u00e1kra Marketing * \u00dcd\u00fcl\u0151helyre telep\u00fclt f\u00fcrd\u0151helyek marketingje* A falusi turizmus marketingje P\u00e9nz\u00fcgy* Az USA sz\u00e1ll\u00e1shely-ipari v\u00e1llalkoz\u00e1sainak befektet\u00e9si lehet\u0151s\u00e9gei \u00e9s hossz\u00fa t\u00e1v\u00fa ad\u00f3ss\u00e1g\u00e1llom\u00e1ny\u00e1val kapcsolatos d\u00f6nt\u00e9se Hum\u00e1n er\u0151forr\u00e1s * Francia \u00e9s brit menedzserek kult\u00farak\u00f6zi \u00f6sszehasonl\u00edt\u00e1sa, avagy a fels\u0151oktat\u00e1s hat\u00e1sa a menedzsment munkast\u00edlus\u00e1ra* Trendek \u00e9s vitapontok az idegenforgalmi \u00e9s vend\u00e9gl\u00e1t\u00f3ipari fels\u0151oktat\u00e1sban :&hellip;<\/p>","protected":false},"author":1,"featured_media":0,"parent":0,"menu_order":0,"comment_status":"closed","ping_status":"closed","template":"","meta":{"_uag_custom_page_level_css":"","footnotes":""},"class_list":["post-1921","page","type-page","status-publish","hentry"],"uagb_featured_image_src":{"full":false,"thumbnail":false,"medium":false,"medium_large":false,"large":false,"news_plugin_small":false,"tf-client-image-size":false,"1536x1536":false,"2048x2048":false,"trp-custom-language-flag":false,"post-thumbnail":false,"idolcorp-full-width":false,"idolcorp-ourfeatures-thumb":false,"idolcorp-mediumblog-thumb":false},"uagb_author_info":{"display_name":"admin","author_link":"https:\/\/konyvtar-kvik.uni-bge.hu\/en\/author\/admin\/"},"uagb_comment_info":0,"uagb_excerpt":"A 2005\/1 sz\u00e1m tartalma Turizmus * \u00daj t\u00e1vlatok az ifj\u00fas\u00e1gi \u00e9s di\u00e1kutaztat\u00e1s ter\u00fclet\u00e9n* Eg\u00e9szs\u00e9gturizmus Ausztri\u00e1ban* Az eur\u00f3pai \u00fczleti utaz\u00e1si piac* P\u00e1rizs k\u00fclv\u00e1rosa megny\u00edlik a turizmus el\u0151tt Utaztat\u00e1s * T\u00f6rp\u00e9k \u00e9s \u00f3ri\u00e1sok* Az internet hat\u00e1sa az utaz\u00e1si irod\u00e1kra Marketing * \u00dcd\u00fcl\u0151helyre telep\u00fclt f\u00fcrd\u0151helyek marketingje* A falusi turizmus marketingje P\u00e9nz\u00fcgy* Az USA sz\u00e1ll\u00e1shely-ipari v\u00e1llalkoz\u00e1sainak befektet\u00e9si lehet\u0151s\u00e9gei \u00e9s&hellip;","_links":{"self":[{"href":"https:\/\/konyvtar-kvik.uni-bge.hu\/en\/wp-json\/wp\/v2\/pages\/1921","targetHints":{"allow":["GET"]}}],"collection":[{"href":"https:\/\/konyvtar-kvik.uni-bge.hu\/en\/wp-json\/wp\/v2\/pages"}],"about":[{"href":"https:\/\/konyvtar-kvik.uni-bge.hu\/en\/wp-json\/wp\/v2\/types\/page"}],"author":[{"embeddable":true,"href":"https:\/\/konyvtar-kvik.uni-bge.hu\/en\/wp-json\/wp\/v2\/users\/1"}],"replies":[{"embeddable":true,"href":"https:\/\/konyvtar-kvik.uni-bge.hu\/en\/wp-json\/wp\/v2\/comments?post=1921"}],"version-history":[{"count":1,"href":"https:\/\/konyvtar-kvik.uni-bge.hu\/en\/wp-json\/wp\/v2\/pages\/1921\/revisions"}],"predecessor-version":[{"id":1922,"href":"https:\/\/konyvtar-kvik.uni-bge.hu\/en\/wp-json\/wp\/v2\/pages\/1921\/revisions\/1922"}],"wp:attachment":[{"href":"https:\/\/konyvtar-kvik.uni-bge.hu\/en\/wp-json\/wp\/v2\/media?parent=1921"}],"curies":[{"name":"wp","href":"https:\/\/api.w.org\/{rel}","templated":true}]}}