{"id":1919,"date":"2024-08-30T11:04:52","date_gmt":"2024-08-30T09:04:52","guid":{"rendered":"https:\/\/konyvtar-kvik.uni-bge.hu\/?page_id=1919"},"modified":"2024-08-30T11:04:53","modified_gmt":"2024-08-30T09:04:53","slug":"2004-2","status":"publish","type":"page","link":"https:\/\/konyvtar-kvik.uni-bge.hu\/en\/2004-2\/","title":{"rendered":"2004"},"content":{"rendered":"<h2 class=\"wp-block-heading has-text-align-center top-10\">A 2004\/1 sz\u00e1m tartalma<\/h2>\n\n\n\n<h3 class=\"wp-block-heading\">Turizmus<\/h3>\n\n\n\n<p>* A turisztikai n\u00f6veked\u00e9s strat\u00e9gi\u00e1i<br>* Ellent\u00e9tes strat\u00e9gi\u00e1k, avagy az idegenforgalom D\u00e1ni\u00e1ban \u00e9s Szingap\u00farban<br>* A kult\u00fara mint \u00e1rucikk<\/p>\n\n\n\n<h3 class=\"wp-block-heading\">P\u00e9nz\u00fcgy<\/h3>\n\n\n\n<p>* A Basel II lehets\u00e9ges hat\u00e1sai a v\u00e1llalatok hitelfinansz\u00edroz\u00e1s\u00e1ra, a bankfel\u00fcgyelet szemsz\u00f6g\u00e9b\u0151l<br>* A sz\u00e1llodai ingatlanfejleszt\u00e9si tr\u00f6szt\u00f6k nem rendszeres kock\u00e1zatait meghat\u00e1roz\u00f3 t\u00e9nyez\u0151k<\/p>\n\n\n\n<h3 class=\"wp-block-heading\">Sz\u00e1ll\u00e1shely<\/h3>\n\n\n\n<p>* Egy foglal\u00e1s \u00e1ra<br>* \u00daj tulajdoni forma a nyaral\u00f3ingatlanok piac\u00e1n: a priv\u00e1t rezidencia klubok<\/p>\n\n\n\n<h3 class=\"wp-block-heading\">Hospitality<\/h3>\n\n\n\n<p>* Az \u00e9lelmiszer-allergia jelent\u0151s\u00e9ge a vend\u00e9gl\u00e1t\u00e1s-menedzsment tananyag\u00e1ban<\/p>\n\n\n\n<h3 class=\"wp-block-heading\">Marketing<\/h3>\n\n\n\n<p>* A permission e-mail marketing<br>* Kapcsolati marketing<\/p>\n\n\n\n<h3 class=\"wp-block-heading\">Hum\u00e1n er\u0151forr\u00e1s<\/h3>\n\n\n\n<p>* Idegenforgalmi \u00e9s vend\u00e9gl\u00e1t\u00f3ipari k\u00e9pz\u00e9sfejleszt\u00e9s online oktat\u00e1si eszk\u00f6z\u00f6k seg\u00edts\u00e9g\u00e9vel<\/p>\n\n\n\n<h3 class=\"wp-block-heading\">Min\u0151s\u00e9gbiztos\u00edt\u00e1s<\/h3>\n\n\n\n<p>* A fogyaszt\u00f3i \u00e9rt\u00e9kmenedzsment szerepe a turisztikai c\u00e9lpontok versenyk\u00e9pess\u00e9g\u00e9nek alak\u00edt\u00e1s\u00e1ban<\/p>\n\n\n\n<h2 class=\"wp-block-heading has-text-align-center top-10\">A 2004\/2 sz\u00e1m tartalma<\/h2>\n\n\n\n<h3 class=\"wp-block-heading\">Turizmus<\/h3>\n\n\n\n<p>* Az idegenforgalmi tervez\u00e9s folyamata, a szervezett \u00e9rdekek, az \u00e1gazat szerkezete, az \u00e1llam lehet\u0151s\u00e9gei, a t\u0151kefelhalmoz\u00e1s \u00e9s a fenntarthat\u00f3s\u00e1g \u00f6sszef\u00fcgg\u00e9s\u00e9ben<br>* Dublin v\u00e1ltoz\u00f3 turizmusa<br>* Az idegenforgalmi specializ\u00e1ci\u00f3 hossz\u00fa t\u00e1v\u00fa jelent\u0151s\u00e9ge<br>* A turizmus \u00e9s az iszl\u00e1m vall\u00e1s \u00f6sszeegyeztet\u00e9se a Mal\u00e1j-f\u00e9lszigeten<\/p>\n\n\n\n<h3 class=\"wp-block-heading\">P\u00e9nz\u00fcgy<\/h3>\n\n\n\n<p>* Basel II. : Milyen saj\u00e1t eszk\u00f6z\u00f6ket kell a bankoknak turisztikai kisv\u00e1llalkoz\u00e1si hitelek eset\u00e9ben tartal\u00e9kolniuk<\/p>\n\n\n\n<h3 class=\"wp-block-heading\">Sz\u00e1ll\u00e1shely &#8211; vend\u00e9gl\u00e1t\u00e1s<\/h3>\n\n\n\n<p>* Mi a sikeres sz\u00e1lloda titka?<br>* Strat\u00e9giai sz\u00f6vets\u00e9g, mint vend\u00e9gl\u00e1t\u00f3ipari perspekt\u00edva<\/p>\n\n\n\n<h3 class=\"wp-block-heading\">Marketing<\/h3>\n\n\n\n<p>* A v\u00e1s\u00e1rl\u00f3i h\u0171s\u00e9g val\u00f3sz\u00edn\u0171s\u00e9ge a sz\u00e1llod\u00e1k v\u00e1llalatk\u00e9p\u00e9nek \u00e9s h\u00edrnev\u00e9nek f\u00fcggv\u00e9ny\u00e9ben<\/p>\n\n\n\n<h3 class=\"wp-block-heading\">Ter\u00fcletfejleszt\u00e9s<\/h3>\n\n\n\n<p>* A &#8222;N\u00e9met Nemzeti Parkok&#8221; v\u00e9djegy &#8211; mint turisztikai m\u00e1rka<br>* Ter\u00fcletfejleszt\u00e9si strat\u00e9gi\u00e1k: a spanyol turizmusmodellre gyakorolt fejl\u0151d\u00e9s\u00fck \u00e9s hat\u00e1suk \u00e9rt\u00e9kel\u00e9se<\/p>\n\n\n\n<h3 class=\"wp-block-heading\">Hum\u00e1n er\u0151forr\u00e1s<\/h3>\n\n\n\n<p>* A tanul\u00e1si hajlam \u00e9s a k\u00fclf\u00f6ld\u00f6n dolgoz\u00f3 sz\u00e1llodavezet\u0151k tapasztalata<br><\/p>\n\n\n\n<h2 class=\"wp-block-heading has-text-align-center top-10\">A 2004\/3 sz\u00e1m tartalma<\/h2>\n\n\n\n<h3 class=\"wp-block-heading\">Turizmus<\/h3>\n\n\n\n<p>* A szezon\u00e1lis koncentr\u00e1ci\u00f3 lebont\u00e1sa<br>* A vid\u00e9k \u00fajrafelfedez\u00e9se. N\u00e9met h\u00e9tv\u00e9gi h\u00e1z-tulajdonosok D\u00e9l-Sv\u00e9dorsz\u00e1gban<br>* A falusi turizmus g\u00e1tjai \u00e9s fejl\u0151d\u00e9si lehet\u0151s\u00e9gei a kereslet szemsz\u00f6g\u00e9b\u0151l Bulg\u00e1ri\u00e1ban, Rom\u00e1ni\u00e1ban \u00e9s Csehorsz\u00e1gban<br>* Az egy\u00e9ni utaz\u00e1s term\u00e9szete<\/p>\n\n\n\n<h3 class=\"wp-block-heading\">Sz\u00e1ll\u00e1shely &#8211; vend\u00e9gl\u00e1t\u00e1s<\/h3>\n\n\n\n<p>* \u00c1rkedvezm\u00e9nyek a sz\u00e1llodaiparban<br>* V\u00e1ls\u00e1gmenedzsel\u00e9si m\u00f3dszerek az izraeli sz\u00e1llodaiparban<\/p>\n\n\n\n<h3 class=\"wp-block-heading\">Marketing<\/h3>\n\n\n\n<p>* Rekl\u00e1mstrat\u00e9gi\u00e1k az idegenforgalomban<\/p>\n\n\n\n<h3 class=\"wp-block-heading\">Ter\u00fcletfejleszt\u00e9s &#8211; fenntarthat\u00f3 fejl\u0151d\u00e9s<\/h3>\n\n\n\n<p>* Az idegenforgalom \u00e9s a fenntarthat\u00f3 fejl\u0151d\u00e9s mutat\u00f3i<\/p>\n\n\n\n<h3 class=\"wp-block-heading\">Rendezv\u00e9nyszervez\u00e9s<\/h3>\n\n\n\n<p>* Benchmarking a rendezv\u00e9nyszervez\u00e9s ter\u00fclet\u00e9n<\/p>\n\n\n\n<h3 class=\"wp-block-heading\">Hum\u00e1n er\u0151forr\u00e1s<\/h3>\n\n\n\n<p>* Spanyol sz\u00e1llodai \u00e9s \u00e9ttermi vezet\u0151k szaktud\u00e1s\u00e1val szembeni elv\u00e1r\u00e1sok \u00e9s a vezet\u0151k tov\u00e1bbk\u00e9pz\u00e9si ig\u00e9nyei<\/p>\n\n\n\n<h2 class=\"wp-block-heading has-text-align-center top-10\">A 2004\/4 sz\u00e1m tartalma<\/h2>\n\n\n\n<h3 class=\"wp-block-heading\">Turizmus<\/h3>\n\n\n\n<p>* A SARS-j\u00e1rv\u00e1ny hat\u00e1sai a k\u00ednai idegenforgalomra<br>* Az &#8222;Ausztria &#8211; Eur\u00f3pa j\u00f3l\u00e9ti \u00fati c\u00e9lja&#8221; c. kezdem\u00e9nyez\u00e9s nemzeti jelent\u0151s\u00e9ge<br>* Min\u0151s\u00e9g \u00e9s eg\u00e9szs\u00e9gkompetencia az osztr\u00e1k k\u00fara- \u00e9s wellness-turizmusban<br>* A turisztikai szakfoly\u00f3iratok helye a tudom\u00e1ny \u00e9s a gyakorlat mezsgy\u00e9j\u00e9n<\/p>\n\n\n\n<h3 class=\"wp-block-heading\">Sz\u00e1ll\u00e1shely &#8211; vend\u00e9gl\u00e1t\u00e1s<\/h3>\n\n\n\n<p>* A sz\u00e1llod\u00e1k m\u00e1rka\u00e9p\u00edt\u00e9si strat\u00e9gi\u00e1j\u00e1nak kapcsolata a vend\u00e9gel\u00e9gedetts\u00e9ggel \u00e9s a szoba\u00e1r-bev\u00e9tellel<br>* A kiszervez\u00e9s \u00e9s hat\u00e1sai a Kan\u00e1ri-szigetek sz\u00e1llod\u00e1inak \u00fczemeltet\u00e9si c\u00e9ljaira \u00e9s teljes\u00edtm\u00e9ny\u00e9re<br>* Az Egyes\u00fclt Kir\u00e1lys\u00e1g sz\u00e1llodaingatlanainak \u00e1r\u00e1t meghat\u00e1roz\u00f3 t\u00e9nyez\u0151k : egy hedonikus \u00e9rt\u00e9kel\u00e9si modell<\/p>\n\n\n\n<h3 class=\"wp-block-heading\">Ter\u00fcletfejleszt\u00e9s &#8211; fenntarthat\u00f3 fejl\u0151d\u00e9s<\/h3>\n\n\n\n<p>* A fenntarthat\u00f3 turizmusfejleszt\u00e9s modellje. A multidiszciplin\u00e1ris turizmustudom\u00e1ny felel\u0151ss\u00e9ge<br>* Falusi turizmus Eur\u00f3p\u00e1ban<\/p>\n\n\n\n<h3 class=\"wp-block-heading\">Hum\u00e1n er\u0151forr\u00e1s<\/h3>\n\n\n\n<p>* Az iskolai \u00e9s munkahelyi k\u00f6vetelm\u00e9nyek \u00f6sszeegyeztet\u00e9se, avagy a dolgoz\u00f3 f\u0151iskolai hallgat\u00f3k \u00e9s a stressz<\/p>\n\n\n\n<h3 class=\"wp-block-heading\">Min\u0151s\u00e9gbiztos\u00edt\u00e1s<\/h3>\n\n\n\n<p>* Az \u00e9ttermi szolg\u00e1ltat\u00e1sok hi\u00e1nyoss\u00e1gainak \u00e9s a kik\u00fcsz\u00f6b\u00f6l\u00e9s\u00fckre tett er\u0151fesz\u00edt\u00e9sek \u00f6sszehasonl\u00edt\u00e1sa az USA \u00e9s \u00cdrorsz\u00e1g p\u00e9ld\u00e1j\u00e1n<br>* A desztin\u00e1ci\u00f3-benchmarking bemutat\u00e1sa, avagy egy konceptu\u00e1lis k\u00f6zel\u00edt\u00e9sm\u00f3d<\/p>","protected":false},"excerpt":{"rendered":"<p>A 2004\/1 sz\u00e1m tartalma Turizmus * A turisztikai n\u00f6veked\u00e9s strat\u00e9gi\u00e1i* Ellent\u00e9tes strat\u00e9gi\u00e1k, avagy az idegenforgalom D\u00e1ni\u00e1ban \u00e9s Szingap\u00farban* A kult\u00fara mint \u00e1rucikk P\u00e9nz\u00fcgy * A Basel II lehets\u00e9ges hat\u00e1sai a v\u00e1llalatok hitelfinansz\u00edroz\u00e1s\u00e1ra, a bankfel\u00fcgyelet szemsz\u00f6g\u00e9b\u0151l* A sz\u00e1llodai ingatlanfejleszt\u00e9si tr\u00f6szt\u00f6k nem rendszeres kock\u00e1zatait meghat\u00e1roz\u00f3 t\u00e9nyez\u0151k Sz\u00e1ll\u00e1shely * Egy foglal\u00e1s \u00e1ra* \u00daj tulajdoni forma a nyaral\u00f3ingatlanok piac\u00e1n: a priv\u00e1t rezidencia klubok Vend\u00e9gl\u00e1t\u00e1s * Az \u00e9lelmiszer-allergia jelent\u0151s\u00e9ge a vend\u00e9gl\u00e1t\u00e1s-menedzsment tananyag\u00e1ban Marketing * A permission e-mail marketing* Kapcsolati marketing Hum\u00e1n er\u0151forr\u00e1s * Idegenforgalmi \u00e9s vend\u00e9gl\u00e1t\u00f3ipari k\u00e9pz\u00e9sfejleszt\u00e9s online oktat\u00e1si eszk\u00f6z\u00f6k&hellip;<\/p>","protected":false},"author":1,"featured_media":0,"parent":0,"menu_order":0,"comment_status":"closed","ping_status":"closed","template":"","meta":{"_uag_custom_page_level_css":"","footnotes":""},"class_list":["post-1919","page","type-page","status-publish","hentry"],"uagb_featured_image_src":{"full":false,"thumbnail":false,"medium":false,"medium_large":false,"large":false,"news_plugin_small":false,"tf-client-image-size":false,"1536x1536":false,"2048x2048":false,"trp-custom-language-flag":false,"post-thumbnail":false,"idolcorp-full-width":false,"idolcorp-ourfeatures-thumb":false,"idolcorp-mediumblog-thumb":false},"uagb_author_info":{"display_name":"admin","author_link":"https:\/\/konyvtar-kvik.uni-bge.hu\/en\/author\/admin\/"},"uagb_comment_info":0,"uagb_excerpt":"A 2004\/1 sz\u00e1m tartalma Turizmus * A turisztikai n\u00f6veked\u00e9s strat\u00e9gi\u00e1i* Ellent\u00e9tes strat\u00e9gi\u00e1k, avagy az idegenforgalom D\u00e1ni\u00e1ban \u00e9s Szingap\u00farban* A kult\u00fara mint \u00e1rucikk P\u00e9nz\u00fcgy * A Basel II lehets\u00e9ges hat\u00e1sai a v\u00e1llalatok hitelfinansz\u00edroz\u00e1s\u00e1ra, a bankfel\u00fcgyelet szemsz\u00f6g\u00e9b\u0151l* A sz\u00e1llodai ingatlanfejleszt\u00e9si tr\u00f6szt\u00f6k nem rendszeres kock\u00e1zatait meghat\u00e1roz\u00f3 t\u00e9nyez\u0151k Sz\u00e1ll\u00e1shely * Egy foglal\u00e1s \u00e1ra* \u00daj tulajdoni forma a nyaral\u00f3ingatlanok piac\u00e1n:&hellip;","_links":{"self":[{"href":"https:\/\/konyvtar-kvik.uni-bge.hu\/en\/wp-json\/wp\/v2\/pages\/1919","targetHints":{"allow":["GET"]}}],"collection":[{"href":"https:\/\/konyvtar-kvik.uni-bge.hu\/en\/wp-json\/wp\/v2\/pages"}],"about":[{"href":"https:\/\/konyvtar-kvik.uni-bge.hu\/en\/wp-json\/wp\/v2\/types\/page"}],"author":[{"embeddable":true,"href":"https:\/\/konyvtar-kvik.uni-bge.hu\/en\/wp-json\/wp\/v2\/users\/1"}],"replies":[{"embeddable":true,"href":"https:\/\/konyvtar-kvik.uni-bge.hu\/en\/wp-json\/wp\/v2\/comments?post=1919"}],"version-history":[{"count":1,"href":"https:\/\/konyvtar-kvik.uni-bge.hu\/en\/wp-json\/wp\/v2\/pages\/1919\/revisions"}],"predecessor-version":[{"id":1920,"href":"https:\/\/konyvtar-kvik.uni-bge.hu\/en\/wp-json\/wp\/v2\/pages\/1919\/revisions\/1920"}],"wp:attachment":[{"href":"https:\/\/konyvtar-kvik.uni-bge.hu\/en\/wp-json\/wp\/v2\/media?parent=1919"}],"curies":[{"name":"wp","href":"https:\/\/api.w.org\/{rel}","templated":true}]}}