{"id":1917,"date":"2024-08-30T11:04:00","date_gmt":"2024-08-30T09:04:00","guid":{"rendered":"https:\/\/konyvtar-kvik.uni-bge.hu\/?page_id=1917"},"modified":"2024-08-30T11:04:02","modified_gmt":"2024-08-30T09:04:02","slug":"2003-2","status":"publish","type":"page","link":"https:\/\/konyvtar-kvik.uni-bge.hu\/en\/2003-2\/","title":{"rendered":"2003"},"content":{"rendered":"<h2 class=\"wp-block-heading has-text-align-center top-10\">2003\/1 sz\u00e1m tartalma<\/h2>\n\n\n\n<h3 class=\"wp-block-heading\">Turizmus<\/h3>\n\n\n\n<p>* Az osztr\u00e1k kiutaz\u00f3 turizmus<br>* AIPC 2002. Adatokra \u00e9s tapasztalatcser\u00e9re van sz\u00fcks\u00e9g<br>* A konferenciasz\u00e1llod\u00e1k kapacit\u00e1s-b\u0151v\u00edt\u00e9se<br>* Az osztr\u00e1k wellness-sz\u00e1llod\u00e1k k\u00edn\u00e1lat\u00e1nak elemz\u00e9se<\/p>\n\n\n\n<h3 class=\"wp-block-heading\">Sz\u00e1ll\u00e1shely<\/h3>\n\n\n\n<p>* Sz\u00e1llod\u00e1k N\u00e9metorsz\u00e1gban. Szabadid\u0151 ingatlanok, mint befektet\u00e9si javak<br>* Az \u00fcd\u00fcl\u00e9si jog (timeshare) \u00e1gazat fel\u00e9p\u00edt\u00e9se \u00e9s versenyk\u00e9pess\u00e9g\u00e9nek elemz\u00e9se<\/p>\n\n\n\n<h3 class=\"wp-block-heading\">Marketing<\/h3>\n\n\n\n<p>* Turisztikai m\u00e9di\u00e1k interkultur\u00e1lis n\u00e9z\u0151pontb\u00f3l<\/p>\n\n\n\n<h3 class=\"wp-block-heading\">K\u00f6rnyezetv\u00e9delem &#8211; \u00f6koturizmus &#8211; ter\u00fcletfejleszt\u00e9s<\/h3>\n\n\n\n<p>* Az \u00e1llami \u00e9s mag\u00e1nszf\u00e9ra egy\u00fcttm\u0171k\u00f6d\u00e9s\u00e9nek fejleszt\u00e9se az idegenforgalomban<br>* Az egy\u00e9ni \u00e9rdek \u00e9s a felel\u0151ss\u00e9g k\u00f6z\u00f6tti egyens\u00falyoz\u00e1s m\u0171v\u00e9szete<br>* Idegenforgalmi c\u00e9l\u00e1llom\u00e1sok, mint integr\u00e1lt rendszerek<br>* \u00c9rt\u00e9kel\u00e9si keretek kidolgoz\u00e1sa annak meg\u00e1llap\u00edt\u00e1sa c\u00e9lj\u00e1b\u00f3l, hogy mennyire haszn\u00e1lhat\u00f3 az \u00f6koturizmus a term\u00e9szetv\u00e9delem \u00e9s a fenntarthat\u00f3 fejl\u0151d\u00e9s eszk\u00f6zek\u00e9nt<\/p>\n\n\n\n<h3 class=\"wp-block-heading\">Min\u0151s\u00e9gbiztos\u00edt\u00e1s<\/h3>\n\n\n\n<p>* A szolg\u00e1ltat\u00e1s min\u0151s\u00e9g\u00e9ben \u00e9rz\u00e9kelt k\u00fcl\u00f6nbs\u00e9gek m\u00e9r\u00e9se. Gy\u00f3gyf\u00fcrd\u0151k Szlov\u00e9n\u00e1ban<br><\/p>\n\n\n\n<h2 class=\"wp-block-heading has-text-align-center top-10\">A 2003\/2 sz\u00e1m tartalma<\/h2>\n\n\n\n<h3 class=\"wp-block-heading\">Turizmus<\/h3>\n\n\n\n<p>* Az idegenforgalmi v\u00e1llalatok n\u00f6veked\u00e9s\u00e9nek elm\u00e9leti alapjai<br>* A szabadid\u0151-szociol\u00f3giai kutat\u00e1sok v\u00e9ge: n\u00e9h\u00e1ny el\u0151zetes meg\u00e1llap\u00edt\u00e1s<br>* Az \u00e1llam feladatai a turizmus m\u0171k\u00f6d\u00e9si keret\u00e9nek biztos\u00edt\u00e1s\u00e1ban<br>* Utaz\u00e1si motiv\u00e1ci\u00f3k \u00f6sszehasonl\u00edt\u00f3 elemz\u00e9se nemzetis\u00e9g \u00e9s c\u00e9l\u00e1llom\u00e1s szerint<br>* Kultur-turist\u00e1k, a kultur\u00e1lis int\u00e9zm\u00e9nyek marketingj\u00e9nek legfontosabb vend\u00e9gszegmense<br>* Kultur\u00e1lis turizmus Eur\u00f3p\u00e1ban<\/p>\n\n\n\n<h3 class=\"wp-block-heading\">Hospitality<\/h3>\n\n\n\n<p>* Egy \u00e9tterem telep\u00edt\u00e9si hely\u00e9nek kiv\u00e1laszt\u00e1sa<\/p>\n\n\n\n<h3 class=\"wp-block-heading\">Sz\u00e1ll\u00e1shely<\/h3>\n\n\n\n<p>* A hozammenedzsel\u00e9s \u00e9rz\u00e9kelt igazs\u00e1goss\u00e1ga<\/p>\n\n\n\n<h3 class=\"wp-block-heading\">Marketing<\/h3>\n\n\n\n<p>* M\u00e1rkab\u0151v\u00edt\u00e9s \u00e9s vend\u00e9gh\u0171s\u00e9g<br>* Az internet az idegenforgalmi piackutat\u00e1si adatok k\u00f6zvet\u00edt\u0151jek\u00e9nt is j\u00f3l haszn\u00e1lhat\u00f3<\/p>\n\n\n\n<h3 class=\"wp-block-heading\">K\u00f6rnyezetv\u00e9delem &#8211; \u00f6koturizmus &#8211; ter\u00fcletfejleszt\u00e9s<\/h3>\n\n\n\n<p>* A kiskereskedelmi \u00fczletek telep\u00edt\u00e9si helye, konkurencia, \u00e9s v\u00e1ros-\u00fajrafejleszt\u00e9s<\/p>\n\n\n\n<h3 class=\"wp-block-heading\">Min\u0151s\u00e9gbiztos\u00edt\u00e1s<\/h3>\n\n\n\n<p>* Az innov\u00e1ci\u00f3-hi\u00e1ny enyh\u00edt\u00e9se a turizmusban<br><\/p>\n\n\n\n<h2 class=\"wp-block-heading has-text-align-center top-10\">A 2003\/3 sz\u00e1m tartalma<\/h2>\n\n\n\n<h3 class=\"wp-block-heading\">Turizmus<\/h3>\n\n\n\n<p>* Gy\u00f3gyf\u00fcrd\u0151helyi turizmus K\u00f6z\u00e9p- \u00e9s Kelet-Eur\u00f3p\u00e1ban<br>* K\u00edna sz\u00e1llodaipara<br>* Kultur\u00e1lis turizmus tervez\u00e9s\u00e9nek szempontjai<br>* Eur\u00f3pai konferencia- \u00e9s incentive turizmus<\/p>\n\n\n\n<h3 class=\"wp-block-heading\">Sz\u00e1ll\u00e1shely<\/h3>\n\n\n\n<p>* Sz\u00e1ll\u00e1shelyek teljes\u00edtm\u00e9nye egy befektet\u00e9si portf\u00f3li\u00f3ban<br>* K\u00f6zz\u00e9tett RevPAR: megb\u00edzhatatlan m\u00e9r\u00e9sek, t\u00e9ves \u00e9rtelmez\u00e9sek \u00e9s a megold\u00e1s<\/p>\n\n\n\n<h3 class=\"wp-block-heading\">Marketing<\/h3>\n\n\n\n<p>* Gyenge marketing<br>* Desztin\u00e1ci\u00f3s portfoli\u00f3 elemz\u00e9s<br>* A szakma \u00e1ltal fenntartott desztin\u00e1ci\u00f3-marketing inform\u00e1ci\u00f3s rendszer modellje<\/p>\n\n\n\n<h3 class=\"wp-block-heading\">Hum\u00e1n er\u0151forr\u00e1s<\/h3>\n\n\n\n<p>* Nemzetk\u00f6zi turizmusf\u00f6ldrajz oktat\u00e1s az Internet seg\u00edts\u00e9g\u00e9vel<\/p>\n\n\n\n<h3 class=\"wp-block-heading\">Min\u0151s\u00e9gbiztos\u00edt\u00e1s<\/h3>\n\n\n\n<p>* A sz\u00e1llod\u00e1k \u00e9s az utaz\u00e1si irod\u00e1k k\u00f6z\u00f6tti \u00e9rt\u00e9kes kapcsolat megteremt\u00e9se<br>* A bizalom hat\u00e1sa a kultur\u00e1lisan soksz\u00edn\u0171 idegenforgalmi ipar\u00e1gban<br><\/p>\n\n\n\n<h2 class=\"wp-block-heading has-text-align-center top-10\">A 2003\/4 sz\u00e1m tartalma<\/h2>\n\n\n\n<h3 class=\"wp-block-heading\">Turizmus<\/h3>\n\n\n\n<p>* Turist\u00e1k \u00e9s helyi lakosok \u00e1ltal l\u00e1togatott bev\u00e1s\u00e1rl\u00f3negyedek<br>* Az eur\u00f3pai utaz\u00e1sszervez\u0151k jelent\u0151s befoly\u00e1sa a sz\u00e1ll\u00e1shelyeket \u00e9rt\u00e9kes\u00edt\u0151 c\u00e9gekre<\/p>\n\n\n\n<h3 class=\"wp-block-heading\">Sz\u00e1ll\u00e1shely &#8211; p\u00e9nz\u00fcgy<\/h3>\n\n\n\n<p>* Refinansz\u00edroz\u00e1s \u00e9s \u00e1tszervez\u00e9s a sz\u00e1llodaiparban<br>* A n\u00e9met sz\u00e1llodaipar a gazdas\u00e1gi \u00e9s idegenforgalmi recesszi\u00f3 szor\u00edt\u00e1s\u00e1ban<br>* Basel II, a v\u00e1llalatfinansz\u00edroz\u00e1s \u00faj szab\u00e1lyai<\/p>\n\n\n\n<h3 class=\"wp-block-heading\">Hospitality<\/h3>\n\n\n\n<p>* A francia vend\u00e9gl\u00e1t\u00e1s. Egy dinamikusan fejl\u0151d\u0151 szektor<\/p>\n\n\n\n<h3 class=\"wp-block-heading\">Marketing<\/h3>\n\n\n\n<p>* Nem vagyok &#8222;tipikus&#8221; turista &#8211; n\u00e9met turist\u00e1k \u00f6n\u00e9rt\u00e9kel\u00e9se, tev\u00e9kenys\u00e9gei \u00e9s motiv\u00e1ci\u00f3ja<br>* Az idegenforgalmi vezet\u00e9s inform\u00e1ci\u00f3-ell\u00e1t\u00e1sa marketingd\u00f6nt\u00e9seket t\u00e1mogat\u00f3 rendszerekkel<\/p>\n\n\n\n<h3 class=\"wp-block-heading\">Ter\u00fcletfejleszt\u00e9s &#8211; fenntarthat\u00f3 fejl\u0151d\u00e9s<\/h3>\n\n\n\n<p>* Az idegenforgalom \u00e9s a mez\u0151gazdas\u00e1g kapcsolata Mexik\u00f3ban<br>* Az idegenforgalmi tervez\u00e9s meg\u00edt\u00e9l\u00e9se; a Spanyolorsz\u00e1gi Cu\u00e9llar esete<br>* Versenyk\u00e9pess\u00e9g \u00e9s fenntarthat\u00f3s\u00e1g k\u00f6z\u00f6tt egyens\u00falyozva. Brugge idegenforgalmi politik\u00e1ja<br>* Hozz\u00e1j\u00e1rulhat-e a fesztiv\u00e1lturizmus a fenntarthat\u00f3, helyi gazdas\u00e1gi fejl\u0151d\u00e9shez?<\/p>\n\n\n\n<h3 class=\"wp-block-heading\">Hum\u00e1n er\u0151forr\u00e1s<\/h3>\n\n\n\n<p>* A sz\u00e1mszaki tant\u00e1rgyak sikeres befejez\u00e9s\u00e9t g\u00e1tl\u00f3 t\u00e9nyez\u0151k az Egyes\u00fclt \u00c1llamok fels\u0151fok\u00fa sz\u00e1llodaipari k\u00e9pz\u00e9s\u00e9ben<\/p>","protected":false},"excerpt":{"rendered":"<p>2003\/1 sz\u00e1m tartalma Turizmus * Az osztr\u00e1k kiutaz\u00f3 turizmus* AIPC 2002. Adatokra \u00e9s tapasztalatcser\u00e9re van sz\u00fcks\u00e9g* A konferenciasz\u00e1llod\u00e1k kapacit\u00e1s-b\u0151v\u00edt\u00e9se* Az osztr\u00e1k wellness-sz\u00e1llod\u00e1k k\u00edn\u00e1lat\u00e1nak elemz\u00e9se Sz\u00e1ll\u00e1shely * Sz\u00e1llod\u00e1k N\u00e9metorsz\u00e1gban. Szabadid\u0151 ingatlanok, mint befektet\u00e9si javak* Az \u00fcd\u00fcl\u00e9si jog (timeshare) \u00e1gazat fel\u00e9p\u00edt\u00e9se \u00e9s versenyk\u00e9pess\u00e9g\u00e9nek elemz\u00e9se Marketing * Turisztikai m\u00e9di\u00e1k interkultur\u00e1lis n\u00e9z\u0151pontb\u00f3l K\u00f6rnyezetv\u00e9delem &#8211; \u00f6koturizmus &#8211; ter\u00fcletfejleszt\u00e9s * Az \u00e1llami \u00e9s mag\u00e1nszf\u00e9ra egy\u00fcttm\u0171k\u00f6d\u00e9s\u00e9nek fejleszt\u00e9se az idegenforgalomban* Az egy\u00e9ni \u00e9rdek \u00e9s a felel\u0151ss\u00e9g k\u00f6z\u00f6tti egyens\u00falyoz\u00e1s m\u0171v\u00e9szete* Idegenforgalmi c\u00e9l\u00e1llom\u00e1sok, mint integr\u00e1lt rendszerek* \u00c9rt\u00e9kel\u00e9si keretek kidolgoz\u00e1sa annak meg\u00e1llap\u00edt\u00e1sa c\u00e9lj\u00e1b\u00f3l, hogy mennyire haszn\u00e1lhat\u00f3&hellip;<\/p>","protected":false},"author":1,"featured_media":0,"parent":0,"menu_order":0,"comment_status":"closed","ping_status":"closed","template":"","meta":{"_uag_custom_page_level_css":"","footnotes":""},"class_list":["post-1917","page","type-page","status-publish","hentry"],"uagb_featured_image_src":{"full":false,"thumbnail":false,"medium":false,"medium_large":false,"large":false,"news_plugin_small":false,"tf-client-image-size":false,"1536x1536":false,"2048x2048":false,"trp-custom-language-flag":false,"post-thumbnail":false,"idolcorp-full-width":false,"idolcorp-ourfeatures-thumb":false,"idolcorp-mediumblog-thumb":false},"uagb_author_info":{"display_name":"admin","author_link":"https:\/\/konyvtar-kvik.uni-bge.hu\/en\/author\/admin\/"},"uagb_comment_info":0,"uagb_excerpt":"2003\/1 sz\u00e1m tartalma Turizmus * Az osztr\u00e1k kiutaz\u00f3 turizmus* AIPC 2002. Adatokra \u00e9s tapasztalatcser\u00e9re van sz\u00fcks\u00e9g* A konferenciasz\u00e1llod\u00e1k kapacit\u00e1s-b\u0151v\u00edt\u00e9se* Az osztr\u00e1k wellness-sz\u00e1llod\u00e1k k\u00edn\u00e1lat\u00e1nak elemz\u00e9se Sz\u00e1ll\u00e1shely * Sz\u00e1llod\u00e1k N\u00e9metorsz\u00e1gban. Szabadid\u0151 ingatlanok, mint befektet\u00e9si javak* Az \u00fcd\u00fcl\u00e9si jog (timeshare) \u00e1gazat fel\u00e9p\u00edt\u00e9se \u00e9s versenyk\u00e9pess\u00e9g\u00e9nek elemz\u00e9se Marketing * Turisztikai m\u00e9di\u00e1k interkultur\u00e1lis n\u00e9z\u0151pontb\u00f3l K\u00f6rnyezetv\u00e9delem &#8211; \u00f6koturizmus &#8211; ter\u00fcletfejleszt\u00e9s * Az&hellip;","_links":{"self":[{"href":"https:\/\/konyvtar-kvik.uni-bge.hu\/en\/wp-json\/wp\/v2\/pages\/1917","targetHints":{"allow":["GET"]}}],"collection":[{"href":"https:\/\/konyvtar-kvik.uni-bge.hu\/en\/wp-json\/wp\/v2\/pages"}],"about":[{"href":"https:\/\/konyvtar-kvik.uni-bge.hu\/en\/wp-json\/wp\/v2\/types\/page"}],"author":[{"embeddable":true,"href":"https:\/\/konyvtar-kvik.uni-bge.hu\/en\/wp-json\/wp\/v2\/users\/1"}],"replies":[{"embeddable":true,"href":"https:\/\/konyvtar-kvik.uni-bge.hu\/en\/wp-json\/wp\/v2\/comments?post=1917"}],"version-history":[{"count":1,"href":"https:\/\/konyvtar-kvik.uni-bge.hu\/en\/wp-json\/wp\/v2\/pages\/1917\/revisions"}],"predecessor-version":[{"id":1918,"href":"https:\/\/konyvtar-kvik.uni-bge.hu\/en\/wp-json\/wp\/v2\/pages\/1917\/revisions\/1918"}],"wp:attachment":[{"href":"https:\/\/konyvtar-kvik.uni-bge.hu\/en\/wp-json\/wp\/v2\/media?parent=1917"}],"curies":[{"name":"wp","href":"https:\/\/api.w.org\/{rel}","templated":true}]}}