{"id":1915,"date":"2024-08-30T11:03:11","date_gmt":"2024-08-30T09:03:11","guid":{"rendered":"https:\/\/konyvtar-kvik.uni-bge.hu\/?page_id=1915"},"modified":"2024-08-30T11:03:12","modified_gmt":"2024-08-30T09:03:12","slug":"2002-2","status":"publish","type":"page","link":"https:\/\/konyvtar-kvik.uni-bge.hu\/en\/2002-2\/","title":{"rendered":"2002"},"content":{"rendered":"<h2 class=\"wp-block-heading has-text-align-center top-10\">2002\/1 sz\u00e1m tartalma<\/h2>\n\n\n\n<h3 class=\"wp-block-heading\">Turizmus &#8211; Utaztat\u00e1s<\/h3>\n\n\n\n<p>* Kult\u00fara, identit\u00e1s, idegenforgalmi bemutat\u00e1s<br>* Befoly\u00e1solja-e az \u00fati c\u00e9l kiv\u00e1laszt\u00e1s\u00e1t a turist\u00e1k kultur\u00e1lis h\u00e1ttere?<br>* A piaci r\u00e9szesed\u00e9s\u00e9rt harcolnak a nagy utaz\u00e1sszervez\u0151k Belgiumban \u00e9s Hollandi\u00e1ban<\/p>\n\n\n\n<h3 class=\"wp-block-heading\">Sz\u00e1ll\u00e1shely &#8211; Vend\u00e9gl\u00e1t\u00e1s<\/h3>\n\n\n\n<p>* Osztal\u00e9kpolitikai a kereskedelmi-sz\u00e1ll\u00e1shelyi szektorban<br>* A recesszi\u00f3 \u00e9s hat\u00e1sa a nemzetk\u00f6zi sz\u00e1llodaiparra<\/p>\n\n\n\n<h3 class=\"wp-block-heading\">Marketing<\/h3>\n\n\n\n<p>* Az \u00fczemeltet\u00e9s \u00e9s a marketing \u00f6sszehangol\u00e1sa<\/p>\n\n\n\n<h3 class=\"wp-block-heading\">K\u00f6rnyezetv\u00e9delem &#8211; \u00d6koturizmus &#8211; Ter\u00fcletfejleszt\u00e9s<\/h3>\n\n\n\n<p>* \u00c9szrev\u00e9telek &#8222;A Local Agenda 21&#8221;-hez<br>* Region\u00e1lis nemzeti parkok, mint saj\u00e1tos gazdas\u00e1gi fejleszt\u00e9si ter\u00fcletek<\/p>\n\n\n\n<h3 class=\"wp-block-heading\">Jog<\/h3>\n\n\n\n<p>* Az EU jogalkot\u00e1sa \u00e9s az idegenforgalmi szektor<\/p>\n\n\n\n<h3 class=\"wp-block-heading\">Oktat\u00e1s &#8211; Hum\u00e1n menedzsment<\/h3>\n\n\n\n<p>* Mi\u00e9rt tanulnak egyre t\u00f6bben tov\u00e1bb a vend\u00e9gl\u00e1t\u00e1s &#8211; sz\u00e1llodaipar ter\u00fclet\u00e9n?<br>* Nincs hat\u00e9kony munkaer\u0151 ut\u00e1np\u00f3tl\u00e1s val\u00f3di hum\u00e1ner\u0151forr\u00e1s-politika n\u00e9lk\u00fcl<\/p>\n\n\n\n<h3 class=\"wp-block-heading\">Min\u0151s\u00e9gbiztos\u00edt\u00e1s<\/h3>\n\n\n\n<p>* Az \u00e9ttermi kiszolg\u00e1l\u00e1s min\u0151s\u00e9ge \u00e9s a fogyaszt\u00f3i h\u0171s\u00e9g \u00f6sszef\u00fcgg\u00e9se<br><\/p>\n\n\n\n<h2 class=\"wp-block-heading has-text-align-center top-10\">2002\/2 sz\u00e1m tartalma<\/h2>\n\n\n\n<h3 class=\"wp-block-heading\">Turizmus<\/h3>\n\n\n\n<p>* Dr\u00e1gul\u00f3 rep\u00fcl\u0151utak &#8211; olcs\u00f3bb sz\u00e1llod\u00e1k<br>* A kicsi is lehet nagyszer\u0171<br>* Amikor a sz\u00fcrke\u00e1llom\u00e1nyt dolgoztatj\u00e1k<br>* Turisztikai szakemberek p\u00e1lyaelhagy\u00e1sa<\/p>\n\n\n\n<h3 class=\"wp-block-heading\">Utaztat\u00e1s<\/h3>\n\n\n\n<p>* Incentive utak &#8211; az \u00edrorsz\u00e1gi Vad Nyugat<br>* Haj\u00f3k az \u00e9lvonalban<br>* T\u00f6r\u00f6korsz\u00e1g-szak\u00e9rt\u0151k v\u00e1laszolnak: &#8222;Antalya legyen m\u00e1rkan\u00e9v!&#8221;<br>* A &#8222;z\u00e1szl\u00f3r\u00fad&#8221; v\u00e9ge<br>* A Preussag csal\u00f3dott<\/p>\n\n\n\n<h3 class=\"wp-block-heading\">Hospitality<\/h3>\n\n\n\n<p>* Hogyan menedzselik az \u00e9tterem-tulajdonosok a strat\u00e9giai kock\u00e1zatot<\/p>\n\n\n\n<h3 class=\"wp-block-heading\">Sz\u00e1ll\u00e1shely<\/h3>\n\n\n\n<p>* A sz\u00e1llodai befektet\u00e9sek hat\u00e9konys\u00e1g\u00e1nak n\u00f6vel\u00e9se<br>* A sz\u00e1llodai finansz\u00edroz\u00e1si k\u00f6lts\u00e9gek becsl\u00e9s\u00e9nek pontos\u00edt\u00e1sa<br>* A fejl\u0151d\u0151 timeshare-\u00e1gazat fontosabb k\u00e9rd\u00e9sei<br>* Kicsi a bors, de er\u0151s?<br>* V\u00e1rosi apartmanh\u00e1zak<\/p>\n\n\n\n<h3 class=\"wp-block-heading\">K\u00f6rnyezetv\u00e9delem &#8211; \u00d6koturizmus &#8211; Ter\u00fcletfejleszt\u00e9s<\/h3>\n\n\n\n<p>* Fenntarthat\u00f3s\u00e1g a sz\u00e1llodaiparban<br>* Idegenforgalom a Sv\u00e1jci Nemzeti Parkban &#8211; \u00fajabb es\u00e9ly a r\u00e9gi\u00f3 sz\u00e1m\u00e1ra?<br>* A nemzeti parkok hasznos\u00edt\u00e1sa<br>* A region\u00e1lis feloszt\u00e1s megval\u00f3s\u00edt\u00e1s\u00e1nak probl\u00e9m\u00e1ja \u00e9s kil\u00e1t\u00e1sai Tirol pl\u00e9d\u00e1j\u00e1n<\/p>\n\n\n\n<h3 class=\"wp-block-heading\">Marketing<\/h3>\n\n\n\n<p>* M\u00e1rkamenedzsment az alpesi turizmusban: sz\u00fcks\u00e9g van-e a c\u00e9lter\u00fcletek region\u00e1lis feloszt\u00e1s\u00e1ra?<\/p>\n\n\n\n<h3 class=\"wp-block-heading\">K\u00f6zleked\u00e9s<\/h3>\n\n\n\n<p>* \u00dct\u0151k\u00e9pes csapat alakul Hannoverben<br>* Az eur\u00f3pai rep\u00fcl\u0151terek n\u00f6veked\u00e9se<br>* Szeptember 11-e \u00f3ta elmaradoznak az utasok<br><\/p>\n\n\n\n<h2 class=\"wp-block-heading has-text-align-center top-10\">2002\/3 sz\u00e1m tartalma<\/h2>\n\n\n\n<h3 class=\"wp-block-heading\">Turizmus<\/h3>\n\n\n\n<p>* A t\u00e9ma-, \u00e9s sz\u00f3rakoztat\u00f3parkok j\u00f6v\u0151je<br>* Wellness turizmus: Az eg\u00e9szs\u00e9gturizmus k\u00fcl\u00f6nleges szegmens\u00e9nek piaci elemz\u00e9se \u00e9s \u00f6sszef\u00fcgg\u00e9sei a sz\u00e1llodaiparral<br>* A h\u00e1tizs\u00e1kos turizmus \u00e9s a harmadik vil\u00e1g fejl\u0151d\u00e9se<\/p>\n\n\n\n<h3 class=\"wp-block-heading\">Utaztat\u00e1s<\/h3>\n\n\n\n<p>* A c\u00e9gek felel\u0151ss\u00e9ge az Egyes\u00fclt Kir\u00e1lys\u00e1g idegenforgalm\u00e1ban<\/p>\n\n\n\n<h3 class=\"wp-block-heading\">Sz\u00e1ll\u00e1shely<\/h3>\n\n\n\n<p>* Biztos\u00edt\u00e1s \u00e9s kock\u00e1zatkezel\u00e9s a sz\u00e1llodaiparban<br>* Marketinghat\u00e9konys\u00e1g a horv\u00e1t sz\u00e1llodaiparban<\/p>\n\n\n\n<h3 class=\"wp-block-heading\">Marketing<\/h3>\n\n\n\n<p>* Az idegenforgalom \u00e9rt\u00e9kes\u00edt\u00e9si csatorn\u00e1i<\/p>\n\n\n\n<h3 class=\"wp-block-heading\">Ter\u00fcletfejleszt\u00e9s<\/h3>\n\n\n\n<p>* Az \u00fcd\u00fcl\u0151helyek \u00e9letciklus-modellj\u00e9nek fel\u00fclvizsg\u00e1lata<br>* Az idegenforgalom teherb\u00edr\u00e1sa: cs\u00e1b\u00edt\u00f3 fant\u00e1zia vagy hasznos realit\u00e1s<\/p>\n\n\n\n<h3 class=\"wp-block-heading\">Hum\u00e1n menedzsment<\/h3>\n\n\n\n<p>* Mit olvasnak a vezet\u0151k?<br>* A professzionalizmus fejleszt\u00e9se egy vend\u00e9gl\u00e1t\u00f3ipari f\u0151iskolai program keret\u00e9ben<br>* Vend\u00e9gl\u00e1t\u00f3ipari vezet\u0151k k\u00e9szs\u00e9gei<br><\/p>\n\n\n\n<h2 class=\"wp-block-heading has-text-align-center top-10\">2002\/4 sz\u00e1m tartalma<\/h2>\n\n\n\n<h3 class=\"wp-block-heading\">Turizmus<\/h3>\n\n\n\n<p>* Szabadid\u0151-ingatlanok a befektet\u00e9si piacon<br>* \u00c9rt\u00e9kcsoportok jelenl\u00e9te a szabadid\u0151-l\u00e9tes\u00edtm\u00e9nyek finansz\u00edroz\u00e1s\u00e1n\u00e1l<br>* Ki a borturista?<br>* Folyami turizmus Ile-de-France-ban<br>* Aqualand \u00e9s Caldea &#8211; a v\u00edzi szabadid\u0151s l\u00e9tes\u00edtm\u00e9nyek szerep\u00e9r\u0151l<br>* A falusi turizmus Spanyolorsz\u00e1gban<br>* Tal\u00e1lkoz\u00e1si csom\u00f3pontok: Malajzia \u00e9s Szingap\u00far<\/p>\n\n\n\n<h3 class=\"wp-block-heading\">K\u00f6zleked\u00e9s<\/h3>\n\n\n\n<p>* A vas\u00fat szerepe a k\u00f6zleked\u00e9si eszk\u00f6z kiv\u00e1laszt\u00e1s\u00e1ban k\u00f6zepesen nagy t\u00e1vols\u00e1g\u00fa utaz\u00e1sok eset\u00e9n<\/p>\n\n\n\n<h3 class=\"wp-block-heading\">Ter\u00fcletfejleszt\u00e9s<\/h3>\n\n\n\n<p>* Egy\u00fcttm\u0171k\u00f6d\u00e9sen alapul\u00f3 idegenforgalom-tervez\u00e9s<\/p>\n\n\n\n<h3 class=\"wp-block-heading\">Hospitality<\/h3>\n\n\n\n<p>* A kereslet alap\u00fa \u00e9ttermi \u00e1rk\u00e9pz\u00e9s m\u00e9lt\u00e1nyoss\u00e1g\u00e1nak meg\u00edt\u00e9l\u00e9se<\/p>\n\n\n\n<h3 class=\"wp-block-heading\">Hum\u00e1n menedzsment<\/h3>\n\n\n\n<p>* A nemek munkav\u00e1llal\u00f3i rugalmass\u00e1ga a sz\u00e1llodai front office-okban<\/p>\n\n\n\n<h3 class=\"wp-block-heading\">Marketing<\/h3>\n\n\n\n<p>* Az \u00fcd\u00fcl\u0151ker\u00fcletek \u00e9letciklusa \u00e9s strat\u00e9gi\u00e1i<\/p>\n\n\n\n<h3 class=\"wp-block-heading\">Utaztat\u00e1s<\/h3>\n\n\n\n<p>* Az \u00e9rt\u00e9ktermel\u00e9s nem ismer hat\u00e1rokat<\/p>","protected":false},"excerpt":{"rendered":"<p>2002\/1 sz\u00e1m tartalma Turizmus &#8211; Utaztat\u00e1s * Kult\u00fara, identit\u00e1s, idegenforgalmi bemutat\u00e1s* Befoly\u00e1solja-e az \u00fati c\u00e9l kiv\u00e1laszt\u00e1s\u00e1t a turist\u00e1k kultur\u00e1lis h\u00e1ttere?* A piaci r\u00e9szesed\u00e9s\u00e9rt harcolnak a nagy utaz\u00e1sszervez\u0151k Belgiumban \u00e9s Hollandi\u00e1ban Sz\u00e1ll\u00e1shely &#8211; Vend\u00e9gl\u00e1t\u00e1s * Osztal\u00e9kpolitikai a kereskedelmi-sz\u00e1ll\u00e1shelyi szektorban* A recesszi\u00f3 \u00e9s hat\u00e1sa a nemzetk\u00f6zi sz\u00e1llodaiparra Marketing * Az \u00fczemeltet\u00e9s \u00e9s a marketing \u00f6sszehangol\u00e1sa K\u00f6rnyezetv\u00e9delem &#8211; \u00d6koturizmus &#8211; Ter\u00fcletfejleszt\u00e9s * \u00c9szrev\u00e9telek &#8222;A Local Agenda 21&#8221;-hez* Region\u00e1lis nemzeti parkok, mint saj\u00e1tos gazdas\u00e1gi fejleszt\u00e9si ter\u00fcletek Jog * Az EU jogalkot\u00e1sa \u00e9s az idegenforgalmi szektor Oktat\u00e1s &#8211; Hum\u00e1n menedzsment&hellip;<\/p>","protected":false},"author":1,"featured_media":0,"parent":0,"menu_order":0,"comment_status":"closed","ping_status":"closed","template":"","meta":{"_uag_custom_page_level_css":"","footnotes":""},"class_list":["post-1915","page","type-page","status-publish","hentry"],"uagb_featured_image_src":{"full":false,"thumbnail":false,"medium":false,"medium_large":false,"large":false,"news_plugin_small":false,"tf-client-image-size":false,"1536x1536":false,"2048x2048":false,"trp-custom-language-flag":false,"post-thumbnail":false,"idolcorp-full-width":false,"idolcorp-ourfeatures-thumb":false,"idolcorp-mediumblog-thumb":false},"uagb_author_info":{"display_name":"admin","author_link":"https:\/\/konyvtar-kvik.uni-bge.hu\/en\/author\/admin\/"},"uagb_comment_info":0,"uagb_excerpt":"2002\/1 sz\u00e1m tartalma Turizmus &#8211; Utaztat\u00e1s * Kult\u00fara, identit\u00e1s, idegenforgalmi bemutat\u00e1s* Befoly\u00e1solja-e az \u00fati c\u00e9l kiv\u00e1laszt\u00e1s\u00e1t a turist\u00e1k kultur\u00e1lis h\u00e1ttere?* A piaci r\u00e9szesed\u00e9s\u00e9rt harcolnak a nagy utaz\u00e1sszervez\u0151k Belgiumban \u00e9s Hollandi\u00e1ban Sz\u00e1ll\u00e1shely &#8211; Vend\u00e9gl\u00e1t\u00e1s * Osztal\u00e9kpolitikai a kereskedelmi-sz\u00e1ll\u00e1shelyi szektorban* A recesszi\u00f3 \u00e9s hat\u00e1sa a nemzetk\u00f6zi sz\u00e1llodaiparra Marketing * Az \u00fczemeltet\u00e9s \u00e9s a marketing \u00f6sszehangol\u00e1sa K\u00f6rnyezetv\u00e9delem &#8211;&hellip;","_links":{"self":[{"href":"https:\/\/konyvtar-kvik.uni-bge.hu\/en\/wp-json\/wp\/v2\/pages\/1915","targetHints":{"allow":["GET"]}}],"collection":[{"href":"https:\/\/konyvtar-kvik.uni-bge.hu\/en\/wp-json\/wp\/v2\/pages"}],"about":[{"href":"https:\/\/konyvtar-kvik.uni-bge.hu\/en\/wp-json\/wp\/v2\/types\/page"}],"author":[{"embeddable":true,"href":"https:\/\/konyvtar-kvik.uni-bge.hu\/en\/wp-json\/wp\/v2\/users\/1"}],"replies":[{"embeddable":true,"href":"https:\/\/konyvtar-kvik.uni-bge.hu\/en\/wp-json\/wp\/v2\/comments?post=1915"}],"version-history":[{"count":1,"href":"https:\/\/konyvtar-kvik.uni-bge.hu\/en\/wp-json\/wp\/v2\/pages\/1915\/revisions"}],"predecessor-version":[{"id":1916,"href":"https:\/\/konyvtar-kvik.uni-bge.hu\/en\/wp-json\/wp\/v2\/pages\/1915\/revisions\/1916"}],"wp:attachment":[{"href":"https:\/\/konyvtar-kvik.uni-bge.hu\/en\/wp-json\/wp\/v2\/media?parent=1915"}],"curies":[{"name":"wp","href":"https:\/\/api.w.org\/{rel}","templated":true}]}}