{"id":190,"date":"2022-05-12T09:12:59","date_gmt":"2022-05-12T09:12:59","guid":{"rendered":"http:\/\/local.konyvtar\/?page_id=190"},"modified":"2022-05-31T13:41:02","modified_gmt":"2022-05-31T13:41:02","slug":"segedletek","status":"publish","type":"page","link":"https:\/\/konyvtar-kvik.uni-bge.hu\/en\/segedletek\/","title":{"rendered":"Guides"},"content":{"rendered":"<p><strong>GUIDES<\/strong><\/p>\n\n\n\n<figure class=\"wp-block-table\"><table><tbody><tr><td class=\"has-text-align-center\" data-align=\"center\"><img decoding=\"async\" src=\"\/wp-content\/uploads\/2022\/05\/word.jpg\" alt=\"\">&nbsp;<\/td><td><a href=\"\/wp-content\/uploads\/2022\/05\/utm_google_naptar.doc\" target=\"_blank\" rel=\"noreferrer noopener\">Guide to using Google Calendar (Hungarian)<\/a><\/td><\/tr><tr><td class=\"has-text-align-center\" data-align=\"center\"><img decoding=\"async\" src=\"\/wp-content\/uploads\/2022\/05\/word.jpg\" alt=\"\">&nbsp;<\/td><td><a href=\"\/wp-content\/uploads\/2022\/05\/utm_sdi_hasznalat.doc\" target=\"_blank\" rel=\"noreferrer noopener\">Guide to SDI (Selective Dissemination of Information) service (Hungarian)<\/a>&nbsp;<\/td><\/tr><tr><td class=\"has-text-align-center\" data-align=\"center\"><img decoding=\"async\" src=\"\/wp-content\/uploads\/2022\/05\/pdf.jpg\" alt=\"\">&nbsp;<\/td><td><a href=\"\/wp-content\/uploads\/2022\/05\/utmutato_webopac.pdf\" target=\"_blank\" rel=\"noreferrer noopener\">Guide to using our online catalog (Hungarian)<\/a>&nbsp;<\/td><\/tr><\/tbody><\/table><\/figure>","protected":false},"excerpt":{"rendered":"<p>SEG\u00c9DLETEK &nbsp;\u00datmutat\u00f3 a Google-napt\u00e1r haszn\u00e1lat\u00e1hoz&nbsp;\u00datmutat\u00f3 a t\u00e9mafigyel\u00e9s (SDI)szolg\u00e1ltat\u00e1shoz&nbsp;&nbsp;\u00datmutat\u00f3 a web-opac haszn\u00e1lat\u00e1hoz&nbsp;<\/p>","protected":false},"author":1,"featured_media":0,"parent":0,"menu_order":0,"comment_status":"closed","ping_status":"closed","template":"","meta":{"_uag_custom_page_level_css":"","footnotes":""},"class_list":["post-190","page","type-page","status-publish","hentry"],"uagb_featured_image_src":{"full":false,"thumbnail":false,"medium":false,"medium_large":false,"large":false,"news_plugin_small":false,"tf-client-image-size":false,"1536x1536":false,"2048x2048":false,"trp-custom-language-flag":false,"post-thumbnail":false,"idolcorp-full-width":false,"idolcorp-ourfeatures-thumb":false,"idolcorp-mediumblog-thumb":false},"uagb_author_info":{"display_name":"admin","author_link":"https:\/\/konyvtar-kvik.uni-bge.hu\/en\/author\/admin\/"},"uagb_comment_info":0,"uagb_excerpt":"SEG\u00c9DLETEK &nbsp;\u00datmutat\u00f3 a Google-napt\u00e1r haszn\u00e1lat\u00e1hoz&nbsp;\u00datmutat\u00f3 a t\u00e9mafigyel\u00e9s (SDI)szolg\u00e1ltat\u00e1shoz&nbsp;&nbsp;\u00datmutat\u00f3 a web-opac haszn\u00e1lat\u00e1hoz&nbsp;","_links":{"self":[{"href":"https:\/\/konyvtar-kvik.uni-bge.hu\/en\/wp-json\/wp\/v2\/pages\/190","targetHints":{"allow":["GET"]}}],"collection":[{"href":"https:\/\/konyvtar-kvik.uni-bge.hu\/en\/wp-json\/wp\/v2\/pages"}],"about":[{"href":"https:\/\/konyvtar-kvik.uni-bge.hu\/en\/wp-json\/wp\/v2\/types\/page"}],"author":[{"embeddable":true,"href":"https:\/\/konyvtar-kvik.uni-bge.hu\/en\/wp-json\/wp\/v2\/users\/1"}],"replies":[{"embeddable":true,"href":"https:\/\/konyvtar-kvik.uni-bge.hu\/en\/wp-json\/wp\/v2\/comments?post=190"}],"version-history":[{"count":3,"href":"https:\/\/konyvtar-kvik.uni-bge.hu\/en\/wp-json\/wp\/v2\/pages\/190\/revisions"}],"predecessor-version":[{"id":328,"href":"https:\/\/konyvtar-kvik.uni-bge.hu\/en\/wp-json\/wp\/v2\/pages\/190\/revisions\/328"}],"wp:attachment":[{"href":"https:\/\/konyvtar-kvik.uni-bge.hu\/en\/wp-json\/wp\/v2\/media?parent=190"}],"curies":[{"name":"wp","href":"https:\/\/api.w.org\/{rel}","templated":true}]}}