{"id":1870,"date":"2024-08-30T10:05:36","date_gmt":"2024-08-30T08:05:36","guid":{"rendered":"https:\/\/konyvtar-kvik.uni-bge.hu\/?page_id=1870"},"modified":"2025-05-08T12:23:49","modified_gmt":"2025-05-08T10:23:49","slug":"tematikus-idegen-nyelvu-cikkbibliografia","status":"publish","type":"page","link":"https:\/\/konyvtar-kvik.uni-bge.hu\/en\/tematikus-idegen-nyelvu-cikkbibliografia\/","title":{"rendered":"Tematikus idegen nyelv\u0171 cikkbibliogr\u00e1fia (szakbibliogr\u00e1fia)"},"content":{"rendered":"<p>K\u00f6nyvt\u00e1runkban negyed\u00e9vente k\u00e9sz\u00fcl az idegen nyelv\u0171 szakfoly\u00f3iratokban feldolgozott cikkekb\u0151l tematikus bibliogr\u00e1fia. A gy\u0171jt\u00e9s a linkekre kattintva \u00e9rhet\u0151 el.<\/p>\n\n\n\n<ul class=\"wp-block-list has-sky-blue-color has-text-color\">\n<li><a href=\"\/wp-content\/uploads\/2024\/08\/Tematikus-idegen-nyelvu-cikkbibliografia_2024-1.pdf\" data-type=\"attachment\" data-id=\"1173\" target=\"_blank\" rel=\"noreferrer noopener\">2024-1<\/a><\/li>\n\n\n\n<li><a href=\"\/wp-content\/uploads\/2024\/08\/Tematikus-idegen-nyelvu-cikkbibliografia_2023-4.pdf\" data-type=\"URL\" data-id=\"http:\/\/konyvtar-idfo.uni-bge.hu\/wp-content\/uploads\/2024\/01\/Tematikus-idegen-nyelvu-cikkbibliografia_2023-4.pdf\" target=\"_blank\" rel=\"noreferrer noopener\">2023-4<\/a><\/li>\n\n\n\n<li><a href=\"\/wp-content\/uploads\/2024\/08\/Tematikus-idegen-nyelvu-cikkbibliografia_2023-3.pdf\" data-type=\"URL\" data-id=\"http:\/\/konyvtar-idfo.uni-bge.hu\/wp-content\/uploads\/2023\/10\/Tematikus-idegen-nyelvu-cikkbibliografia_2023-3.pdf\" target=\"_blank\" rel=\"noreferrer noopener\">2023-3<\/a><\/li>\n\n\n\n<li><a href=\"\/wp-content\/uploads\/2024\/08\/Tematikus-idegen-nyelvu-cikkbibliografia_2023-2.pdf\" data-type=\"URL\" data-id=\"http:\/\/konyvtar-idfo.uni-bge.hu\/wp-content\/uploads\/2023\/08\/Tematikus-idegen-nyelvu-cikkbibliografia_2023-2.pdf\" target=\"_blank\" rel=\"noreferrer noopener\">2023-2<\/a><\/li>\n\n\n\n<li><a href=\"\/wp-content\/uploads\/2024\/08\/Tematikus-idegen-nyelvu-cikkbibliografia_2023-1.pdf\" data-type=\"URL\" data-id=\"http:\/\/konyvtar-idfo.uni-bge.hu\/wp-content\/uploads\/2023\/06\/Tematikus-idegen-nyelvu-cikkbibliografia_2023-1.pdf\" target=\"_blank\" rel=\"noreferrer noopener\">2023-1<\/a><\/li>\n\n\n\n<li><a href=\"\/wp-content\/uploads\/2024\/08\/Tematikus-idegen-nyelvu-cikkbibliografia_2022-4.pdf\" data-type=\"URL\" data-id=\"http:\/\/konyvtar-idfo.uni-bge.hu\/wp-content\/uploads\/2023\/02\/Tematikus-idegen-nyelvu-cikkbibliografia_2022-4.pdf\" target=\"_blank\" rel=\"noreferrer noopener\">2022-4<\/a><\/li>\n\n\n\n<li><a href=\"\/wp-content\/uploads\/2024\/08\/Tematikus-idegen-nyelvu-cikkbibliografia_2022-3.pdf\" data-type=\"URL\" data-id=\"http:\/\/konyvtar-idfo.uni-bge.hu\/wp-content\/uploads\/2022\/11\/Tematikus-idegen-nyelvu-cikkbibliografia_2022-3.pdf\" target=\"_blank\" rel=\"noreferrer noopener\">2022-3<\/a><\/li>\n\n\n\n<li><a href=\"\/wp-content\/uploads\/2024\/08\/Tematikus-idegen-nyelvu-cikkbibliografia_2022-2.pdf\" data-type=\"URL\" data-id=\"http:\/\/konyvtar-idfo.uni-bge.hu\/wp-content\/uploads\/2022\/07\/Tematikus-idegen-nyelvu-cikkbibliografia_2022-2.pdf\" target=\"_blank\" rel=\"noreferrer noopener\">2022-2<\/a><\/li>\n\n\n\n<li><a href=\"\/wp-content\/uploads\/2024\/08\/Tematikus-idegen-nyelvu-cikkbibliografia_2022-1.pdf\" data-type=\"URL\" data-id=\"http:\/\/konyvtar-idfo.uni-bge.hu\/wp-content\/uploads\/2022\/05\/Tematikus-idegen-nyelvu-cikkbibliografia_2022-1.pdf\" target=\"_blank\" rel=\"noreferrer noopener\"><mark style=\"background-color:rgba(0, 0, 0, 0)\" class=\"has-inline-color has-sky-blue-color\">2022-1<\/mark><\/a><\/li>\n\n\n\n<li><a href=\"\/wp-content\/uploads\/2024\/08\/Tematikus-idegen-nyelvu-cikkbibliografia_2021-4.pdf\" target=\"_blank\" rel=\"noreferrer noopener\">2021-4<\/a><\/li>\n\n\n\n<li><a href=\"\/wp-content\/uploads\/2024\/08\/Tematikus-idegen-nyelvu-cikkbibliografia_2021-3.pdf\" target=\"_blank\" rel=\"noreferrer noopener\">2021-3<\/a><\/li>\n\n\n\n<li><a href=\"\/wp-content\/uploads\/2024\/08\/Tematikus-idegen-nyelvu-cikkbibliografia_2021-2.pdf\" target=\"_blank\" rel=\"noreferrer noopener\">2021-2<\/a><\/li>\n\n\n\n<li><a href=\"\/wp-content\/uploads\/2024\/08\/Tematikus-idegen-nyelvu-cikkbibliografia_2021-1.pdf\" data-type=\"URL\" data-id=\"http:\/\/konyvtar-idfo.uni-bge.hu\/wp-content\/uploads\/2022\/03\/Tematikus-idegen-nyelvu-cikkbibliografia_2021-1.pdf\" target=\"_blank\" rel=\"noreferrer noopener\">2021-1<\/a><\/li>\n\n\n\n<li><a href=\"\/wp-content\/uploads\/2024\/08\/Tematikus-idegen-nyelvu-cikkbibliografia_2020-4.pdf\" target=\"_blank\" rel=\"noreferrer noopener\">2020-4<\/a><\/li>\n\n\n\n<li><a href=\"\/wp-content\/uploads\/2024\/08\/Tematikus-idegen-nyelvu-cikkbibliografia_2020-3.pdf\" target=\"_blank\" rel=\"noreferrer noopener\">2020-3<\/a><\/li>\n\n\n\n<li><a href=\"\/wp-content\/uploads\/2024\/08\/Tematikus-idegen-nyelvu-cikkbibliografia_2020-2.pdf\" target=\"_blank\" rel=\"noreferrer noopener\">2020-2<\/a><\/li>\n\n\n\n<li><a href=\"\/wp-content\/uploads\/2024\/08\/Tematikus-idegen-nyelvu-cikkbibliografia_2020-1-1.pdf\" data-type=\"URL\" data-id=\"http:\/\/konyvtar-idfo.uni-bge.hu\/wp-content\/uploads\/2022\/03\/Tematikus-idegen-nyelvu-cikkbibliografia_2020-1.pdf\" target=\"_blank\" rel=\"noreferrer noopener\">2020-1<\/a><\/li>\n<\/ul>\n\n\n\n<p><\/p>\n\n\n\n<p><\/p>\n\n\n\n<p><\/p>\n\n\n\n<p><\/p>\n\n\n\n<p><\/p>\n\n\n\n<p><\/p>\n\n\n\n<p><\/p>\n\n\n\n<p><\/p>","protected":false},"excerpt":{"rendered":"<p>K\u00f6nyvt\u00e1runkban negyed\u00e9vente k\u00e9sz\u00fcl az idegen nyelv\u0171 szakfoly\u00f3iratokban feldolgozott cikkekb\u0151l tematikus bibliogr\u00e1fia. A gy\u0171jt\u00e9s a linkekre kattintva \u00e9rhet\u0151 el. 2024-1 2023-4 2023-3 2023-2 2023-1 2022-4 2022-3 2022-2 2022-1 2021-4 2021-3 2021-2 2021-1 2020-4 2020-3 2020-2 2020-1<\/p>","protected":false},"author":1,"featured_media":0,"parent":0,"menu_order":0,"comment_status":"closed","ping_status":"closed","template":"","meta":{"_uag_custom_page_level_css":"","footnotes":""},"class_list":["post-1870","page","type-page","status-publish","hentry"],"uagb_featured_image_src":{"full":false,"thumbnail":false,"medium":false,"medium_large":false,"large":false,"news_plugin_small":false,"tf-client-image-size":false,"1536x1536":false,"2048x2048":false,"trp-custom-language-flag":false,"post-thumbnail":false,"idolcorp-full-width":false,"idolcorp-ourfeatures-thumb":false,"idolcorp-mediumblog-thumb":false},"uagb_author_info":{"display_name":"admin","author_link":"https:\/\/konyvtar-kvik.uni-bge.hu\/en\/author\/admin\/"},"uagb_comment_info":0,"uagb_excerpt":"K\u00f6nyvt\u00e1runkban negyed\u00e9vente k\u00e9sz\u00fcl az idegen nyelv\u0171 szakfoly\u00f3iratokban feldolgozott cikkekb\u0151l tematikus bibliogr\u00e1fia. A gy\u0171jt\u00e9s a linkekre kattintva \u00e9rhet\u0151 el. 2024-1 2023-4 2023-3 2023-2 2023-1 2022-4 2022-3 2022-2 2022-1 2021-4 2021-3 2021-2 2021-1 2020-4 2020-3 2020-2 2020-1","_links":{"self":[{"href":"https:\/\/konyvtar-kvik.uni-bge.hu\/en\/wp-json\/wp\/v2\/pages\/1870","targetHints":{"allow":["GET"]}}],"collection":[{"href":"https:\/\/konyvtar-kvik.uni-bge.hu\/en\/wp-json\/wp\/v2\/pages"}],"about":[{"href":"https:\/\/konyvtar-kvik.uni-bge.hu\/en\/wp-json\/wp\/v2\/types\/page"}],"author":[{"embeddable":true,"href":"https:\/\/konyvtar-kvik.uni-bge.hu\/en\/wp-json\/wp\/v2\/users\/1"}],"replies":[{"embeddable":true,"href":"https:\/\/konyvtar-kvik.uni-bge.hu\/en\/wp-json\/wp\/v2\/comments?post=1870"}],"version-history":[{"count":18,"href":"https:\/\/konyvtar-kvik.uni-bge.hu\/en\/wp-json\/wp\/v2\/pages\/1870\/revisions"}],"predecessor-version":[{"id":2244,"href":"https:\/\/konyvtar-kvik.uni-bge.hu\/en\/wp-json\/wp\/v2\/pages\/1870\/revisions\/2244"}],"wp:attachment":[{"href":"https:\/\/konyvtar-kvik.uni-bge.hu\/en\/wp-json\/wp\/v2\/media?parent=1870"}],"curies":[{"name":"wp","href":"https:\/\/api.w.org\/{rel}","templated":true}]}}