{"id":1860,"date":"2024-08-29T13:47:30","date_gmt":"2024-08-29T11:47:30","guid":{"rendered":"https:\/\/konyvtar-kvik.uni-bge.hu\/?page_id=1860"},"modified":"2024-08-29T13:47:31","modified_gmt":"2024-08-29T11:47:31","slug":"turizmusoktatas-intezmenyek","status":"publish","type":"page","link":"https:\/\/konyvtar-kvik.uni-bge.hu\/en\/turizmusoktatas-intezmenyek\/","title":{"rendered":"Turizmusoktat\u00e1s (int\u00e9zm\u00e9nyek)"},"content":{"rendered":"<h4 class=\"wp-block-heading\"><strong>K\u00f6zoktat\u00e1si int\u00e9zm\u00e9nyek<\/strong><\/h4>\n\n\n\n<ul class=\"wp-block-list\">\n<li><a rel=\"noreferrer noopener\" href=\"http:\/\/atheneszki.hu\/\" target=\"_blank\">Ath\u00e9n\u00e9 Szakgimn\u00e1zium<\/a><\/li>\n\n\n\n<li><a rel=\"noreferrer noopener\" href=\"http:\/\/gundeliskola.hu\/\" target=\"_blank\">BVHSZC Gundel K\u00e1roly Szakiskol\u00e1ja<\/a><\/li>\n\n\n\n<li><a rel=\"noreferrer noopener\" href=\"http:\/\/www.bigsuli.hu\/\" target=\"_blank\">Budapesti Innovat\u00edv Gimn\u00e1zium \u00e9s Szakgimn\u00e1zium<\/a><\/li>\n\n\n\n<li><a rel=\"noreferrer noopener\" href=\"http:\/\/metakepzes.hu\/\" target=\"_blank\">META Don Bosco Szakgimn\u00e1zium<\/a><\/li>\n\n\n\n<li><a rel=\"noreferrer noopener\" href=\"http:\/\/www.vikiskola.hu\/\" target=\"_blank\">VIK Baptista K\u00f6z\u00e9piskola<\/a><\/li>\n<\/ul>\n\n\n\n<h4 class=\"wp-block-heading\"><strong>Fels\u0151oktat\u00e1si int\u00e9zm\u00e9nye<\/strong>k<\/h4>\n\n\n\n<ul class=\"wp-block-list\">\n<li><a rel=\"noreferrer noopener\" href=\"http:\/\/gazdalkodastudomany.uni-corvinus.hu\" target=\"_blank\">Budapesti Corvinus Egyetem Gazd\u00e1lkod\u00e1studom\u00e1nyi Kar<\/a><\/li>\n\n\n\n<li><a rel=\"noreferrer noopener\" href=\"https:\/\/uni-bge.hu\/kvik\" target=\"_blank\">Budapesti Gazdas\u00e1gi Egyetem Kereskedelmi, Vend\u00e9gl\u00e1t\u00f3ipari \u00e9s Idegenforgalmi Kar<\/a><\/li>\n\n\n\n<li><a rel=\"noreferrer noopener\" href=\"http:\/\/metubudapest.hu\/rolunk\/722\/heller-farkas-turisztikai-es-gazdasagi-kar.html\" target=\"_blank\">Budapesti Metropolitan Egyetem Heller Farkas Turisztikai \u00e9s Gazdas\u00e1gi Kar<\/a><\/li>\n\n\n\n<li><a rel=\"noreferrer noopener\" href=\"https:\/\/econ.unideb.hu\/\" target=\"_blank\">Debreceni Egyetem Gazdas\u00e1gtudom\u00e1nyi Kar<\/a><\/li>\n\n\n\n<li><a rel=\"noreferrer noopener\" href=\"https:\/\/www.edutus.hu\/\" data-type=\"URL\" data-id=\"https:\/\/www.edutus.hu\/\" target=\"_blank\">Edutus Egyetem<\/a><\/li>\n\n\n\n<li><a href=\"https:\/\/gtk.elte.hu\/\" data-type=\"URL\" data-id=\"https:\/\/gtk.elte.hu\/\" target=\"_blank\" rel=\"noreferrer noopener\">ELTE Gazdas\u00e1gtudom\u00e1nyi Kar<\/a><\/li>\n\n\n\n<li><a rel=\"noreferrer noopener\" href=\"https:\/\/uni-eszterhazy.hu\/gtk\" data-type=\"URL\" data-id=\"https:\/\/uni-eszterhazy.hu\/gtk\" target=\"_blank\">Eszterh\u00e1zy K\u00e1roly Katolikus Egyetem Gazdas\u00e1g- \u00e9s T\u00e1rsadalomtudom\u00e1nyi Kar<\/a><\/li>\n\n\n\n<li><a href=\"https:\/\/gde.hu\/\" data-type=\"URL\" data-id=\"https:\/\/gde.hu\/\" target=\"_blank\" rel=\"noreferrer noopener\">G\u00e1bor D\u00e9nes Egyetem<\/a><\/li>\n\n\n\n<li><a rel=\"noreferrer noopener\" href=\"https:\/\/www.kodolanyi.hu\/\" target=\"_blank\">Kodol\u00e1nyi J\u00e1nos&nbsp;Egyetem<\/a><\/li>\n\n\n\n<li><a rel=\"noreferrer noopener\" href=\"https:\/\/georgikoncampus.uni-mate.hu\/\" data-type=\"URL\" data-id=\"https:\/\/georgikoncampus.uni-mate.hu\/\" target=\"_blank\">Magyar Agr\u00e1r- \u00e9s \u00c9lettudom\u00e1nyi Egyetem Georgikon Campus<\/a><\/li>\n\n\n\n<li><a rel=\"noreferrer noopener\" href=\"http:\/\/gtk.uni-miskolc.hu\/\" target=\"_blank\">Miskolci Egyetem Gazdas\u00e1gtudom\u00e1nyi Kar<\/a><\/li>\n\n\n\n<li><a rel=\"noreferrer noopener\" href=\"https:\/\/gtk.nje.hu\/\" data-type=\"URL\" data-id=\"https:\/\/gtk.nje.hu\/\" target=\"_blank\">Neumann J\u00e1nos Egyetem Gazd\u00e1lkod\u00e1si Kar<\/a><\/li>\n\n\n\n<li><a rel=\"noreferrer noopener\" href=\"https:\/\/www.nye.hu\/\" data-type=\"URL\" data-id=\"https:\/\/www.nye.hu\/\" target=\"_blank\">Ny\u00edregyh\u00e1zi Egyetem<\/a><\/li>\n\n\n\n<li><a rel=\"noreferrer noopener\" href=\"http:\/\/www.gtk.uni-pannon.hu\/fooldal\/\" target=\"_blank\">Pannon Egyetem Gazdas\u00e1gtudom\u00e1nyi Kar<\/a><\/li>\n\n\n\n<li><a rel=\"noreferrer noopener\" href=\"http:\/\/ktk.pte.hu\/\" target=\"_blank\">P\u00e9csi Tudom\u00e1nyegyetem K\u00f6zgazdas\u00e1gtudom\u00e1nyi Kar<\/a><\/li>\n\n\n\n<li><a rel=\"noreferrer noopener\" href=\"http:\/\/lkk.uni-sopron.hu\/kezdolap\" target=\"_blank\">Soproni Egyetem L\u00e1mfalussy S\u00e1ndor K\u00f6zgazdas\u00e1gtudom\u00e1nyi Kar<\/a><\/li>\n\n\n\n<li><a rel=\"noreferrer noopener\" href=\"https:\/\/kgk.sze.hu\/kezdolap\" data-type=\"URL\" data-id=\"https:\/\/kgk.sze.hu\/kezdolap\" target=\"_blank\">Sz\u00e9chenyi Istv\u00e1n Egyetem Kautz Gyula Gazdas\u00e1gtudom\u00e1nyi Kar<\/a><\/li>\n\n\n\n<li><a rel=\"noreferrer noopener\" href=\"https:\/\/www.gtk.szie.hu\/\" target=\"_blank\">Szent Istv\u00e1n Egyetem Gazdas\u00e1g- \u00e9s T\u00e1rsadalomtudom\u00e1nyi Kar<\/a><\/li>\n<\/ul>","protected":false},"excerpt":{"rendered":"<p>K\u00f6zoktat\u00e1si int\u00e9zm\u00e9nyek Ath\u00e9n\u00e9 Szakgimn\u00e1zium BVHSZC Gundel K\u00e1roly Szakiskol\u00e1ja Budapesti Innovat\u00edv Gimn\u00e1zium \u00e9s Szakgimn\u00e1zium META Don Bosco Szakgimn\u00e1zium VIK Baptista K\u00f6z\u00e9piskola Fels\u0151oktat\u00e1si int\u00e9zm\u00e9nyek Budapesti Corvinus Egyetem Gazd\u00e1lkod\u00e1studom\u00e1nyi Kar Budapesti Gazdas\u00e1gi Egyetem Kereskedelmi, Vend\u00e9gl\u00e1t\u00f3ipari \u00e9s Idegenforgalmi Kar Budapesti Metropolitan Egyetem Heller Farkas Turisztikai \u00e9s Gazdas\u00e1gi Kar Debreceni Egyetem Gazdas\u00e1gtudom\u00e1nyi Kar Edutus Egyetem ELTE Gazdas\u00e1gtudom\u00e1nyi Kar Eszterh\u00e1zy K\u00e1roly Katolikus Egyetem Gazdas\u00e1g- \u00e9s T\u00e1rsadalomtudom\u00e1nyi Kar G\u00e1bor D\u00e9nes Egyetem Kodol\u00e1nyi J\u00e1nos&nbsp;Egyetem Magyar Agr\u00e1r- \u00e9s \u00c9lettudom\u00e1nyi Egyetem Georgikon Campus Miskolci Egyetem Gazdas\u00e1gtudom\u00e1nyi Kar Neumann J\u00e1nos Egyetem Gazd\u00e1lkod\u00e1si Kar Ny\u00edregyh\u00e1zi Egyetem Pannon&hellip;<\/p>","protected":false},"author":1,"featured_media":0,"parent":0,"menu_order":0,"comment_status":"closed","ping_status":"closed","template":"","meta":{"_uag_custom_page_level_css":"","footnotes":""},"class_list":["post-1860","page","type-page","status-publish","hentry"],"uagb_featured_image_src":{"full":false,"thumbnail":false,"medium":false,"medium_large":false,"large":false,"news_plugin_small":false,"tf-client-image-size":false,"1536x1536":false,"2048x2048":false,"trp-custom-language-flag":false,"post-thumbnail":false,"idolcorp-full-width":false,"idolcorp-ourfeatures-thumb":false,"idolcorp-mediumblog-thumb":false},"uagb_author_info":{"display_name":"admin","author_link":"https:\/\/konyvtar-kvik.uni-bge.hu\/en\/author\/admin\/"},"uagb_comment_info":0,"uagb_excerpt":"K\u00f6zoktat\u00e1si int\u00e9zm\u00e9nyek Ath\u00e9n\u00e9 Szakgimn\u00e1zium BVHSZC Gundel K\u00e1roly Szakiskol\u00e1ja Budapesti Innovat\u00edv Gimn\u00e1zium \u00e9s Szakgimn\u00e1zium META Don Bosco Szakgimn\u00e1zium VIK Baptista K\u00f6z\u00e9piskola Fels\u0151oktat\u00e1si int\u00e9zm\u00e9nyek Budapesti Corvinus Egyetem Gazd\u00e1lkod\u00e1studom\u00e1nyi Kar Budapesti Gazdas\u00e1gi Egyetem Kereskedelmi, Vend\u00e9gl\u00e1t\u00f3ipari \u00e9s Idegenforgalmi Kar Budapesti Metropolitan Egyetem Heller Farkas Turisztikai \u00e9s Gazdas\u00e1gi Kar Debreceni Egyetem Gazdas\u00e1gtudom\u00e1nyi Kar Edutus Egyetem ELTE Gazdas\u00e1gtudom\u00e1nyi Kar Eszterh\u00e1zy K\u00e1roly&hellip;","_links":{"self":[{"href":"https:\/\/konyvtar-kvik.uni-bge.hu\/en\/wp-json\/wp\/v2\/pages\/1860","targetHints":{"allow":["GET"]}}],"collection":[{"href":"https:\/\/konyvtar-kvik.uni-bge.hu\/en\/wp-json\/wp\/v2\/pages"}],"about":[{"href":"https:\/\/konyvtar-kvik.uni-bge.hu\/en\/wp-json\/wp\/v2\/types\/page"}],"author":[{"embeddable":true,"href":"https:\/\/konyvtar-kvik.uni-bge.hu\/en\/wp-json\/wp\/v2\/users\/1"}],"replies":[{"embeddable":true,"href":"https:\/\/konyvtar-kvik.uni-bge.hu\/en\/wp-json\/wp\/v2\/comments?post=1860"}],"version-history":[{"count":1,"href":"https:\/\/konyvtar-kvik.uni-bge.hu\/en\/wp-json\/wp\/v2\/pages\/1860\/revisions"}],"predecessor-version":[{"id":1861,"href":"https:\/\/konyvtar-kvik.uni-bge.hu\/en\/wp-json\/wp\/v2\/pages\/1860\/revisions\/1861"}],"wp:attachment":[{"href":"https:\/\/konyvtar-kvik.uni-bge.hu\/en\/wp-json\/wp\/v2\/media?parent=1860"}],"curies":[{"name":"wp","href":"https:\/\/api.w.org\/{rel}","templated":true}]}}