{"id":186,"date":"2022-05-12T09:11:27","date_gmt":"2022-05-12T09:11:27","guid":{"rendered":"http:\/\/local.konyvtar\/?page_id=186"},"modified":"2025-04-16T13:08:42","modified_gmt":"2025-04-16T11:08:42","slug":"szakdolgozat-thesis","status":"publish","type":"page","link":"https:\/\/konyvtar-kvik.uni-bge.hu\/en\/szakdolgozat-thesis\/","title":{"rendered":"Thesis"},"content":{"rendered":"<p><strong>BBS Repository (the full text of theses can only be opened in the library):<\/strong> <a href=\"http:\/\/dolgozattar.repozitorium.uni-bge.hu\/cgi\/search\/advanced\">http:\/\/dolgozattar.repozitorium.uni-bge.hu\/cgi\/search\/advanced<\/a><\/p>\n\n\n\n<p><strong>HOW TO WRITE A THESIS<\/strong><\/p>\n\n\n\n<figure class=\"wp-block-table is-style-regular first-child\"><table><tbody><tr><td class=\"has-text-align-center\" data-align=\"center\"><img decoding=\"async\" src=\"\/wp-content\/uploads\/2022\/05\/pdf.jpg\" alt=\"\">&nbsp;<\/td><td class=\"has-text-align-center\" data-align=\"center\"><a href=\"\/wp-content\/uploads\/2024\/04\/Hivatkozas-guide_2024-2.0.pdf\" target=\"_blank\" rel=\"noreferrer noopener\" data-type=\"URL\" data-id=\"http:\/\/konyvtar-kvik.uni-bge.hu\/hivatkozas_guide_teljes\">Complete guide to Harvard style referencing (Hungarian)<\/a><\/td><\/tr><tr><td class=\"has-text-align-center\" data-align=\"center\"><img decoding=\"async\" src=\"\/wp-content\/uploads\/2022\/05\/pdf.jpg\" alt=\"\">&nbsp;<\/td><td class=\"has-text-align-center\" data-align=\"center\"><a href=\"\/wp-content\/uploads\/2024\/04\/Hivatkozas_guide_roviditett-2024-2.0.pdf\" target=\"_blank\" rel=\"noreferrer noopener\">Quick guide to Harvard style referencing (Hungarian)<\/a><\/td><\/tr><tr><td class=\"has-text-align-center\" data-align=\"center\"><img decoding=\"async\" src=\"\/wp-content\/uploads\/2022\/05\/pdf.jpg\" alt=\"\">&nbsp;<\/td><td class=\"has-text-align-center\" data-align=\"center\"><a href=\"\/wp-content\/uploads\/2023\/04\/Osszefoglalo-tablazat.pdf\" target=\"_blank\" rel=\"noreferrer noopener\">Summary table for referencing (Hungarian)<\/a><\/td><\/tr><tr><td class=\"has-text-align-center\" data-align=\"center\"><img decoding=\"async\" src=\"\/wp-content\/uploads\/2022\/05\/pdf.jpg\" alt=\"\">&nbsp;<\/td><td class=\"has-text-align-center\" data-align=\"center\"><a href=\"\/wp-content\/uploads\/2024\/02\/Szakdolgozat-keszitesi-utmutato.pdf\" target=\"_blank\" rel=\"noreferrer noopener\">Thesis writing guide (Hungarian)<\/a><\/td><\/tr><tr><td class=\"has-text-align-center\" data-align=\"center\"><img decoding=\"async\" src=\"\/wp-content\/uploads\/2022\/05\/pdf.jpg\" alt=\"\"><\/td><td class=\"has-text-align-center\" data-align=\"center\"><a href=\"\/wp-content\/uploads\/2024\/02\/Thesis-writing-guide-for-undergraduate-BSc-and-graduate-MSc-students.pdf\">Thesis writing guide for undergraduate Bsc and graduate Msc students (English)<\/a><\/td><\/tr><tr><td class=\"has-text-align-center\" data-align=\"center\"><img decoding=\"async\" src=\"\/wp-content\/uploads\/2022\/05\/ppt.jpg\" alt=\"\">&nbsp;<\/td><td class=\"has-text-align-center\" data-align=\"center\"><a href=\"\/wp-content\/uploads\/2024\/10\/Hivatkozas_vegleges_20240320-2.ppsx\">Referencing training slideshow (Hungarian)<\/a><\/td><\/tr><tr><td class=\"has-text-align-center\" data-align=\"center\"><img decoding=\"async\" src=\"\/wp-content\/uploads\/2022\/05\/ppt.jpg\" alt=\"\"><\/td><td class=\"has-text-align-center\" data-align=\"center\"><a href=\"\/wp-content\/uploads\/2025\/03\/Referencing_final_2025.pptx\">Referencing training (English)<\/a><\/td><\/tr><tr><td class=\"has-text-align-center\" data-align=\"center\"><img decoding=\"async\" width=\"22\" height=\"22\" class=\"wp-image-1176\" style=\"width: 22px;\" src=\"http:\/\/konyvtar-kvik.uni-bge.hu\/wp-content\/uploads\/2023\/02\/video-icon.png\" alt=\"\" srcset=\"https:\/\/konyvtar-kvik.uni-bge.hu\/wp-content\/uploads\/2023\/02\/video-icon.png 225w, https:\/\/konyvtar-kvik.uni-bge.hu\/wp-content\/uploads\/2023\/02\/video-icon-150x150.png 150w, https:\/\/konyvtar-kvik.uni-bge.hu\/wp-content\/uploads\/2023\/02\/video-icon-120x120.png 120w, https:\/\/konyvtar-kvik.uni-bge.hu\/wp-content\/uploads\/2023\/02\/video-icon-12x12.png 12w\" sizes=\"(max-width: 22px) 100vw, 22px\" \/>&nbsp;<\/td><td class=\"has-text-align-center\" data-align=\"center\"><a href=\"\/wp-content\/uploads\/2022\/05\/Hivatkozas_trening_video.mp4\" target=\"_blank\" rel=\"noreferrer noopener\">Referencing training video (Hungarian)<\/a><\/td><\/tr><tr><td class=\"has-text-align-center\" data-align=\"center\"><img decoding=\"async\" src=\"\/wp-content\/uploads\/2022\/05\/ppt.jpg\">&nbsp;<\/td><td class=\"has-text-align-center\" data-align=\"center\"><a href=\"\/wp-content\/uploads\/2025\/03\/Hivatkozas-guide_en-2025-1.pdf\" target=\"_blank\" rel=\"noreferrer noopener\">Complete guide to Harvard style referencing (English)<\/a><\/td><\/tr><tr><td class=\"has-text-align-center\" data-align=\"center\"><img decoding=\"async\" src=\"\/wp-content\/uploads\/2022\/05\/ppt.jpg\">&nbsp;<\/td><td class=\"has-text-align-center\" data-align=\"center\"><a href=\"\/wp-content\/uploads\/2024\/02\/Quick-guide-to-Harvard-referencing_2024.pdf\" target=\"_blank\" rel=\"noreferrer noopener\">Summary table for Harvard Style Referencing (English)<\/a><\/td><\/tr><\/tbody><\/table><\/figure>\n\n\n\n<p class=\"has-text-align-center\"><strong>Referencing quizzes<\/strong><\/p>\n\n\n\n<p class=\"has-text-align-center\"><a href=\"https:\/\/view.genial.ly\/621cb571718af20012ac7619\">Quiz 1<\/a><\/p>\n\n\n\n<p class=\"has-text-align-center\"><a href=\"https:\/\/view.genial.ly\/6223a37ff85cd100133c69d9\">Quiz 2<\/a><\/p>\n\n\n\n<p class=\"has-text-align-center\"><a href=\"https:\/\/view.genial.ly\/622a6a41c8f8d20018baf1b1\">Quiz 3<\/a><\/p>\n\n\n\n<p>&nbsp;<\/p>\n\n\n\n<p><strong>UPLOAD GUIDE TO MOODLE SYSTEM<\/strong><\/p>\n\n\n\n<figure class=\"wp-block-table is-style-regular first-child\"><table><tbody><tr><td class=\"has-text-align-center\" data-align=\"center\"><img decoding=\"async\" src=\"\/wp-content\/uploads\/2022\/05\/pdf.jpg\" alt=\"\">&nbsp;<\/td><td class=\"has-text-align-center\" data-align=\"center\"><a href=\"\/wp-content\/uploads\/2025\/02\/Szakdolgozat-feltoltesi-utmutato-hallgatok-reszere_2024_25_2.pdf\" target=\"_blank\" rel=\"noreferrer noopener\">Upload guide (Hungarian)<\/a><\/td><\/tr><tr><td class=\"has-text-align-center\" data-align=\"center\"><img decoding=\"async\" src=\"\/wp-content\/uploads\/2022\/05\/pdf.jpg\" alt=\"\">&nbsp;<\/td><td class=\"has-text-align-center\" data-align=\"center\"><a href=\"\/wp-content\/uploads\/2025\/02\/Thesis_upload_guide_2024_25_2.pdf\" target=\"_blank\" rel=\"noreferrer noopener\">Upload guide (English)<\/a><\/td><\/tr><tr><td class=\"has-text-align-center\" data-align=\"center\"><img decoding=\"async\" src=\"\/wp-content\/uploads\/2022\/05\/pdf.jpg\" alt=\"\"><\/td><td class=\"has-text-align-center\" data-align=\"center\"><a href=\"https:\/\/help.turnitin.com\/Resources\/PDF\/understanding_the_turnitin_similarity_report-a_student_guide.pdf\">Turnitin guide<\/a><\/td><\/tr><tr><td class=\"has-text-align-center\" data-align=\"center\"><img decoding=\"async\" src=\"\/wp-content\/uploads\/2022\/05\/pdf.jpg\" alt=\"\"><\/td><td class=\"has-text-align-center\" data-align=\"center\"><a href=\"\/wp-content\/uploads\/2024\/04\/Turnitin_reszletes_guide_KONZULENSEKNEK.pdf\">Turnitin \u00fatmutat\u00f3 konzulenseknek<\/a><\/td><\/tr><tr><td class=\"has-text-align-center\" data-align=\"center\"><img decoding=\"async\" src=\"\/wp-content\/uploads\/2022\/05\/ppt.jpg\" alt=\"\"><\/td><td class=\"has-text-align-center\" data-align=\"center\"><a href=\"\/wp-content\/uploads\/2024\/10\/Turnitin-magyar.ppsx\">Turnitin egyez\u0151s\u00e9gi jelent\u00e9s<\/a><\/td><\/tr><tr><td class=\"has-text-align-center\" data-align=\"center\"><img decoding=\"async\" src=\"\/wp-content\/uploads\/2022\/05\/ppt.jpg\" alt=\"\"><\/td><td class=\"has-text-align-center\" data-align=\"center\"><a href=\"\/wp-content\/uploads\/2024\/10\/Turnitin-practice.ppsx\">Turnitin similarity report<\/a><\/td><\/tr><\/tbody><\/table><\/figure>\n\n\n\n<p><strong>REQUESTS, DECLARATIONS<\/strong><\/p>\n\n\n\n<figure class=\"wp-block-table is-style-regular first-child\"><table><tbody><tr><td class=\"has-text-align-center\" data-align=\"center\"><img decoding=\"async\" width=\"16\" height=\"16\" class=\"wp-image-315\" style=\"width: 16px;\" src=\"http:\/\/konyvtar-kvik.uni-bge.hu\/wp-content\/uploads\/2022\/05\/word.jpg\" alt=\"\">&nbsp;<\/td><td class=\"has-text-align-center\" data-align=\"center\"><a href=\"\/wp-content\/uploads\/2022\/12\/7.-titkositasi-kerelem-2020.docx\">Declaration of confidentiality (Hungarian)<\/a><\/td><\/tr><tr><td class=\"has-text-align-center\" data-align=\"center\"><img decoding=\"async\" width=\"16\" height=\"16\" class=\"wp-image-315\" style=\"width: 16px;\" src=\"http:\/\/konyvtar-kvik.uni-bge.hu\/wp-content\/uploads\/2022\/05\/word.jpg\" alt=\"\"><\/td><td class=\"has-text-align-center\" data-align=\"center\"><a href=\"\/wp-content\/uploads\/2022\/12\/titkositasi-kerelem-angol-nyelvu-21.10.04.docx\">Declaration of confidentiality (English)<\/a><\/td><\/tr><tr><td class=\"has-text-align-center\" data-align=\"center\"><img decoding=\"async\" width=\"16\" height=\"16\" class=\"wp-image-315\" style=\"width: 16px;\" src=\"http:\/\/konyvtar-kvik.uni-bge.hu\/wp-content\/uploads\/2022\/05\/word.jpg\" alt=\"\"><\/td><td class=\"has-text-align-center\" data-align=\"center\"><a href=\"\/wp-content\/uploads\/2025\/04\/eredetisegi-nyilatkozat-2025.docx\">Declaration of originality (Hungarian)<\/a><\/td><\/tr><tr><td class=\"has-text-align-center\" data-align=\"center\"><img decoding=\"async\" width=\"16\" height=\"16\" class=\"wp-image-315\" style=\"width: 16px;\" src=\"http:\/\/konyvtar-kvik.uni-bge.hu\/wp-content\/uploads\/2022\/05\/word.jpg\" alt=\"\"><\/td><td class=\"has-text-align-center\" data-align=\"center\"><a href=\"\/wp-content\/uploads\/2025\/04\/declaration-of-thesis-authenticity-2025.docx\">Declaration of thesis authenticity<\/a><\/td><\/tr><tr><td class=\"has-text-align-center\" data-align=\"center\"><img decoding=\"async\" width=\"16\" height=\"16\" class=\"wp-image-315\" style=\"width: 16px;\" src=\"http:\/\/konyvtar-kvik.uni-bge.hu\/wp-content\/uploads\/2022\/05\/word.jpg\" alt=\"\"><\/td><td class=\"has-text-align-center\" data-align=\"center\"><a href=\"\/wp-content\/uploads\/2025\/04\/nyilvanossa-tetel_kerelem-2025.docx\">Declaration of open access publication (Hungarian)<\/a><\/td><\/tr><tr><td class=\"has-text-align-center\" data-align=\"center\"><img decoding=\"async\" width=\"16\" height=\"16\" class=\"wp-image-315\" style=\"width: 16px;\" src=\"http:\/\/konyvtar-kvik.uni-bge.hu\/wp-content\/uploads\/2022\/05\/word.jpg\" alt=\"\"><\/td><td class=\"has-text-align-center\" data-align=\"center\"><a href=\"\/wp-content\/uploads\/2025\/04\/nyilvanossa-tetel_kerelemv2_en-2025.docx\">Declaration of open access publication (English)<\/a><\/td><\/tr><\/tbody><\/table><\/figure>\n\n\n\n<p>&nbsp;<\/p>","protected":false},"excerpt":{"rendered":"<p>BGE Repozit\u00f3rium, a szakdolgozatok teljes sz\u00f6veg\u0171 megnyit\u00e1sa csak a k\u00f6nyvt\u00e1rban lehets\u00e9ges: http:\/\/dolgozattar.repozitorium.uni-bge.hu\/cgi\/search\/advanced SZAKDOLGOZAT K\u00c9SZ\u00cdT\u00c9SE &nbsp;Teljes hivatkoz\u00e1s \u00fatmutat\u00f3&nbsp;R\u00f6vid\u00edtett hivatkoz\u00e1s \u00fatmutat\u00f3&nbsp;\u00d6sszefoglal\u00f3 t\u00e1bl\u00e1zat a hivatkoz\u00e1sk\u00e9sz\u00edt\u00e9shez&nbsp;Szakdolgozat k\u00e9sz\u00edt\u00e9si \u00fatmutat\u00f3Thesis writing guide for undergraduate Bsc and graduate Msc students&nbsp;Hivatkoz\u00e1sk\u00e9sz\u00edt\u00e9si tr\u00e9ningReferencing training&nbsp;Hivatkoz\u00e1sk\u00e9sz\u00edt\u00e9s vide\u00f3&nbsp;Complete guide to Harvard style referencing&nbsp;Summary table for Harvard Style Referencing Referencing quizzes Quiz 1 Quiz 2 Quiz 3 &nbsp; SZAKDOLGOZAT FELT\u00d6LT\u00c9SE MOODLE RENDSZERBE &nbsp;Felt\u00f6lt\u00e9si \u00fatmutat\u00f3&nbsp;Upload guideTurnitin \u00fatmutat\u00f3 hallgat\u00f3knakTurnitin \u00fatmutat\u00f3 konzulenseknekTurnitin egyez\u0151s\u00e9gi jelent\u00e9sTurnitin similarity report K\u00c9RELMEK, NYILATKOZATOK &nbsp;Titkos\u00edt\u00e1si k\u00e9relemDeclaration of confidentialityEredetis\u00e9gi nyilatkozatDeclaration of thesis authenticityNyilv\u00e1noss\u00e1 t\u00e9teli k\u00e9relemDeclaration of open access&hellip;<\/p>","protected":false},"author":1,"featured_media":0,"parent":0,"menu_order":0,"comment_status":"closed","ping_status":"closed","template":"","meta":{"_uag_custom_page_level_css":"","footnotes":""},"class_list":["post-186","page","type-page","status-publish","hentry"],"uagb_featured_image_src":{"full":false,"thumbnail":false,"medium":false,"medium_large":false,"large":false,"news_plugin_small":false,"tf-client-image-size":false,"1536x1536":false,"2048x2048":false,"trp-custom-language-flag":false,"post-thumbnail":false,"idolcorp-full-width":false,"idolcorp-ourfeatures-thumb":false,"idolcorp-mediumblog-thumb":false},"uagb_author_info":{"display_name":"admin","author_link":"https:\/\/konyvtar-kvik.uni-bge.hu\/en\/author\/admin\/"},"uagb_comment_info":0,"uagb_excerpt":"BGE Repozit\u00f3rium, a szakdolgozatok teljes sz\u00f6veg\u0171 megnyit\u00e1sa csak a k\u00f6nyvt\u00e1rban lehets\u00e9ges: http:\/\/dolgozattar.repozitorium.uni-bge.hu\/cgi\/search\/advanced SZAKDOLGOZAT K\u00c9SZ\u00cdT\u00c9SE &nbsp;Teljes hivatkoz\u00e1s \u00fatmutat\u00f3&nbsp;R\u00f6vid\u00edtett hivatkoz\u00e1s \u00fatmutat\u00f3&nbsp;\u00d6sszefoglal\u00f3 t\u00e1bl\u00e1zat a hivatkoz\u00e1sk\u00e9sz\u00edt\u00e9shez&nbsp;Szakdolgozat k\u00e9sz\u00edt\u00e9si \u00fatmutat\u00f3Thesis writing guide for undergraduate Bsc and graduate Msc students&nbsp;Hivatkoz\u00e1sk\u00e9sz\u00edt\u00e9si tr\u00e9ningReferencing training&nbsp;Hivatkoz\u00e1sk\u00e9sz\u00edt\u00e9s vide\u00f3&nbsp;Complete guide to Harvard style referencing&nbsp;Summary table for Harvard Style Referencing Referencing quizzes Quiz 1 Quiz 2 Quiz 3 &nbsp;&hellip;","_links":{"self":[{"href":"https:\/\/konyvtar-kvik.uni-bge.hu\/en\/wp-json\/wp\/v2\/pages\/186","targetHints":{"allow":["GET"]}}],"collection":[{"href":"https:\/\/konyvtar-kvik.uni-bge.hu\/en\/wp-json\/wp\/v2\/pages"}],"about":[{"href":"https:\/\/konyvtar-kvik.uni-bge.hu\/en\/wp-json\/wp\/v2\/types\/page"}],"author":[{"embeddable":true,"href":"https:\/\/konyvtar-kvik.uni-bge.hu\/en\/wp-json\/wp\/v2\/users\/1"}],"replies":[{"embeddable":true,"href":"https:\/\/konyvtar-kvik.uni-bge.hu\/en\/wp-json\/wp\/v2\/comments?post=186"}],"version-history":[{"count":85,"href":"https:\/\/konyvtar-kvik.uni-bge.hu\/en\/wp-json\/wp\/v2\/pages\/186\/revisions"}],"predecessor-version":[{"id":2228,"href":"https:\/\/konyvtar-kvik.uni-bge.hu\/en\/wp-json\/wp\/v2\/pages\/186\/revisions\/2228"}],"wp:attachment":[{"href":"https:\/\/konyvtar-kvik.uni-bge.hu\/en\/wp-json\/wp\/v2\/media?parent=186"}],"curies":[{"name":"wp","href":"https:\/\/api.w.org\/{rel}","templated":true}]}}