{"id":1845,"date":"2024-08-29T13:15:23","date_gmt":"2024-08-29T11:15:23","guid":{"rendered":"https:\/\/konyvtar-kvik.uni-bge.hu\/?page_id=1845"},"modified":"2024-08-29T13:17:42","modified_gmt":"2024-08-29T11:17:42","slug":"nemzetkozi-szervezetek","status":"publish","type":"page","link":"https:\/\/konyvtar-kvik.uni-bge.hu\/en\/nemzetkozi-szervezetek\/","title":{"rendered":"Nemzetk\u00f6zi szervezetek"},"content":{"rendered":"<ul class=\"wp-block-list\">\n<li><a href=\"http:\/\/www.europeanspas.eu\/\" target=\"_blank\" rel=\"noreferrer noopener\">ESPA (Eur\u00f3pai F\u00fcrd\u0151sz\u00f6vets\u00e9g\/Spa Sz\u00f6vets\u00e9g)<\/a><\/li>\n\n\n\n<li><a href=\"https:\/\/op.europa.eu\/en\/web\/general-publications\/publications\" target=\"_blank\" rel=\"noreferrer noopener\">EU Law and Publications<\/a><\/li>\n\n\n\n<li><a href=\"http:\/\/www.ebrd.com\/home\" target=\"_blank\" rel=\"noreferrer noopener\">European Bank for Reconstruction and Development<\/a><\/li>\n\n\n\n<li><a href=\"https:\/\/www.europeancitiesmarketing.com\/\" target=\"_blank\" rel=\"noreferrer noopener\">European Cities Marketing&nbsp;(ECM)<\/a><\/li>\n\n\n\n<li><a href=\"https:\/\/ec.europa.eu\/eurostat\" target=\"_blank\" rel=\"noreferrer noopener\">Eurostat<\/a><\/li>\n\n\n\n<li><a href=\"http:\/\/www.iata.org\/Pages\/default.aspx\" target=\"_blank\" rel=\"noreferrer noopener\">IATA<\/a><\/li>\n\n\n\n<li><a href=\"http:\/\/www.ecotourism.org\/\" target=\"_blank\" rel=\"noreferrer noopener\">International Ecotourism Society (TIES)<\/a><\/li>\n\n\n\n<li><a href=\"http:\/\/www.tourmis.info\/\" target=\"_blank\" rel=\"noreferrer noopener\">\u00d6sterreich Werbung\/TourMis<\/a><\/li>\n\n\n\n<li><a href=\"http:\/\/en.unesco.org\/\" target=\"_blank\" rel=\"noreferrer noopener\">UNESCO<\/a><\/li>\n\n\n\n<li><a href=\"http:\/\/www.wttc.org\/\" target=\"_blank\" rel=\"noreferrer noopener\">World Travel &amp; Tourism Council (WTTC)<\/a><\/li>\n\n\n\n<li><a href=\"https:\/\/www.unwto.org\/\" data-type=\"URL\" data-id=\"https:\/\/www.unwto.org\/\" target=\"_blank\" rel=\"noreferrer noopener\">World Tourism Organization (UNWTO)<\/a><\/li>\n<\/ul>","protected":false},"excerpt":{"rendered":"<p>ESPA (Eur\u00f3pai F\u00fcrd\u0151sz\u00f6vets\u00e9g\/Spa Sz\u00f6vets\u00e9g) EU Law and Publications European Bank for Reconstruction and Development European Cities Marketing&nbsp;(ECM) Eurostat IATA International Ecotourism Society (TIES) \u00d6sterreich Werbung\/TourMis UNESCO World Travel &amp; Tourism Council (WTTC) World Tourism Organization (UNWTO)<\/p>","protected":false},"author":1,"featured_media":0,"parent":0,"menu_order":0,"comment_status":"closed","ping_status":"closed","template":"","meta":{"_uag_custom_page_level_css":"","footnotes":""},"class_list":["post-1845","page","type-page","status-publish","hentry"],"uagb_featured_image_src":{"full":false,"thumbnail":false,"medium":false,"medium_large":false,"large":false,"news_plugin_small":false,"tf-client-image-size":false,"1536x1536":false,"2048x2048":false,"trp-custom-language-flag":false,"post-thumbnail":false,"idolcorp-full-width":false,"idolcorp-ourfeatures-thumb":false,"idolcorp-mediumblog-thumb":false},"uagb_author_info":{"display_name":"admin","author_link":"https:\/\/konyvtar-kvik.uni-bge.hu\/en\/author\/admin\/"},"uagb_comment_info":0,"uagb_excerpt":"ESPA (Eur\u00f3pai F\u00fcrd\u0151sz\u00f6vets\u00e9g\/Spa Sz\u00f6vets\u00e9g) EU Law and Publications European Bank for Reconstruction and Development European Cities Marketing&nbsp;(ECM) Eurostat IATA International Ecotourism Society (TIES) \u00d6sterreich Werbung\/TourMis UNESCO World Travel &amp; Tourism Council (WTTC) World Tourism Organization (UNWTO)","_links":{"self":[{"href":"https:\/\/konyvtar-kvik.uni-bge.hu\/en\/wp-json\/wp\/v2\/pages\/1845","targetHints":{"allow":["GET"]}}],"collection":[{"href":"https:\/\/konyvtar-kvik.uni-bge.hu\/en\/wp-json\/wp\/v2\/pages"}],"about":[{"href":"https:\/\/konyvtar-kvik.uni-bge.hu\/en\/wp-json\/wp\/v2\/types\/page"}],"author":[{"embeddable":true,"href":"https:\/\/konyvtar-kvik.uni-bge.hu\/en\/wp-json\/wp\/v2\/users\/1"}],"replies":[{"embeddable":true,"href":"https:\/\/konyvtar-kvik.uni-bge.hu\/en\/wp-json\/wp\/v2\/comments?post=1845"}],"version-history":[{"count":2,"href":"https:\/\/konyvtar-kvik.uni-bge.hu\/en\/wp-json\/wp\/v2\/pages\/1845\/revisions"}],"predecessor-version":[{"id":1848,"href":"https:\/\/konyvtar-kvik.uni-bge.hu\/en\/wp-json\/wp\/v2\/pages\/1845\/revisions\/1848"}],"wp:attachment":[{"href":"https:\/\/konyvtar-kvik.uni-bge.hu\/en\/wp-json\/wp\/v2\/media?parent=1845"}],"curies":[{"name":"wp","href":"https:\/\/api.w.org\/{rel}","templated":true}]}}