{"id":1839,"date":"2024-08-29T13:04:14","date_gmt":"2024-08-29T11:04:14","guid":{"rendered":"https:\/\/konyvtar-kvik.uni-bge.hu\/?page_id=1839"},"modified":"2024-08-29T13:04:15","modified_gmt":"2024-08-29T11:04:15","slug":"folyoiratok","status":"publish","type":"page","link":"https:\/\/konyvtar-kvik.uni-bge.hu\/en\/folyoiratok\/","title":{"rendered":"Foly\u00f3iratok"},"content":{"rendered":"<h2 class=\"wp-block-heading\"><strong>Online el\u00e9rhet\u0151 magyar nyelv\u0171 foly\u00f3iratok<\/strong><\/h2>\n\n\n\n<div style=\"height:20px\" aria-hidden=\"true\" class=\"wp-block-spacer\"><\/div>\n\n\n\n<ul class=\"wp-block-list\">\n<li><a rel=\"noreferrer noopener\" href=\"http:\/\/epa.oszk.hu\/01200\/01259\" target=\"_blank\">Bar\u00e1ts\u00e1g (2002-&nbsp; )<\/a><\/li>\n\n\n\n<li><a rel=\"noreferrer noopener\" href=\"http:\/\/folyoirat.nefi.hu\/index.php?journal=Egeszsegfejlesztes\" target=\"_blank\">Eg\u00e9szs\u00e9gfejleszt\u00e9s (2017-)<\/a><\/li>\n\n\n\n<li><a rel=\"noreferrer noopener\" href=\"http:\/\/epa.oszk.hu\/00100\/00185\" target=\"_blank\">\u00c9lelmez\u00e9s (2003-2016)<\/a><\/li>\n\n\n\n<li><a rel=\"noreferrer noopener\" href=\"http:\/\/epa.oszk.hu\/00200\/00232\" target=\"_blank\">Eur\u00f3pai Utas (1999-2009)<\/a><\/li>\n\n\n\n<li><a href=\"http:\/\/www.terport.hu\/node\/3247.html\" data-type=\"URL\" data-id=\"http:\/\/www.terport.hu\/node\/3247.html\" target=\"_blank\" rel=\"noreferrer noopener\">Falu, V\u00e1ros, R\u00e9gi\u00f3 (2008-2014)<\/a><\/li>\n\n\n\n<li><a rel=\"noreferrer noopener\" href=\"https:\/\/www.foldrajzitarsasag.hu\/kiadvanyok\/foldrajzi-kozlemenyek\" target=\"_blank\">F\u00f6ldrajzi K\u00f6zlem\u00e9nyek (2005- )<\/a><\/li>\n\n\n\n<li><a rel=\"noreferrer noopener\" href=\"http:\/\/epa.oszk.hu\/00400\/00452\" target=\"_blank\">Gazd\u00e1lkod\u00e1s (2004-2015)<\/a><\/li>\n\n\n\n<li><a rel=\"noreferrer noopener\" href=\"http:\/\/epa.oszk.hu\/00200\/00248\" target=\"_blank\">Honismeret (1972-2015)<\/a><\/li>\n\n\n\n<li><a rel=\"noreferrer noopener\" href=\"https:\/\/hvg.hu\/cimke\/turizmus\" target=\"_blank\">HVG<\/a><\/li>\n\n\n\n<li><a rel=\"noreferrer noopener\" href=\"http:\/\/www.kozlonyok.hu\/kozlonyok\/valaszt.htm\" target=\"_blank\">K\u00f6zl\u00f6ny\u00f6k<\/a><\/li>\n\n\n\n<li><a rel=\"noreferrer noopener\" href=\"http:\/\/epa.oszk.hu\/01500\/01564\" target=\"_blank\">Kulin\u00e1rium (2009-2011)<\/a><\/li>\n\n\n\n<li><a rel=\"noreferrer noopener\" href=\"http:\/\/kovet.hu\/lepesek-archivum\/\" target=\"_blank\">L\u00e9p\u00e9sek a fenntarthat\u00f3s\u00e1g fel\u00e9 (2011- )<\/a><\/li>\n\n\n\n<li><a href=\"https:\/\/journals.lib.pte.hu\/index.php\/mm\/issue\/archive\" data-type=\"URL\" data-id=\"https:\/\/journals.lib.pte.hu\/index.php\/mm\/issue\/archive\" target=\"_blank\" rel=\"noreferrer noopener\">Marketing &amp; Menedzsment (1995- )<\/a><\/li>\n\n\n\n<li><a rel=\"noreferrer noopener\" href=\"http:\/\/pmr.uni-pannon.hu\/page.php?issue=19\" target=\"_blank\">Pannon Management Review&nbsp;(2012- )<\/a><\/li>\n\n\n\n<li><a rel=\"noreferrer noopener\" href=\"http:\/\/polgariszemle.hu\/\" target=\"_blank\">Polg\u00e1ri Szemle (2005- )<\/a><\/li>\n\n\n\n<li><a rel=\"noreferrer noopener\" href=\"https:\/\/tet.rkk.hu\/index.php\/TeT\/issue\/archive\" target=\"_blank\">T\u00e9r \u00e9s T\u00e1rsadalom&nbsp;(1987-&nbsp; )<\/a><\/li>\n\n\n\n<li><a href=\"https:\/\/www.ksh.hu\/terstatkereso#\/\" data-type=\"URL\" data-id=\"https:\/\/www.ksh.hu\/terstatkereso#\/\" target=\"_blank\" rel=\"noreferrer noopener\">Ter\u00fcleti Statisztika (2006- )<\/a><\/li>\n\n\n\n<li><a rel=\"noreferrer noopener\" href=\"http:\/\/www.kozlonyok.hu\/kozlonyok\/index.php?m=1&amp;p=0100&amp;k=27\" target=\"_blank\">Turisztikai \u00c9rtes\u00edt\u0151 (2006-2008)<\/a><\/li>\n\n\n\n<li><a rel=\"noreferrer noopener\" href=\"http:\/\/www.turisztikaitanulmanyok.hu\/\" target=\"_blank\">Turisztikai \u00e9s Vid\u00e9kfejleszt\u00e9si Tanulm\u00e1nyok (TVT) (2016- )<\/a><\/li>\n\n\n\n<li><a rel=\"noreferrer noopener\" href=\"https:\/\/journals.lib.uni-corvinus.hu\/index.php\/turizmusbulletin\/issue\/archive\" data-type=\"URL\" data-id=\"https:\/\/journals.lib.uni-corvinus.hu\/index.php\/turizmusbulletin\/issue\/archive\" target=\"_blank\">Turizmus Bulletin (2017- )<\/a><\/li>\n\n\n\n<li><a rel=\"noreferrer noopener\" href=\"http:\/\/turizmusonline.hu\/\" target=\"_blank\">Turizmus Online<\/a><\/li>\n\n\n\n<li><a rel=\"noreferrer noopener\" href=\"http:\/\/unipub.lib.uni-corvinus.hu\/cgi\/search\/archive\/advanced?screen=Search&amp;publication_merge=ALL&amp;publication=vezet%C3%A9studom%C3%A1ny&amp;order=-date%2Fcreators_name%2Ftitle&amp;_action_search=Keres%C3%A9s\" target=\"_blank\">Vezet\u00e9studom\u00e1ny&nbsp;(1994-&nbsp; )<\/a><\/li>\n<\/ul>","protected":false},"excerpt":{"rendered":"<p>Online el\u00e9rhet\u0151 magyar nyelv\u0171 foly\u00f3iratok Bar\u00e1ts\u00e1g (2002-&nbsp; ) Eg\u00e9szs\u00e9gfejleszt\u00e9s (2017-) \u00c9lelmez\u00e9s (2003-2016) Eur\u00f3pai Utas (1999-2009) Falu, V\u00e1ros, R\u00e9gi\u00f3 (2008-2014) F\u00f6ldrajzi K\u00f6zlem\u00e9nyek (2005- ) Gazd\u00e1lkod\u00e1s (2004-2015) Honismeret (1972-2015) HVG K\u00f6zl\u00f6ny\u00f6k Kulin\u00e1rium (2009-2011) L\u00e9p\u00e9sek a fenntarthat\u00f3s\u00e1g fel\u00e9 (2011- ) Marketing &amp; Menedzsment (1995- ) Pannon Management Review&nbsp;(2012- ) Polg\u00e1ri Szemle (2005- ) T\u00e9r \u00e9s T\u00e1rsadalom&nbsp;(1987-&nbsp; ) Ter\u00fcleti Statisztika (2006- ) Turisztikai \u00c9rtes\u00edt\u0151 (2006-2008) Turisztikai \u00e9s Vid\u00e9kfejleszt\u00e9si Tanulm\u00e1nyok (TVT) (2016- ) Turizmus Bulletin (2017- ) Turizmus Online Vezet\u00e9studom\u00e1ny&nbsp;(1994-&nbsp; )<\/p>","protected":false},"author":1,"featured_media":0,"parent":0,"menu_order":0,"comment_status":"closed","ping_status":"closed","template":"","meta":{"_uag_custom_page_level_css":"","footnotes":""},"class_list":["post-1839","page","type-page","status-publish","hentry"],"uagb_featured_image_src":{"full":false,"thumbnail":false,"medium":false,"medium_large":false,"large":false,"news_plugin_small":false,"tf-client-image-size":false,"1536x1536":false,"2048x2048":false,"trp-custom-language-flag":false,"post-thumbnail":false,"idolcorp-full-width":false,"idolcorp-ourfeatures-thumb":false,"idolcorp-mediumblog-thumb":false},"uagb_author_info":{"display_name":"admin","author_link":"https:\/\/konyvtar-kvik.uni-bge.hu\/en\/author\/admin\/"},"uagb_comment_info":0,"uagb_excerpt":"Online el\u00e9rhet\u0151 magyar nyelv\u0171 foly\u00f3iratok Bar\u00e1ts\u00e1g (2002-&nbsp; ) Eg\u00e9szs\u00e9gfejleszt\u00e9s (2017-) \u00c9lelmez\u00e9s (2003-2016) Eur\u00f3pai Utas (1999-2009) Falu, V\u00e1ros, R\u00e9gi\u00f3 (2008-2014) F\u00f6ldrajzi K\u00f6zlem\u00e9nyek (2005- ) Gazd\u00e1lkod\u00e1s (2004-2015) Honismeret (1972-2015) HVG K\u00f6zl\u00f6ny\u00f6k Kulin\u00e1rium (2009-2011) L\u00e9p\u00e9sek a fenntarthat\u00f3s\u00e1g fel\u00e9 (2011- ) Marketing &amp; Menedzsment (1995- ) Pannon Management Review&nbsp;(2012- ) Polg\u00e1ri Szemle (2005- ) T\u00e9r \u00e9s T\u00e1rsadalom&nbsp;(1987-&nbsp; ) Ter\u00fcleti&hellip;","_links":{"self":[{"href":"https:\/\/konyvtar-kvik.uni-bge.hu\/en\/wp-json\/wp\/v2\/pages\/1839","targetHints":{"allow":["GET"]}}],"collection":[{"href":"https:\/\/konyvtar-kvik.uni-bge.hu\/en\/wp-json\/wp\/v2\/pages"}],"about":[{"href":"https:\/\/konyvtar-kvik.uni-bge.hu\/en\/wp-json\/wp\/v2\/types\/page"}],"author":[{"embeddable":true,"href":"https:\/\/konyvtar-kvik.uni-bge.hu\/en\/wp-json\/wp\/v2\/users\/1"}],"replies":[{"embeddable":true,"href":"https:\/\/konyvtar-kvik.uni-bge.hu\/en\/wp-json\/wp\/v2\/comments?post=1839"}],"version-history":[{"count":1,"href":"https:\/\/konyvtar-kvik.uni-bge.hu\/en\/wp-json\/wp\/v2\/pages\/1839\/revisions"}],"predecessor-version":[{"id":1840,"href":"https:\/\/konyvtar-kvik.uni-bge.hu\/en\/wp-json\/wp\/v2\/pages\/1839\/revisions\/1840"}],"wp:attachment":[{"href":"https:\/\/konyvtar-kvik.uni-bge.hu\/en\/wp-json\/wp\/v2\/media?parent=1839"}],"curies":[{"name":"wp","href":"https:\/\/api.w.org\/{rel}","templated":true}]}}