{"id":159,"date":"2022-05-12T08:47:55","date_gmt":"2022-05-12T08:47:55","guid":{"rendered":"http:\/\/local.konyvtar\/?page_id=159"},"modified":"2022-10-12T13:46:13","modified_gmt":"2022-10-12T11:46:13","slug":"unwto","status":"publish","type":"page","link":"https:\/\/konyvtar-kvik.uni-bge.hu\/en\/unwto\/","title":{"rendered":"UNWTO"},"content":{"rendered":"<p><strong>UNWTO Elibrary<\/strong><\/p>\n\n\n\n<p>UNWTO is an online service of the World Tourism Organization that provides statistics and e-books on tourism.&nbsp;<\/p>\n\n\n\n<p><br><a rel=\"noreferrer noopener\" href=\"http:\/\/www.e-unwto.org\/\" target=\"_blank\"><mark style=\"background-color:rgba(0, 0, 0, 0)\" class=\"has-inline-color has-vivid-cyan-blue-color\">Enter the database<\/mark><\/a>\u00a0(access from University computers or VPN remote access)<\/p>","protected":false},"excerpt":{"rendered":"<p>UNWTO Elibrary Az Elibrary a World Tourism Organization online szolg\u00e1ltat\u00e1sa, amely turizmussal kapcsolatosan szolg\u00e1ltat statisztikai adatokat \u00e9s e-k\u00f6nyveket.&nbsp; Bel\u00e9p\u00e9s az adatb\u00e1zisba\u00a0(el\u00e9r\u00e9s az Egyetem g\u00e9peir\u0151l, vagy VPN t\u00e1voli hozz\u00e1f\u00e9r\u00e9ssel)<\/p>","protected":false},"author":1,"featured_media":0,"parent":0,"menu_order":0,"comment_status":"closed","ping_status":"closed","template":"","meta":{"_uag_custom_page_level_css":"","footnotes":""},"class_list":["post-159","page","type-page","status-publish","hentry"],"uagb_featured_image_src":{"full":false,"thumbnail":false,"medium":false,"medium_large":false,"large":false,"news_plugin_small":false,"tf-client-image-size":false,"1536x1536":false,"2048x2048":false,"trp-custom-language-flag":false,"post-thumbnail":false,"idolcorp-full-width":false,"idolcorp-ourfeatures-thumb":false,"idolcorp-mediumblog-thumb":false},"uagb_author_info":{"display_name":"admin","author_link":"https:\/\/konyvtar-kvik.uni-bge.hu\/en\/author\/admin\/"},"uagb_comment_info":0,"uagb_excerpt":"UNWTO Elibrary Az Elibrary a World Tourism Organization online szolg\u00e1ltat\u00e1sa, amely turizmussal kapcsolatosan szolg\u00e1ltat statisztikai adatokat \u00e9s e-k\u00f6nyveket.&nbsp; Bel\u00e9p\u00e9s az adatb\u00e1zisba\u00a0(el\u00e9r\u00e9s az Egyetem g\u00e9peir\u0151l, vagy VPN t\u00e1voli hozz\u00e1f\u00e9r\u00e9ssel)","_links":{"self":[{"href":"https:\/\/konyvtar-kvik.uni-bge.hu\/en\/wp-json\/wp\/v2\/pages\/159","targetHints":{"allow":["GET"]}}],"collection":[{"href":"https:\/\/konyvtar-kvik.uni-bge.hu\/en\/wp-json\/wp\/v2\/pages"}],"about":[{"href":"https:\/\/konyvtar-kvik.uni-bge.hu\/en\/wp-json\/wp\/v2\/types\/page"}],"author":[{"embeddable":true,"href":"https:\/\/konyvtar-kvik.uni-bge.hu\/en\/wp-json\/wp\/v2\/users\/1"}],"replies":[{"embeddable":true,"href":"https:\/\/konyvtar-kvik.uni-bge.hu\/en\/wp-json\/wp\/v2\/comments?post=159"}],"version-history":[{"count":3,"href":"https:\/\/konyvtar-kvik.uni-bge.hu\/en\/wp-json\/wp\/v2\/pages\/159\/revisions"}],"predecessor-version":[{"id":938,"href":"https:\/\/konyvtar-kvik.uni-bge.hu\/en\/wp-json\/wp\/v2\/pages\/159\/revisions\/938"}],"wp:attachment":[{"href":"https:\/\/konyvtar-kvik.uni-bge.hu\/en\/wp-json\/wp\/v2\/media?parent=159"}],"curies":[{"name":"wp","href":"https:\/\/api.w.org\/{rel}","templated":true}]}}