{"id":157,"date":"2022-05-12T08:47:25","date_gmt":"2022-05-12T08:47:25","guid":{"rendered":"http:\/\/local.konyvtar\/?page_id=157"},"modified":"2025-01-07T11:54:49","modified_gmt":"2025-01-07T10:54:49","slug":"szaktars","status":"publish","type":"page","link":"https:\/\/konyvtar-kvik.uni-bge.hu\/en\/szaktars\/","title":{"rendered":"Szakt\u00e1rs"},"content":{"rendered":"<p><strong>SZAKT\u00c1RS<\/strong><\/p>\n\n\n\n<p>The Association of Professional Publishers, or SZAKT\u00c1RS for short, is a database portal created with the aim of collecting and publishing in a modern way the works of the most important Hungarian professional book publishers on a common interface. Their goal is to have all the works of all the publishers that they've connected to be available in a unified, searchable form, whether it's the oldest publications or even the most recent ones.<\/p>\n\n\n\n<p>The SZAKTARS.HU service aims to cover another important segment of the domestic scientific and professional publications circle, fitting well into the series of portals with similar purposes previously launched by Arcanum Database Publisher. In addition to the periodicals (<a href=\"https:\/\/www.arcanum.com\/en\/adt\/\" target=\"_blank\" rel=\"noreferrer noopener\">Arcanum Digitheca<\/a>), the most important lexicons and basic works (<a href=\"https:\/\/www.arcanum.hu\/hu\/online-kiadvanyok\/\" target=\"_blank\" rel=\"noreferrer noopener\">https:\/\/www.arcanum.com\/en\/online-kiadvanyok\/<\/a>), materials and publications from public collections (<a href=\"https:\/\/www.hungaricana.hu\/en\/?\" target=\"_blank\" rel=\"noreferrer noopener\">Hungaricana<\/a>) from now on, the latest literature and full publishing portfolios will help you to work, learn and access resources faster, more complex and more conveniently than ever before through SZAKT\u00c1RS.<\/p>\n\n\n\n<p>The works of publishers who have joined the portal are freely searchable by anyone, but access to the content currently requires an institutional subscription.<\/p>\n\n\n\n<p>Books from the following publishers are available:\u00a0<strong>Osiris, Szaktud\u00e1s, Gondolat, Napvil\u00e1g<\/strong>, <strong>Vince<\/strong>.<\/p>\n\n\n\n<p><a rel=\"noreferrer noopener\" href=\"https:\/\/www.szaktars.hu\/\" target=\"_blank\"><mark style=\"background-color:rgba(0, 0, 0, 0)\" class=\"has-inline-color has-vivid-cyan-blue-color\">Enter SZAKT\u00c1RS database<\/mark><\/a>&nbsp;(access from University computers or VPN remote access)<\/p>","protected":false},"excerpt":{"rendered":"<p>SZAKT\u00c1RS A Szakkiad\u00f3k T\u00e1rsul\u00e1sa, r\u00f6viden SZAKT\u00c1RS adatb\u00e1zis port\u00e1l azzal a c\u00e9llal j\u00f6tt l\u00e9tre, hogy egy k\u00f6z\u00f6s fel\u00fcleten gy\u0171jtse \u00f6ssze \u00e9s korszer\u0171 m\u00f3don tegye k\u00f6zz\u00e9 a legfontosabb magyar szakk\u00f6nyvkiad\u00f3k m\u0171veit. C\u00e9lunk, hogy minden csatlakozott kiad\u00f3 minden m\u0171ve egys\u00e9gesen, kereshet\u0151 form\u00e1ban v\u00e1ljon el\u00e9rhet\u0151v\u00e9, legyen sz\u00f3 a legr\u00e9gebbi vagy ak\u00e1r a legfrissebb kiadv\u00e1nyokr\u00f3l. A SZAKTARS.HU szolg\u00e1ltat\u00e1s a hazai tudom\u00e1nyos \u00e9s szakkiadv\u00e1nyok k\u00f6r\u00e9nek egy \u00fajabb fontos szegmens\u00e9t igyekszik lefedni, j\u00f3l illeszkedve az Arcanum Adatb\u00e1zis Kiad\u00f3 \u00e1ltal kor\u00e1bban m\u00e1r \u00e9letre h\u00edvott hasonl\u00f3 c\u00e9l\u00fa port\u00e1lok sor\u00e1ba. A periodikumok (Arcanum Digit\u00e1lis Tudom\u00e1nyt\u00e1r),&hellip;<\/p>","protected":false},"author":1,"featured_media":0,"parent":0,"menu_order":0,"comment_status":"closed","ping_status":"closed","template":"","meta":{"_uag_custom_page_level_css":"","footnotes":""},"class_list":["post-157","page","type-page","status-publish","hentry"],"uagb_featured_image_src":{"full":false,"thumbnail":false,"medium":false,"medium_large":false,"large":false,"news_plugin_small":false,"tf-client-image-size":false,"1536x1536":false,"2048x2048":false,"trp-custom-language-flag":false,"post-thumbnail":false,"idolcorp-full-width":false,"idolcorp-ourfeatures-thumb":false,"idolcorp-mediumblog-thumb":false},"uagb_author_info":{"display_name":"admin","author_link":"https:\/\/konyvtar-kvik.uni-bge.hu\/en\/author\/admin\/"},"uagb_comment_info":0,"uagb_excerpt":"SZAKT\u00c1RS A Szakkiad\u00f3k T\u00e1rsul\u00e1sa, r\u00f6viden SZAKT\u00c1RS adatb\u00e1zis port\u00e1l azzal a c\u00e9llal j\u00f6tt l\u00e9tre, hogy egy k\u00f6z\u00f6s fel\u00fcleten gy\u0171jtse \u00f6ssze \u00e9s korszer\u0171 m\u00f3don tegye k\u00f6zz\u00e9 a legfontosabb magyar szakk\u00f6nyvkiad\u00f3k m\u0171veit. C\u00e9lunk, hogy minden csatlakozott kiad\u00f3 minden m\u0171ve egys\u00e9gesen, kereshet\u0151 form\u00e1ban v\u00e1ljon el\u00e9rhet\u0151v\u00e9, legyen sz\u00f3 a legr\u00e9gebbi vagy ak\u00e1r a legfrissebb kiadv\u00e1nyokr\u00f3l. A SZAKTARS.HU szolg\u00e1ltat\u00e1s a hazai&hellip;","_links":{"self":[{"href":"https:\/\/konyvtar-kvik.uni-bge.hu\/en\/wp-json\/wp\/v2\/pages\/157","targetHints":{"allow":["GET"]}}],"collection":[{"href":"https:\/\/konyvtar-kvik.uni-bge.hu\/en\/wp-json\/wp\/v2\/pages"}],"about":[{"href":"https:\/\/konyvtar-kvik.uni-bge.hu\/en\/wp-json\/wp\/v2\/types\/page"}],"author":[{"embeddable":true,"href":"https:\/\/konyvtar-kvik.uni-bge.hu\/en\/wp-json\/wp\/v2\/users\/1"}],"replies":[{"embeddable":true,"href":"https:\/\/konyvtar-kvik.uni-bge.hu\/en\/wp-json\/wp\/v2\/comments?post=157"}],"version-history":[{"count":5,"href":"https:\/\/konyvtar-kvik.uni-bge.hu\/en\/wp-json\/wp\/v2\/pages\/157\/revisions"}],"predecessor-version":[{"id":2109,"href":"https:\/\/konyvtar-kvik.uni-bge.hu\/en\/wp-json\/wp\/v2\/pages\/157\/revisions\/2109"}],"wp:attachment":[{"href":"https:\/\/konyvtar-kvik.uni-bge.hu\/en\/wp-json\/wp\/v2\/media?parent=157"}],"curies":[{"name":"wp","href":"https:\/\/api.w.org\/{rel}","templated":true}]}}