{"id":153,"date":"2022-05-12T08:46:21","date_gmt":"2022-05-12T08:46:21","guid":{"rendered":"http:\/\/local.konyvtar\/?page_id=153"},"modified":"2022-10-12T13:45:13","modified_gmt":"2022-10-12T11:45:13","slug":"springerlink","status":"publish","type":"page","link":"https:\/\/konyvtar-kvik.uni-bge.hu\/en\/springerlink\/","title":{"rendered":"SpringerLink"},"content":{"rendered":"<p><strong>SPRINGERLINK<\/strong><\/p>\n\n\n\n<p>SpringerLink is one of the most visited online scientific platforms, which is partly due to the daily addition of new and high quality contents: academic journals, handbooks, conference presentations, monographs, protocols and much more. Content is provided with hyperlinks, search results, social bookmarks, and more recently semantic links.<\/p>\n\n\n\n<p><a rel=\"noreferrer noopener\" href=\"http:\/\/link.springer.com\/\" target=\"_blank\"><mark style=\"background-color:rgba(0, 0, 0, 0)\" class=\"has-inline-color has-vivid-cyan-blue-color\">Enter the database<\/mark><\/a>\u00a0(access from University computers or VPN remote access)<\/p>","protected":false},"excerpt":{"rendered":"<p>SPRINGERLINK A SpringerLink az egyik legl\u00e1togatottabb online tudom\u00e1nyos platform, amely r\u00e9szben annak k\u00f6sz\u00f6nhet\u0151, hogy minden nap \u00faj, min\u0151s\u00e9gi tartalmakkal b\u0151v\u00edtik: tudom\u00e1nyos t\u00e1rsas\u00e1gok foly\u00f3irataival, k\u00e9zik\u00f6nyvekkel, konferencia el\u0151ad\u00e1sokkal, monogr\u00e1fi\u00e1kkal, protokollokkal \u00e9s sok m\u00e1ssal. A tartalmakat hivatkoz\u00e1sok linkjeivel, keres\u00e9si tal\u00e1latokkal, k\u00f6z\u00f6ss\u00e9gi k\u00f6nyvjelz\u0151kkel \u00e9s \u00fajabban szemantikai linkekkel l\u00e1tj\u00e1k el. Bel\u00e9p\u00e9s az adatb\u00e1zisba\u00a0(el\u00e9r\u00e9s az Egyetem g\u00e9peir\u0151l, vagy VPN t\u00e1voli hozz\u00e1f\u00e9r\u00e9ssel)<\/p>","protected":false},"author":1,"featured_media":0,"parent":0,"menu_order":0,"comment_status":"closed","ping_status":"closed","template":"","meta":{"_uag_custom_page_level_css":"","footnotes":""},"class_list":["post-153","page","type-page","status-publish","hentry"],"uagb_featured_image_src":{"full":false,"thumbnail":false,"medium":false,"medium_large":false,"large":false,"news_plugin_small":false,"tf-client-image-size":false,"1536x1536":false,"2048x2048":false,"trp-custom-language-flag":false,"post-thumbnail":false,"idolcorp-full-width":false,"idolcorp-ourfeatures-thumb":false,"idolcorp-mediumblog-thumb":false},"uagb_author_info":{"display_name":"admin","author_link":"https:\/\/konyvtar-kvik.uni-bge.hu\/en\/author\/admin\/"},"uagb_comment_info":0,"uagb_excerpt":"SPRINGERLINK A SpringerLink az egyik legl\u00e1togatottabb online tudom\u00e1nyos platform, amely r\u00e9szben annak k\u00f6sz\u00f6nhet\u0151, hogy minden nap \u00faj, min\u0151s\u00e9gi tartalmakkal b\u0151v\u00edtik: tudom\u00e1nyos t\u00e1rsas\u00e1gok foly\u00f3irataival, k\u00e9zik\u00f6nyvekkel, konferencia el\u0151ad\u00e1sokkal, monogr\u00e1fi\u00e1kkal, protokollokkal \u00e9s sok m\u00e1ssal. A tartalmakat hivatkoz\u00e1sok linkjeivel, keres\u00e9si tal\u00e1latokkal, k\u00f6z\u00f6ss\u00e9gi k\u00f6nyvjelz\u0151kkel \u00e9s \u00fajabban szemantikai linkekkel l\u00e1tj\u00e1k el. Bel\u00e9p\u00e9s az adatb\u00e1zisba\u00a0(el\u00e9r\u00e9s az Egyetem g\u00e9peir\u0151l, vagy VPN t\u00e1voli hozz\u00e1f\u00e9r\u00e9ssel)","_links":{"self":[{"href":"https:\/\/konyvtar-kvik.uni-bge.hu\/en\/wp-json\/wp\/v2\/pages\/153","targetHints":{"allow":["GET"]}}],"collection":[{"href":"https:\/\/konyvtar-kvik.uni-bge.hu\/en\/wp-json\/wp\/v2\/pages"}],"about":[{"href":"https:\/\/konyvtar-kvik.uni-bge.hu\/en\/wp-json\/wp\/v2\/types\/page"}],"author":[{"embeddable":true,"href":"https:\/\/konyvtar-kvik.uni-bge.hu\/en\/wp-json\/wp\/v2\/users\/1"}],"replies":[{"embeddable":true,"href":"https:\/\/konyvtar-kvik.uni-bge.hu\/en\/wp-json\/wp\/v2\/comments?post=153"}],"version-history":[{"count":3,"href":"https:\/\/konyvtar-kvik.uni-bge.hu\/en\/wp-json\/wp\/v2\/pages\/153\/revisions"}],"predecessor-version":[{"id":935,"href":"https:\/\/konyvtar-kvik.uni-bge.hu\/en\/wp-json\/wp\/v2\/pages\/153\/revisions\/935"}],"wp:attachment":[{"href":"https:\/\/konyvtar-kvik.uni-bge.hu\/en\/wp-json\/wp\/v2\/media?parent=153"}],"curies":[{"name":"wp","href":"https:\/\/api.w.org\/{rel}","templated":true}]}}