{"id":151,"date":"2022-05-12T08:45:41","date_gmt":"2022-05-12T08:45:41","guid":{"rendered":"http:\/\/local.konyvtar\/?page_id=151"},"modified":"2025-01-07T11:48:43","modified_gmt":"2025-01-07T10:48:43","slug":"science-direct-scopus","status":"publish","type":"page","link":"https:\/\/konyvtar-kvik.uni-bge.hu\/en\/science-direct-scopus\/","title":{"rendered":"Scopus"},"content":{"rendered":"<p>Scopus is the largest abstract and citation database of the peer-reviewed literature, which, combined with intelligent tools, enables research to be tracked, analyzed and displayed. The database is accessible to applying institutions thanks to the T\u00c1MOP 4.2.5 priority project won by Educatio T\u00e1rsadalmi Szolg\u00e1ltat\u00f3 Nonprofit Kft.<\/p>\n\n\n\n<p><a rel=\"noreferrer noopener\" href=\"https:\/\/www.scopus.com\/\" target=\"_blank\"><mark style=\"background-color:rgba(0, 0, 0, 0)\" class=\"has-inline-color has-vivid-cyan-blue-color\">Login to Scopus<\/mark><\/a>&nbsp;(access from University computers or VPN remote access)<\/p>\n\n\n\n<p><\/p>","protected":false},"excerpt":{"rendered":"<p>A Scopus a lektor\u00e1lt szakirodalom legnagyobb absztrakt \u00e9s cit\u00e1tum adatb\u00e1zisa, amely intelligens eszk\u00f6z\u00f6kkel kieg\u00e9sz\u00edtve lehet\u0151v\u00e9 teszi a kutat\u00e1sok nyomon k\u00f6vet\u00e9s\u00e9t, elemz\u00e9s\u00e9t \u00e9s megjelen\u00edt\u00e9s\u00e9t. Az adatb\u00e1zis az Educatio T\u00e1rsadalmi Szolg\u00e1ltat\u00f3 Nonprofit Kft. \u00e1ltal elnyert T\u00c1MOP 4.2.5 kiemelt projektnek k\u00f6sz\u00f6nhet\u0151en \u00e9rhet\u0151 el az ig\u00e9nyl\u0151 int\u00e9zm\u00e9nyek sz\u00e1m\u00e1ra. Bel\u00e9p\u00e9s a Scopus-ba&nbsp;(el\u00e9r\u00e9s az Egyetem g\u00e9peir\u0151l, vagy VPN t\u00e1voli hozz\u00e1f\u00e9r\u00e9ssel)<\/p>","protected":false},"author":1,"featured_media":0,"parent":0,"menu_order":0,"comment_status":"closed","ping_status":"closed","template":"","meta":{"_uag_custom_page_level_css":"","footnotes":""},"class_list":["post-151","page","type-page","status-publish","hentry"],"uagb_featured_image_src":{"full":false,"thumbnail":false,"medium":false,"medium_large":false,"large":false,"news_plugin_small":false,"tf-client-image-size":false,"1536x1536":false,"2048x2048":false,"trp-custom-language-flag":false,"post-thumbnail":false,"idolcorp-full-width":false,"idolcorp-ourfeatures-thumb":false,"idolcorp-mediumblog-thumb":false},"uagb_author_info":{"display_name":"admin","author_link":"https:\/\/konyvtar-kvik.uni-bge.hu\/en\/author\/admin\/"},"uagb_comment_info":0,"uagb_excerpt":"A Scopus a lektor\u00e1lt szakirodalom legnagyobb absztrakt \u00e9s cit\u00e1tum adatb\u00e1zisa, amely intelligens eszk\u00f6z\u00f6kkel kieg\u00e9sz\u00edtve lehet\u0151v\u00e9 teszi a kutat\u00e1sok nyomon k\u00f6vet\u00e9s\u00e9t, elemz\u00e9s\u00e9t \u00e9s megjelen\u00edt\u00e9s\u00e9t. Az adatb\u00e1zis az Educatio T\u00e1rsadalmi Szolg\u00e1ltat\u00f3 Nonprofit Kft. \u00e1ltal elnyert T\u00c1MOP 4.2.5 kiemelt projektnek k\u00f6sz\u00f6nhet\u0151en \u00e9rhet\u0151 el az ig\u00e9nyl\u0151 int\u00e9zm\u00e9nyek sz\u00e1m\u00e1ra. Bel\u00e9p\u00e9s a Scopus-ba&nbsp;(el\u00e9r\u00e9s az Egyetem g\u00e9peir\u0151l, vagy VPN t\u00e1voli hozz\u00e1f\u00e9r\u00e9ssel)","_links":{"self":[{"href":"https:\/\/konyvtar-kvik.uni-bge.hu\/en\/wp-json\/wp\/v2\/pages\/151","targetHints":{"allow":["GET"]}}],"collection":[{"href":"https:\/\/konyvtar-kvik.uni-bge.hu\/en\/wp-json\/wp\/v2\/pages"}],"about":[{"href":"https:\/\/konyvtar-kvik.uni-bge.hu\/en\/wp-json\/wp\/v2\/types\/page"}],"author":[{"embeddable":true,"href":"https:\/\/konyvtar-kvik.uni-bge.hu\/en\/wp-json\/wp\/v2\/users\/1"}],"replies":[{"embeddable":true,"href":"https:\/\/konyvtar-kvik.uni-bge.hu\/en\/wp-json\/wp\/v2\/comments?post=151"}],"version-history":[{"count":4,"href":"https:\/\/konyvtar-kvik.uni-bge.hu\/en\/wp-json\/wp\/v2\/pages\/151\/revisions"}],"predecessor-version":[{"id":2104,"href":"https:\/\/konyvtar-kvik.uni-bge.hu\/en\/wp-json\/wp\/v2\/pages\/151\/revisions\/2104"}],"wp:attachment":[{"href":"https:\/\/konyvtar-kvik.uni-bge.hu\/en\/wp-json\/wp\/v2\/media?parent=151"}],"curies":[{"name":"wp","href":"https:\/\/api.w.org\/{rel}","templated":true}]}}