{"id":145,"date":"2022-05-12T08:41:52","date_gmt":"2022-05-12T08:41:52","guid":{"rendered":"http:\/\/local.konyvtar\/?page_id=145"},"modified":"2023-02-06T17:27:08","modified_gmt":"2023-02-06T16:27:08","slug":"mersz","status":"publish","type":"page","link":"https:\/\/konyvtar-kvik.uni-bge.hu\/en\/mersz\/","title":{"rendered":"MERSZ"},"content":{"rendered":"<p><strong>MERSZ<\/strong><\/p>\n\n\n\n<p>Az Akad\u00e9miai Kiad\u00f3 elektronikus gy\u0171jtem\u00e9nye \u00e9vr\u0151l-\u00e9vre folyamatosan b\u0151v\u00fcl\u0151 tartalommal biztos\u00edt magyar nyelv\u0171 alapm\u0171veket jogtiszt\u00e1n, a digit\u00e1lis anyagok minden el\u0151ny\u00e9t felk\u00edn\u00e1lva.<br>A szolg\u00e1ltat\u00e1s a friss tartalmak mellett sz\u00e1mos olyan n\u00e9lk\u00fcl\u00f6zhetetlen referenciamunk\u00e1t tesz ism\u00e9t el\u00e9rhet\u0151v\u00e9, amelyek nyomtat\u00e1sban m\u00e1r nem vagy csak igen nehezen hozz\u00e1f\u00e9rhet\u0151ek. A MeRSZ egy struktur\u00e1lt, kereshet\u0151 adatb\u00e1zis, mely minden platformon egys\u00e9ges megjelen\u00e9st ny\u00fajt, k\u00fcl\u00f6n applik\u00e1ci\u00f3 let\u00f6lt\u00e9se n\u00e9lk\u00fcl.<\/p>\n\n\n\n<p><a rel=\"noreferrer noopener\" href=\"http:\/\/eisz.mersz.org\/\" target=\"_blank\"><mark style=\"background-color:rgba(0, 0, 0, 0)\" class=\"has-inline-color has-vivid-cyan-blue-color\">Enter the database<\/mark><\/a>&nbsp;(access from University computers or VPN remote access)<\/p>","protected":false},"excerpt":{"rendered":"<p>MERSZ Az Akad\u00e9miai Kiad\u00f3 elektronikus gy\u0171jtem\u00e9nye \u00e9vr\u0151l-\u00e9vre folyamatosan b\u0151v\u00fcl\u0151 tartalommal biztos\u00edt magyar nyelv\u0171 alapm\u0171veket jogtiszt\u00e1n, a digit\u00e1lis anyagok minden el\u0151ny\u00e9t felk\u00edn\u00e1lva.A szolg\u00e1ltat\u00e1s a friss tartalmak mellett sz\u00e1mos olyan n\u00e9lk\u00fcl\u00f6zhetetlen referenciamunk\u00e1t tesz ism\u00e9t el\u00e9rhet\u0151v\u00e9, amelyek nyomtat\u00e1sban m\u00e1r nem vagy csak igen nehezen hozz\u00e1f\u00e9rhet\u0151ek. A MeRSZ egy struktur\u00e1lt, kereshet\u0151 adatb\u00e1zis, mely minden platformon egys\u00e9ges megjelen\u00e9st ny\u00fajt, k\u00fcl\u00f6n applik\u00e1ci\u00f3 let\u00f6lt\u00e9se n\u00e9lk\u00fcl. Bel\u00e9p\u00e9s az adatb\u00e1zisba&nbsp;(el\u00e9r\u00e9s az Egyetem g\u00e9peir\u0151l, vagy VPN t\u00e1voli hozz\u00e1f\u00e9r\u00e9ssel)<\/p>","protected":false},"author":1,"featured_media":0,"parent":0,"menu_order":0,"comment_status":"closed","ping_status":"closed","template":"","meta":{"_uag_custom_page_level_css":"","footnotes":""},"class_list":["post-145","page","type-page","status-publish","hentry"],"uagb_featured_image_src":{"full":false,"thumbnail":false,"medium":false,"medium_large":false,"large":false,"news_plugin_small":false,"tf-client-image-size":false,"1536x1536":false,"2048x2048":false,"trp-custom-language-flag":false,"post-thumbnail":false,"idolcorp-full-width":false,"idolcorp-ourfeatures-thumb":false,"idolcorp-mediumblog-thumb":false},"uagb_author_info":{"display_name":"admin","author_link":"https:\/\/konyvtar-kvik.uni-bge.hu\/en\/author\/admin\/"},"uagb_comment_info":0,"uagb_excerpt":"MERSZ Az Akad\u00e9miai Kiad\u00f3 elektronikus gy\u0171jtem\u00e9nye \u00e9vr\u0151l-\u00e9vre folyamatosan b\u0151v\u00fcl\u0151 tartalommal biztos\u00edt magyar nyelv\u0171 alapm\u0171veket jogtiszt\u00e1n, a digit\u00e1lis anyagok minden el\u0151ny\u00e9t felk\u00edn\u00e1lva.A szolg\u00e1ltat\u00e1s a friss tartalmak mellett sz\u00e1mos olyan n\u00e9lk\u00fcl\u00f6zhetetlen referenciamunk\u00e1t tesz ism\u00e9t el\u00e9rhet\u0151v\u00e9, amelyek nyomtat\u00e1sban m\u00e1r nem vagy csak igen nehezen hozz\u00e1f\u00e9rhet\u0151ek. A MeRSZ egy struktur\u00e1lt, kereshet\u0151 adatb\u00e1zis, mely minden platformon egys\u00e9ges megjelen\u00e9st ny\u00fajt, k\u00fcl\u00f6n&hellip;","_links":{"self":[{"href":"https:\/\/konyvtar-kvik.uni-bge.hu\/en\/wp-json\/wp\/v2\/pages\/145","targetHints":{"allow":["GET"]}}],"collection":[{"href":"https:\/\/konyvtar-kvik.uni-bge.hu\/en\/wp-json\/wp\/v2\/pages"}],"about":[{"href":"https:\/\/konyvtar-kvik.uni-bge.hu\/en\/wp-json\/wp\/v2\/types\/page"}],"author":[{"embeddable":true,"href":"https:\/\/konyvtar-kvik.uni-bge.hu\/en\/wp-json\/wp\/v2\/users\/1"}],"replies":[{"embeddable":true,"href":"https:\/\/konyvtar-kvik.uni-bge.hu\/en\/wp-json\/wp\/v2\/comments?post=145"}],"version-history":[{"count":3,"href":"https:\/\/konyvtar-kvik.uni-bge.hu\/en\/wp-json\/wp\/v2\/pages\/145\/revisions"}],"predecessor-version":[{"id":1149,"href":"https:\/\/konyvtar-kvik.uni-bge.hu\/en\/wp-json\/wp\/v2\/pages\/145\/revisions\/1149"}],"wp:attachment":[{"href":"https:\/\/konyvtar-kvik.uni-bge.hu\/en\/wp-json\/wp\/v2\/media?parent=145"}],"curies":[{"name":"wp","href":"https:\/\/api.w.org\/{rel}","templated":true}]}}