{"id":143,"date":"2022-05-12T08:41:26","date_gmt":"2022-05-12T08:41:26","guid":{"rendered":"http:\/\/local.konyvtar\/?page_id=143"},"modified":"2022-10-12T13:43:18","modified_gmt":"2022-10-12T11:43:18","slug":"ksh-tajekoztatasi-adatbazis-hcso-dissemination-database","status":"publish","type":"page","link":"https:\/\/konyvtar-kvik.uni-bge.hu\/en\/ksh-tajekoztatasi-adatbazis-hcso-dissemination-database\/","title":{"rendered":"HCSO Dissemination Database"},"content":{"rendered":"<p><strong>Hungarian Central Statistical Office<br>Dissemination Database<\/strong><\/p>\n\n\n\n<p>The tasks of the HCSO are: planning data recordings, recording, processing, storing, analyzing and publishing data, protecting individual data. The Office provides data to parliamentary and administrative bodies, non-governmental organizations, interest groups, local governments, public bodies, academic and business organizations, the general public and the media, as well as international organizations and foreign users.<br><br>Official data on the country's social and economic situation and population trends are published by the HCSO.<\/p>\n\n\n\n<p><br><a rel=\"noreferrer noopener\" href=\"https:\/\/statinfo.ksh.hu\/Statinfo\/themeSelector.jsp?&amp;lang=en\" target=\"_blank\"><mark style=\"background-color:rgba(0, 0, 0, 0)\" class=\"has-inline-color has-vivid-cyan-blue-color\">Enter the database<\/mark><\/a>\u00a0(remote access)<\/p>","protected":false},"excerpt":{"rendered":"<p>K\u00f6zponti Statisztikai HivatalT\u00e1j\u00e9koztat\u00e1si Adatb\u00e1zis A KSH feladatai: adatfelv\u00e9telek megtervez\u00e9se, adatok felv\u00e9tele, feldolgoz\u00e1sa, t\u00e1rol\u00e1sa, elemz\u00e9se \u00e9s k\u00f6zz\u00e9t\u00e9tele, az egyedi adatok v\u00e9delme. A hivatal adatokat szolg\u00e1ltat az orsz\u00e1ggy\u0171l\u00e9s \u00e9s a k\u00f6zigazgat\u00e1s szervei, a t\u00e1rsadalmi szervezetek, az \u00e9rdekk\u00e9pviseletek, a helyi \u00f6nkorm\u00e1nyzatok, a k\u00f6ztest\u00fcletek, a tudom\u00e1nyos \u00e9let, a gazdas\u00e1gi szervezetek, a lakoss\u00e1g \u00e9s a h\u00edrk\u00f6zl\u0151 szervek, valamint a nemzetk\u00f6zi szervezetek, a k\u00fclf\u00f6ldi felhaszn\u00e1l\u00f3k r\u00e9sz\u00e9re.Az orsz\u00e1g t\u00e1rsadalmi \u00e9s gazdas\u00e1gi helyzet\u00e9re, n\u00e9pess\u00e9g\u00e9nek alakul\u00e1s\u00e1ra vonatkoz\u00f3 hivatalos adatokat a KSH teszi k\u00f6zz\u00e9. Bel\u00e9p\u00e9s az adatb\u00e1zisba\u00a0(el\u00e9r\u00e9s t\u00e1volr\u00f3l is)<\/p>","protected":false},"author":1,"featured_media":0,"parent":0,"menu_order":0,"comment_status":"closed","ping_status":"closed","template":"","meta":{"_uag_custom_page_level_css":"","footnotes":""},"class_list":["post-143","page","type-page","status-publish","hentry"],"uagb_featured_image_src":{"full":false,"thumbnail":false,"medium":false,"medium_large":false,"large":false,"news_plugin_small":false,"tf-client-image-size":false,"1536x1536":false,"2048x2048":false,"trp-custom-language-flag":false,"post-thumbnail":false,"idolcorp-full-width":false,"idolcorp-ourfeatures-thumb":false,"idolcorp-mediumblog-thumb":false},"uagb_author_info":{"display_name":"admin","author_link":"https:\/\/konyvtar-kvik.uni-bge.hu\/en\/author\/admin\/"},"uagb_comment_info":0,"uagb_excerpt":"K\u00f6zponti Statisztikai HivatalT\u00e1j\u00e9koztat\u00e1si Adatb\u00e1zis A KSH feladatai: adatfelv\u00e9telek megtervez\u00e9se, adatok felv\u00e9tele, feldolgoz\u00e1sa, t\u00e1rol\u00e1sa, elemz\u00e9se \u00e9s k\u00f6zz\u00e9t\u00e9tele, az egyedi adatok v\u00e9delme. A hivatal adatokat szolg\u00e1ltat az orsz\u00e1ggy\u0171l\u00e9s \u00e9s a k\u00f6zigazgat\u00e1s szervei, a t\u00e1rsadalmi szervezetek, az \u00e9rdekk\u00e9pviseletek, a helyi \u00f6nkorm\u00e1nyzatok, a k\u00f6ztest\u00fcletek, a tudom\u00e1nyos \u00e9let, a gazdas\u00e1gi szervezetek, a lakoss\u00e1g \u00e9s a h\u00edrk\u00f6zl\u0151 szervek, valamint a nemzetk\u00f6zi&hellip;","_links":{"self":[{"href":"https:\/\/konyvtar-kvik.uni-bge.hu\/en\/wp-json\/wp\/v2\/pages\/143","targetHints":{"allow":["GET"]}}],"collection":[{"href":"https:\/\/konyvtar-kvik.uni-bge.hu\/en\/wp-json\/wp\/v2\/pages"}],"about":[{"href":"https:\/\/konyvtar-kvik.uni-bge.hu\/en\/wp-json\/wp\/v2\/types\/page"}],"author":[{"embeddable":true,"href":"https:\/\/konyvtar-kvik.uni-bge.hu\/en\/wp-json\/wp\/v2\/users\/1"}],"replies":[{"embeddable":true,"href":"https:\/\/konyvtar-kvik.uni-bge.hu\/en\/wp-json\/wp\/v2\/comments?post=143"}],"version-history":[{"count":4,"href":"https:\/\/konyvtar-kvik.uni-bge.hu\/en\/wp-json\/wp\/v2\/pages\/143\/revisions"}],"predecessor-version":[{"id":930,"href":"https:\/\/konyvtar-kvik.uni-bge.hu\/en\/wp-json\/wp\/v2\/pages\/143\/revisions\/930"}],"wp:attachment":[{"href":"https:\/\/konyvtar-kvik.uni-bge.hu\/en\/wp-json\/wp\/v2\/media?parent=143"}],"curies":[{"name":"wp","href":"https:\/\/api.w.org\/{rel}","templated":true}]}}