{"id":141,"date":"2022-05-12T08:40:19","date_gmt":"2022-05-12T08:40:19","guid":{"rendered":"http:\/\/local.konyvtar\/?page_id=141"},"modified":"2022-10-12T13:43:00","modified_gmt":"2022-10-12T11:43:00","slug":"kossuth-kiado","status":"publish","type":"page","link":"https:\/\/konyvtar-kvik.uni-bge.hu\/en\/kossuth-kiado\/","title":{"rendered":"Kossuth Kiad\u00f3"},"content":{"rendered":"<p><strong>Kossuth Kiad\u00f3<\/strong><\/p>\n\n\n\n<p>Az adatb\u00e1zis a Kossuth Kiad\u00f3i Csoport mintegy 250 szakk\u00f6nyv\u00e9t tartalmazza. Az el\u0151fizet\u0151knek a szakk\u00f6nyvek mellett mintegy 130 sz\u00e9pirodalmi m\u0171 is el\u00e9rhet\u0151v\u00e9 v\u00e1lik.<\/p>\n\n\n\n<p><a rel=\"noreferrer noopener\" href=\"https:\/\/zeusz.kossuth.hu\/\" target=\"_blank\"><mark style=\"background-color:rgba(0, 0, 0, 0)\" class=\"has-inline-color has-vivid-cyan-blue-color\">Enter the database<\/mark><\/a>\u00a0(access from University computers or VPN remote access)<\/p>","protected":false},"excerpt":{"rendered":"<p>Kossuth Kiad\u00f3 Az adatb\u00e1zis a Kossuth Kiad\u00f3i Csoport mintegy 250 szakk\u00f6nyv\u00e9t tartalmazza. Az el\u0151fizet\u0151knek a szakk\u00f6nyvek mellett mintegy 130 sz\u00e9pirodalmi m\u0171 is el\u00e9rhet\u0151v\u00e9 v\u00e1lik. Bel\u00e9p\u00e9s az adatb\u00e1zisba\u00a0(el\u00e9r\u00e9s az Egyetem g\u00e9peir\u0151l, vagy VPN t\u00e1voli hozz\u00e1f\u00e9r\u00e9ssel)<\/p>","protected":false},"author":1,"featured_media":0,"parent":0,"menu_order":0,"comment_status":"closed","ping_status":"closed","template":"","meta":{"_uag_custom_page_level_css":"","footnotes":""},"class_list":["post-141","page","type-page","status-publish","hentry"],"uagb_featured_image_src":{"full":false,"thumbnail":false,"medium":false,"medium_large":false,"large":false,"news_plugin_small":false,"tf-client-image-size":false,"1536x1536":false,"2048x2048":false,"trp-custom-language-flag":false,"post-thumbnail":false,"idolcorp-full-width":false,"idolcorp-ourfeatures-thumb":false,"idolcorp-mediumblog-thumb":false},"uagb_author_info":{"display_name":"admin","author_link":"https:\/\/konyvtar-kvik.uni-bge.hu\/en\/author\/admin\/"},"uagb_comment_info":0,"uagb_excerpt":"Kossuth Kiad\u00f3 Az adatb\u00e1zis a Kossuth Kiad\u00f3i Csoport mintegy 250 szakk\u00f6nyv\u00e9t tartalmazza. Az el\u0151fizet\u0151knek a szakk\u00f6nyvek mellett mintegy 130 sz\u00e9pirodalmi m\u0171 is el\u00e9rhet\u0151v\u00e9 v\u00e1lik. Bel\u00e9p\u00e9s az adatb\u00e1zisba\u00a0(el\u00e9r\u00e9s az Egyetem g\u00e9peir\u0151l, vagy VPN t\u00e1voli hozz\u00e1f\u00e9r\u00e9ssel)","_links":{"self":[{"href":"https:\/\/konyvtar-kvik.uni-bge.hu\/en\/wp-json\/wp\/v2\/pages\/141","targetHints":{"allow":["GET"]}}],"collection":[{"href":"https:\/\/konyvtar-kvik.uni-bge.hu\/en\/wp-json\/wp\/v2\/pages"}],"about":[{"href":"https:\/\/konyvtar-kvik.uni-bge.hu\/en\/wp-json\/wp\/v2\/types\/page"}],"author":[{"embeddable":true,"href":"https:\/\/konyvtar-kvik.uni-bge.hu\/en\/wp-json\/wp\/v2\/users\/1"}],"replies":[{"embeddable":true,"href":"https:\/\/konyvtar-kvik.uni-bge.hu\/en\/wp-json\/wp\/v2\/comments?post=141"}],"version-history":[{"count":2,"href":"https:\/\/konyvtar-kvik.uni-bge.hu\/en\/wp-json\/wp\/v2\/pages\/141\/revisions"}],"predecessor-version":[{"id":929,"href":"https:\/\/konyvtar-kvik.uni-bge.hu\/en\/wp-json\/wp\/v2\/pages\/141\/revisions\/929"}],"wp:attachment":[{"href":"https:\/\/konyvtar-kvik.uni-bge.hu\/en\/wp-json\/wp\/v2\/media?parent=141"}],"curies":[{"name":"wp","href":"https:\/\/api.w.org\/{rel}","templated":true}]}}