{"id":139,"date":"2022-05-12T08:39:50","date_gmt":"2022-05-12T08:39:50","guid":{"rendered":"http:\/\/local.konyvtar\/?page_id=139"},"modified":"2025-01-17T13:52:46","modified_gmt":"2025-01-17T12:52:46","slug":"interkonyv","status":"publish","type":"page","link":"https:\/\/konyvtar-kvik.uni-bge.hu\/en\/interkonyv\/","title":{"rendered":"Interk\u00f6nyv"},"content":{"rendered":"<p><strong>INTERK\u00d6NYV<\/strong><\/p>\n\n\n\n<p>The&nbsp;<a rel=\"noreferrer noopener\" href=\"http:\/\/konyvtar-kvik.uni-bge.hu\/en\/edu.interkonyv.hu\/\" target=\"_blank\">edu.interkonyv.hu<\/a>&nbsp;website&nbsp;<a rel=\"noreferrer noopener\" href=\"http:\/\/www.interkonyv.hu\/\" target=\"_blank\">www.interkonyv.hu<\/a>&nbsp;testv\u00e9roldala, ahol az EISZ-konzorcium keret\u00e9ben el\u0151fizet\u0151 int\u00e9zm\u00e9nyek dolgoz\u00f3i, oktat\u00f3i, hallgat\u00f3i ingyen \u00e9rik el az adatb\u00e1zisban szerepl\u0151 anyagokat &#8211; t\u00f6bb, mint 500 k\u00f6nyvet, jegyzetet online pdf form\u00e1tumban. Amennyiben \u00f6n ezen int\u00e9zm\u00e9nyek valamelyik\u00e9nek oktat\u00f3ja, hallgat\u00f3ja, dolgoz\u00f3ja, IP-c\u00edm alap\u00fa azonos\u00edt\u00e1s ut\u00e1n f\u00e9rhet hozz\u00e1 az online adatb\u00e1zishoz.<\/p>\n\n\n\n<p>A Typotex Kiad\u00f3 1989 \u00f3ta m\u0171k\u00f6d\u0151 k\u00f6nyvkiad\u00f3, profilj\u00e1ba els\u0151sorban fels\u0151fok\u00fa tank\u00f6nyvek, szakk\u00f6nyvek, jegyzetek tartoznak a term\u00e9szettudom\u00e1nyok \u00e9s a t\u00e1rsadalomtudom\u00e1nyok ter\u00fclet\u00e9r\u0151l (matematika, fizika, informatika, biol\u00f3gia, k\u00e9mia, m\u00e9rn\u00f6ki tudom\u00e1nyok, pszichol\u00f3gia, filoz\u00f3fia, kommunik\u00e1ci\u00f3, m\u0171v\u00e9szetelm\u00e9let, menedzsment stb.) egyar\u00e1nt.<\/p>\n\n\n\n<p>Az Interk\u00f6nyv oldal (<a href=\"http:\/\/www.interkonyv.hu\/\" target=\"_blank\" rel=\"noreferrer noopener\">www.interkonyv.hu<\/a>) a Typotex Kiad\u00f3 elektronikus publik\u00e1ci\u00f3s fel\u00fclete, 2009 \u00f3ta m\u0171k\u00f6dik e-k\u00f6nyves web\u00e1ruh\u00e1zk\u00e9nt. Az oldalon l\u00e9nyeg\u00e9ben a Kiad\u00f3 teljes k\u00edn\u00e1lata el\u00e9rhet\u0151 elektronikus form\u00e1ban, ez jelenleg t\u00f6bb mint 600 m\u0171. Els\u0151sorban friss, az ut\u00f3bbi 20 \u00e9v tudom\u00e1nyos eredm\u00e9nyeit feldolgoz\u00f3 tudom\u00e1nyos munk\u00e1k, valamint id\u0151t\u00e1ll\u00f3 klasszikusok \u00e9rhet\u0151k el magyar \u00e9s k\u00fclf\u00f6ldi szerz\u0151kt\u0151l. Szerz\u0151ink k\u00f6z\u00f6tt tarhatjuk nyilv\u00e1n a magyar tudom\u00e1nyos \u00e9let olyan k\u00e9pvisel\u0151it, mint Lov\u00e1sz L\u00e1szl\u00f3, Pokol Gy\u00f6rgy, Laczkovich Mikl\u00f3s, Pl\u00e9h Csaba, Jany J\u00e1nos, Bereczkei Tam\u00e1s, Szvetelszky Zsuzsanna, Sal\u00e1t Gergely, Hor\u00e1nyi \u00d6zs\u00e9b, Cs\u00e1nyi Vilmos, S\u00e1ndor Kl\u00e1ra, illetve a nemzetk\u00f6zi tudom\u00e1nyos \u00e9let k\u00e9pvisel\u0151it, mint pl. E.O. Wilson, J-P. Changeux, J. Derrida, L.D. Landau, hogy csak n\u00e9h\u00e1ny nevet eml\u00edts\u00fcnk.<\/p>\n\n\n\n<p>Az el\u00e9rhet\u0151 m\u0171vek sz\u00e1ma \u00e9vr\u0151l-\u00e9vre n\u0151, hiszen az oldalon minden \u00faj, a Kiad\u00f3n\u00e1l pap\u00edron megjelen\u0151 m\u0171 megjelenik elektronikus v\u00e1ltozatban, valamint egyes szakk\u00f6nyvek, tank\u00f6nyvek eleve elektronikus v\u00e1ltozatban jelennek meg.<\/p>\n\n\n\n<p>Az EISZ-konzorcium sz\u00e1m\u00e1ra felaj\u00e1nlott oldalon a fels\u0151oktat\u00e1sban relev\u00e1ns anyagok el\u00e9rhet\u0151k el online, pdf form\u00e1tumban, l\u00e9nyeg\u00e9ben az Interk\u00f6nyv jelenlegi strukt\u00far\u00e1j\u00e1val megegyez\u0151 m\u00f3don, IP-c\u00edm alap\u00fa azonos\u00edt\u00e1s ut\u00e1n. Az oldalon lehet\u0151s\u00e9g van szerz\u0151, c\u00edm, sorozat, valamint t\u00e9mak\u00f6r szerinti keres\u00e9sre, a sz\u00f6vegben val\u00f3 r\u00e9szletes keres\u00e9s pedig lehet\u0151v\u00e9 teszi, hogy egy-egy szakkifejez\u00e9s k\u00fcl\u00f6nb\u00f6z\u0151 m\u0171vekben val\u00f3 el\u0151fordul\u00e1s\u00e1t vizsg\u00e1lhassa meg a felhaszn\u00e1l\u00f3.<\/p>\n\n\n\n<p><a href=\"https:\/\/edu.interkonyv.hu\/\"><mark style=\"background-color:rgba(0, 0, 0, 0)\" class=\"has-inline-color has-vivid-cyan-blue-color\">Bel\u00e9p\u00e9s az Interk\u00f6nyv adatb\u00e1zisba<\/mark><\/a>\u00a0(access from University computers or VPN remote access)<\/p>\n\n\n\n<p><\/p>\n\n\n\n<p><\/p>\n\n\n\n<p><\/p>\n\n\n\n<p><\/p>\n\n\n\n<p><\/p>\n\n\n\n<p><\/p>","protected":false},"excerpt":{"rendered":"<p>INTERK\u00d6NYV Az&nbsp;edu.interkonyv.hu&nbsp;oldal a&nbsp;www.interkonyv.hu&nbsp;testv\u00e9roldala, ahol az EISZ-konzorcium keret\u00e9ben el\u0151fizet\u0151 int\u00e9zm\u00e9nyek dolgoz\u00f3i, oktat\u00f3i, hallgat\u00f3i ingyen \u00e9rik el az adatb\u00e1zisban szerepl\u0151 anyagokat &#8211; t\u00f6bb, mint 500 k\u00f6nyvet, jegyzetet online pdf form\u00e1tumban. Amennyiben \u00f6n ezen int\u00e9zm\u00e9nyek valamelyik\u00e9nek oktat\u00f3ja, hallgat\u00f3ja, dolgoz\u00f3ja, IP-c\u00edm alap\u00fa azonos\u00edt\u00e1s ut\u00e1n f\u00e9rhet hozz\u00e1 az online adatb\u00e1zishoz. A Typotex Kiad\u00f3 1989 \u00f3ta m\u0171k\u00f6d\u0151 k\u00f6nyvkiad\u00f3, profilj\u00e1ba els\u0151sorban fels\u0151fok\u00fa tank\u00f6nyvek, szakk\u00f6nyvek, jegyzetek tartoznak a term\u00e9szettudom\u00e1nyok \u00e9s a t\u00e1rsadalomtudom\u00e1nyok ter\u00fclet\u00e9r\u0151l (matematika, fizika, informatika, biol\u00f3gia, k\u00e9mia, m\u00e9rn\u00f6ki tudom\u00e1nyok, pszichol\u00f3gia, filoz\u00f3fia, kommunik\u00e1ci\u00f3, m\u0171v\u00e9szetelm\u00e9let, menedzsment stb.) egyar\u00e1nt. Az Interk\u00f6nyv oldal (www.interkonyv.hu) a Typotex&hellip;<\/p>","protected":false},"author":1,"featured_media":0,"parent":0,"menu_order":0,"comment_status":"closed","ping_status":"closed","template":"","meta":{"_uag_custom_page_level_css":"","footnotes":""},"class_list":["post-139","page","type-page","status-publish","hentry"],"uagb_featured_image_src":{"full":false,"thumbnail":false,"medium":false,"medium_large":false,"large":false,"news_plugin_small":false,"tf-client-image-size":false,"1536x1536":false,"2048x2048":false,"trp-custom-language-flag":false,"post-thumbnail":false,"idolcorp-full-width":false,"idolcorp-ourfeatures-thumb":false,"idolcorp-mediumblog-thumb":false},"uagb_author_info":{"display_name":"admin","author_link":"https:\/\/konyvtar-kvik.uni-bge.hu\/en\/author\/admin\/"},"uagb_comment_info":0,"uagb_excerpt":"INTERK\u00d6NYV Az&nbsp;edu.interkonyv.hu&nbsp;oldal a&nbsp;www.interkonyv.hu&nbsp;testv\u00e9roldala, ahol az EISZ-konzorcium keret\u00e9ben el\u0151fizet\u0151 int\u00e9zm\u00e9nyek dolgoz\u00f3i, oktat\u00f3i, hallgat\u00f3i ingyen \u00e9rik el az adatb\u00e1zisban szerepl\u0151 anyagokat &#8211; t\u00f6bb, mint 500 k\u00f6nyvet, jegyzetet online pdf form\u00e1tumban. Amennyiben \u00f6n ezen int\u00e9zm\u00e9nyek valamelyik\u00e9nek oktat\u00f3ja, hallgat\u00f3ja, dolgoz\u00f3ja, IP-c\u00edm alap\u00fa azonos\u00edt\u00e1s ut\u00e1n f\u00e9rhet hozz\u00e1 az online adatb\u00e1zishoz. A Typotex Kiad\u00f3 1989 \u00f3ta m\u0171k\u00f6d\u0151 k\u00f6nyvkiad\u00f3, profilj\u00e1ba els\u0151sorban fels\u0151fok\u00fa&hellip;","_links":{"self":[{"href":"https:\/\/konyvtar-kvik.uni-bge.hu\/en\/wp-json\/wp\/v2\/pages\/139","targetHints":{"allow":["GET"]}}],"collection":[{"href":"https:\/\/konyvtar-kvik.uni-bge.hu\/en\/wp-json\/wp\/v2\/pages"}],"about":[{"href":"https:\/\/konyvtar-kvik.uni-bge.hu\/en\/wp-json\/wp\/v2\/types\/page"}],"author":[{"embeddable":true,"href":"https:\/\/konyvtar-kvik.uni-bge.hu\/en\/wp-json\/wp\/v2\/users\/1"}],"replies":[{"embeddable":true,"href":"https:\/\/konyvtar-kvik.uni-bge.hu\/en\/wp-json\/wp\/v2\/comments?post=139"}],"version-history":[{"count":5,"href":"https:\/\/konyvtar-kvik.uni-bge.hu\/en\/wp-json\/wp\/v2\/pages\/139\/revisions"}],"predecessor-version":[{"id":1433,"href":"https:\/\/konyvtar-kvik.uni-bge.hu\/en\/wp-json\/wp\/v2\/pages\/139\/revisions\/1433"}],"wp:attachment":[{"href":"https:\/\/konyvtar-kvik.uni-bge.hu\/en\/wp-json\/wp\/v2\/media?parent=139"}],"curies":[{"name":"wp","href":"https:\/\/api.w.org\/{rel}","templated":true}]}}