{"id":135,"date":"2022-05-12T08:38:55","date_gmt":"2022-05-12T08:38:55","guid":{"rendered":"http:\/\/local.konyvtar\/?page_id=135"},"modified":"2022-10-12T13:40:37","modified_gmt":"2022-10-12T11:40:37","slug":"emerald","status":"publish","type":"page","link":"https:\/\/konyvtar-kvik.uni-bge.hu\/en\/emerald\/","title":{"rendered":"Emerald"},"content":{"rendered":"<p><strong>EMERALD<\/strong><\/p>\n\n\n\n<p>The database provides full-text access to over 200 scientific journals in marketing, management, business sciences and tourism. Some titles include: European Journal of Marketing, Management Decision, Leadership and Organization Development Journal, Journal of Consumer Marketing, Library Management, Tourism Review, Worldwide Hospitality and Tourism Themes. It also provides students with skills development and presentation aids, as well as methodological and publication aids for teachers. In addition,\u00a0<strong>full text books<\/strong>\u00a0are also available.<br><br><a rel=\"noreferrer noopener\" href=\"http:\/\/www.emeraldinsight.com\/\" target=\"_blank\"><mark style=\"background-color:rgba(0, 0, 0, 0)\" class=\"has-inline-color has-vivid-cyan-blue-color\">Enter the database<\/mark><\/a>\u00a0(access from University computers or VPN remote access)<\/p>","protected":false},"excerpt":{"rendered":"<p>EMERALD Az adatb\u00e1zis t\u00f6bb mint 200 marketinggel, menedzsmenttel, \u00fczleti tudom\u00e1nyokkal \u00e9s turizmussal foglalkoz\u00f3 tudom\u00e1nyos foly\u00f3irathoz ny\u00fajt teljes sz\u00f6veg\u0171 hozz\u00e1f\u00e9r\u00e9st. N\u00e9h\u00e1ny c\u00edm: European Journal of Marketing, Management Decision, Leadership and Organization Development Journal, Journal of Consumer Marketing, Library Management, Tourism Review, Worldwide Hospitality and Tourism Themes. Emellett a di\u00e1kok sz\u00e1m\u00e1ra t\u00f6bbek k\u00f6z\u00f6tt k\u00e9szs\u00e9gfejleszt\u00e9si \u00e9s prezent\u00e1ci\u00f3k\u00e9sz\u00edt\u00e9si, az oktat\u00f3knak pedig m\u00f3dszertani \u00e9s publik\u00e1l\u00e1si seg\u00e9danyagokat is k\u00edn\u00e1l. Ezen k\u00edv\u00fcl\u00a0teljes sz\u00f6veg\u0171 k\u00f6nyvek\u00a0is el\u00e9rhet\u0151ek.Bel\u00e9p\u00e9s az adatb\u00e1zisba\u00a0(el\u00e9r\u00e9s az Egyetem g\u00e9peir\u0151l, vagy VPN t\u00e1voli hozz\u00e1f\u00e9r\u00e9ssel)<\/p>","protected":false},"author":1,"featured_media":0,"parent":0,"menu_order":0,"comment_status":"closed","ping_status":"closed","template":"","meta":{"_uag_custom_page_level_css":"","footnotes":""},"class_list":["post-135","page","type-page","status-publish","hentry"],"uagb_featured_image_src":{"full":false,"thumbnail":false,"medium":false,"medium_large":false,"large":false,"news_plugin_small":false,"tf-client-image-size":false,"1536x1536":false,"2048x2048":false,"trp-custom-language-flag":false,"post-thumbnail":false,"idolcorp-full-width":false,"idolcorp-ourfeatures-thumb":false,"idolcorp-mediumblog-thumb":false},"uagb_author_info":{"display_name":"admin","author_link":"https:\/\/konyvtar-kvik.uni-bge.hu\/en\/author\/admin\/"},"uagb_comment_info":0,"uagb_excerpt":"EMERALD Az adatb\u00e1zis t\u00f6bb mint 200 marketinggel, menedzsmenttel, \u00fczleti tudom\u00e1nyokkal \u00e9s turizmussal foglalkoz\u00f3 tudom\u00e1nyos foly\u00f3irathoz ny\u00fajt teljes sz\u00f6veg\u0171 hozz\u00e1f\u00e9r\u00e9st. N\u00e9h\u00e1ny c\u00edm: European Journal of Marketing, Management Decision, Leadership and Organization Development Journal, Journal of Consumer Marketing, Library Management, Tourism Review, Worldwide Hospitality and Tourism Themes. Emellett a di\u00e1kok sz\u00e1m\u00e1ra t\u00f6bbek k\u00f6z\u00f6tt k\u00e9szs\u00e9gfejleszt\u00e9si \u00e9s prezent\u00e1ci\u00f3k\u00e9sz\u00edt\u00e9si, az&hellip;","_links":{"self":[{"href":"https:\/\/konyvtar-kvik.uni-bge.hu\/en\/wp-json\/wp\/v2\/pages\/135","targetHints":{"allow":["GET"]}}],"collection":[{"href":"https:\/\/konyvtar-kvik.uni-bge.hu\/en\/wp-json\/wp\/v2\/pages"}],"about":[{"href":"https:\/\/konyvtar-kvik.uni-bge.hu\/en\/wp-json\/wp\/v2\/types\/page"}],"author":[{"embeddable":true,"href":"https:\/\/konyvtar-kvik.uni-bge.hu\/en\/wp-json\/wp\/v2\/users\/1"}],"replies":[{"embeddable":true,"href":"https:\/\/konyvtar-kvik.uni-bge.hu\/en\/wp-json\/wp\/v2\/comments?post=135"}],"version-history":[{"count":4,"href":"https:\/\/konyvtar-kvik.uni-bge.hu\/en\/wp-json\/wp\/v2\/pages\/135\/revisions"}],"predecessor-version":[{"id":925,"href":"https:\/\/konyvtar-kvik.uni-bge.hu\/en\/wp-json\/wp\/v2\/pages\/135\/revisions\/925"}],"wp:attachment":[{"href":"https:\/\/konyvtar-kvik.uni-bge.hu\/en\/wp-json\/wp\/v2\/media?parent=135"}],"curies":[{"name":"wp","href":"https:\/\/api.w.org\/{rel}","templated":true}]}}