{"id":1306,"date":"2023-04-21T14:58:09","date_gmt":"2023-04-21T12:58:09","guid":{"rendered":"http:\/\/konyvtar-kvik.uni-bge.hu\/?page_id=1306"},"modified":"2023-04-21T14:58:09","modified_gmt":"2023-04-21T12:58:09","slug":"petofi-muvei","status":"publish","type":"page","link":"https:\/\/konyvtar-kvik.uni-bge.hu\/en\/petofi-muvei\/","title":{"rendered":"Pet\u0151fi m\u0171vei"},"content":{"rendered":"<p><br><a href=\"https:\/\/www.youtube.com\/watch?time_continue=3&amp;v=neAgbbyFsEU&amp;embeds_euri=https%3A%2F%2Ffilmarchiv.hu%2F&amp;feature=emb_logo\" target=\"_blank\" rel=\"noreferrer noopener\">J\u00e1nos vit\u00e9z &#8211; r\u00e9szlet Jankovics Marcell rajzfilmj\u00e9b\u0151l<\/a><\/p>\n\n\n\n<p><a rel=\"noreferrer noopener\" href=\"https:\/\/mek.oszk.hu\/06100\/06125\/html\/petofiu0001.html\" target=\"_blank\">Pet\u0151fi S\u00e1ndor: \u00datirajzok<\/a><\/p>\n\n\n\n<p><a rel=\"noreferrer noopener\" href=\"https:\/\/open.spotify.com\/show\/4goMdLr9dkqbuzUkbQE7M3?fbclid=IwAR0H4glbIdNnZRo2gA5vakd5B4LWNDCTZl6IMp2TBRSYSkjsmqsIKXkYf5w\" target=\"_blank\">Pet\u0151fi versek spotify csatorn\u00e1n<\/a><\/p>\n\n\n\n<p><a href=\"\/\/ki2.oszk.hu\/3k\/2012\/09\/idegen-nyelvu-petofi-kotetek-es-versek-kiskoroson\/\" target=\"_blank\" rel=\"noreferrer noopener\">Pet\u0151fi versek idegen nyelven &#8211; gy\u0171jtem\u00e9ny Kisk\u0151r\u00f6s\u00f6n<\/a><\/p>\n\n\n\n<p><a rel=\"noreferrer noopener\" href=\"https:\/\/www.youtube.com\/watch?v=o_0RVvnLQe8\" target=\"_blank\">Any\u00e1m ty\u00fakja<\/a><\/p>\n\n\n\n<p><a href=\"http:\/\/real.mtak.hu\/116264\/1\/81_88_L%C5%91rincz.pdf\" target=\"_blank\" rel=\"noreferrer noopener\">Pet\u0151fi ford\u00edt\u00e1sok &#8211; tanulm\u00e1ny<\/a><\/p>","protected":false},"excerpt":{"rendered":"<p>J\u00e1nos vit\u00e9z &#8211; r\u00e9szlet Jankovics Marcell rajzfilmj\u00e9b\u0151l Pet\u0151fi S\u00e1ndor: \u00datirajzok Pet\u0151fi versek spotify csatorn\u00e1n Pet\u0151fi versek idegen nyelven &#8211; gy\u0171jtem\u00e9ny Kisk\u0151r\u00f6s\u00f6n Any\u00e1m ty\u00fakja Pet\u0151fi ford\u00edt\u00e1sok &#8211; tanulm\u00e1ny<\/p>","protected":false},"author":1,"featured_media":0,"parent":0,"menu_order":0,"comment_status":"closed","ping_status":"closed","template":"","meta":{"_uag_custom_page_level_css":"","footnotes":""},"class_list":["post-1306","page","type-page","status-publish","hentry"],"uagb_featured_image_src":{"full":false,"thumbnail":false,"medium":false,"medium_large":false,"large":false,"news_plugin_small":false,"tf-client-image-size":false,"1536x1536":false,"2048x2048":false,"trp-custom-language-flag":false,"post-thumbnail":false,"idolcorp-full-width":false,"idolcorp-ourfeatures-thumb":false,"idolcorp-mediumblog-thumb":false},"uagb_author_info":{"display_name":"admin","author_link":"https:\/\/konyvtar-kvik.uni-bge.hu\/en\/author\/admin\/"},"uagb_comment_info":0,"uagb_excerpt":"J\u00e1nos vit\u00e9z &#8211; r\u00e9szlet Jankovics Marcell rajzfilmj\u00e9b\u0151l Pet\u0151fi S\u00e1ndor: \u00datirajzok Pet\u0151fi versek spotify csatorn\u00e1n Pet\u0151fi versek idegen nyelven &#8211; gy\u0171jtem\u00e9ny Kisk\u0151r\u00f6s\u00f6n Any\u00e1m ty\u00fakja Pet\u0151fi ford\u00edt\u00e1sok &#8211; tanulm\u00e1ny","_links":{"self":[{"href":"https:\/\/konyvtar-kvik.uni-bge.hu\/en\/wp-json\/wp\/v2\/pages\/1306","targetHints":{"allow":["GET"]}}],"collection":[{"href":"https:\/\/konyvtar-kvik.uni-bge.hu\/en\/wp-json\/wp\/v2\/pages"}],"about":[{"href":"https:\/\/konyvtar-kvik.uni-bge.hu\/en\/wp-json\/wp\/v2\/types\/page"}],"author":[{"embeddable":true,"href":"https:\/\/konyvtar-kvik.uni-bge.hu\/en\/wp-json\/wp\/v2\/users\/1"}],"replies":[{"embeddable":true,"href":"https:\/\/konyvtar-kvik.uni-bge.hu\/en\/wp-json\/wp\/v2\/comments?post=1306"}],"version-history":[{"count":1,"href":"https:\/\/konyvtar-kvik.uni-bge.hu\/en\/wp-json\/wp\/v2\/pages\/1306\/revisions"}],"predecessor-version":[{"id":1307,"href":"https:\/\/konyvtar-kvik.uni-bge.hu\/en\/wp-json\/wp\/v2\/pages\/1306\/revisions\/1307"}],"wp:attachment":[{"href":"https:\/\/konyvtar-kvik.uni-bge.hu\/en\/wp-json\/wp\/v2\/media?parent=1306"}],"curies":[{"name":"wp","href":"https:\/\/api.w.org\/{rel}","templated":true}]}}