{"id":1107,"date":"2023-01-26T15:53:49","date_gmt":"2023-01-26T14:53:49","guid":{"rendered":"http:\/\/konyvtar-kvik.uni-bge.hu\/?page_id=1107"},"modified":"2023-04-24T16:12:59","modified_gmt":"2023-04-24T14:12:59","slug":"sajat-programjaink","status":"publish","type":"page","link":"https:\/\/konyvtar-kvik.uni-bge.hu\/en\/sajat-programjaink\/","title":{"rendered":"Our programs"},"content":{"rendered":"<p class=\"has-text-align-left has-large-font-size\"><strong>Pet\u0151fi's May Festival<\/strong><\/p>\n\n\n\n<p><strong>All Students and Teachers are invited to an authentic concert on the occasion of Pet\u0151fi's anniversary!<\/strong><\/p>\n\n\n\n<p>2023.&nbsp;<strong>5th May<\/strong>11:30-13:00<\/p>\n\n\n\n<p>1054 Budapest Alkotm\u00e1ny street 9-11. Demj\u00e1n S\u00e1ndor (V.) auditorium<\/p>\n\n\n\n<p>The BorFolk Orchestra&nbsp;<em>-&nbsp;<\/em>one of whose members is an associate professor of our faculty - is going to present some folklorized poems of S\u00e1ndor Pet\u0151fi from its CD: \u2018Oh this Rapture\u2019. We can also hear some of the works written by FCHT students and teachers,&nbsp;<em>which were prepared for the translation game&nbsp;<\/em>and the&nbsp;<em>creative competition.&nbsp;<\/em>There will be a game, catering and some you can take small souvenir with you after the concert.<\/p>\n\n\n\n<p>All students and teachers are cordially invited by<\/p>\n\n\n\n<p><em>the staff of the Faculty Library and the students participating in the organization<\/em><\/p>\n\n\n<div class=\"wp-block-image\">\n<figure class=\"aligncenter size-full\"><img fetchpriority=\"high\" decoding=\"async\" width=\"432\" height=\"362\" src=\"http:\/\/konyvtar-kvik.uni-bge.hu\/wp-content\/uploads\/2023\/04\/Petofi-majalisa_insta_honlap_en1.jpg\" alt=\"\" class=\"wp-image-1308\" srcset=\"https:\/\/konyvtar-kvik.uni-bge.hu\/wp-content\/uploads\/2023\/04\/Petofi-majalisa_insta_honlap_en1.jpg 479w, https:\/\/konyvtar-kvik.uni-bge.hu\/wp-content\/uploads\/2023\/04\/Petofi-majalisa_insta_honlap_en1-300x272.jpg 300w, https:\/\/konyvtar-kvik.uni-bge.hu\/wp-content\/uploads\/2023\/04\/Petofi-majalisa_insta_honlap_en1-13x12.jpg 13w\" sizes=\"(max-width: 432px) 100vw, 432px\" \/><\/figure>\n<\/div>\n\n\n<p class=\"has-large-font-size\"><strong>Are you interested in poetry? Translate Pet\u0151fi!<\/strong><\/p>\n\n\n<div class=\"wp-block-image is-style-default\">\n<figure class=\"aligncenter size-medium\"><img decoding=\"async\" width=\"300\" height=\"424\" src=\"http:\/\/konyvtar-kvik.uni-bge.hu\/wp-content\/uploads\/2023\/03\/Forditas_03.16-300x424.png\" alt=\"\" class=\"wp-image-1234\" srcset=\"https:\/\/konyvtar-kvik.uni-bge.hu\/wp-content\/uploads\/2023\/03\/Forditas_03.16-300x424.png 300w, https:\/\/konyvtar-kvik.uni-bge.hu\/wp-content\/uploads\/2023\/03\/Forditas_03.16-1024x1449.png 1024w, https:\/\/konyvtar-kvik.uni-bge.hu\/wp-content\/uploads\/2023\/03\/Forditas_03.16-768x1086.png 768w, https:\/\/konyvtar-kvik.uni-bge.hu\/wp-content\/uploads\/2023\/03\/Forditas_03.16-1086x1536.png 1086w, https:\/\/konyvtar-kvik.uni-bge.hu\/wp-content\/uploads\/2023\/03\/Forditas_03.16-1448x2048.png 1448w, https:\/\/konyvtar-kvik.uni-bge.hu\/wp-content\/uploads\/2023\/03\/Forditas_03.16-8x12.png 8w, https:\/\/konyvtar-kvik.uni-bge.hu\/wp-content\/uploads\/2023\/03\/Forditas_03.16.png 1587w\" sizes=\"(max-width: 300px) 100vw, 300px\" \/><\/figure>\n<\/div>\n\n\n<p>We are planning various programs for the Pet\u0151fi anniversary between March and May 2023.<\/p>\n\n\n\n<p>Now we invite you <strong>to translate a poem by Pet\u0151fi into any language or send a poem you like (we ask for your own translation).<\/strong> We continuously share the poems on our website, social media sites, and posters, and the works will also be published in the form of a small booklet in May.<\/p>\n\n\n\n<p>Send your poems here: petofi200@uni-be.hu<\/p>\n\n\n\n<p>We look forward to your translation! You can read about S\u00e1ndor PET\u0150FI here: https:\/\/hungarytoday.hu\/hungarys-national-poet-sandor-petofi-born-200-years-ago\/<\/p>\n\n\n\n<p>Help: <a href=\"https:\/\/mek.oszk.hu\/06500\/06567\/06567.htm\"><mark style=\"background-color:rgba(0, 0, 0, 0)\" class=\"has-inline-color has-vivid-cyan-blue-color\">You may find Pet\u0151fi\u2019s poems in English on this website<\/mark><\/a><\/p>\n\n\n\n<p><a href=\"http:\/\/konyvtar-kvik.uni-bge.hu\/en\/sajat-programjaink\/\"><mark style=\"background-color:rgba(0, 0, 0, 0)\" class=\"has-inline-color has-vivid-cyan-blue-color\">Our programmes and recommendations for the anniversary will be continuously updated on the Faculty Library website<\/mark><\/a>!<\/p>\n\n\n\n<p><\/p>\n\n\n\n<p class=\"has-large-font-size\"><strong>Create in Pet\u0151fi's style!<\/strong>&nbsp;<\/p>\n\n\n<div class=\"wp-block-image\">\n<figure class=\"aligncenter size-large is-resized\"><img decoding=\"async\" src=\"http:\/\/konyvtar-kvik.uni-bge.hu\/wp-content\/uploads\/2023\/03\/Alkoss-Petofi-stilusaban_insta_en.png\" alt=\"\" class=\"wp-image-1245\" width=\"256\" height=\"256\" srcset=\"https:\/\/konyvtar-kvik.uni-bge.hu\/wp-content\/uploads\/2023\/03\/Alkoss-Petofi-stilusaban_insta_en.png 1080w, https:\/\/konyvtar-kvik.uni-bge.hu\/wp-content\/uploads\/2023\/03\/Alkoss-Petofi-stilusaban_insta_en-300x300.png 300w, https:\/\/konyvtar-kvik.uni-bge.hu\/wp-content\/uploads\/2023\/03\/Alkoss-Petofi-stilusaban_insta_en-1024x1024.png 1024w, https:\/\/konyvtar-kvik.uni-bge.hu\/wp-content\/uploads\/2023\/03\/Alkoss-Petofi-stilusaban_insta_en-150x150.png 150w, https:\/\/konyvtar-kvik.uni-bge.hu\/wp-content\/uploads\/2023\/03\/Alkoss-Petofi-stilusaban_insta_en-768x768.png 768w, https:\/\/konyvtar-kvik.uni-bge.hu\/wp-content\/uploads\/2023\/03\/Alkoss-Petofi-stilusaban_insta_en-700x700.png 700w, https:\/\/konyvtar-kvik.uni-bge.hu\/wp-content\/uploads\/2023\/03\/Alkoss-Petofi-stilusaban_insta_en-120x120.png 120w, https:\/\/konyvtar-kvik.uni-bge.hu\/wp-content\/uploads\/2023\/03\/Alkoss-Petofi-stilusaban_insta_en-12x12.png 12w\" sizes=\"(max-width: 256px) 100vw, 256px\" \/><\/figure>\n<\/div>\n\n\n<p>The FCHT Faculty Library is launching a <strong><em>call for creative works: <\/em><\/strong>literary-, musical-<strong>, <\/strong>artistic-, photo-, gastronomic and other works inspired in some way by Pet\u0151fi's personality (https:\/\/hungarytoday.hu\/hungarys-national-poet-sandor-petofi-born-200-years-ago\/), his works, his era or any personal experience. Youtubers, tiktokers, instagrammers, bloggers, attention!\u202f?&nbsp;<\/p>\n\n\n\n<p>Your works are welcome in person at the Faculty Library or at this address: <a href=\"mailto:petofi200@uni-be.hu\" target=\"_blank\" rel=\"noreferrer noopener\">petofi200@uni-be.hu<\/a>&nbsp;<\/p>\n\n\n\n<p>Submission deadline: 30 April 2023.&nbsp;<\/p>\n\n\n\n<p>Your works will be presented at the closing event - according to their genre -, in the FCHT Pet\u0151fi200 programme publication, the visual art works in an exhibition and the poetic and musical works on stage.&nbsp;<\/p>\n\n\n\n<p>The most imaginative works will receive a prize as well.<\/p>\n\n\n\n<p class=\"has-text-align-left has-large-font-size\"><\/p>","protected":false},"excerpt":{"rendered":"<p>Pet\u0151fi maj\u00e1lisa Autentikus koncertre h\u00edvjuk a KVIK hallgat\u00f3it \u00e9s oktat\u00f3it a Pet\u0151fi \u00e9vfordul\u00f3 alkalm\u00e1b\u00f3l! 2023.&nbsp;m\u00e1jus 5.11:30-13:00 1054 Budapest Alkotm\u00e1ny utca 9-11. Demj\u00e1n S\u00e1ndor (V.) el\u0151ad\u00f3 A BorFolk Zenekar &#8211; melynek egyik tagja karunk oktat\u00f3ja &#8211; az&nbsp;Ez a m\u00e1mor&nbsp;c. CD bemutat\u00f3j\u00e1val l\u00e9p sz\u00ednpadra, melyben Pet\u0151fi S\u00e1ndor folkloriz\u00e1l\u00f3dott verseit dolgozt\u00e1k fel, illetve a k\u00f6lt\u0151 arra alkalmas verseib\u0151l b\u00fajtattak n\u00e9h\u00e1nyat n\u00e9pzenei k\u00f6nt\u00f6sbe. N\u00e9h\u00e1ny saj\u00e1t alkot\u00e1st is hallhatunk a KVIK hallgat\u00f3inak \u00e9s oktat\u00f3inak tolm\u00e1csol\u00e1s\u00e1ban, melyeket a&nbsp;ford\u00edt\u00f3 j\u00e1t\u00e9kra&nbsp;\u00e9s az&nbsp;alkot\u00f3i p\u00e1ly\u00e1zatra&nbsp;k\u00e9sz\u00edtettek. Nem hi\u00e1nyzik majd a j\u00e1t\u00e9k, a vend\u00e9gl\u00e1t\u00e1s \u00e9s apr\u00f3 eml\u00e9kt\u00e1rgyat&hellip;<\/p>","protected":false},"author":1,"featured_media":0,"parent":0,"menu_order":0,"comment_status":"closed","ping_status":"closed","template":"","meta":{"_uag_custom_page_level_css":"","footnotes":""},"class_list":["post-1107","page","type-page","status-publish","hentry"],"uagb_featured_image_src":{"full":false,"thumbnail":false,"medium":false,"medium_large":false,"large":false,"news_plugin_small":false,"tf-client-image-size":false,"1536x1536":false,"2048x2048":false,"trp-custom-language-flag":false,"post-thumbnail":false,"idolcorp-full-width":false,"idolcorp-ourfeatures-thumb":false,"idolcorp-mediumblog-thumb":false},"uagb_author_info":{"display_name":"admin","author_link":"https:\/\/konyvtar-kvik.uni-bge.hu\/en\/author\/admin\/"},"uagb_comment_info":0,"uagb_excerpt":"Pet\u0151fi maj\u00e1lisa Autentikus koncertre h\u00edvjuk a KVIK hallgat\u00f3it \u00e9s oktat\u00f3it a Pet\u0151fi \u00e9vfordul\u00f3 alkalm\u00e1b\u00f3l! 2023.&nbsp;m\u00e1jus 5.11:30-13:00 1054 Budapest Alkotm\u00e1ny utca 9-11. Demj\u00e1n S\u00e1ndor (V.) el\u0151ad\u00f3 A BorFolk Zenekar &#8211; melynek egyik tagja karunk oktat\u00f3ja &#8211; az&nbsp;Ez a m\u00e1mor&nbsp;c. CD bemutat\u00f3j\u00e1val l\u00e9p sz\u00ednpadra, melyben Pet\u0151fi S\u00e1ndor folkloriz\u00e1l\u00f3dott verseit dolgozt\u00e1k fel, illetve a k\u00f6lt\u0151 arra alkalmas verseib\u0151l&hellip;","_links":{"self":[{"href":"https:\/\/konyvtar-kvik.uni-bge.hu\/en\/wp-json\/wp\/v2\/pages\/1107","targetHints":{"allow":["GET"]}}],"collection":[{"href":"https:\/\/konyvtar-kvik.uni-bge.hu\/en\/wp-json\/wp\/v2\/pages"}],"about":[{"href":"https:\/\/konyvtar-kvik.uni-bge.hu\/en\/wp-json\/wp\/v2\/types\/page"}],"author":[{"embeddable":true,"href":"https:\/\/konyvtar-kvik.uni-bge.hu\/en\/wp-json\/wp\/v2\/users\/1"}],"replies":[{"embeddable":true,"href":"https:\/\/konyvtar-kvik.uni-bge.hu\/en\/wp-json\/wp\/v2\/comments?post=1107"}],"version-history":[{"count":30,"href":"https:\/\/konyvtar-kvik.uni-bge.hu\/en\/wp-json\/wp\/v2\/pages\/1107\/revisions"}],"predecessor-version":[{"id":1316,"href":"https:\/\/konyvtar-kvik.uni-bge.hu\/en\/wp-json\/wp\/v2\/pages\/1107\/revisions\/1316"}],"wp:attachment":[{"href":"https:\/\/konyvtar-kvik.uni-bge.hu\/en\/wp-json\/wp\/v2\/media?parent=1107"}],"curies":[{"name":"wp","href":"https:\/\/api.w.org\/{rel}","templated":true}]}}