{"id":1101,"date":"2023-01-26T15:52:56","date_gmt":"2023-01-26T14:52:56","guid":{"rendered":"http:\/\/konyvtar-kvik.uni-bge.hu\/?page_id=1101"},"modified":"2023-06-22T14:05:32","modified_gmt":"2023-06-22T12:05:32","slug":"erdekesseg","status":"publish","type":"page","link":"https:\/\/konyvtar-kvik.uni-bge.hu\/en\/erdekesseg\/","title":{"rendered":"\u00c9rdekess\u00e9g"},"content":{"rendered":"<p><a href=\"https:\/\/www.google.com\/search?q=Rokonom%2C+Pet%C5%91fi&amp;rlz=1C1GCEU_huHU898HU898&amp;oq=Rokonom%2C+Pet%C5%91fi&amp;aqs=chrome..69i57j0i19i512j0i19i22i30.287j0j4&amp;sourceid=chrome&amp;ie=UTF-8#fpstate=ive&amp;vld=cid:ebda4a32,vid:SnLBct5VjoU\"><mark style=\"background-color:rgba(0, 0, 0, 0)\" class=\"has-inline-color has-vivid-cyan-blue-color\">Rokonom, Pet\u0151fi &#8211; dokufilm Pet\u0151fi rokonair\u00f3l<\/mark><\/a><\/p>\n\n\n\n<p><a rel=\"noreferrer noopener\" href=\"https:\/\/petofi.hu\/hirek\/hirek-hirek\/945-rajuk-petofi-is-buszke-lenne.html\" target=\"_blank\"><mark style=\"background-color:rgba(0, 0, 0, 0)\" class=\"has-inline-color has-vivid-cyan-blue-color\">A Rokonom, Pet\u0151fi c. filmr\u0151l<\/mark><\/a><\/p>\n\n\n\n<p><a rel=\"noreferrer noopener\" href=\"https:\/\/www.petofi200.hu\/component\/content\/article\/84-hirek\/298-miniinterju-banfoeldi-szilarddal?\" target=\"_blank\"><mark style=\"background-color:rgba(0, 0, 0, 0)\" class=\"has-inline-color has-vivid-cyan-blue-color\">Interj\u00fa B\u00e1nf\u00f6ldi Szil\u00e1rd sz\u00ednm\u0171v\u00e9sszel<\/mark><\/a><\/p>\n\n\n\n<p><a href=\"https:\/\/www.facebook.com\/hajnoczy.soma\/videos\/855441702572596\"><mark style=\"background-color:rgba(0, 0, 0, 0)\" class=\"has-inline-color has-vivid-cyan-blue-color\">Ej, mi a k\u0151! Jap\u00e1nban<\/mark><\/a><\/p>\n\n\n\n<p><a href=\"https:\/\/ujkafe.website\/?p=92377\"><mark style=\"background-color:rgba(0, 0, 0, 0)\" class=\"has-inline-color has-vivid-cyan-blue-color\">Pet\u0151fi \u00e9s Szendrei J\u00falia szobra K\u00edn\u00e1ban<\/mark><\/a><\/p>\n\n\n\n<p><a rel=\"noreferrer noopener\" href=\"https:\/\/statues.vanderkrogt.net\/object.php?webpage=ST&amp;record=deth030\" target=\"_blank\"><mark style=\"background-color:rgba(0, 0, 0, 0)\" class=\"has-inline-color has-vivid-cyan-blue-color\">Pet\u0151fi szobra Weimarban<\/mark><\/a><\/p>\n\n\n\n<p><a rel=\"noreferrer noopener\" href=\"https:\/\/www.facebook.com\/groups\/PetofiSandor\" target=\"_blank\"><mark style=\"background-color:rgba(0, 0, 0, 0)\" class=\"has-inline-color has-vivid-cyan-blue-color\">Szeretem Pet\u0151fit facebook csoport<\/mark><\/a><\/p>\n\n\n\n<p><a href=\"https:\/\/kattatudomanyra.hu\/az-irodalom-rejtett-halozatai\/petofi200\/\"><mark style=\"background-color:rgba(0, 0, 0, 0)\" class=\"has-inline-color has-vivid-cyan-blue-color\">T\u00e9rk\u00e9pen Pet\u0151fi \u00f6sszes verse<\/mark><\/a><\/p>\n\n\n\n<p><a href=\"https:\/\/www.petofi200.hu\/component\/content\/article\/87-latnivalok\/85-a-112-vers-haza-szalkszentmarton?Itemid=437\"><mark style=\"background-color:rgba(0, 0, 0, 0)\" class=\"has-inline-color has-vivid-cyan-blue-color\">A \u201e112 vers h\u00e1za\u201d &#8211; Szalkszentm\u00e1rton<\/mark><\/a><\/p>","protected":false},"excerpt":{"rendered":"<p>Rokonom, Pet\u0151fi &#8211; dokufilm Pet\u0151fi rokonair\u00f3l A Rokonom, Pet\u0151fi c. filmr\u0151l Interj\u00fa B\u00e1nf\u00f6ldi Szil\u00e1rd sz\u00ednm\u0171v\u00e9sszel Ej, mi a k\u0151! Jap\u00e1nban Pet\u0151fi \u00e9s Szendrei J\u00falia szobra K\u00edn\u00e1ban Pet\u0151fi szobra Weimarban Szeretem Pet\u0151fit facebook csoport T\u00e9rk\u00e9pen Pet\u0151fi \u00f6sszes verse A \u201e112 vers h\u00e1za\u201d &#8211; Szalkszentm\u00e1rton<\/p>","protected":false},"author":1,"featured_media":0,"parent":0,"menu_order":0,"comment_status":"closed","ping_status":"closed","template":"","meta":{"_uag_custom_page_level_css":"","footnotes":""},"class_list":["post-1101","page","type-page","status-publish","hentry"],"uagb_featured_image_src":{"full":false,"thumbnail":false,"medium":false,"medium_large":false,"large":false,"news_plugin_small":false,"tf-client-image-size":false,"1536x1536":false,"2048x2048":false,"trp-custom-language-flag":false,"post-thumbnail":false,"idolcorp-full-width":false,"idolcorp-ourfeatures-thumb":false,"idolcorp-mediumblog-thumb":false},"uagb_author_info":{"display_name":"admin","author_link":"https:\/\/konyvtar-kvik.uni-bge.hu\/en\/author\/admin\/"},"uagb_comment_info":0,"uagb_excerpt":"Rokonom, Pet\u0151fi &#8211; dokufilm Pet\u0151fi rokonair\u00f3l A Rokonom, Pet\u0151fi c. filmr\u0151l Interj\u00fa B\u00e1nf\u00f6ldi Szil\u00e1rd sz\u00ednm\u0171v\u00e9sszel Ej, mi a k\u0151! Jap\u00e1nban Pet\u0151fi \u00e9s Szendrei J\u00falia szobra K\u00edn\u00e1ban Pet\u0151fi szobra Weimarban Szeretem Pet\u0151fit facebook csoport T\u00e9rk\u00e9pen Pet\u0151fi \u00f6sszes verse A \u201e112 vers h\u00e1za\u201d &#8211; Szalkszentm\u00e1rton","_links":{"self":[{"href":"https:\/\/konyvtar-kvik.uni-bge.hu\/en\/wp-json\/wp\/v2\/pages\/1101","targetHints":{"allow":["GET"]}}],"collection":[{"href":"https:\/\/konyvtar-kvik.uni-bge.hu\/en\/wp-json\/wp\/v2\/pages"}],"about":[{"href":"https:\/\/konyvtar-kvik.uni-bge.hu\/en\/wp-json\/wp\/v2\/types\/page"}],"author":[{"embeddable":true,"href":"https:\/\/konyvtar-kvik.uni-bge.hu\/en\/wp-json\/wp\/v2\/users\/1"}],"replies":[{"embeddable":true,"href":"https:\/\/konyvtar-kvik.uni-bge.hu\/en\/wp-json\/wp\/v2\/comments?post=1101"}],"version-history":[{"count":6,"href":"https:\/\/konyvtar-kvik.uni-bge.hu\/en\/wp-json\/wp\/v2\/pages\/1101\/revisions"}],"predecessor-version":[{"id":1358,"href":"https:\/\/konyvtar-kvik.uni-bge.hu\/en\/wp-json\/wp\/v2\/pages\/1101\/revisions\/1358"}],"wp:attachment":[{"href":"https:\/\/konyvtar-kvik.uni-bge.hu\/en\/wp-json\/wp\/v2\/media?parent=1101"}],"curies":[{"name":"wp","href":"https:\/\/api.w.org\/{rel}","templated":true}]}}