{"id":1085,"date":"2023-01-24T15:32:51","date_gmt":"2023-01-24T14:32:51","guid":{"rendered":"http:\/\/konyvtar-kvik.uni-bge.hu\/?page_id=1085"},"modified":"2023-02-06T16:35:14","modified_gmt":"2023-02-06T15:35:14","slug":"lharmattan-open-access","status":"publish","type":"page","link":"https:\/\/konyvtar-kvik.uni-bge.hu\/en\/lharmattan-open-access\/","title":{"rendered":"L\u2019Harmattan Open Access"},"content":{"rendered":"<p>It contains specialized textbooks of L'Harmattan Publishing House, as well as works of fiction. The constantly expanding database of the L'Harmattan Archive offers a selection of the publisher's previously published works. The book database helps the user navigate, browse and search publications with many functions and a rich metadata database.<\/p>\n\n\n\n<p><a rel=\"noreferrer noopener\" href=\"https:\/\/openaccess.hu\/\" target=\"_blank\"><mark style=\"background-color:rgba(0, 0, 0, 0)\" class=\"has-inline-color has-vivid-cyan-blue-color\">Enter the database<\/mark><\/a>\u00a0(access from University computers or VPN remote access)<\/p>","protected":false},"excerpt":{"rendered":"<p>A L\u2019Harmattan Kiad\u00f3 szak- \u00e9s tank\u00f6nyveit, valamint sz\u00e9pirodalmi m\u0171veket tartalmaz. A L\u2019Harmattan Arch\u00edvum folyamatosan b\u0151v\u00fcl\u0151 adatb\u00e1zisa a kiad\u00f3 kor\u00e1bban megjelent m\u0171veinek v\u00e1logat\u00e1s\u00e1t ny\u00fajtja. A&nbsp;k\u00f6nyves adatb\u00e1zis sz\u00e1mos funkci\u00f3val, gazdag metaadat \u00e1llom\u00e1nnyal seg\u00edti a felhaszn\u00e1l\u00f3t a kiadv\u00e1nyokban val\u00f3 eligazod\u00e1sban, a b\u00f6ng\u00e9sz\u00e9sben \u00e9s keres\u00e9sben. Bel\u00e9p\u00e9s az adatb\u00e1zisba\u00a0(el\u00e9r\u00e9s az Egyetem g\u00e9peir\u0151l, vagy VPN t\u00e1voli hozz\u00e1f\u00e9r\u00e9ssel)<\/p>","protected":false},"author":1,"featured_media":0,"parent":0,"menu_order":0,"comment_status":"closed","ping_status":"closed","template":"","meta":{"_uag_custom_page_level_css":"","footnotes":""},"class_list":["post-1085","page","type-page","status-publish","hentry"],"uagb_featured_image_src":{"full":false,"thumbnail":false,"medium":false,"medium_large":false,"large":false,"news_plugin_small":false,"tf-client-image-size":false,"1536x1536":false,"2048x2048":false,"trp-custom-language-flag":false,"post-thumbnail":false,"idolcorp-full-width":false,"idolcorp-ourfeatures-thumb":false,"idolcorp-mediumblog-thumb":false},"uagb_author_info":{"display_name":"admin","author_link":"https:\/\/konyvtar-kvik.uni-bge.hu\/en\/author\/admin\/"},"uagb_comment_info":0,"uagb_excerpt":"A L\u2019Harmattan Kiad\u00f3 szak- \u00e9s tank\u00f6nyveit, valamint sz\u00e9pirodalmi m\u0171veket tartalmaz. A L\u2019Harmattan Arch\u00edvum folyamatosan b\u0151v\u00fcl\u0151 adatb\u00e1zisa a kiad\u00f3 kor\u00e1bban megjelent m\u0171veinek v\u00e1logat\u00e1s\u00e1t ny\u00fajtja. A&nbsp;k\u00f6nyves adatb\u00e1zis sz\u00e1mos funkci\u00f3val, gazdag metaadat \u00e1llom\u00e1nnyal seg\u00edti a felhaszn\u00e1l\u00f3t a kiadv\u00e1nyokban val\u00f3 eligazod\u00e1sban, a b\u00f6ng\u00e9sz\u00e9sben \u00e9s keres\u00e9sben. Bel\u00e9p\u00e9s az adatb\u00e1zisba\u00a0(el\u00e9r\u00e9s az Egyetem g\u00e9peir\u0151l, vagy VPN t\u00e1voli hozz\u00e1f\u00e9r\u00e9ssel)","_links":{"self":[{"href":"https:\/\/konyvtar-kvik.uni-bge.hu\/en\/wp-json\/wp\/v2\/pages\/1085","targetHints":{"allow":["GET"]}}],"collection":[{"href":"https:\/\/konyvtar-kvik.uni-bge.hu\/en\/wp-json\/wp\/v2\/pages"}],"about":[{"href":"https:\/\/konyvtar-kvik.uni-bge.hu\/en\/wp-json\/wp\/v2\/types\/page"}],"author":[{"embeddable":true,"href":"https:\/\/konyvtar-kvik.uni-bge.hu\/en\/wp-json\/wp\/v2\/users\/1"}],"replies":[{"embeddable":true,"href":"https:\/\/konyvtar-kvik.uni-bge.hu\/en\/wp-json\/wp\/v2\/comments?post=1085"}],"version-history":[{"count":2,"href":"https:\/\/konyvtar-kvik.uni-bge.hu\/en\/wp-json\/wp\/v2\/pages\/1085\/revisions"}],"predecessor-version":[{"id":1136,"href":"https:\/\/konyvtar-kvik.uni-bge.hu\/en\/wp-json\/wp\/v2\/pages\/1085\/revisions\/1136"}],"wp:attachment":[{"href":"https:\/\/konyvtar-kvik.uni-bge.hu\/en\/wp-json\/wp\/v2\/media?parent=1085"}],"curies":[{"name":"wp","href":"https:\/\/api.w.org\/{rel}","templated":true}]}}