{"id":99,"date":"2022-05-11T14:21:10","date_gmt":"2022-05-11T14:21:10","guid":{"rendered":"http:\/\/local.konyvtar\/?page_id=99"},"modified":"2022-08-25T12:26:47","modified_gmt":"2022-08-25T12:26:47","slug":"konyvtarkozi-kolcsonzes","status":"publish","type":"page","link":"http:\/\/konyvtar-kvik.uni-bge.hu\/en\/konyvtarkozi-kolcsonzes\/","title":{"rendered":"Interlibrary loan service"},"content":{"rendered":"<p><strong>INTERLIBRARY LOAN SERVICE<\/strong><\/p>\n\n\n\n<p>The library meets the needs of teachers and students that cannot be met from its own collection with interlibrary loans.<br>It also provides documents to other libraries.<br>Contact and information: e-mail:\u00a0<a href=\"mailto:konyvtarkozi.kvik@uni-bge.hu\">konyvtarkozi.kvik@uni-bge.hu<\/a>\u00a0<br>Tel.: 06-1-374-6235<\/p>","protected":false},"excerpt":{"rendered":"<p>K\u00d6NYVT\u00c1RK\u00d6ZI K\u00d6LCS\u00d6NZ\u00c9S A saj\u00e1t \u00e1llom\u00e1nyb\u00f3l nem teljes\u00edthet\u0151 oktat\u00f3i \u00e9s hallgat\u00f3i ig\u00e9nyeket a k\u00f6nyvt\u00e1r k\u00f6nyvt\u00e1rk\u00f6zi k\u00f6lcs\u00f6nz\u00e9ssel el\u00e9g\u00edti ki.M\u00e1s k\u00f6nyvt\u00e1rak r\u00e9sz\u00e9re szint\u00e9n szolg\u00e1ltat dokumentumokat.Kapcsolatfelv\u00e9tel \u00e9s inform\u00e1ci\u00f3: e-mail:\u00a0konyvtarkozi.kvik@uni-bge.hu\u00a0Tel.: 06-1-374-6235<\/p>","protected":false},"author":1,"featured_media":0,"parent":0,"menu_order":0,"comment_status":"closed","ping_status":"closed","template":"","meta":{"_uag_custom_page_level_css":"","footnotes":""},"class_list":["post-99","page","type-page","status-publish","hentry"],"uagb_featured_image_src":{"full":false,"thumbnail":false,"medium":false,"medium_large":false,"large":false,"news_plugin_small":false,"tf-client-image-size":false,"1536x1536":false,"2048x2048":false,"trp-custom-language-flag":false,"post-thumbnail":false,"idolcorp-full-width":false,"idolcorp-ourfeatures-thumb":false,"idolcorp-mediumblog-thumb":false},"uagb_author_info":{"display_name":"admin","author_link":"http:\/\/konyvtar-kvik.uni-bge.hu\/en\/author\/admin\/"},"uagb_comment_info":0,"uagb_excerpt":"K\u00d6NYVT\u00c1RK\u00d6ZI K\u00d6LCS\u00d6NZ\u00c9S A saj\u00e1t \u00e1llom\u00e1nyb\u00f3l nem teljes\u00edthet\u0151 oktat\u00f3i \u00e9s hallgat\u00f3i ig\u00e9nyeket a k\u00f6nyvt\u00e1r k\u00f6nyvt\u00e1rk\u00f6zi k\u00f6lcs\u00f6nz\u00e9ssel el\u00e9g\u00edti ki.M\u00e1s k\u00f6nyvt\u00e1rak r\u00e9sz\u00e9re szint\u00e9n szolg\u00e1ltat dokumentumokat.Kapcsolatfelv\u00e9tel \u00e9s inform\u00e1ci\u00f3: e-mail:\u00a0konyvtarkozi.kvik@uni-bge.hu\u00a0Tel.: 06-1-374-6235","_links":{"self":[{"href":"http:\/\/konyvtar-kvik.uni-bge.hu\/en\/wp-json\/wp\/v2\/pages\/99","targetHints":{"allow":["GET"]}}],"collection":[{"href":"http:\/\/konyvtar-kvik.uni-bge.hu\/en\/wp-json\/wp\/v2\/pages"}],"about":[{"href":"http:\/\/konyvtar-kvik.uni-bge.hu\/en\/wp-json\/wp\/v2\/types\/page"}],"author":[{"embeddable":true,"href":"http:\/\/konyvtar-kvik.uni-bge.hu\/en\/wp-json\/wp\/v2\/users\/1"}],"replies":[{"embeddable":true,"href":"http:\/\/konyvtar-kvik.uni-bge.hu\/en\/wp-json\/wp\/v2\/comments?post=99"}],"version-history":[{"count":2,"href":"http:\/\/konyvtar-kvik.uni-bge.hu\/en\/wp-json\/wp\/v2\/pages\/99\/revisions"}],"predecessor-version":[{"id":657,"href":"http:\/\/konyvtar-kvik.uni-bge.hu\/en\/wp-json\/wp\/v2\/pages\/99\/revisions\/657"}],"wp:attachment":[{"href":"http:\/\/konyvtar-kvik.uni-bge.hu\/en\/wp-json\/wp\/v2\/media?parent=99"}],"curies":[{"name":"wp","href":"https:\/\/api.w.org\/{rel}","templated":true}]}}