{"id":92,"date":"2022-05-11T13:28:01","date_gmt":"2022-05-11T13:28:01","guid":{"rendered":"http:\/\/local.konyvtar\/?page_id=92"},"modified":"2022-08-25T12:12:19","modified_gmt":"2022-08-25T12:12:19","slug":"olvasoterem-hasznalata","status":"publish","type":"page","link":"http:\/\/konyvtar-kvik.uni-bge.hu\/en\/olvasoterem-hasznalata\/","title":{"rendered":"Use of the Reading room"},"content":{"rendered":"<p><strong>USE OF THE READING ROOM<\/strong><\/p>\n\n\n\n<p>The reading room can only be visited with a valid library card, visitor's ticket or day ticket.<br>In its reading room, the entire collection of the library is made available to readers for usage in place.<br>Only personal equipment necessary for the use of the reading room may be brought into the reading room.<br>We do not take responsibility for valuables left unattended.<\/p>","protected":false},"excerpt":{"rendered":"<p>OLVAS\u00d3TEREM HASZN\u00c1LATA Az olvas\u00f3terem csak \u00e9rv\u00e9nyes olvas\u00f3jeggyel, illetve napijeggyel l\u00e1togathat\u00f3.Olvas\u00f3term\u00e9ben a k\u00f6nyvt\u00e1r teljes \u00e1llom\u00e1ny\u00e1t bocs\u00e1tja az olvas\u00f3k rendelkez\u00e9s\u00e9re helyben haszn\u00e1latra.Az olvas\u00f3terembe csak az ott tart\u00f3zkod\u00e1shoz sz\u00fcks\u00e9ges szem\u00e9lyes felszerel\u00e9s vihet\u0151 be.Az \u0151rizetlen\u00fcl hagyott \u00e9rt\u00e9kek\u00e9rt felel\u0151ss\u00e9get nem v\u00e1llalunk!<\/p>","protected":false},"author":1,"featured_media":0,"parent":0,"menu_order":0,"comment_status":"closed","ping_status":"closed","template":"","meta":{"_uag_custom_page_level_css":"","footnotes":""},"class_list":["post-92","page","type-page","status-publish","hentry"],"uagb_featured_image_src":{"full":false,"thumbnail":false,"medium":false,"medium_large":false,"large":false,"news_plugin_small":false,"tf-client-image-size":false,"1536x1536":false,"2048x2048":false,"trp-custom-language-flag":false,"post-thumbnail":false,"idolcorp-full-width":false,"idolcorp-ourfeatures-thumb":false,"idolcorp-mediumblog-thumb":false},"uagb_author_info":{"display_name":"admin","author_link":"http:\/\/konyvtar-kvik.uni-bge.hu\/en\/author\/admin\/"},"uagb_comment_info":0,"uagb_excerpt":"OLVAS\u00d3TEREM HASZN\u00c1LATA Az olvas\u00f3terem csak \u00e9rv\u00e9nyes olvas\u00f3jeggyel, illetve napijeggyel l\u00e1togathat\u00f3.Olvas\u00f3term\u00e9ben a k\u00f6nyvt\u00e1r teljes \u00e1llom\u00e1ny\u00e1t bocs\u00e1tja az olvas\u00f3k rendelkez\u00e9s\u00e9re helyben haszn\u00e1latra.Az olvas\u00f3terembe csak az ott tart\u00f3zkod\u00e1shoz sz\u00fcks\u00e9ges szem\u00e9lyes felszerel\u00e9s vihet\u0151 be.Az \u0151rizetlen\u00fcl hagyott \u00e9rt\u00e9kek\u00e9rt felel\u0151ss\u00e9get nem v\u00e1llalunk!","_links":{"self":[{"href":"http:\/\/konyvtar-kvik.uni-bge.hu\/en\/wp-json\/wp\/v2\/pages\/92","targetHints":{"allow":["GET"]}}],"collection":[{"href":"http:\/\/konyvtar-kvik.uni-bge.hu\/en\/wp-json\/wp\/v2\/pages"}],"about":[{"href":"http:\/\/konyvtar-kvik.uni-bge.hu\/en\/wp-json\/wp\/v2\/types\/page"}],"author":[{"embeddable":true,"href":"http:\/\/konyvtar-kvik.uni-bge.hu\/en\/wp-json\/wp\/v2\/users\/1"}],"replies":[{"embeddable":true,"href":"http:\/\/konyvtar-kvik.uni-bge.hu\/en\/wp-json\/wp\/v2\/comments?post=92"}],"version-history":[{"count":2,"href":"http:\/\/konyvtar-kvik.uni-bge.hu\/en\/wp-json\/wp\/v2\/pages\/92\/revisions"}],"predecessor-version":[{"id":655,"href":"http:\/\/konyvtar-kvik.uni-bge.hu\/en\/wp-json\/wp\/v2\/pages\/92\/revisions\/655"}],"wp:attachment":[{"href":"http:\/\/konyvtar-kvik.uni-bge.hu\/en\/wp-json\/wp\/v2\/media?parent=92"}],"curies":[{"name":"wp","href":"https:\/\/api.w.org\/{rel}","templated":true}]}}