{"id":86,"date":"2022-05-11T13:26:24","date_gmt":"2022-05-11T13:26:24","guid":{"rendered":"http:\/\/local.konyvtar\/?page_id=86"},"modified":"2022-05-11T13:26:25","modified_gmt":"2022-05-11T13:26:25","slug":"ingyenes-szolgaltatasok","status":"publish","type":"page","link":"http:\/\/konyvtar-kvik.uni-bge.hu\/en\/ingyenes-szolgaltatasok\/","title":{"rendered":"Free services"},"content":{"rendered":"<p><strong>FREE BASIC SERVICES<\/strong><\/p>\n\n\n\n<p>Without registration, with a  visitors's ticket:<br>\u2013 visit of the library (entering the library spaces made available for readers)<br>\u2013 use of the designated parts of the collection in place<br>\u2013 use of the electronic catalog, exclusively on a computer designated for this purpose<br>\u2013 information about the services of the library and the library system<\/p>","protected":false},"excerpt":{"rendered":"<p>INGYENES ALAPSZOLG\u00c1LTAT\u00c1SOK Beiratkoz\u00e1s n\u00e9lk\u00fcl, regisztr\u00e1ci\u00f3s jeggyel vehet\u0151 ig\u00e9nybe:&#8211; a k\u00f6nyvt\u00e1rl\u00e1togat\u00e1s (bel\u00e9p\u00e9s a k\u00f6nyvt\u00e1r olvas\u00f3k sz\u00e1m\u00e1ra haszn\u00e1latra bocs\u00e1tott tereibe)&#8211; a k\u00f6nyvt\u00e1r \u00e1ltal kijel\u00f6lt gy\u0171jtem\u00e9nyr\u00e9szek helyben t\u00f6rt\u00e9n\u0151 haszn\u00e1lata&#8211; az elektronikus katal\u00f3gus haszn\u00e1lata, kiz\u00e1r\u00f3lag erre a c\u00e9lra kijel\u00f6lt sz\u00e1m\u00edt\u00f3g\u00e9pen&#8211; inform\u00e1ci\u00f3 a k\u00f6nyvt\u00e1r \u00e9s a k\u00f6nyvt\u00e1ri rendszer szolg\u00e1ltat\u00e1sair\u00f3l<\/p>","protected":false},"author":1,"featured_media":0,"parent":0,"menu_order":0,"comment_status":"closed","ping_status":"closed","template":"","meta":{"_uag_custom_page_level_css":"","footnotes":""},"class_list":["post-86","page","type-page","status-publish","hentry"],"uagb_featured_image_src":{"full":false,"thumbnail":false,"medium":false,"medium_large":false,"large":false,"news_plugin_small":false,"tf-client-image-size":false,"1536x1536":false,"2048x2048":false,"trp-custom-language-flag":false,"post-thumbnail":false,"idolcorp-full-width":false,"idolcorp-ourfeatures-thumb":false,"idolcorp-mediumblog-thumb":false},"uagb_author_info":{"display_name":"admin","author_link":"http:\/\/konyvtar-kvik.uni-bge.hu\/en\/author\/admin\/"},"uagb_comment_info":0,"uagb_excerpt":"INGYENES ALAPSZOLG\u00c1LTAT\u00c1SOK Beiratkoz\u00e1s n\u00e9lk\u00fcl, regisztr\u00e1ci\u00f3s jeggyel vehet\u0151 ig\u00e9nybe:&#8211; a k\u00f6nyvt\u00e1rl\u00e1togat\u00e1s (bel\u00e9p\u00e9s a k\u00f6nyvt\u00e1r olvas\u00f3k sz\u00e1m\u00e1ra haszn\u00e1latra bocs\u00e1tott tereibe)&#8211; a k\u00f6nyvt\u00e1r \u00e1ltal kijel\u00f6lt gy\u0171jtem\u00e9nyr\u00e9szek helyben t\u00f6rt\u00e9n\u0151 haszn\u00e1lata&#8211; az elektronikus katal\u00f3gus haszn\u00e1lata, kiz\u00e1r\u00f3lag erre a c\u00e9lra kijel\u00f6lt sz\u00e1m\u00edt\u00f3g\u00e9pen&#8211; inform\u00e1ci\u00f3 a k\u00f6nyvt\u00e1r \u00e9s a k\u00f6nyvt\u00e1ri rendszer szolg\u00e1ltat\u00e1sair\u00f3l","_links":{"self":[{"href":"http:\/\/konyvtar-kvik.uni-bge.hu\/en\/wp-json\/wp\/v2\/pages\/86","targetHints":{"allow":["GET"]}}],"collection":[{"href":"http:\/\/konyvtar-kvik.uni-bge.hu\/en\/wp-json\/wp\/v2\/pages"}],"about":[{"href":"http:\/\/konyvtar-kvik.uni-bge.hu\/en\/wp-json\/wp\/v2\/types\/page"}],"author":[{"embeddable":true,"href":"http:\/\/konyvtar-kvik.uni-bge.hu\/en\/wp-json\/wp\/v2\/users\/1"}],"replies":[{"embeddable":true,"href":"http:\/\/konyvtar-kvik.uni-bge.hu\/en\/wp-json\/wp\/v2\/comments?post=86"}],"version-history":[{"count":1,"href":"http:\/\/konyvtar-kvik.uni-bge.hu\/en\/wp-json\/wp\/v2\/pages\/86\/revisions"}],"predecessor-version":[{"id":87,"href":"http:\/\/konyvtar-kvik.uni-bge.hu\/en\/wp-json\/wp\/v2\/pages\/86\/revisions\/87"}],"wp:attachment":[{"href":"http:\/\/konyvtar-kvik.uni-bge.hu\/en\/wp-json\/wp\/v2\/media?parent=86"}],"curies":[{"name":"wp","href":"https:\/\/api.w.org\/{rel}","templated":true}]}}