{"id":84,"date":"2022-05-11T13:25:33","date_gmt":"2022-05-11T13:25:33","guid":{"rendered":"http:\/\/local.konyvtar\/?page_id=84"},"modified":"2025-09-03T12:37:50","modified_gmt":"2025-09-03T10:37:50","slug":"dijszabasok","status":"publish","type":"page","link":"http:\/\/konyvtar-kvik.uni-bge.hu\/en\/dijszabasok\/","title":{"rendered":"Fees"},"content":{"rendered":"<p><strong>FEES OF LIBRARY SERVICES<\/strong><\/p>\n\n\n\n<figure class=\"wp-block-table is-style-stripes\"><table class=\"has-fixed-layout\"><tbody><tr><td class=\"has-text-align-left\" data-align=\"left\"><strong>Visitor's ticket (for 1 year)<\/strong><\/td><td class=\"has-text-align-left\" data-align=\"left\"><strong>Limited service without internet access<\/strong><\/td><td class=\"has-text-align-left\" data-align=\"left\"><strong>FREE<\/strong><\/td><\/tr><tr><td class=\"has-text-align-left\" data-align=\"left\"><strong>Registration<\/strong> <strong>for an academic year<\/strong><\/td><td class=\"has-text-align-left\" data-align=\"left\"><strong>BBS students<\/strong><\/td><td class=\"has-text-align-left\" data-align=\"left\"><strong>FREE<\/strong><\/td><\/tr><tr><td class=\"has-text-align-left\" data-align=\"left\"><strong>Registration<\/strong> <strong>for a year<\/strong><\/td><td class=\"has-text-align-left\" data-align=\"left\"><strong>Students from other universities<\/strong><br><strong>(use only in place)<\/strong><\/td><td class=\"has-text-align-left\" data-align=\"left\"><strong>1500,-<\/strong><\/td><\/tr><tr><td class=\"has-text-align-left\" data-align=\"left\"><\/td><td class=\"has-text-align-left\" data-align=\"left\"><strong>External adult users (use only in place)<\/strong><\/td><td class=\"has-text-align-left\" data-align=\"left\"><strong>3000,-<\/strong><\/td><\/tr><tr><td class=\"has-text-align-left\" data-align=\"left\"><strong>Day ticket<\/strong><\/td><td class=\"has-text-align-left\" data-align=\"left\"><strong>(use only in place)<\/strong><\/td><td class=\"has-text-align-left\" data-align=\"left\"><strong>500,-<\/strong><\/td><\/tr><tr><td class=\"has-text-align-left\" data-align=\"left\"><strong>Late fee<\/strong><\/td><td class=\"has-text-align-left\" data-align=\"left\"><strong>Workday\/item<\/strong><\/td><td class=\"has-text-align-left\" data-align=\"left\"><strong>50,-<\/strong><\/td><\/tr><tr><td class=\"has-text-align-left\" data-align=\"left\"><strong>Late fee for the collection of the Reading room<\/strong><\/td><td class=\"has-text-align-left\" data-align=\"left\"><strong>Reading room (day\/item)<\/strong><\/td><td class=\"has-text-align-left\" data-align=\"left\"><strong>650,-<\/strong><\/td><\/tr><tr><td class=\"has-text-align-left\" data-align=\"left\"><strong>Photocopying<\/strong><\/td><td class=\"has-text-align-left\" data-align=\"left\"><strong>A\/4 black and white<\/strong><\/td><td class=\"has-text-align-left\" data-align=\"left\"><strong>20,-<\/strong><\/td><\/tr><tr><td class=\"has-text-align-left\" data-align=\"left\"><\/td><td class=\"has-text-align-left\" data-align=\"left\"><strong>A\/4 color<\/strong><\/td><td class=\"has-text-align-left\" data-align=\"left\"><strong>100,-<\/strong><\/td><\/tr><tr><td class=\"has-text-align-left\" data-align=\"left\"><strong>Printing<\/strong><\/td><td class=\"has-text-align-left\" data-align=\"left\"><strong>A\/4 black and white<\/strong><\/td><td class=\"has-text-align-left\" data-align=\"left\"><strong>20,-<\/strong><\/td><\/tr><tr><td class=\"has-text-align-left\" data-align=\"left\"><\/td><td class=\"has-text-align-left\" data-align=\"left\"><strong>A\/4 color<\/strong><\/td><td class=\"has-text-align-left\" data-align=\"left\"><strong>100,-<\/strong><\/td><\/tr><tr><td class=\"has-text-align-left\" data-align=\"left\"><strong>Scanning<\/strong><\/td><td class=\"has-text-align-left\" data-align=\"left\"><strong>A\/4<\/strong><\/td><td class=\"has-text-align-left\" data-align=\"left\"><strong>20,-<\/strong><\/td><\/tr><tr><td class=\"has-text-align-left\" data-align=\"left\"><strong>Photo ticket*<\/strong><\/td><td class=\"has-text-align-left\" data-align=\"left\"><strong>Ft\/day<\/strong><\/td><td class=\"has-text-align-left\" data-align=\"left\"><strong>1000,-<\/strong><\/td><\/tr><\/tbody><\/table><\/figure>\n\n\n\n<p>*The entire document cannot be photographed!<\/p>","protected":false},"excerpt":{"rendered":"<p>K\u00d6NYVT\u00c1RI SZOLG\u00c1LTAT\u00c1SOK D\u00cdJSZAB\u00c1SA L\u00e1t\u00f3gat\u00f3jegy 1 tan\u00e9vreKorl\u00e1tozott szolg\u00e1ltat\u00e1s internethaszn\u00e1lat n\u00e9lk\u00fclINGYENESBeiratkoz\u00e1s 1 tan\u00e9vreBGE hallgat\u00f3INGYENESBeiratkoz\u00e1s 1 \u00e9vreNem BGE hallgat\u00f3(csak helyben haszn\u00e1lat)1500,-K\u00fcls\u0151s feln\u0151tt olvas\u00f3 (csak helyben haszn\u00e1lat)3000,-Napijegy(csak helyben haszn\u00e1lat)500,-K\u00e9sedelmi d\u00edjK\u00f6nyvt\u00e1ri munkanap\/db50,-K\u00e9sedelmi d\u00edj r\u00f6vid hat\u00e1ridej\u0171 k\u00f6lcs\u00f6nz\u00e9s eset\u00e9nKari K\u00f6nyvt\u00e1r Olvas\u00f3terem! nap\/db650,-F\u00e9nym\u00e1sol\u00e1sA\/4 fekete-feh\u00e9r20,-A\/4 sz\u00ednes100,-Nyomtat\u00e1sA\/4 fekete-feh\u00e9r20,-A\/4 sz\u00ednes100,-Szkennel\u00e9sA\/420,-Fot\u00f3jegy*Ft\/nap1000,- * Teljes dokumentum nem fot\u00f3zhat\u00f3!<\/p>","protected":false},"author":1,"featured_media":0,"parent":0,"menu_order":0,"comment_status":"closed","ping_status":"closed","template":"","meta":{"_uag_custom_page_level_css":"","footnotes":""},"class_list":["post-84","page","type-page","status-publish","hentry"],"uagb_featured_image_src":{"full":false,"thumbnail":false,"medium":false,"medium_large":false,"large":false,"news_plugin_small":false,"tf-client-image-size":false,"1536x1536":false,"2048x2048":false,"trp-custom-language-flag":false,"post-thumbnail":false,"idolcorp-full-width":false,"idolcorp-ourfeatures-thumb":false,"idolcorp-mediumblog-thumb":false},"uagb_author_info":{"display_name":"admin","author_link":"http:\/\/konyvtar-kvik.uni-bge.hu\/en\/author\/admin\/"},"uagb_comment_info":0,"uagb_excerpt":"K\u00d6NYVT\u00c1RI SZOLG\u00c1LTAT\u00c1SOK D\u00cdJSZAB\u00c1SA L\u00e1t\u00f3gat\u00f3jegy 1 tan\u00e9vreKorl\u00e1tozott szolg\u00e1ltat\u00e1s internethaszn\u00e1lat n\u00e9lk\u00fclINGYENESBeiratkoz\u00e1s 1 tan\u00e9vreBGE hallgat\u00f3INGYENESBeiratkoz\u00e1s 1 \u00e9vreNem BGE hallgat\u00f3(csak helyben haszn\u00e1lat)1500,-K\u00fcls\u0151s feln\u0151tt olvas\u00f3 (csak helyben haszn\u00e1lat)3000,-Napijegy(csak helyben haszn\u00e1lat)500,-K\u00e9sedelmi d\u00edjK\u00f6nyvt\u00e1ri munkanap\/db50,-K\u00e9sedelmi d\u00edj r\u00f6vid hat\u00e1ridej\u0171 k\u00f6lcs\u00f6nz\u00e9s eset\u00e9nKari K\u00f6nyvt\u00e1r Olvas\u00f3terem! nap\/db650,-F\u00e9nym\u00e1sol\u00e1sA\/4 fekete-feh\u00e9r20,-A\/4 sz\u00ednes100,-Nyomtat\u00e1sA\/4 fekete-feh\u00e9r20,-A\/4 sz\u00ednes100,-Szkennel\u00e9sA\/420,-Fot\u00f3jegy*Ft\/nap1000,- * Teljes dokumentum nem fot\u00f3zhat\u00f3!","_links":{"self":[{"href":"http:\/\/konyvtar-kvik.uni-bge.hu\/en\/wp-json\/wp\/v2\/pages\/84","targetHints":{"allow":["GET"]}}],"collection":[{"href":"http:\/\/konyvtar-kvik.uni-bge.hu\/en\/wp-json\/wp\/v2\/pages"}],"about":[{"href":"http:\/\/konyvtar-kvik.uni-bge.hu\/en\/wp-json\/wp\/v2\/types\/page"}],"author":[{"embeddable":true,"href":"http:\/\/konyvtar-kvik.uni-bge.hu\/en\/wp-json\/wp\/v2\/users\/1"}],"replies":[{"embeddable":true,"href":"http:\/\/konyvtar-kvik.uni-bge.hu\/en\/wp-json\/wp\/v2\/comments?post=84"}],"version-history":[{"count":15,"href":"http:\/\/konyvtar-kvik.uni-bge.hu\/en\/wp-json\/wp\/v2\/pages\/84\/revisions"}],"predecessor-version":[{"id":2270,"href":"http:\/\/konyvtar-kvik.uni-bge.hu\/en\/wp-json\/wp\/v2\/pages\/84\/revisions\/2270"}],"wp:attachment":[{"href":"http:\/\/konyvtar-kvik.uni-bge.hu\/en\/wp-json\/wp\/v2\/media?parent=84"}],"curies":[{"name":"wp","href":"https:\/\/api.w.org\/{rel}","templated":true}]}}