{"id":60,"date":"2022-05-11T12:28:35","date_gmt":"2022-05-11T12:28:35","guid":{"rendered":"http:\/\/local.konyvtar\/?page_id=60"},"modified":"2025-11-04T12:28:04","modified_gmt":"2025-11-04T11:28:04","slug":"elerhetosegek","status":"publish","type":"page","link":"http:\/\/konyvtar-kvik.uni-bge.hu\/en\/elerhetosegek\/","title":{"rendered":"Contact"},"content":{"rendered":"<p>Egyetemi K\u00f6nyvt\u00e1r<\/p>\n\n\n\n<p><p><strong>BGE <\/strong><br>Egyetemi K\u00f6nyvt\u00e1r<br>C\u00edm: 1148 Bagolyv\u00e1r u. 6-10. &#8211; UniZone<br>Telefon: 06\/1-888-0111<br>E-mail:\u00a0<a href=\"mailto:konyvtar.kvik@uni-bge.hu\">konyvtar@uni-bge.hu<\/a><br>Catalog and online renewal:\u00a0<a style=\"font-size: revert;\" href=\"https:\/\/konyvtar.uni-bge.hu\/katalogusok\">https:\/\/konyvtar.uni-bge.hu\/katalogusok<\/a><\/p><\/p>\n\n\n\n<p><p><span style=\"font-size: revert; background-color: rgb(255, 255, 255); color: initial;\">Website:\u00a0<\/span><a style=\"font-size: revert; background-color: rgb(255, 255, 255);\" target=\"_blank\" rel=\"noreferrer noopener\">konyvtar.uni-bge.hu<\/a><\/p><\/p>\n\n\n\n<p><p>Facebook page:\u00a0<a style=\"font-size: revert;\" href=\"https:\/\/www.facebook.com\/bgeegyetemikonyvtar\">https:\/\/www.facebook.com\/bgeegyetemikonyvtar<\/a><\/p><\/p>\n\n\n\n<p><p>Instagram: <a style=\"font-size: revert;\" href=\"https:\/\/www.instagram.com\/bgeegyetemikonyvtar\/\">https:\/\/www.instagram.com\/bgeegyetemikonyvtar\/<\/a><\/p><p>TikTok: <a style=\"font-size: revert;\" href=\"https:\/\/www.tiktok.com\/@bge_egyetemi_konyvtar\">https:\/\/www.tiktok.com\/@bge_egyetemi_konyvtar<\/a><\/p><p>\u00a0<\/p><\/p>","protected":false},"excerpt":{"rendered":"<p>Egyetemi K\u00f6nyvt\u00e1r BGE Egyetemi K\u00f6nyvt\u00e1rC\u00edm: 1148 Bagolyv\u00e1r u. 6-10. &#8211; UniZoneTelefon: 06\/1-888-0111E-mail:\u00a0konyvtar@uni-bge.huKatal\u00f3gus \u00e9s online hosszabb\u00edt\u00e1s:\u00a0https:\/\/konyvtar.uni-bge.hu\/katalogusok Honlap:\u00a0konyvtar.uni-bge.hu Facebook oldal:\u00a0https:\/\/www.facebook.com\/bgeegyetemikonyvtar Instagram: https:\/\/www.instagram.com\/bgeegyetemikonyvtar\/TikTok: https:\/\/www.tiktok.com\/@bge_egyetemi_konyvtar\u00a0<\/p>","protected":false},"author":1,"featured_media":0,"parent":0,"menu_order":0,"comment_status":"closed","ping_status":"closed","template":"","meta":{"_uag_custom_page_level_css":"","footnotes":""},"class_list":["post-60","page","type-page","status-publish","hentry"],"uagb_featured_image_src":{"full":false,"thumbnail":false,"medium":false,"medium_large":false,"large":false,"news_plugin_small":false,"tf-client-image-size":false,"1536x1536":false,"2048x2048":false,"trp-custom-language-flag":false,"post-thumbnail":false,"idolcorp-full-width":false,"idolcorp-ourfeatures-thumb":false,"idolcorp-mediumblog-thumb":false},"uagb_author_info":{"display_name":"admin","author_link":"http:\/\/konyvtar-kvik.uni-bge.hu\/en\/author\/admin\/"},"uagb_comment_info":0,"uagb_excerpt":"Egyetemi K\u00f6nyvt\u00e1r BGE Egyetemi K\u00f6nyvt\u00e1rC\u00edm: 1148 Bagolyv\u00e1r u. 6-10. &#8211; UniZoneTelefon: 06\/1-888-0111E-mail:\u00a0konyvtar@uni-bge.huKatal\u00f3gus \u00e9s online hosszabb\u00edt\u00e1s:\u00a0https:\/\/konyvtar.uni-bge.hu\/katalogusok Honlap:\u00a0konyvtar.uni-bge.hu Facebook oldal:\u00a0https:\/\/www.facebook.com\/bgeegyetemikonyvtar Instagram: https:\/\/www.instagram.com\/bgeegyetemikonyvtar\/TikTok: https:\/\/www.tiktok.com\/@bge_egyetemi_konyvtar\u00a0","_links":{"self":[{"href":"http:\/\/konyvtar-kvik.uni-bge.hu\/en\/wp-json\/wp\/v2\/pages\/60","targetHints":{"allow":["GET"]}}],"collection":[{"href":"http:\/\/konyvtar-kvik.uni-bge.hu\/en\/wp-json\/wp\/v2\/pages"}],"about":[{"href":"http:\/\/konyvtar-kvik.uni-bge.hu\/en\/wp-json\/wp\/v2\/types\/page"}],"author":[{"embeddable":true,"href":"http:\/\/konyvtar-kvik.uni-bge.hu\/en\/wp-json\/wp\/v2\/users\/1"}],"replies":[{"embeddable":true,"href":"http:\/\/konyvtar-kvik.uni-bge.hu\/en\/wp-json\/wp\/v2\/comments?post=60"}],"version-history":[{"count":12,"href":"http:\/\/konyvtar-kvik.uni-bge.hu\/en\/wp-json\/wp\/v2\/pages\/60\/revisions"}],"predecessor-version":[{"id":2308,"href":"http:\/\/konyvtar-kvik.uni-bge.hu\/en\/wp-json\/wp\/v2\/pages\/60\/revisions\/2308"}],"wp:attachment":[{"href":"http:\/\/konyvtar-kvik.uni-bge.hu\/en\/wp-json\/wp\/v2\/media?parent=60"}],"curies":[{"name":"wp","href":"https:\/\/api.w.org\/{rel}","templated":true}]}}