{"id":54,"date":"2022-05-11T12:23:56","date_gmt":"2022-05-11T12:23:56","guid":{"rendered":"http:\/\/local.konyvtar\/?page_id=54"},"modified":"2022-05-31T11:07:38","modified_gmt":"2022-05-31T11:07:38","slug":"fenntartoi-nyilatkozat","status":"publish","type":"page","link":"http:\/\/konyvtar-kvik.uni-bge.hu\/en\/fenntartoi-nyilatkozat\/","title":{"rendered":"Governance statement"},"content":{"rendered":"<p>The Governance statement is available (in Hungarian)\u00a0<a href=\"\/wp-content\/uploads\/2022\/05\/Fenntartoi_Nyilatkozat_KVIK.pdf\">on this link.<\/a><\/p>","protected":false},"excerpt":{"rendered":"<p>A Fenntart\u00f3i Nyilatkozat el\u00e9rhet\u0151\u00a0ezen a linken.<\/p>","protected":false},"author":1,"featured_media":0,"parent":0,"menu_order":0,"comment_status":"closed","ping_status":"closed","template":"","meta":{"_uag_custom_page_level_css":"","footnotes":""},"class_list":["post-54","page","type-page","status-publish","hentry"],"uagb_featured_image_src":{"full":false,"thumbnail":false,"medium":false,"medium_large":false,"large":false,"news_plugin_small":false,"tf-client-image-size":false,"1536x1536":false,"2048x2048":false,"trp-custom-language-flag":false,"post-thumbnail":false,"idolcorp-full-width":false,"idolcorp-ourfeatures-thumb":false,"idolcorp-mediumblog-thumb":false},"uagb_author_info":{"display_name":"admin","author_link":"http:\/\/konyvtar-kvik.uni-bge.hu\/en\/author\/admin\/"},"uagb_comment_info":0,"uagb_excerpt":"A Fenntart\u00f3i Nyilatkozat el\u00e9rhet\u0151\u00a0ezen a linken.","_links":{"self":[{"href":"http:\/\/konyvtar-kvik.uni-bge.hu\/en\/wp-json\/wp\/v2\/pages\/54","targetHints":{"allow":["GET"]}}],"collection":[{"href":"http:\/\/konyvtar-kvik.uni-bge.hu\/en\/wp-json\/wp\/v2\/pages"}],"about":[{"href":"http:\/\/konyvtar-kvik.uni-bge.hu\/en\/wp-json\/wp\/v2\/types\/page"}],"author":[{"embeddable":true,"href":"http:\/\/konyvtar-kvik.uni-bge.hu\/en\/wp-json\/wp\/v2\/users\/1"}],"replies":[{"embeddable":true,"href":"http:\/\/konyvtar-kvik.uni-bge.hu\/en\/wp-json\/wp\/v2\/comments?post=54"}],"version-history":[{"count":3,"href":"http:\/\/konyvtar-kvik.uni-bge.hu\/en\/wp-json\/wp\/v2\/pages\/54\/revisions"}],"predecessor-version":[{"id":264,"href":"http:\/\/konyvtar-kvik.uni-bge.hu\/en\/wp-json\/wp\/v2\/pages\/54\/revisions\/264"}],"wp:attachment":[{"href":"http:\/\/konyvtar-kvik.uni-bge.hu\/en\/wp-json\/wp\/v2\/media?parent=54"}],"curies":[{"name":"wp","href":"https:\/\/api.w.org\/{rel}","templated":true}]}}