{"id":458,"date":"2022-08-22T13:52:32","date_gmt":"2022-08-22T13:52:32","guid":{"rendered":"http:\/\/193.224.167.141\/?page_id=458"},"modified":"2022-10-12T13:42:41","modified_gmt":"2022-10-12T11:42:41","slug":"konyvtari-katalogus-library-catalog","status":"publish","type":"page","link":"http:\/\/konyvtar-kvik.uni-bge.hu\/en\/konyvtari-katalogus-library-catalog\/","title":{"rendered":"Library catalog"},"content":{"rendered":"<p>You can search for books, journals, textbooks, and articles according to author, title, keyword, year of publication, etc.<br>The catalog contains only the DATA OF THE DOCUMENTS. (Searching is available in English.)<\/p>\n\n\n\n<p><a href=\"https:\/\/opac-kvikkonyvtar.uni-bge.hu\/F\"><mark style=\"background-color:rgba(0, 0, 0, 0)\" class=\"has-inline-color has-vivid-cyan-blue-color\">https:\/\/opac-kvikkonyvtar.uni-bge.hu\/F<\/mark><\/a><\/p>","protected":false},"excerpt":{"rendered":"<p>Kereshet\u0151ek benne k\u00f6nyvek, foly\u00f3iratok, jegyzetek, szakdolgozatok \u00e9s cikkek, szerz\u0151, c\u00edm, kulcssz\u00f3, kiad\u00e1s \u00e9ve stb. szerint.A katal\u00f3gusban CSAK A M\u0170VEK ADATAI tal\u00e1lhat\u00f3ak. https:\/\/opac-kvikkonyvtar.uni-bge.hu\/F<\/p>","protected":false},"author":1,"featured_media":0,"parent":0,"menu_order":0,"comment_status":"closed","ping_status":"closed","template":"","meta":{"_uag_custom_page_level_css":"","footnotes":""},"class_list":["post-458","page","type-page","status-publish","hentry"],"uagb_featured_image_src":{"full":false,"thumbnail":false,"medium":false,"medium_large":false,"large":false,"news_plugin_small":false,"tf-client-image-size":false,"1536x1536":false,"2048x2048":false,"trp-custom-language-flag":false,"post-thumbnail":false,"idolcorp-full-width":false,"idolcorp-ourfeatures-thumb":false,"idolcorp-mediumblog-thumb":false},"uagb_author_info":{"display_name":"admin","author_link":"http:\/\/konyvtar-kvik.uni-bge.hu\/en\/author\/admin\/"},"uagb_comment_info":0,"uagb_excerpt":"Kereshet\u0151ek benne k\u00f6nyvek, foly\u00f3iratok, jegyzetek, szakdolgozatok \u00e9s cikkek, szerz\u0151, c\u00edm, kulcssz\u00f3, kiad\u00e1s \u00e9ve stb. szerint.A katal\u00f3gusban CSAK A M\u0170VEK ADATAI tal\u00e1lhat\u00f3ak. https:\/\/opac-kvikkonyvtar.uni-bge.hu\/F","_links":{"self":[{"href":"http:\/\/konyvtar-kvik.uni-bge.hu\/en\/wp-json\/wp\/v2\/pages\/458","targetHints":{"allow":["GET"]}}],"collection":[{"href":"http:\/\/konyvtar-kvik.uni-bge.hu\/en\/wp-json\/wp\/v2\/pages"}],"about":[{"href":"http:\/\/konyvtar-kvik.uni-bge.hu\/en\/wp-json\/wp\/v2\/types\/page"}],"author":[{"embeddable":true,"href":"http:\/\/konyvtar-kvik.uni-bge.hu\/en\/wp-json\/wp\/v2\/users\/1"}],"replies":[{"embeddable":true,"href":"http:\/\/konyvtar-kvik.uni-bge.hu\/en\/wp-json\/wp\/v2\/comments?post=458"}],"version-history":[{"count":3,"href":"http:\/\/konyvtar-kvik.uni-bge.hu\/en\/wp-json\/wp\/v2\/pages\/458\/revisions"}],"predecessor-version":[{"id":928,"href":"http:\/\/konyvtar-kvik.uni-bge.hu\/en\/wp-json\/wp\/v2\/pages\/458\/revisions\/928"}],"wp:attachment":[{"href":"http:\/\/konyvtar-kvik.uni-bge.hu\/en\/wp-json\/wp\/v2\/media?parent=458"}],"curies":[{"name":"wp","href":"https:\/\/api.w.org\/{rel}","templated":true}]}}