{"id":455,"date":"2022-08-22T13:50:04","date_gmt":"2022-08-22T13:50:04","guid":{"rendered":"http:\/\/193.224.167.141\/?page_id=455"},"modified":"2022-10-08T13:20:53","modified_gmt":"2022-10-08T11:20:53","slug":"egyeb-ingyenes-forrasok-other-free-resources","status":"publish","type":"page","link":"http:\/\/konyvtar-kvik.uni-bge.hu\/en\/egyeb-ingyenes-forrasok-other-free-resources\/","title":{"rendered":"Other free resources"},"content":{"rendered":"<p><a href=\"http:\/\/konyvtar-kvik.uni-bge.hu\/en\/konyvtarak\/\">Libraries<\/a><\/p>\n\n\n\n<p><a href=\"http:\/\/konyvtar-kvik.uni-bge.hu\/en\/szakoldalak\/\">Tematic websites<\/a><\/p>\n\n\n\n<p><a href=\"http:\/\/konyvtar-kvik.uni-bge.hu\/en\/online-forrasok\/\">Online resources<\/a><\/p>\n\n\n\n<p><a href=\"http:\/\/konyvtar-kvik.uni-bge.hu\/en\/jogszabalyok\/\">Legislation<\/a><\/p>","protected":false},"excerpt":{"rendered":"<p>K\u00f6nyvt\u00e1rak Szakoldalak Online forr\u00e1sok Jogszab\u00e1lyok<\/p>","protected":false},"author":1,"featured_media":0,"parent":0,"menu_order":0,"comment_status":"closed","ping_status":"closed","template":"","meta":{"_uag_custom_page_level_css":"","footnotes":""},"class_list":["post-455","page","type-page","status-publish","hentry"],"uagb_featured_image_src":{"full":false,"thumbnail":false,"medium":false,"medium_large":false,"large":false,"news_plugin_small":false,"tf-client-image-size":false,"1536x1536":false,"2048x2048":false,"trp-custom-language-flag":false,"post-thumbnail":false,"idolcorp-full-width":false,"idolcorp-ourfeatures-thumb":false,"idolcorp-mediumblog-thumb":false},"uagb_author_info":{"display_name":"admin","author_link":"http:\/\/konyvtar-kvik.uni-bge.hu\/en\/author\/admin\/"},"uagb_comment_info":0,"uagb_excerpt":"K\u00f6nyvt\u00e1rak Szakoldalak Online forr\u00e1sok Jogszab\u00e1lyok","_links":{"self":[{"href":"http:\/\/konyvtar-kvik.uni-bge.hu\/en\/wp-json\/wp\/v2\/pages\/455","targetHints":{"allow":["GET"]}}],"collection":[{"href":"http:\/\/konyvtar-kvik.uni-bge.hu\/en\/wp-json\/wp\/v2\/pages"}],"about":[{"href":"http:\/\/konyvtar-kvik.uni-bge.hu\/en\/wp-json\/wp\/v2\/types\/page"}],"author":[{"embeddable":true,"href":"http:\/\/konyvtar-kvik.uni-bge.hu\/en\/wp-json\/wp\/v2\/users\/1"}],"replies":[{"embeddable":true,"href":"http:\/\/konyvtar-kvik.uni-bge.hu\/en\/wp-json\/wp\/v2\/comments?post=455"}],"version-history":[{"count":2,"href":"http:\/\/konyvtar-kvik.uni-bge.hu\/en\/wp-json\/wp\/v2\/pages\/455\/revisions"}],"predecessor-version":[{"id":893,"href":"http:\/\/konyvtar-kvik.uni-bge.hu\/en\/wp-json\/wp\/v2\/pages\/455\/revisions\/893"}],"wp:attachment":[{"href":"http:\/\/konyvtar-kvik.uni-bge.hu\/en\/wp-json\/wp\/v2\/media?parent=455"}],"curies":[{"name":"wp","href":"https:\/\/api.w.org\/{rel}","templated":true}]}}