{"id":435,"date":"2022-08-22T13:31:40","date_gmt":"2022-08-22T13:31:40","guid":{"rendered":"http:\/\/193.224.167.141\/?page_id=435"},"modified":"2025-02-12T09:49:56","modified_gmt":"2025-02-12T08:49:56","slug":"moodle-feltoltes-moodle-upload","status":"publish","type":"page","link":"http:\/\/konyvtar-kvik.uni-bge.hu\/en\/moodle-feltoltes-moodle-upload\/","title":{"rendered":"Moodle upload"},"content":{"rendered":"<p><strong>UPLOAD GUIDE TO MOODLE SYSTEM<\/strong><\/p>\r\n\r\n\r\n\r\n<figure class=\"wp-block-table\">\r\n<table>\r\n<tbody>\r\n<tr>\r\n<td><img decoding=\"async\" width=\"16\" height=\"16\" class=\"wp-image-313\" style=\"width: 16px;\" src=\"http:\/\/konyvtar-kvik.uni-bge.hu\/wp-content\/uploads\/2022\/05\/pdf.jpg\" alt=\"\" \/><\/td>\r\n<td><a href=\"\/wp-content\/uploads\/2025\/02\/Szakdolgozat-feltoltesi-utmutato-hallgatok-reszere_2024_25_2.pdf\" target=\"_blank\" rel=\"noreferrer noopener\">Upload guide (Hungarian)<\/a><\/td>\r\n<\/tr>\r\n<tr>\r\n<td><img decoding=\"async\" width=\"16\" height=\"16\" class=\"wp-image-313\" style=\"width: 16px;\" src=\"http:\/\/konyvtar-kvik.uni-bge.hu\/wp-content\/uploads\/2022\/05\/pdf.jpg\" alt=\"\" \/><\/td>\r\n<td><a href=\"\/wp-content\/uploads\/2025\/02\/Thesis_upload_guide_2024_25_2.pdf\" target=\"_blank\" rel=\"noreferrer noopener\">Upload guide (English)<\/a><\/td>\r\n<\/tr>\r\n<tr>\r\n<td><img decoding=\"async\" width=\"16\" height=\"16\" class=\"wp-image-313\" style=\"width: 16px;\" src=\"http:\/\/konyvtar-kvik.uni-bge.hu\/wp-content\/uploads\/2022\/05\/pdf.jpg\" alt=\"\" \/><\/td>\r\n<td><a href=\"https:\/\/help.turnitin.com\/Resources\/PDF\/understanding_the_turnitin_similarity_report-a_student_guide.pdf\">Turnitin guide<\/a><\/td>\r\n<\/tr>\r\n<\/tbody>\r\n<\/table>\r\n<\/figure>\r\n\r\n\r\n\r\n<p><strong><br \/>CONTRIBUTORS' GUIDE TO MOODLE SYSTEM<\/strong><\/p>\r\n\r\n\r\n\r\n<figure class=\"wp-block-table\">\r\n<table>\r\n<tbody>\r\n<tr>\r\n<td><img decoding=\"async\" width=\"16\" height=\"16\" class=\"wp-image-313\" style=\"width: 16px;\" src=\"http:\/\/konyvtar-kvik.uni-bge.hu\/wp-content\/uploads\/2022\/05\/pdf.jpg\" alt=\"\" \/><\/td>\r\n<td><a href=\"\/wp-content\/uploads\/2025\/02\/konzulensi_feltoltesi_utmutato_2024_25_2.pdf\">Contributors' guide (Hungarian)<\/a><\/td>\r\n<\/tr>\r\n<tr>\r\n<td><img decoding=\"async\" width=\"16\" height=\"16\" class=\"wp-image-313\" style=\"width: 16px;\" src=\"http:\/\/konyvtar-kvik.uni-bge.hu\/wp-content\/uploads\/2022\/05\/pdf.jpg\" alt=\"\" \/><\/td>\r\n<td><a href=\"\/wp-content\/uploads\/2025\/02\/contributor_guide_to_thesis_submission_2024_25_2.pdf\">Contributors' guide (English)<\/a><\/td>\r\n<\/tr>\r\n<tr>\r\n<td><img decoding=\"async\" width=\"16\" height=\"16\" class=\"wp-image-313\" style=\"width: 16px;\" src=\"http:\/\/konyvtar-kvik.uni-bge.hu\/wp-content\/uploads\/2022\/05\/pdf.jpg\" alt=\"\" \/><\/td>\r\n<td><a href=\"\/wp-content\/uploads\/2024\/04\/Turnitin_reszletes_guide_KONZULENSEKNEK.pdf\">Turnitin \u00fatmutat\u00f3 konzulenseknek<\/a><\/td>\r\n<\/tr>\r\n<\/tbody>\r\n<\/table>\r\n<\/figure>","protected":false},"excerpt":{"rendered":"<p>SZAKDOLGOZAT FELT\u00d6LT\u00c9SE MOODLE RENDSZERBE Felt\u00f6lt\u00e9si \u00fatmutat\u00f3 Upload guide Turnitin \u00fatmutat\u00f3 hallgat\u00f3knak MOODLE KONZULENSI\/OPPONENSI \u00daTMUTAT\u00d3 Konzulensi\/opponensi \u00fatmutat\u00f3 Contributors&#8217; guide Turnitin \u00fatmutat\u00f3 konzulenseknek<\/p>","protected":false},"author":1,"featured_media":0,"parent":0,"menu_order":0,"comment_status":"closed","ping_status":"closed","template":"","meta":{"_uag_custom_page_level_css":"","footnotes":""},"class_list":["post-435","page","type-page","status-publish","hentry"],"uagb_featured_image_src":{"full":false,"thumbnail":false,"medium":false,"medium_large":false,"large":false,"news_plugin_small":false,"tf-client-image-size":false,"1536x1536":false,"2048x2048":false,"trp-custom-language-flag":false,"post-thumbnail":false,"idolcorp-full-width":false,"idolcorp-ourfeatures-thumb":false,"idolcorp-mediumblog-thumb":false},"uagb_author_info":{"display_name":"admin","author_link":"http:\/\/konyvtar-kvik.uni-bge.hu\/en\/author\/admin\/"},"uagb_comment_info":0,"uagb_excerpt":"SZAKDOLGOZAT FELT\u00d6LT\u00c9SE MOODLE RENDSZERBE Felt\u00f6lt\u00e9si \u00fatmutat\u00f3 Upload guide Turnitin \u00fatmutat\u00f3 hallgat\u00f3knak MOODLE KONZULENSI\/OPPONENSI \u00daTMUTAT\u00d3 Konzulensi\/opponensi \u00fatmutat\u00f3 Contributors&#8217; guide Turnitin \u00fatmutat\u00f3 konzulenseknek","_links":{"self":[{"href":"http:\/\/konyvtar-kvik.uni-bge.hu\/en\/wp-json\/wp\/v2\/pages\/435","targetHints":{"allow":["GET"]}}],"collection":[{"href":"http:\/\/konyvtar-kvik.uni-bge.hu\/en\/wp-json\/wp\/v2\/pages"}],"about":[{"href":"http:\/\/konyvtar-kvik.uni-bge.hu\/en\/wp-json\/wp\/v2\/types\/page"}],"author":[{"embeddable":true,"href":"http:\/\/konyvtar-kvik.uni-bge.hu\/en\/wp-json\/wp\/v2\/users\/1"}],"replies":[{"embeddable":true,"href":"http:\/\/konyvtar-kvik.uni-bge.hu\/en\/wp-json\/wp\/v2\/comments?post=435"}],"version-history":[{"count":13,"href":"http:\/\/konyvtar-kvik.uni-bge.hu\/en\/wp-json\/wp\/v2\/pages\/435\/revisions"}],"predecessor-version":[{"id":2161,"href":"http:\/\/konyvtar-kvik.uni-bge.hu\/en\/wp-json\/wp\/v2\/pages\/435\/revisions\/2161"}],"wp:attachment":[{"href":"http:\/\/konyvtar-kvik.uni-bge.hu\/en\/wp-json\/wp\/v2\/media?parent=435"}],"curies":[{"name":"wp","href":"https:\/\/api.w.org\/{rel}","templated":true}]}}