{"id":424,"date":"2022-08-22T13:07:14","date_gmt":"2022-08-22T13:07:14","guid":{"rendered":"http:\/\/193.224.167.141\/?page_id=424"},"modified":"2025-01-07T11:54:09","modified_gmt":"2025-01-07T10:54:09","slug":"adatbazisok-listaja-list-of-databases","status":"publish","type":"page","link":"http:\/\/konyvtar-kvik.uni-bge.hu\/en\/adatbazisok-listaja-list-of-databases\/","title":{"rendered":"List of databases"},"content":{"rendered":"<p><a href=\"https:\/\/akademiai.com\/\"><mark style=\"background-color:rgba(0, 0, 0, 0)\" class=\"has-inline-color has-vivid-cyan-blue-color\">Journals of Akad\u00e9miai Kiad\u00f3<\/mark><\/a><\/p>\n\n\n\n<p><a href=\"https:\/\/www.emerald.com\/insight\/\" target=\"_blank\" rel=\"noreferrer noopener\"><mark style=\"background-color:rgba(0, 0, 0, 0)\" class=\"has-inline-color has-vivid-cyan-blue-color\">Emerald<\/mark><\/a><\/p>\n\n\n\n<p><a href=\"https:\/\/edu.interkonyv.hu\/mainPage\" target=\"_blank\" rel=\"noreferrer noopener\"><mark style=\"background-color:rgba(0, 0, 0, 0)\" class=\"has-inline-color has-vivid-cyan-blue-color\">Interk\u00f6nyv<\/mark><\/a><\/p>\n\n\n\n<p><a href=\"https:\/\/openaccess.hu\/\"><mark style=\"background-color:rgba(0, 0, 0, 0)\" class=\"has-inline-color has-vivid-cyan-blue-color\">L&#8217;Harmattan Open Access<\/mark><\/a><\/p>\n\n\n\n<p><a href=\"https:\/\/zeusz.kossuth.hu\/start\" target=\"_blank\" rel=\"noreferrer noopener\"><mark style=\"background-color:rgba(0, 0, 0, 0)\" class=\"has-inline-color has-vivid-cyan-blue-color\">Kossuth Kiad\u00f3<\/mark><\/a><\/p>\n\n\n\n<p><a href=\"http:\/\/statinfo.ksh.hu\/\"><mark style=\"background-color:rgba(0, 0, 0, 0)\" class=\"has-inline-color has-vivid-cyan-blue-color\">HCSO Dissemination Database<\/mark><\/a><\/p>\n\n\n\n<p><a href=\"https:\/\/mersz.hu\/\" target=\"_blank\" rel=\"noreferrer noopener\"><mark style=\"background-color:rgba(0, 0, 0, 0)\" class=\"has-inline-color has-vivid-cyan-blue-color\">MERSZ<\/mark><\/a><\/p>\n\n\n\n<p><a href=\"https:\/\/www.scopus.com\/search\/form.uri?display=basic\" target=\"_blank\" rel=\"noreferrer noopener\"><mark style=\"background-color:rgba(0, 0, 0, 0)\" class=\"has-inline-color has-vivid-cyan-blue-color\">Scopus<\/mark><\/a><\/p>\n\n\n\n<p><a href=\"https:\/\/link.springer.com\/\" target=\"_blank\" rel=\"noreferrer noopener\"><mark style=\"background-color:rgba(0, 0, 0, 0)\" class=\"has-inline-color has-vivid-cyan-blue-color\">Springerlink<\/mark><\/a><\/p>\n\n\n\n<p><a href=\"https:\/\/www.szaktars.hu\/\" target=\"_blank\" rel=\"noreferrer noopener\"><mark style=\"background-color:rgba(0, 0, 0, 0)\" class=\"has-inline-color has-vivid-cyan-blue-color\">Szakt\u00e1rs<\/mark><\/a> (Osiris, Szaktud\u00e1s, Gondolat, Napvil\u00e1g)<\/p>\n\n\n\n<p><a href=\"https:\/\/www.e-unwto.org\/\" target=\"_blank\" rel=\"noreferrer noopener\"><mark style=\"background-color:rgba(0, 0, 0, 0)\" class=\"has-inline-color has-vivid-cyan-blue-color\">UNWTO<\/mark><\/a><\/p>\n\n\n\n<p><a href=\"http:\/\/apps.webofknowledge.com\/WOS_GeneralSearch_input.do?product=WOS&amp;search_mode=GeneralSearch&amp;SID=E39DdYMslRviZPE8t63&amp;preferencesSaved=\" target=\"_blank\" rel=\"noreferrer noopener\"><mark style=\"background-color:rgba(0, 0, 0, 0)\" class=\"has-inline-color has-vivid-cyan-blue-color\">Web of Science<\/mark><\/a><\/p>\n\n\n\n<p><\/p>","protected":false},"excerpt":{"rendered":"<p>Akad\u00e9miai Kiad\u00f3 foly\u00f3iratai Emerald Interk\u00f6nyv L&#8217;Harmattan Open Access Kossuth Kiad\u00f3 KSH t\u00e1j\u00e9koztat\u00e1si adatb\u00e1zis MERSZ Scopus Springerlink Szakt\u00e1rs (Osiris, Szaktud\u00e1s, Gondolat, Napvil\u00e1g) UNWTO Web of Science<\/p>","protected":false},"author":1,"featured_media":0,"parent":0,"menu_order":0,"comment_status":"closed","ping_status":"closed","template":"","meta":{"_uag_custom_page_level_css":"","footnotes":""},"class_list":["post-424","page","type-page","status-publish","hentry"],"uagb_featured_image_src":{"full":false,"thumbnail":false,"medium":false,"medium_large":false,"large":false,"news_plugin_small":false,"tf-client-image-size":false,"1536x1536":false,"2048x2048":false,"trp-custom-language-flag":false,"post-thumbnail":false,"idolcorp-full-width":false,"idolcorp-ourfeatures-thumb":false,"idolcorp-mediumblog-thumb":false},"uagb_author_info":{"display_name":"admin","author_link":"http:\/\/konyvtar-kvik.uni-bge.hu\/en\/author\/admin\/"},"uagb_comment_info":0,"uagb_excerpt":"Akad\u00e9miai Kiad\u00f3 foly\u00f3iratai Emerald Interk\u00f6nyv L&#8217;Harmattan Open Access Kossuth Kiad\u00f3 KSH t\u00e1j\u00e9koztat\u00e1si adatb\u00e1zis MERSZ Scopus Springerlink Szakt\u00e1rs (Osiris, Szaktud\u00e1s, Gondolat, Napvil\u00e1g) UNWTO Web of Science","_links":{"self":[{"href":"http:\/\/konyvtar-kvik.uni-bge.hu\/en\/wp-json\/wp\/v2\/pages\/424","targetHints":{"allow":["GET"]}}],"collection":[{"href":"http:\/\/konyvtar-kvik.uni-bge.hu\/en\/wp-json\/wp\/v2\/pages"}],"about":[{"href":"http:\/\/konyvtar-kvik.uni-bge.hu\/en\/wp-json\/wp\/v2\/types\/page"}],"author":[{"embeddable":true,"href":"http:\/\/konyvtar-kvik.uni-bge.hu\/en\/wp-json\/wp\/v2\/users\/1"}],"replies":[{"embeddable":true,"href":"http:\/\/konyvtar-kvik.uni-bge.hu\/en\/wp-json\/wp\/v2\/comments?post=424"}],"version-history":[{"count":7,"href":"http:\/\/konyvtar-kvik.uni-bge.hu\/en\/wp-json\/wp\/v2\/pages\/424\/revisions"}],"predecessor-version":[{"id":2108,"href":"http:\/\/konyvtar-kvik.uni-bge.hu\/en\/wp-json\/wp\/v2\/pages\/424\/revisions\/2108"}],"wp:attachment":[{"href":"http:\/\/konyvtar-kvik.uni-bge.hu\/en\/wp-json\/wp\/v2\/media?parent=424"}],"curies":[{"name":"wp","href":"https:\/\/api.w.org\/{rel}","templated":true}]}}