{"id":225,"date":"2022-05-25T12:18:11","date_gmt":"2022-05-25T12:18:11","guid":{"rendered":"http:\/\/local.konyvtar\/?page_id=225"},"modified":"2025-01-06T15:47:37","modified_gmt":"2025-01-06T14:47:37","slug":"nyitva-tartas","status":"publish","type":"page","link":"http:\/\/konyvtar-kvik.uni-bge.hu\/en\/nyitva-tartas\/","title":{"rendered":"Opening hours"},"content":{"rendered":"<p class=\"has-text-align-center\"><strong><mark style=\"background-color:rgba(0, 0, 0, 0)\" class=\"has-inline-color has-black-color\">Opening hours during semester<\/mark><\/strong><\/p>\n\n\n\n<figure class=\"wp-block-table aligncenter\"><table><tbody><tr><td class=\"has-text-align-left\" data-align=\"left\">Monday<\/td><td>9-17<\/td><\/tr><tr><td class=\"has-text-align-left\" data-align=\"left\">Tuesday<\/td><td>9-17<\/td><\/tr><tr><td class=\"has-text-align-left\" data-align=\"left\">Wednesday<\/td><td>9-18<\/td><\/tr><tr><td class=\"has-text-align-left\" data-align=\"left\">Thursday<\/td><td>9-17<\/td><\/tr><tr><td class=\"has-text-align-left\" data-align=\"left\">Friday<\/td><td>9-15<\/td><\/tr><tr><td class=\"has-text-align-left\" data-align=\"left\">Saturday<\/td><td>CLOSED<\/td><\/tr><tr><td class=\"has-text-align-left\" data-align=\"left\">Sunday<\/td><td>CLOSED<\/td><\/tr><\/tbody><\/table><\/figure>\n\n\n\n<p class=\"has-text-align-center\"><strong><mark style=\"background-color:rgba(0, 0, 0, 0)\" class=\"has-inline-color has-black-color\">Opening hours in exam period<\/mark><\/strong><\/p>\n\n\n\n<figure class=\"wp-block-table aligncenter\"><table><tbody><tr><td class=\"has-text-align-left\" data-align=\"left\">Monday<\/td><td>9-16<\/td><\/tr><tr><td class=\"has-text-align-left\" data-align=\"left\">Tuesday<\/td><td>9-16<\/td><\/tr><tr><td class=\"has-text-align-left\" data-align=\"left\">Wednesday<\/td><td>9-18<\/td><\/tr><tr><td class=\"has-text-align-left\" data-align=\"left\">Thursday<\/td><td>9-16<\/td><\/tr><tr><td class=\"has-text-align-left\" data-align=\"left\">Friday<\/td><td>9-14<\/td><\/tr><tr><td class=\"has-text-align-left\" data-align=\"left\">Saturday<\/td><td>CLOSED<\/td><\/tr><tr><td class=\"has-text-align-left\" data-align=\"left\">Sunday<\/td><td>CLOSED<\/td><\/tr><\/tbody><\/table><\/figure>","protected":false},"excerpt":{"rendered":"<p>Nyitvatart\u00e1s a szorgalmi id\u0151szakban H\u00e9tf\u01519-17Kedd9-17Szerda9-18Cs\u00fct\u00f6rt\u00f6k9-17P\u00e9ntek9-15SzombatZ\u00c1RVAVas\u00e1rnapZ\u00c1RVA Vizsgaid\u0151szaki nyitvatart\u00e1s H\u00e9tf\u01519-16Kedd9-16Szerda9-18Cs\u00fct\u00f6rt\u00f6k9-16P\u00e9ntek9-14SzombatZ\u00c1RVAVas\u00e1rnapZ\u00c1RVA<\/p>","protected":false},"author":1,"featured_media":0,"parent":0,"menu_order":0,"comment_status":"closed","ping_status":"closed","template":"","meta":{"_uag_custom_page_level_css":"","footnotes":""},"class_list":["post-225","page","type-page","status-publish","hentry"],"uagb_featured_image_src":{"full":false,"thumbnail":false,"medium":false,"medium_large":false,"large":false,"news_plugin_small":false,"tf-client-image-size":false,"1536x1536":false,"2048x2048":false,"trp-custom-language-flag":false,"post-thumbnail":false,"idolcorp-full-width":false,"idolcorp-ourfeatures-thumb":false,"idolcorp-mediumblog-thumb":false},"uagb_author_info":{"display_name":"admin","author_link":"http:\/\/konyvtar-kvik.uni-bge.hu\/en\/author\/admin\/"},"uagb_comment_info":0,"uagb_excerpt":"Nyitvatart\u00e1s a szorgalmi id\u0151szakban H\u00e9tf\u01519-17Kedd9-17Szerda9-18Cs\u00fct\u00f6rt\u00f6k9-17P\u00e9ntek9-15SzombatZ\u00c1RVAVas\u00e1rnapZ\u00c1RVA Vizsgaid\u0151szaki nyitvatart\u00e1s H\u00e9tf\u01519-16Kedd9-16Szerda9-18Cs\u00fct\u00f6rt\u00f6k9-16P\u00e9ntek9-14SzombatZ\u00c1RVAVas\u00e1rnapZ\u00c1RVA","_links":{"self":[{"href":"http:\/\/konyvtar-kvik.uni-bge.hu\/en\/wp-json\/wp\/v2\/pages\/225","targetHints":{"allow":["GET"]}}],"collection":[{"href":"http:\/\/konyvtar-kvik.uni-bge.hu\/en\/wp-json\/wp\/v2\/pages"}],"about":[{"href":"http:\/\/konyvtar-kvik.uni-bge.hu\/en\/wp-json\/wp\/v2\/types\/page"}],"author":[{"embeddable":true,"href":"http:\/\/konyvtar-kvik.uni-bge.hu\/en\/wp-json\/wp\/v2\/users\/1"}],"replies":[{"embeddable":true,"href":"http:\/\/konyvtar-kvik.uni-bge.hu\/en\/wp-json\/wp\/v2\/comments?post=225"}],"version-history":[{"count":22,"href":"http:\/\/konyvtar-kvik.uni-bge.hu\/en\/wp-json\/wp\/v2\/pages\/225\/revisions"}],"predecessor-version":[{"id":2093,"href":"http:\/\/konyvtar-kvik.uni-bge.hu\/en\/wp-json\/wp\/v2\/pages\/225\/revisions\/2093"}],"wp:attachment":[{"href":"http:\/\/konyvtar-kvik.uni-bge.hu\/en\/wp-json\/wp\/v2\/media?parent=225"}],"curies":[{"name":"wp","href":"https:\/\/api.w.org\/{rel}","templated":true}]}}