{"id":196,"date":"2022-05-12T09:15:38","date_gmt":"2022-05-12T09:15:38","guid":{"rendered":"http:\/\/local.konyvtar\/?page_id=196"},"modified":"2023-10-09T10:39:32","modified_gmt":"2023-10-09T08:39:32","slug":"szakoldalak","status":"publish","type":"page","link":"http:\/\/konyvtar-kvik.uni-bge.hu\/en\/szakoldalak\/","title":{"rendered":"Tematic websites"},"content":{"rendered":"<p><strong>Tematic websites<\/strong><\/p>\n\n\n\n<p><strong>Vinery<\/strong><\/p>\n\n\n\n<p>&nbsp;<a href=\"https:\/\/www.boraszportal.hu\/\" target=\"_blank\" rel=\"noreferrer noopener\">Bor\u00e1szport\u00e1l<\/a><\/p>\n\n\n\n<p>&nbsp;<a href=\"http:\/\/www.borkollegium.hu\/\" target=\"_blank\" rel=\"noreferrer noopener\">Borkoll\u00e9gium<\/a>&nbsp;<\/p>\n\n\n\n<p>&nbsp;<a href=\"http:\/\/www.borigo.hu\/\" target=\"_blank\" rel=\"noreferrer noopener\">Borigo<\/a>&nbsp;<\/p>\n\n\n\n<p>&nbsp;<a href=\"http:\/\/www.diningguide.hu\/\" target=\"_blank\" rel=\"noreferrer noopener\">Dining &amp;&nbsp;Guide<\/a>&nbsp;<\/p>\n\n\n\n<p>&nbsp;<a href=\"https:\/\/boraszat.kormany.hu\/\" target=\"_blank\" rel=\"noreferrer noopener\">F\u00f6ldm\u0171vel\u00e9si Mini<\/a><a href=\"https:\/\/boraszat.kormany.hu\/\" target=\"_blank\" rel=\"noreferrer noopener\">szt\u00e9rium sz\u0151l\u0151termeszt\u00e9si \u00e9s bork\u00e9sz\u00edt\u00e9si&nbsp;szakoldala<\/a>&nbsp;<\/p>\n\n\n\n<p>&nbsp;<a href=\"http:\/\/gaultmillau.hu\/\" target=\"_blank\" rel=\"noreferrer noopener\">Gault&nbsp;&amp;&nbsp;Millau<\/a>&nbsp;<\/p>\n\n\n\n<p>&nbsp;<a href=\"http:\/\/www.borszovetseg.hu\/\" target=\"_blank\" rel=\"noreferrer noopener\">Magyar Sz\u0151l\u0151- \u00e9s Bortermel\u0151k Sz\u00f6vets\u00e9ge<\/a>&nbsp;<\/p>\n\n\n\n<p>&nbsp;<a href=\"http:\/\/www.magyarborakademia.hu\/\" target=\"_blank\" rel=\"noreferrer noopener\">Magyar Bor Akad\u00e9mia<\/a>&nbsp;<\/p>\n\n\n\n<p>&nbsp;<a href=\"http:\/\/www.borrend.hu\/%20\" target=\"_blank\" rel=\"noreferrer noopener\">Magyarorsz\u00e1gi Borrendek Orsz\u00e1gos Sz\u00f6vets\u00e9ge<\/a>&nbsp;<\/p>\n\n\n\n<p>&nbsp;<a href=\"http:\/\/www.selection.hu\/magyar_borok.php\" target=\"_blank\" rel=\"noreferrer noopener\">Magyar borvid\u00e9kek<\/a><\/p>\n\n\n\n<p>&nbsp;<a href=\"http:\/\/gasztronomia.itthon.hu\/\" target=\"_blank\" rel=\"noreferrer noopener\">Magyar Turisztikai \u00dcgyn\u00f6ks\u00e9g: Bor \u00e9s&nbsp;gasztron\u00f3mia<\/a>&nbsp;<\/p>\n\n\n\n<p><a href=\"http:\/\/www.tokaj-turizmus.hu\/\">&nbsp;Tokaj tourism<\/a><\/p>\n\n\n\n<p>&nbsp;<a href=\"https:\/\/vinoport.hu\/\" target=\"_blank\" rel=\"noreferrer noopener\">Vinoport<\/a><\/p>\n\n\n\n<p><strong>Hungarikums<\/strong><\/p>\n\n\n\n<p>&nbsp;<a href=\"http:\/\/www.hungarikum.hu\/\" target=\"_blank\" rel=\"noreferrer noopener\">Hungarikums<\/a><\/p>\n\n\n\n<p>&nbsp;<a href=\"http:\/\/elelmiszerlanc.kormany.hu\/hungarikumok-gyujtemenye\" target=\"_blank\" rel=\"noreferrer noopener\">Hungarikumok Gy\u0171jtem\u00e9nye<\/a><\/p>\n\n\n\n<p><a href=\"http:\/\/www.mnhsz.com\/\">&nbsp;Magyar Nemzeti \u00c9rt\u00e9kek \u00e9s&nbsp;Hungarikumok&nbsp;Sz\u00f6vets\u00e9ge<\/a><\/p>\n\n\n\n<p><strong>Communal catering<\/strong><\/p>\n\n\n\n<p>&nbsp;<a href=\"https:\/\/merokanal.hu\/\" target=\"_blank\" rel=\"noreferrer noopener\">Az OGY\u00c9I k\u00f6z\u00e9tkeztet\u00e9ssel kapcsolatos honlapja<\/a><\/p>\n\n\n\n<p>&nbsp;<a href=\"https:\/\/www.ogyei.gov.hu\/a_leggyakoribb_kerdesek_es_valaszok_a_kozetkeztetesre_vonatkozo_taplalkozas_egeszsegugyi_eloirasokrol_szolo_372014_iv_30_emmi_rendelet_kapcsan\/\" target=\"_blank\" rel=\"noreferrer noopener\">A leggyakoribb k\u00e9rd\u00e9sek \u00e9s v\u00e1laszok a k\u00f6z\u00e9tkeztet\u00e9sre vonatkoz\u00f3 t\u00e1pl\u00e1lkoz\u00e1s-eg\u00e9szs\u00e9g\u00fcgyi el\u0151\u00edr\u00e1sokr\u00f3l sz\u00f3l\u00f3 37\/2014. (IV. 30.) EMMI rendelet kapcs\u00e1n<\/a>&nbsp;<\/p>\n\n\n\n<p><strong>Nutrition<\/strong><\/p>\n\n\n\n<p>&nbsp;<a href=\"https:\/\/mdosz.hu\/\" target=\"_blank\" rel=\"noreferrer noopener\">Magyar Dietetikusok Orsz\u00e1gos Sz\u00f6vets\u00e9ge<\/a>&nbsp;<\/p>\n\n\n\n<p>&nbsp;<a href=\"http:\/\/www.diabet.hu\/upload\/diabetes\/intro\/index.html\" target=\"_blank\" rel=\"noreferrer noopener\">Magyar Diabetes T\u00e1rsas\u00e1g<\/a><\/p>\n\n\n\n<p><strong>Hospitality <\/strong><\/p>\n\n\n\n<p>&nbsp;<a href=\"https:\/\/elelmiszerlanc.kormany.hu\/\" target=\"_blank\" rel=\"noreferrer noopener\">\u00c9lelmiszerl\u00e1nc-fel\u00fcgyelet\u00e9rt Felel\u0151s \u00c1llamtitk\u00e1rs\u00e1g<\/a>&nbsp;<\/p>\n\n\n\n<p><a href=\"http:\/\/bocusedorhungary.hu\/\">&nbsp;Magyar&nbsp;Bocuse&nbsp;d&#8217;Or&nbsp;Akad\u00e9mia<\/a><\/p>\n\n\n\n<p>&nbsp;<a href=\"http:\/\/portal.nebih.gov.hu\/\" target=\"_blank\" rel=\"noreferrer noopener\">Nemzeti \u00c9lelmiszerl\u00e1nc-biztons\u00e1gi Hivatal<\/a>&nbsp;<\/p>\n\n\n\n<p><a href=\"http:\/\/www.hah.hu\/\">&nbsp;Magyar Sz\u00e1llod\u00e1k \u00e9s&nbsp;\u00c9ttermek&nbsp;Sz\u00f6vets\u00e9ge (MSZ\u00c9SZ)<\/a><\/p>\n\n\n\n<p>&nbsp;<a href=\"http:\/\/portal.nebih.gov.hu\/\" target=\"_blank\" rel=\"noreferrer noopener\">N\u00c9BIH<\/a>&nbsp;<\/p>\n\n\n\n<p><strong>E-journals<\/strong><\/p>\n\n\n\n<p>&nbsp;<a href=\"http:\/\/borespiac.hu\/\" target=\"_blank\" rel=\"noreferrer noopener\">Bor \u00e9s piac<\/a><a href=\"http:\/\/borespiac.hu\/\" target=\"_blank\" rel=\"noreferrer noopener\"><\/a>&nbsp;<\/p>\n\n\n\n<p>&nbsp;<a href=\"http:\/\/folyoirat.nefi.hu\/index.php?journal=Egeszsegfejlesztes\" target=\"_blank\" rel=\"noreferrer noopener\">Eg\u00e9szs\u00e9gfejleszt\u00e9s<\/a>&nbsp;<\/p>\n\n\n\n<p>&nbsp;<a href=\"http:\/\/www.gusto.hu\/\" target=\"_blank\" rel=\"noreferrer noopener\">Gusto&nbsp;<\/a><\/p>\n\n\n\n<p> <a rel=\"noreferrer noopener\" href=\"http:\/\/www.kozlonyok.hu\/kozlonyok\/valaszt.htm\" target=\"_blank\">K\u00f6zl\u00f6ny\u00f6k<\/a>\u00a0<\/p>\n\n\n\n<p class=\"has-text-align-left\"> <a href=\"http:\/\/www.lelegzet.hu\/archivum\/\">L\u00e9legzet<\/a><\/p>\n\n\n\n<p><a rel=\"noreferrer noopener\" href=\"http:\/\/magyarkonyhaonline.hu\/\" target=\"_blank\">Magyar Konyha online<\/a><\/p>\n\n\n\n<p><a rel=\"noreferrer noopener\" href=\"https:\/\/spabook.net\/\" target=\"_blank\">SPABOOK<\/a><\/p>\n\n\n\n<p><a href=\"https:\/\/www.turistamagazin.hu\/\" target=\"_blank\" rel=\"noreferrer noopener\">Turista Magazin<\/a><\/p>\n\n\n\n<p><a href=\"https:\/\/www.turisztikaitanulmanyok.hu\/\" target=\"_blank\" rel=\"noreferrer noopener\">Turisztikai \u00e9s Vid\u00e9kfejleszt\u00e9si tanulm\u00e1nyok<\/a><\/p>\n\n\n\n<p><a href=\"https:\/\/turizmus.com\/\" target=\"_blank\" rel=\"noreferrer noopener\">Turizmus.com<\/a><\/p>\n\n\n\n<p><a href=\"https:\/\/journals.lib.uni-corvinus.hu\/index.php\/turizmusbulletin\">Turizmus Bulletin<\/a><\/p>\n\n\n\n<p><a href=\"http:\/\/turizmusonline.hu\/\" target=\"_blank\" rel=\"noreferrer noopener\">Turizmus Online<\/a><\/p>\n\n\n\n<p>&nbsp;<a href=\"http:\/\/mdosz.hu\/uj-dieta\/\" target=\"_blank\" rel=\"noreferrer noopener\">\u00daj Di\u00e9ta<\/a>&nbsp;<\/p>\n\n\n\n<p>&nbsp;<a href=\"https:\/\/vendeglatasmagazin.hu\/\" target=\"_blank\" rel=\"noreferrer noopener\">Hospitality<\/a><a href=\"https:\/\/vendeglatasmagazin.hu\/\" target=\"_blank\" rel=\"noreferrer noopener\">&nbsp;<\/a><\/p>\n\n\n\n<p>&nbsp;<a href=\"https:\/\/www.vincemagazin.hu\/\" target=\"_blank\" rel=\"noreferrer noopener\">VinCe<\/a><\/p>","protected":false},"excerpt":{"rendered":"<p>Szakoldalak Bor\u00e1szat &nbsp;Bor\u00e1szport\u00e1l &nbsp;Borkoll\u00e9gium&nbsp; &nbsp;Borigo&nbsp; &nbsp;Dining &amp;&nbsp;Guide&nbsp; &nbsp;F\u00f6ldm\u0171vel\u00e9si Miniszt\u00e9rium sz\u0151l\u0151termeszt\u00e9si \u00e9s bork\u00e9sz\u00edt\u00e9si&nbsp;szakoldala&nbsp; &nbsp;Gault&nbsp;&amp;&nbsp;Millau&nbsp; &nbsp;Magyar Sz\u0151l\u0151- \u00e9s Bortermel\u0151k Sz\u00f6vets\u00e9ge&nbsp; &nbsp;Magyar Bor Akad\u00e9mia&nbsp; &nbsp;Magyarorsz\u00e1gi Borrendek Orsz\u00e1gos Sz\u00f6vets\u00e9ge&nbsp; &nbsp;Magyar borvid\u00e9kek &nbsp;Magyar Turisztikai \u00dcgyn\u00f6ks\u00e9g: Bor \u00e9s&nbsp;gasztron\u00f3mia&nbsp; &nbsp;Tokaj turizmus &nbsp;Vinoport Hungarikum &nbsp;Hungarikum &nbsp;Hungarikumok Gy\u0171jtem\u00e9nye &nbsp;Magyar Nemzeti \u00c9rt\u00e9kek \u00e9s&nbsp;Hungarikumok&nbsp;Sz\u00f6vets\u00e9ge K\u00f6z\u00e9tkeztet\u00e9s &nbsp;Az OGY\u00c9I k\u00f6z\u00e9tkeztet\u00e9ssel kapcsolatos honlapja &nbsp;A leggyakoribb k\u00e9rd\u00e9sek \u00e9s v\u00e1laszok a k\u00f6z\u00e9tkeztet\u00e9sre vonatkoz\u00f3 t\u00e1pl\u00e1lkoz\u00e1s-eg\u00e9szs\u00e9g\u00fcgyi el\u0151\u00edr\u00e1sokr\u00f3l sz\u00f3l\u00f3 37\/2014. (IV. 30.) EMMI rendelet kapcs\u00e1n&nbsp; T\u00e1pl\u00e1lkoz\u00e1s &nbsp;Magyar Dietetikusok Orsz\u00e1gos Sz\u00f6vets\u00e9ge&nbsp; &nbsp;Magyar Diabetes T\u00e1rsas\u00e1g Vend\u00e9gl\u00e1t\u00e1s &nbsp;\u00c9lelmiszerl\u00e1nc-fel\u00fcgyelet\u00e9rt Felel\u0151s \u00c1llamtitk\u00e1rs\u00e1g&nbsp; &nbsp;Magyar&nbsp;Bocuse&nbsp;d&#8217;Or&nbsp;Akad\u00e9mia &nbsp;Nemzeti \u00c9lelmiszerl\u00e1nc-biztons\u00e1gi Hivatal&nbsp; &nbsp;Magyar Sz\u00e1llod\u00e1k \u00e9s&nbsp;\u00c9ttermek&nbsp;Sz\u00f6vets\u00e9ge&hellip;<\/p>","protected":false},"author":1,"featured_media":0,"parent":0,"menu_order":0,"comment_status":"closed","ping_status":"closed","template":"","meta":{"_uag_custom_page_level_css":"","footnotes":""},"class_list":["post-196","page","type-page","status-publish","hentry"],"uagb_featured_image_src":{"full":false,"thumbnail":false,"medium":false,"medium_large":false,"large":false,"news_plugin_small":false,"tf-client-image-size":false,"1536x1536":false,"2048x2048":false,"trp-custom-language-flag":false,"post-thumbnail":false,"idolcorp-full-width":false,"idolcorp-ourfeatures-thumb":false,"idolcorp-mediumblog-thumb":false},"uagb_author_info":{"display_name":"admin","author_link":"http:\/\/konyvtar-kvik.uni-bge.hu\/en\/author\/admin\/"},"uagb_comment_info":0,"uagb_excerpt":"Szakoldalak Bor\u00e1szat &nbsp;Bor\u00e1szport\u00e1l &nbsp;Borkoll\u00e9gium&nbsp; &nbsp;Borigo&nbsp; &nbsp;Dining &amp;&nbsp;Guide&nbsp; &nbsp;F\u00f6ldm\u0171vel\u00e9si Miniszt\u00e9rium sz\u0151l\u0151termeszt\u00e9si \u00e9s bork\u00e9sz\u00edt\u00e9si&nbsp;szakoldala&nbsp; &nbsp;Gault&nbsp;&amp;&nbsp;Millau&nbsp; &nbsp;Magyar Sz\u0151l\u0151- \u00e9s Bortermel\u0151k Sz\u00f6vets\u00e9ge&nbsp; &nbsp;Magyar Bor Akad\u00e9mia&nbsp; &nbsp;Magyarorsz\u00e1gi Borrendek Orsz\u00e1gos Sz\u00f6vets\u00e9ge&nbsp; &nbsp;Magyar borvid\u00e9kek &nbsp;Magyar Turisztikai \u00dcgyn\u00f6ks\u00e9g: Bor \u00e9s&nbsp;gasztron\u00f3mia&nbsp; &nbsp;Tokaj turizmus &nbsp;Vinoport Hungarikum &nbsp;Hungarikum &nbsp;Hungarikumok Gy\u0171jtem\u00e9nye &nbsp;Magyar Nemzeti \u00c9rt\u00e9kek \u00e9s&nbsp;Hungarikumok&nbsp;Sz\u00f6vets\u00e9ge K\u00f6z\u00e9tkeztet\u00e9s &nbsp;Az OGY\u00c9I k\u00f6z\u00e9tkeztet\u00e9ssel kapcsolatos honlapja &nbsp;A leggyakoribb k\u00e9rd\u00e9sek \u00e9s v\u00e1laszok a&hellip;","_links":{"self":[{"href":"http:\/\/konyvtar-kvik.uni-bge.hu\/en\/wp-json\/wp\/v2\/pages\/196","targetHints":{"allow":["GET"]}}],"collection":[{"href":"http:\/\/konyvtar-kvik.uni-bge.hu\/en\/wp-json\/wp\/v2\/pages"}],"about":[{"href":"http:\/\/konyvtar-kvik.uni-bge.hu\/en\/wp-json\/wp\/v2\/types\/page"}],"author":[{"embeddable":true,"href":"http:\/\/konyvtar-kvik.uni-bge.hu\/en\/wp-json\/wp\/v2\/users\/1"}],"replies":[{"embeddable":true,"href":"http:\/\/konyvtar-kvik.uni-bge.hu\/en\/wp-json\/wp\/v2\/comments?post=196"}],"version-history":[{"count":6,"href":"http:\/\/konyvtar-kvik.uni-bge.hu\/en\/wp-json\/wp\/v2\/pages\/196\/revisions"}],"predecessor-version":[{"id":1461,"href":"http:\/\/konyvtar-kvik.uni-bge.hu\/en\/wp-json\/wp\/v2\/pages\/196\/revisions\/1461"}],"wp:attachment":[{"href":"http:\/\/konyvtar-kvik.uni-bge.hu\/en\/wp-json\/wp\/v2\/media?parent=196"}],"curies":[{"name":"wp","href":"https:\/\/api.w.org\/{rel}","templated":true}]}}